{"id":27,"date":"2021-11-15T07:58:22","date_gmt":"2021-11-15T06:58:22","guid":{"rendered":"https:\/\/sites.unica.it\/pot-o2c\/?page_id=27"},"modified":"2021-12-10T17:42:13","modified_gmt":"2021-12-10T16:42:13","slug":"materiali","status":"publish","type":"page","link":"https:\/\/sites.unica.it\/pot-o2c\/materiali\/","title":{"rendered":"Materiali"},"content":{"rendered":"\n<div class=\"wp-block-coblocks-accordion\">\n<div class=\"wp-block-coblocks-accordion-item\"><details><summary class=\"wp-block-coblocks-accordion-item__title\">Materiali dell\u2019Universit\u00e0 di Cagliari<\/summary><div class=\"wp-block-coblocks-accordion-item__content\">\n<div class=\"wp-block-coblocks-accordion\">\n<div class=\"wp-block-coblocks-accordion-item\"><details><summary class=\"wp-block-coblocks-accordion-item__title\">Progetto POT 2019<\/summary><div class=\"wp-block-coblocks-accordion-item__content\">\n<p><\/p>\n\n\n\n<div class=\"wp-block-coblocks-accordion\">\n<div class=\"wp-block-coblocks-accordion-item\"><details><summary class=\"wp-block-coblocks-accordion-item__title\">Le fallacie argomentative: spiegazione<\/summary><div class=\"wp-block-coblocks-accordion-item__content\">\n<div class=\"wp-block-columns is-layout-flex wp-container-core-columns-is-layout-9d6595d7 wp-block-columns-is-layout-flex\">\n<div class=\"wp-block-column is-layout-flow wp-block-column-is-layout-flow\" style=\"flex-basis:100%\">\n<p>Questa sezione introduce alle pi\u00f9 comuni fallacie argomentative e alle loro modalit\u00e0 di utilizzo pi\u00f9 frequenti.<\/p>\n<\/div>\n<\/div>\n\n\n\n<div class=\"wp-block-columns is-layout-flex wp-container-core-columns-is-layout-9d6595d7 wp-block-columns-is-layout-flex\">\n<div class=\"wp-block-column is-layout-flow wp-block-column-is-layout-flow\">\n<figure class=\"wp-block-embed is-type-video is-provider-youtube wp-block-embed-youtube wp-embed-aspect-4-3 wp-has-aspect-ratio\"><div class=\"wp-block-embed__wrapper\">\n<div class=\"x-resp-embed x-is-video x-is-youtube\"><iframe loading=\"lazy\" title=\"Fallacie Argomentative 1\" width=\"1080\" height=\"810\" src=\"https:\/\/www.youtube.com\/embed\/IA70iRVXRi0?start=6&#038;feature=oembed\" frameborder=\"0\" allow=\"accelerometer; autoplay; clipboard-write; encrypted-media; gyroscope; picture-in-picture; web-share\" allowfullscreen><\/iframe><\/div>\n<\/div><figcaption><strong>Le fallacie argomentative 1.<\/strong> Ambiguit\u00e0 e vaghezza.<\/figcaption><\/figure>\n<\/div>\n\n\n\n<div class=\"wp-block-column is-layout-flow wp-block-column-is-layout-flow\">\n<figure class=\"wp-block-embed is-type-video is-provider-youtube wp-block-embed-youtube wp-embed-aspect-4-3 wp-has-aspect-ratio\"><div class=\"wp-block-embed__wrapper\">\n<div class=\"x-resp-embed x-is-video x-is-youtube\"><iframe loading=\"lazy\" title=\"Fallacie Argomentative 2\" width=\"1080\" height=\"810\" src=\"https:\/\/www.youtube.com\/embed\/8-iAP4ielxE?feature=oembed\" frameborder=\"0\" allow=\"accelerometer; autoplay; clipboard-write; encrypted-media; gyroscope; picture-in-picture; web-share\" allowfullscreen><\/iframe><\/div>\n<\/div><figcaption><strong>Le fallacie argomentative 2<\/strong>. L\u2019argomento tendenzioso.<\/figcaption><\/figure>\n<\/div>\n\n\n\n<div class=\"wp-block-column is-layout-flow wp-block-column-is-layout-flow\">\n<figure class=\"wp-block-embed is-type-video is-provider-youtube wp-block-embed-youtube wp-embed-aspect-4-3 wp-has-aspect-ratio\"><div class=\"wp-block-embed__wrapper\">\n<div class=\"x-resp-embed x-is-video x-is-youtube\"><iframe loading=\"lazy\" title=\"Fallacie Argomentative 3\" width=\"1080\" height=\"810\" src=\"https:\/\/www.youtube.com\/embed\/f4FP5X2ZKcI?feature=oembed\" frameborder=\"0\" allow=\"accelerometer; autoplay; clipboard-write; encrypted-media; gyroscope; picture-in-picture; web-share\" allowfullscreen><\/iframe><\/div>\n<\/div><figcaption><strong>Le fallacie argomentative 3. <\/strong>L\u2019argomento tendenzioso e la fallacia del manichino.<\/figcaption><\/figure>\n<\/div>\n<\/div>\n\n\n\n<div class=\"wp-block-columns is-layout-flex wp-container-core-columns-is-layout-9d6595d7 wp-block-columns-is-layout-flex\">\n<div class=\"wp-block-column is-layout-flow wp-block-column-is-layout-flow\">\n<figure class=\"wp-block-embed is-type-video is-provider-youtube wp-block-embed-youtube wp-embed-aspect-4-3 wp-has-aspect-ratio\"><div class=\"wp-block-embed__wrapper\">\n<div class=\"x-resp-embed x-is-video x-is-youtube\"><iframe loading=\"lazy\" title=\"Fallacie Argomentative 4\" width=\"1080\" height=\"810\" src=\"https:\/\/www.youtube.com\/embed\/Wt1KJ5NTBEU?feature=oembed\" frameborder=\"0\" allow=\"accelerometer; autoplay; clipboard-write; encrypted-media; gyroscope; picture-in-picture; web-share\" allowfullscreen><\/iframe><\/div>\n<\/div><figcaption><strong>Le fallacie argomentative 4. <\/strong>Le fallacie emotive e l\u2019argomento ad hominem.<\/figcaption><\/figure>\n<\/div>\n\n\n\n<div class=\"wp-block-column is-layout-flow wp-block-column-is-layout-flow\">\n<figure class=\"wp-block-embed is-type-video is-provider-youtube wp-block-embed-youtube wp-embed-aspect-4-3 wp-has-aspect-ratio\"><div class=\"wp-block-embed__wrapper\">\n<div class=\"x-resp-embed x-is-video x-is-youtube\"><iframe loading=\"lazy\" title=\"Fallacie Argomentative 5\" width=\"1080\" height=\"810\" src=\"https:\/\/www.youtube.com\/embed\/eJ0GDWxhvBk?feature=oembed\" frameborder=\"0\" allow=\"accelerometer; autoplay; clipboard-write; encrypted-media; gyroscope; picture-in-picture; web-share\" allowfullscreen><\/iframe><\/div>\n<\/div><figcaption><strong>Le fallacie argomentative 5. <\/strong>Avvelenamento del pozzo e fallacie statistiche.<\/figcaption><\/figure>\n<\/div>\n\n\n\n<div class=\"wp-block-column is-layout-flow wp-block-column-is-layout-flow\">\n<figure class=\"wp-block-embed is-type-video is-provider-youtube wp-block-embed-youtube wp-embed-aspect-4-3 wp-has-aspect-ratio\"><div class=\"wp-block-embed__wrapper\">\n<div class=\"x-resp-embed x-is-video x-is-youtube\"><iframe loading=\"lazy\" title=\"Fallacie Argomentative 6\" width=\"1080\" height=\"810\" src=\"https:\/\/www.youtube.com\/embed\/eXo-kCAdWnY?feature=oembed\" frameborder=\"0\" allow=\"accelerometer; autoplay; clipboard-write; encrypted-media; gyroscope; picture-in-picture; web-share\" allowfullscreen><\/iframe><\/div>\n<\/div><figcaption><strong>Le fallacie argomentative 6. <\/strong>Fallacie induttive e statistiche.<\/figcaption><\/figure>\n<\/div>\n<\/div>\n\n\n\n<div class=\"wp-block-columns is-layout-flex wp-container-core-columns-is-layout-9d6595d7 wp-block-columns-is-layout-flex\">\n<div class=\"wp-block-column is-layout-flow wp-block-column-is-layout-flow\">\n<figure class=\"wp-block-embed is-type-video is-provider-youtube wp-block-embed-youtube wp-embed-aspect-4-3 wp-has-aspect-ratio\"><div class=\"wp-block-embed__wrapper\">\n<div class=\"x-resp-embed x-is-video x-is-youtube\"><iframe loading=\"lazy\" title=\"Fallacie Argomentative 7\" width=\"1080\" height=\"810\" src=\"https:\/\/www.youtube.com\/embed\/PeCMMpZMsXg?feature=oembed\" frameborder=\"0\" allow=\"accelerometer; autoplay; clipboard-write; encrypted-media; gyroscope; picture-in-picture; web-share\" allowfullscreen><\/iframe><\/div>\n<\/div><figcaption><strong>Le fallacie argomentative 7. <\/strong>Fallacia di Montecarlo e conclusioni.<\/figcaption><\/figure>\n<\/div>\n\n\n\n<div class=\"wp-block-column is-layout-flow wp-block-column-is-layout-flow\"><\/div>\n\n\n\n<div class=\"wp-block-column is-layout-flow wp-block-column-is-layout-flow\"><\/div>\n<\/div>\n<\/div><\/details><\/div>\n\n\n\n<div class=\"wp-block-coblocks-accordion-item\"><details><summary class=\"wp-block-coblocks-accordion-item__title\">Esempi di fallacie argomentative<\/summary><div class=\"wp-block-coblocks-accordion-item__content\">\n<div class=\"wp-block-columns is-layout-flex wp-container-core-columns-is-layout-9d6595d7 wp-block-columns-is-layout-flex\">\n<div class=\"wp-block-column is-layout-flow wp-block-column-is-layout-flow\" style=\"flex-basis:100%\">\n<div class=\"wp-block-columns is-layout-flex wp-container-core-columns-is-layout-9d6595d7 wp-block-columns-is-layout-flex\">\n<div class=\"wp-block-column is-layout-flow wp-block-column-is-layout-flow\" style=\"flex-basis:100%\">\n<p>In questa sezione trovate alcuni esempi di fallacie argomentative estrapolate dal web.<\/p>\n<\/div>\n<\/div>\n\n\n\n<div class=\"wp-block-columns is-layout-flex wp-container-core-columns-is-layout-9d6595d7 wp-block-columns-is-layout-flex\">\n<div class=\"wp-block-column is-layout-flow wp-block-column-is-layout-flow\">\n<figure class=\"wp-block-embed is-type-video is-provider-youtube wp-block-embed-youtube wp-embed-aspect-16-9 wp-has-aspect-ratio\"><div class=\"wp-block-embed__wrapper\">\n<div class=\"x-resp-embed x-is-video x-is-youtube\"><iframe loading=\"lazy\" title=\"Fallacia Manichino DEF\" width=\"1080\" height=\"608\" src=\"https:\/\/www.youtube.com\/embed\/v_fzI0ZcWqQ?feature=oembed\" frameborder=\"0\" allow=\"accelerometer; autoplay; clipboard-write; encrypted-media; gyroscope; picture-in-picture; web-share\" allowfullscreen><\/iframe><\/div>\n<\/div><figcaption><strong>Fallacia del manichino<\/strong><\/figcaption><\/figure>\n<\/div>\n\n\n\n<div class=\"wp-block-column is-layout-flow wp-block-column-is-layout-flow\">\n<figure class=\"wp-block-embed is-type-video is-provider-youtube wp-block-embed-youtube wp-embed-aspect-16-9 wp-has-aspect-ratio\"><div class=\"wp-block-embed__wrapper\">\n<div class=\"x-resp-embed x-is-video x-is-youtube\"><iframe loading=\"lazy\" title=\"FallaciaadHominem DEF\" width=\"1080\" height=\"608\" src=\"https:\/\/www.youtube.com\/embed\/EB6ZDSnwwRA?feature=oembed\" frameborder=\"0\" allow=\"accelerometer; autoplay; clipboard-write; encrypted-media; gyroscope; picture-in-picture; web-share\" allowfullscreen><\/iframe><\/div>\n<\/div><figcaption><strong>Fallacia ad hominem<\/strong><\/figcaption><\/figure>\n<\/div>\n<\/div>\n<\/div>\n<\/div>\n\n\n\n<div class=\"wp-block-columns is-layout-flex wp-container-core-columns-is-layout-9d6595d7 wp-block-columns-is-layout-flex\"><\/div>\n<\/div><\/details><\/div>\n\n\n\n<div class=\"wp-block-coblocks-accordion-item\"><details><summary class=\"wp-block-coblocks-accordion-item__title\">Tutorial: come creare un prodotto audiovisivo<\/summary><div class=\"wp-block-coblocks-accordion-item__content\">\n<div class=\"wp-block-columns is-layout-flex wp-container-core-columns-is-layout-9d6595d7 wp-block-columns-is-layout-flex\">\n<div class=\"wp-block-column is-layout-flow wp-block-column-is-layout-flow\" style=\"flex-basis:100%\">\n<div class=\"wp-block-columns is-layout-flex wp-container-core-columns-is-layout-9d6595d7 wp-block-columns-is-layout-flex\">\n<div class=\"wp-block-column is-layout-flow wp-block-column-is-layout-flow\" style=\"flex-basis:100%\">\n<p>In questa sezione trovate alcuni guide su come creare dei video professionali utilizzando esclusivamente contenuti open source disponibili in rete.<\/p>\n<\/div>\n<\/div>\n\n\n\n<div class=\"wp-block-columns is-layout-flex wp-container-core-columns-is-layout-9d6595d7 wp-block-columns-is-layout-flex\">\n<div class=\"wp-block-column is-layout-flow wp-block-column-is-layout-flow\">\n<figure class=\"wp-block-embed is-type-video is-provider-youtube wp-block-embed-youtube wp-embed-aspect-16-9 wp-has-aspect-ratio\"><div class=\"wp-block-embed__wrapper\">\n<div class=\"x-resp-embed x-is-video x-is-youtube\"><iframe loading=\"lazy\" title=\"Tutorial montaggio\" width=\"1080\" height=\"608\" src=\"https:\/\/www.youtube.com\/embed\/JPGPOXFMgZE?feature=oembed\" frameborder=\"0\" allow=\"accelerometer; autoplay; clipboard-write; encrypted-media; gyroscope; picture-in-picture; web-share\" allowfullscreen><\/iframe><\/div>\n<\/div><figcaption><strong>Tutorial montaggio<\/strong> <strong>DaVinci Resolve. <\/strong><\/figcaption><\/figure>\n<\/div>\n\n\n\n<div class=\"wp-block-column is-layout-flow wp-block-column-is-layout-flow\">\n<figure class=\"wp-block-embed is-type-video is-provider-youtube wp-block-embed-youtube wp-embed-aspect-16-9 wp-has-aspect-ratio\"><div class=\"wp-block-embed__wrapper\">\n<div class=\"x-resp-embed x-is-video x-is-youtube\"><iframe loading=\"lazy\" title=\"Tutorial Composizione Def\" width=\"1080\" height=\"608\" src=\"https:\/\/www.youtube.com\/embed\/JDTsAew2tQg?feature=oembed\" frameborder=\"0\" allow=\"accelerometer; autoplay; clipboard-write; encrypted-media; gyroscope; picture-in-picture; web-share\" allowfullscreen><\/iframe><\/div>\n<\/div><figcaption><strong>Tutorial composizione immagine audiovisiva<\/strong>.<\/figcaption><\/figure>\n<\/div>\n<\/div>\n<\/div>\n<\/div>\n\n\n\n<div class=\"wp-block-columns is-layout-flex wp-container-core-columns-is-layout-9d6595d7 wp-block-columns-is-layout-flex\">\n<div class=\"wp-block-column is-layout-flow wp-block-column-is-layout-flow\"><\/div>\n<\/div>\n<\/div><\/details><\/div>\n\n\n\n<div class=\"wp-block-coblocks-accordion-item\"><details><summary class=\"wp-block-coblocks-accordion-item__title\">Grafiche ufficiali del progetto<\/summary><div class=\"wp-block-coblocks-accordion-item__content\">\n<p>Questa sezione contiene materiali di supporto per la creazione di contenuti audiovisivi<\/p>\n\n\n\n<div class=\"wp-block-columns is-layout-flex wp-container-core-columns-is-layout-9d6595d7 wp-block-columns-is-layout-flex\">\n<div class=\"wp-block-column is-layout-flow wp-block-column-is-layout-flow\">\n<figure class=\"wp-block-image size-thumbnail\"><img loading=\"lazy\" decoding=\"async\" width=\"150\" height=\"106\" src=\"https:\/\/sites.unica.it\/pot-o2c\/files\/2021\/11\/LogoUniCa-150x106.png\" alt=\"\" class=\"wp-image-204\" \/><figcaption>Scritta bianca Universit\u00e0 degli Studi di Cagliari<\/figcaption><\/figure>\n<\/div>\n\n\n\n<div class=\"wp-block-column is-layout-flow wp-block-column-is-layout-flow\">\n<figure class=\"wp-block-image size-full\"><img loading=\"lazy\" decoding=\"async\" width=\"409\" height=\"86\" src=\"https:\/\/sites.unica.it\/pot-o2c\/files\/2021\/11\/LogoPOT.png\" alt=\"\" class=\"wp-image-205\" srcset=\"https:\/\/sites.unica.it\/pot-o2c\/files\/2021\/11\/LogoPOT.png 409w, https:\/\/sites.unica.it\/pot-o2c\/files\/2021\/11\/LogoPOT-300x63.png 300w, https:\/\/sites.unica.it\/pot-o2c\/files\/2021\/11\/LogoPOT-100x21.png 100w\" sizes=\"auto, (max-width: 409px) 100vw, 409px\" \/><\/figure>\n\n\n\n<figure class=\"wp-block-image size-full\"><img loading=\"lazy\" decoding=\"async\" width=\"409\" height=\"86\" src=\"http:\/\/sites.unica.it\/pot-o2c\/files\/2021\/11\/LogoPOT.png\" alt=\"\" class=\"wp-image-205\" srcset=\"https:\/\/sites.unica.it\/pot-o2c\/files\/2021\/11\/LogoPOT.png 409w, https:\/\/sites.unica.it\/pot-o2c\/files\/2021\/11\/LogoPOT-300x63.png 300w, https:\/\/sites.unica.it\/pot-o2c\/files\/2021\/11\/LogoPOT-100x21.png 100w\" sizes=\"auto, (max-width: 409px) 100vw, 409px\" \/><figcaption>Scritta logo POT bianco<\/figcaption><\/figure>\n<\/div>\n\n\n\n<div class=\"wp-block-column is-layout-flow wp-block-column-is-layout-flow\">\n<figure class=\"wp-block-image size-full\"><img loading=\"lazy\" decoding=\"async\" width=\"740\" height=\"416\" src=\"https:\/\/sites.unica.it\/pot-o2c\/files\/2021\/11\/Grafica_Finale-740x416-1.png\" alt=\"\" class=\"wp-image-206\" srcset=\"https:\/\/sites.unica.it\/pot-o2c\/files\/2021\/11\/Grafica_Finale-740x416-1.png 740w, https:\/\/sites.unica.it\/pot-o2c\/files\/2021\/11\/Grafica_Finale-740x416-1-300x169.png 300w, https:\/\/sites.unica.it\/pot-o2c\/files\/2021\/11\/Grafica_Finale-740x416-1-100x56.png 100w\" sizes=\"auto, (max-width: 740px) 100vw, 740px\" \/><figcaption>Sfondo progetto POT<\/figcaption><\/figure>\n<\/div>\n<\/div>\n\n\n\n<div class=\"wp-block-columns is-layout-flex wp-container-core-columns-is-layout-9d6595d7 wp-block-columns-is-layout-flex\">\n<div class=\"wp-block-column is-layout-flow wp-block-column-is-layout-flow\">\n<figure class=\"wp-block-image size-full\"><img loading=\"lazy\" decoding=\"async\" width=\"740\" height=\"416\" src=\"https:\/\/sites.unica.it\/pot-o2c\/files\/2021\/11\/Grafica_BLU2-740x416-1.png\" alt=\"\" class=\"wp-image-208\" srcset=\"https:\/\/sites.unica.it\/pot-o2c\/files\/2021\/11\/Grafica_BLU2-740x416-1.png 740w, https:\/\/sites.unica.it\/pot-o2c\/files\/2021\/11\/Grafica_BLU2-740x416-1-300x169.png 300w, https:\/\/sites.unica.it\/pot-o2c\/files\/2021\/11\/Grafica_BLU2-740x416-1-100x56.png 100w\" sizes=\"auto, (max-width: 740px) 100vw, 740px\" \/><figcaption>Sfondo POT per presentazioni video<\/figcaption><\/figure>\n<\/div>\n\n\n\n<div class=\"wp-block-column is-layout-flow wp-block-column-is-layout-flow\">\n<figure class=\"wp-block-image size-full\"><img loading=\"lazy\" decoding=\"async\" width=\"740\" height=\"416\" src=\"https:\/\/sites.unica.it\/pot-o2c\/files\/2021\/11\/Grafica_01-740x416-1.png\" alt=\"\" class=\"wp-image-209\" srcset=\"https:\/\/sites.unica.it\/pot-o2c\/files\/2021\/11\/Grafica_01-740x416-1.png 740w, https:\/\/sites.unica.it\/pot-o2c\/files\/2021\/11\/Grafica_01-740x416-1-300x169.png 300w, https:\/\/sites.unica.it\/pot-o2c\/files\/2021\/11\/Grafica_01-740x416-1-100x56.png 100w\" sizes=\"auto, (max-width: 740px) 100vw, 740px\" \/><figcaption>Sfondo POT per presentazioni video tutorial<\/figcaption><\/figure>\n<\/div>\n<\/div>\n<\/div><\/details><\/div>\n\n\n\n<div class=\"wp-block-coblocks-accordion-item\"><\/div>\n<\/div>\n<\/div><\/details><\/div>\n\n\n\n<div class=\"wp-block-coblocks-accordion-item\"><details><summary class=\"wp-block-coblocks-accordion-item__title\">Progetto POT 2021<\/summary><div class=\"wp-block-coblocks-accordion-item__content\">\n<div class=\"wp-block-coblocks-accordion\">\n<div class=\"wp-block-coblocks-accordion-item\"><\/div>\n<\/div>\n<\/div><\/details><\/div>\n<\/div>\n<\/div><\/details><\/div>\n<\/div>\n\n\n\n<div class=\"wp-block-coblocks-accordion\">\n<div class=\"wp-block-coblocks-accordion-item\"><details><summary class=\"wp-block-coblocks-accordion-item__title\">Corsi unit\u00e0 di Macerata<\/summary><div class=\"wp-block-coblocks-accordion-item__content\">\n<p>Questa sezione contiene materiali di supporto per i Corsi unit\u00e0 di Macerata<\/p>\n\n\n\n<div class=\"wp-block-columns is-layout-flex wp-container-core-columns-is-layout-9d6595d7 wp-block-columns-is-layout-flex\">\n<div class=\"wp-block-column is-layout-flow wp-block-column-is-layout-flow\">\n<p>Documenti<\/p>\n\n\n\n<div class=\"wp-block-file\"><a href=\"https:\/\/sites.unica.it\/pot-o2c\/files\/2021\/11\/CORSIPOT-Macerata.docx\">CORSIPOT-Macerata<\/a><a href=\"https:\/\/sites.unica.it\/pot-o2c\/files\/2021\/11\/CORSIPOT-Macerata.docx\" class=\"wp-block-file__button\" download>Download<\/a><\/div>\n<\/div>\n\n\n\n<div class=\"wp-block-column is-layout-flow wp-block-column-is-layout-flow\"><\/div>\n\n\n\n<div class=\"wp-block-column is-layout-flow wp-block-column-is-layout-flow\"><\/div>\n<\/div>\n<\/div><\/details><\/div>\n\n\n\n<div class=\"wp-block-coblocks-accordion-item\"><details><summary class=\"wp-block-coblocks-accordion-item__title\">Materiali Urbino<\/summary><div class=\"wp-block-coblocks-accordion-item__content\">\n<p>In questa sezione sono riportati i materiali dell\u2019Universit\u00e0 degli Studi di Urbino Carlo Bo<\/p>\n\n\n\n<div class=\"wp-block-columns is-layout-flex wp-container-core-columns-is-layout-9d6595d7 wp-block-columns-is-layout-flex\">\n<div class=\"wp-block-column is-layout-flow wp-block-column-is-layout-flow\">\n<p>Analisi e comunicazione di testi<\/p>\n\n\n\n<figure class=\"wp-block-embed is-type-video is-provider-youtube wp-block-embed-youtube wp-embed-aspect-16-9 wp-has-aspect-ratio\"><div class=\"wp-block-embed__wrapper\">\n<div class=\"x-resp-embed x-is-video x-is-youtube\"><iframe loading=\"lazy\" title=\"Analisi e comunicazione di testi\" width=\"1080\" height=\"608\" src=\"https:\/\/www.youtube.com\/embed\/GpsNqJ9cbTk?feature=oembed\" frameborder=\"0\" allow=\"accelerometer; autoplay; clipboard-write; encrypted-media; gyroscope; picture-in-picture; web-share\" allowfullscreen><\/iframe><\/div>\n<\/div><\/figure>\n<\/div>\n\n\n\n<div class=\"wp-block-column is-layout-flow wp-block-column-is-layout-flow\">\n<p>Locandina<\/p>\n\n\n\n<figure class=\"wp-block-image size-full has-lightbox\"><img loading=\"lazy\" decoding=\"async\" width=\"1754\" height=\"2480\" src=\"https:\/\/sites.unica.it\/pot-o2c\/files\/2021\/11\/Locandina-POT-Urbino.jpg\" alt=\"\" class=\"wp-image-213\" srcset=\"https:\/\/sites.unica.it\/pot-o2c\/files\/2021\/11\/Locandina-POT-Urbino.jpg 1754w, https:\/\/sites.unica.it\/pot-o2c\/files\/2021\/11\/Locandina-POT-Urbino-212x300.jpg 212w, https:\/\/sites.unica.it\/pot-o2c\/files\/2021\/11\/Locandina-POT-Urbino-724x1024.jpg 724w, https:\/\/sites.unica.it\/pot-o2c\/files\/2021\/11\/Locandina-POT-Urbino-768x1086.jpg 768w, https:\/\/sites.unica.it\/pot-o2c\/files\/2021\/11\/Locandina-POT-Urbino-1086x1536.jpg 1086w, https:\/\/sites.unica.it\/pot-o2c\/files\/2021\/11\/Locandina-POT-Urbino-1448x2048.jpg 1448w, https:\/\/sites.unica.it\/pot-o2c\/files\/2021\/11\/Locandina-POT-Urbino-100x141.jpg 100w, https:\/\/sites.unica.it\/pot-o2c\/files\/2021\/11\/Locandina-POT-Urbino-1200x1697.jpg 1200w\" sizes=\"auto, (max-width: 1754px) 100vw, 1754px\" \/><\/figure>\n<\/div>\n\n\n\n<div class=\"wp-block-column is-layout-flow wp-block-column-is-layout-flow\"><\/div>\n<\/div>\n<\/div><\/details><\/div>\n<\/div>\n\n\n\n<p><\/p>\n","protected":false},"excerpt":{"rendered":"","protected":false},"author":1,"featured_media":0,"parent":0,"menu_order":0,"comment_status":"closed","ping_status":"closed","template":"","meta":{"_coblocks_attr":"","_coblocks_dimensions":"","_coblocks_responsive_height":"","_coblocks_accordion_ie_support":"","footnotes":""},"class_list":["post-27","page","type-page","status-publish","hentry","no-post-thumbnail"],"_links":{"self":[{"href":"https:\/\/sites.unica.it\/pot-o2c\/wp-json\/wp\/v2\/pages\/27","targetHints":{"allow":["GET"]}}],"collection":[{"href":"https:\/\/sites.unica.it\/pot-o2c\/wp-json\/wp\/v2\/pages"}],"about":[{"href":"https:\/\/sites.unica.it\/pot-o2c\/wp-json\/wp\/v2\/types\/page"}],"author":[{"embeddable":true,"href":"https:\/\/sites.unica.it\/pot-o2c\/wp-json\/wp\/v2\/users\/1"}],"replies":[{"embeddable":true,"href":"https:\/\/sites.unica.it\/pot-o2c\/wp-json\/wp\/v2\/comments?post=27"}],"version-history":[{"count":24,"href":"https:\/\/sites.unica.it\/pot-o2c\/wp-json\/wp\/v2\/pages\/27\/revisions"}],"predecessor-version":[{"id":268,"href":"https:\/\/sites.unica.it\/pot-o2c\/wp-json\/wp\/v2\/pages\/27\/revisions\/268"}],"wp:attachment":[{"href":"https:\/\/sites.unica.it\/pot-o2c\/wp-json\/wp\/v2\/media?parent=27"}],"curies":[{"name":"wp","href":"https:\/\/api.w.org\/{rel}","templated":true}]}}