{"id":18,"date":"2021-11-15T07:53:08","date_gmt":"2021-11-15T06:53:08","guid":{"rendered":"https:\/\/sites.unica.it\/pot-o2c\/?page_id=18"},"modified":"2021-11-16T12:53:18","modified_gmt":"2021-11-16T11:53:18","slug":"pot","status":"publish","type":"page","link":"https:\/\/sites.unica.it\/pot-o2c\/pot\/","title":{"rendered":"POT"},"content":{"rendered":"<div class=\"vc_row wpb_row vc_row-fluid\">\n<div class=\"wpb_column vc_column_container vc_col-sm-12\">\n<div class=\"vc_column-inner\">\n<div class=\"wpb_wrapper\">\n<h2 class=\"vc_custom_heading\">Obiettivi generali del progetto POT &#8220;Oltre le due culture &#8211; per un dialogo interdisciplinare tra logica, filosofia e scienze della comunicazione&#8221;<\/h2>\n<div class=\"nicdark_section  \"><\/div>\n<div class=\"wpb_text_column wpb_content_element \">\n<div class=\"wpb_wrapper\">\n<p>Il presente <strong>progetto POT<\/strong> ha come obiettivo qualitativo finale quello di <strong>potenziare il ruolo della logica, della filosofia del linguaggio, della storia delle scienze, della filosofia delle scienze e della comunicazione<\/strong> attraverso <strong>diverse forme mediali<\/strong>, sia nell\u2019orientamento che nel tutorato dei rispettivi corsi di laurea.<\/p>\n<p>Queste conoscenze infatti si pongono in maniera naturale come ponti tra numerosi insegnamenti curricolari delle scuole secondarie.<\/p>\n<\/div>\n<\/div>\n<div class=\"nicdark_section  \"><\/div>\n<div class=\"wpb_text_column wpb_content_element \">\n<div class=\"wpb_wrapper\">\n<h1>Potenziare i linguaggi<\/h1>\n<\/div>\n<\/div>\n<div class=\"nicdark_section  \"><\/div>\n<div class=\"wpb_text_column wpb_content_element \">\n<div class=\"wpb_wrapper\">\n<h2>La logica<\/h2>\n<p>La <strong>logica<\/strong>, ad esempio, non pu\u00f2 essere collocata n\u00e9 esclusivamente nel novero delle discipline umanistiche n\u00e9 tanto meno in quelle squisitamente scientifiche. Essa, anche dal punto di vista storico \u00e8 <strong>alla base del pensiero filosofico<\/strong>, pur coinvolgendo in maniera naturale il ragionamento matematico e risulta una <strong>componente fondamentale per la comprensione di un qualsiasi testo<\/strong>.<\/p>\n<p>Inoltre, costituisce la base per lo studio dei <strong>fondamenti della matematica, dell\u2019informatica, dei processi computazionali e dei processi comunicativi<\/strong>.<\/p>\n<\/div>\n<\/div>\n<div class=\"nicdark_section  \"><\/div>\n<div class=\"wpb_text_column wpb_content_element \">\n<div class=\"wpb_wrapper\">\n<h2>La filosofia del linguaggio<\/h2>\n<p>La <strong>filosofia del linguaggio e gli studi dei processi e media della comunicazione<\/strong> altres\u00ec, permette di analizzare la <strong>struttura semantica di un discorso<\/strong>, di individuarne le presupposizioni semantiche e pragmatiche e quindi di offrire, in maniera complementare alla logica, <strong>strumenti di analisi critica del discorso utili a potenziare le capacit\u00e0 di critical thinking, dialogiche e comunicative attraverso diversi media<\/strong>.<\/p>\n<p>Riflessioni analoghe potrebbero essere fatte per la <strong>storia e filosofia delle scienze<\/strong>.<\/p>\n<\/div>\n<\/div>\n<div class=\"nicdark_section  \"><\/div>\n<div class=\"wpb_text_column wpb_content_element \">\n<div class=\"wpb_wrapper\">\n<h2>Risultati attesi<\/h2>\n<p>Per tali ragioni queste discipline, mediante attivit\u00e0 coordinate di formazione, potrebbero fungere da <strong>ideale tessuto connettivo per collegare percorsi curricolari e competenze individuali<\/strong> che nella scuola secondaria vengono eccessivamente diversificati, <strong>aiutando a risolvere alcune criticit\u00e0<\/strong> segnalate da vari rapporti nazionali e a sostenere lo sviluppo di vocazioni verso lauree umanistiche in grado di valorizzare non solo una nuova alleanza tra i saperi umanistici e scientifici, ma anche con le nuove tecnologie attraverso una pi\u00f9 profonda comprensione delle loro dinamiche comunicative.<\/p>\n<\/div>\n<\/div>\n<div class=\"nicdark_section  \"><\/div>\n<div class=\"wpb_text_column wpb_content_element \">\n<div class=\"wpb_wrapper\">\n<h2>Alcuni dati<\/h2>\n<p>Gli ultimi dati del <strong>rapporto invalsi 2018<\/strong>, infatti, mettono ancora una volta in evidenza le <strong>lacune degli studenti italiani nelle discipline scientifiche<\/strong>. Al contempo, i test d\u2019ingresso per l\u2019accesso alla maggior parte dei corsi universitari a numero chiuso o per l\u2019accesso ai concorsi pubblici individuano proprio nei quesiti di ragionamento logico e comprensione del testo uno degli ostacoli pi\u00f9 duri da superare, proprio perch\u00e9 la logica viene spesso avvertita come una disciplina \u201caliena\u201d dal contesto scolastico.<\/p>\n<\/div>\n<\/div>\n<div class=\"nicdark_section  \"><\/div>\n<div class=\"wpb_text_column wpb_content_element \">\n<div class=\"wpb_wrapper\">\n<h2>Obiettivo<\/h2>\n<p>Il network di questo progetto POT si prefigge quindi l\u2019obiettivo di affrontare queste lacune formative. Il vantaggio di questa azione sta nel formare degli studenti che<\/p>\n<ol>\n<li>siano in grado di <strong>sviluppare<\/strong> pi\u00f9 facilmente un <strong>pensiero critico<\/strong>;<\/li>\n<li>siano in grado di <strong>analizzare<\/strong> in maniera autonoma e rapida il <strong>messaggio<\/strong> contenuto all\u2019interno di un testo;<\/li>\n<li>siano in grado di utilizzare <strong>differenti strategie<\/strong> e strumenti comunicativi per condividere le proprie conoscenze;<\/li>\n<li>riescano a cogliere gli <strong>aspetti salienti comuni<\/strong> a discipline differenti (filosofia, italiano, matematica, fisica, informatica etc.);<\/li>\n<li>abbiano gi\u00e0 maturato un\u2019esperienza preliminare per la preparazione ai test d\u2019ingresso, spesso cruciali per i successivi passaggi della loro carriera.<\/li>\n<\/ol>\n<\/div>\n<\/div>\n<div class=\"nicdark_section  \"><\/div>\n<div class=\"wpb_text_column wpb_content_element \">\n<div class=\"wpb_wrapper\">\n<p>Vista la <strong>natura<\/strong> eminentemente <strong>sperimentale<\/strong> di questa iniziativa e <strong>l\u2019alta interdisciplinariet\u00e0<\/strong> del network cui essa fa capo, in prima battuta il presente progetto POT si pone obiettivi quantitativi che consentano di consolidare le azioni e di costituire la piattaforma necessaria ad ulteriori sviluppi a seconda delle esigenze specifiche delle sedi coinvolte.<\/p>\n<blockquote><p><em>Il progetto punta eminentemente a risolvere a monte il problema dell\u2019abbandono agendo su un orientamento pi\u00f9 efficace che consenta un pi\u00f9 chiaro riconoscimento delle vocazioni e una pi\u00f9 chiara percezione dei requisiti necessari al percorso universitario.<\/em><\/p><\/blockquote>\n<p>A ci\u00f2 \u00e8 necessario <strong>affiancare un\u2019attivit\u00e0 di tutorato<\/strong> che, in alcune sedi con problemi di abbandono (ad esempio UniVR), \u00e8 ancora sottodimensionata. Pertanto ci si \u00e8 concentrati essenzialmente nel <strong>formulare azioni che incrementino il numero di percorsi di orientamento attivati sia rivolti agli studenti che agli insegnanti di scuola superiore di secondo grado (azione di orientamento) e il numero di tutor formati (azione di tutorato).<\/strong><\/p>\n<\/div>\n<\/div>\n<\/div>\n<\/div>\n<\/div>\n<\/div>\n","protected":false},"excerpt":{"rendered":"<p>Obiettivi generali del progetto POT &#8220;Oltre le due culture &#8211; per un dialogo interdisciplinare tra logica, filosofia e scienze della comunicazione&#8221; Il presente progetto POT ha come obiettivo qualitativo finale quello di potenziare il ruolo della logica, della filosofia del linguaggio, della storia delle scienze, della filosofia delle scienze e della comunicazione attraverso diverse forme mediali, sia nell\u2019orientamento che nel &#8230; <\/p>\n<div><a href=\"https:\/\/sites.unica.it\/pot-o2c\/pot\/\" class=\"more-link\">Read More<\/a><\/div>\n","protected":false},"author":1,"featured_media":0,"parent":0,"menu_order":0,"comment_status":"closed","ping_status":"closed","template":"","meta":{"_coblocks_attr":"","_coblocks_dimensions":"","_coblocks_responsive_height":"","_coblocks_accordion_ie_support":"","footnotes":""},"class_list":["post-18","page","type-page","status-publish","hentry","no-post-thumbnail"],"_links":{"self":[{"href":"https:\/\/sites.unica.it\/pot-o2c\/wp-json\/wp\/v2\/pages\/18","targetHints":{"allow":["GET"]}}],"collection":[{"href":"https:\/\/sites.unica.it\/pot-o2c\/wp-json\/wp\/v2\/pages"}],"about":[{"href":"https:\/\/sites.unica.it\/pot-o2c\/wp-json\/wp\/v2\/types\/page"}],"author":[{"embeddable":true,"href":"https:\/\/sites.unica.it\/pot-o2c\/wp-json\/wp\/v2\/users\/1"}],"replies":[{"embeddable":true,"href":"https:\/\/sites.unica.it\/pot-o2c\/wp-json\/wp\/v2\/comments?post=18"}],"version-history":[{"count":3,"href":"https:\/\/sites.unica.it\/pot-o2c\/wp-json\/wp\/v2\/pages\/18\/revisions"}],"predecessor-version":[{"id":70,"href":"https:\/\/sites.unica.it\/pot-o2c\/wp-json\/wp\/v2\/pages\/18\/revisions\/70"}],"wp:attachment":[{"href":"https:\/\/sites.unica.it\/pot-o2c\/wp-json\/wp\/v2\/media?parent=18"}],"curies":[{"name":"wp","href":"https:\/\/api.w.org\/{rel}","templated":true}]}}