{"id":931,"date":"2025-10-01T10:21:16","date_gmt":"2025-10-01T08:21:16","guid":{"rendered":"https:\/\/sites.unica.it\/porteaperteinpiazzadarmi\/?page_id=931"},"modified":"2025-11-01T10:47:51","modified_gmt":"2025-11-01T09:47:51","slug":"programma-2025","status":"publish","type":"page","link":"https:\/\/sites.unica.it\/porteaperteinpiazzadarmi\/programma-2025\/","title":{"rendered":"Programma 2025"},"content":{"rendered":"\n\n\n<p>Il programma del 2025 \u00e8 in via di definizione e sar\u00e0 pubblicato a breve. Per avere un&#8217;idea comunque \u00e8 possibile dare uno sguardo al programma degli anni precedenti, in particolare 2023 e 2024, perch\u00e9 le attivit\u00e0 organizzate saranno simile per tutti i corsi di laurea.<\/p>\n<p>Questo anno \u00e8 previsto un evento speciale limitato all&#8217;orientamento per la laurea in Ingegneria Elettronica, Informatica e delle Telecomunicazioni che si terr\u00e0 in Aula Magna, ore 10:30, durante l&#8217;evento di Cagliari (14 novembre). Trattandosi di un&#8217;attivit\u00e0 specifica in Aula Magna, \u00e8 necessario iscriversi appositamente per potere partecipare perch\u00e9 i posti sono limitati dalla capienza dell&#8217;aula. Durante la fase di iscrizione (sia individuale che per classi) sar\u00e0 possibile spuntare una voce specifica per la richiesta di iscrizione all&#8217;evento.<\/p>\n<p>L&#8217;evento si intitola &#8220;Connetti il domani, disegna il futuro \u2013 Il roadshow di RESTART&#8221;, \u00e8 un roadshow organizzato nell&#8217;ambito del progetto RESTART. Per maggiori informazioni \u00e8 possibile visitare questo sito:<\/p>\n<p><a href=\"https:\/\/fondazione-restart.it\/it\/2025\/02\/17\/connetti-il-domani-disegna-il-futuro-il-roadshow-di-restart-per-orientare-la-scelta-del-percorso-universitario\/\" target=\"_blank\" rel=\"noopener\">https:\/\/fondazione-restart.it\/it\/2025\/02\/17\/connetti-il-domani-disegna-il-futuro-il-roadshow-di-restart-per-orientare-la-scelta-del-percorso-universitario\/<\/a><\/p>\n<p><\/p>\n<p>\u00a0<\/p>\n<p>Questo anno \u00e8 previsto un evento speciale limitato all&#8217;orientamento per la laurea in Ingegneria Elettronica, Informatica e delle Telecomunicazioni che si terr\u00e0 in Aula Magna, ore 10:30, durante l&#8217;evento di Cagliari (14 novembre). Trattandosi di un&#8217;attivit\u00e0 specifica in Aula Magna, \u00e8 necessario iscriversi appositamente per potere partecipare perch\u00e9 i posti sono limitati dalla capienza dell&#8217;aula. Durante la fase di iscrizione (sia individuale che per classi) sar\u00e0 possibile spuntare una voce specifica per la richiesta di iscrizione all&#8217;evento.<\/p>\n<p>L&#8217;evento si intitola &#8220;Connetti il domani, disegna il futuro \u2013 Il roadshow di RESTART&#8221;, \u00e8 un roadshow organizzato nell&#8217;ambito del progetto RESTART. Per maggiori informazioni \u00e8 possibile visitare questo sito:<\/p>\n<p><a href=\"https:\/\/fondazione-restart.it\/it\/2025\/02\/17\/connetti-il-domani-disegna-il-futuro-il-roadshow-di-restart-per-orientare-la-scelta-del-percorso-universitario\/\" target=\"_blank\" rel=\"noopener\">https:\/\/fondazione-restart.it\/it\/2025\/02\/17\/connetti-il-domani-disegna-il-futuro-il-roadshow-di-restart-per-orientare-la-scelta-del-percorso-universitario\/<\/a><\/p>\n<p>Se intendete partecipare a questo specifico evento, spuntate la casella apposita nel modulo di registrazione e indicate anche quanti degli studenti o studentesse che porterete parteciperanno anche al Roadshow. Poich\u00e9 i posti sono limitati, riceverete conferma in una e-mail successiva a quella della conferma di iscrizione all&#8217;Open Day.<\/p>\n<p><span style=\"color: #ff0000\"><strong>E&#8217; stata raggiunta la capienza massima dell&#8217;aula, eventuali nuove iscrizione al Roadshow saranno messe in lista di attesa.<\/strong><\/span><\/p>\n<p><\/p>\n<p>\u00a0<\/p>\n\n\n","protected":false},"excerpt":{"rendered":"","protected":false},"author":26,"featured_media":975,"parent":0,"menu_order":0,"comment_status":"closed","ping_status":"closed","template":"","meta":{"footnotes":""},"class_list":["post-931","page","type-page","status-publish","has-post-thumbnail","hentry"],"_links":{"self":[{"href":"https:\/\/sites.unica.it\/porteaperteinpiazzadarmi\/wp-json\/wp\/v2\/pages\/931","targetHints":{"allow":["GET"]}}],"collection":[{"href":"https:\/\/sites.unica.it\/porteaperteinpiazzadarmi\/wp-json\/wp\/v2\/pages"}],"about":[{"href":"https:\/\/sites.unica.it\/porteaperteinpiazzadarmi\/wp-json\/wp\/v2\/types\/page"}],"author":[{"embeddable":true,"href":"https:\/\/sites.unica.it\/porteaperteinpiazzadarmi\/wp-json\/wp\/v2\/users\/26"}],"replies":[{"embeddable":true,"href":"https:\/\/sites.unica.it\/porteaperteinpiazzadarmi\/wp-json\/wp\/v2\/comments?post=931"}],"version-history":[{"count":3,"href":"https:\/\/sites.unica.it\/porteaperteinpiazzadarmi\/wp-json\/wp\/v2\/pages\/931\/revisions"}],"predecessor-version":[{"id":989,"href":"https:\/\/sites.unica.it\/porteaperteinpiazzadarmi\/wp-json\/wp\/v2\/pages\/931\/revisions\/989"}],"wp:featuredmedia":[{"embeddable":true,"href":"https:\/\/sites.unica.it\/porteaperteinpiazzadarmi\/wp-json\/wp\/v2\/media\/975"}],"wp:attachment":[{"href":"https:\/\/sites.unica.it\/porteaperteinpiazzadarmi\/wp-json\/wp\/v2\/media?parent=931"}],"curies":[{"name":"wp","href":"https:\/\/api.w.org\/{rel}","templated":true}]}}