{"id":704,"date":"2019-10-15T11:02:48","date_gmt":"2019-10-15T09:02:48","guid":{"rendered":"http:\/\/sites.unica.it\/porteaperteinpiazzadarmi\/?page_id=704"},"modified":"2025-11-01T10:47:05","modified_gmt":"2025-11-01T09:47:05","slug":"scopri-la-nostra-facolta","status":"publish","type":"page","link":"https:\/\/sites.unica.it\/porteaperteinpiazzadarmi\/scopri-la-nostra-facolta\/","title":{"rendered":"Scopri la nostra facolt\u00e0"},"content":{"rendered":"Non sai ancora immaginare un futuro da ingegnere o da architetto? Ti piacerebbe incontrare chi ha gi\u00e0 fatto questa scelta poco prima di te? Vieni a trovarci il <strong>14 novembre 2025<\/strong>\u00a0presso il nostro campus di <strong>Piazza d\u2019Armi a Cagliari<\/strong>, oppure negli eventi satellite che terremo ad <strong>Alghero<\/strong> (2 dicembre), <strong>Olbia<\/strong> (3 dicembre) e <strong>Nuoro<\/strong> (28 novembre).\n\nA Cagliari ti sar\u00e0 possibile visitare la facolt\u00e0 di <strong>Ingegneria e Architettura<\/strong>\u00a0grazie all\u2019iniziativa\u00a0<strong>\u201cPorte Aperte in Piazza d\u2019Armi\u201d<\/strong>, entrare nei laboratori e confrontarti con studenti dei nostri corsi di laurea, docenti e ricercatori per avere informazioni di prima mano. Negli altri eventi porteremo noi in trasferta docenti una piccola esposizione delle nostre attivit\u00e0.\n\nIn tutti i casi, cercheremo di farti vivere un\u2019<strong>esperienza diversa<\/strong>, a stretto contatto con le attivit\u00e0 tipiche dei nostri settori. Abbiamo l\u2019ambizione di farci conoscere meglio, comunicando tutta l\u2019<strong>inventiva<\/strong>, la\u00a0<strong>creativit\u00e0<\/strong>\u00a0e la\u00a0<strong>passione<\/strong>\u00a0richieste dalle nostre professioni.\n\nPuoi dare uno sguardo al programma, ai video e alle foto delle edizioni degli scorsi anni per avere un\u2019idea di come sar\u00e0 organizzata la giornata.\n\nQuesto anno \u00e8 previsto un evento speciale limitato all\u2019orientamento per la laurea in <strong>Ingegneria Elettronica, Informatica e delle Telecomunicazioni<\/strong> che si terr\u00e0 in <strong>Aula Magna, ore 10:30, durante l\u2019evento di Cagliari (14 novembre)<\/strong>. Trattandosi di un\u2019attivit\u00e0 specifica in Aula Magna, \u00e8 necessario <strong>iscriversi appositamente<\/strong> per potere partecipare perch\u00e9 i posti sono limitati dalla capienza dell\u2019aula. Durante la fase di iscrizione (sia individuale che per classi) sar\u00e0 possibile spuntare una voce specifica per la richiesta di iscrizione all\u2019evento.\n\nL\u2019evento si intitola \u201cConnetti il domani, disegna il futuro \u2013 Il roadshow di RESTART\u201d, \u00e8 un roadshow organizzato nell\u2019ambito del progetto RESTART. Per maggiori informazioni \u00e8 possibile visitare questo sito:\n\n<a href=\"https:\/\/fondazione-restart.it\/it\/2025\/02\/17\/connetti-il-domani-disegna-il-futuro-il-roadshow-di-restart-per-orientare-la-scelta-del-percorso-universitario\/\" target=\"_blank\" rel=\"noopener\">https:\/\/fondazione-restart.it\/it\/2025\/02\/17\/connetti-il-domani-disegna-il-futuro-il-roadshow-di-restart-per-orientare-la-scelta-del-percorso-universitario\/<\/a>\n\n\n\nQuesto anno \u00e8 previsto un evento speciale limitato all&#8217;orientamento per la laurea in Ingegneria Elettronica, Informatica e delle Telecomunicazioni che si terr\u00e0 in Aula Magna, ore 10:30, durante l&#8217;evento di Cagliari (14 novembre). Trattandosi di un&#8217;attivit\u00e0 specifica in Aula Magna, \u00e8 necessario iscriversi appositamente per potere partecipare perch\u00e9 i posti sono limitati dalla capienza dell&#8217;aula. Durante la fase di iscrizione (sia individuale che per classi) sar\u00e0 possibile spuntare una voce specifica per la richiesta di iscrizione all&#8217;evento.\n\nL&#8217;evento si intitola &#8220;Connetti il domani, disegna il futuro \u2013 Il roadshow di RESTART&#8221;, \u00e8 un roadshow organizzato nell&#8217;ambito del progetto RESTART. Per maggiori informazioni \u00e8 possibile visitare questo sito:\n\n<a href=\"https:\/\/fondazione-restart.it\/it\/2025\/02\/17\/connetti-il-domani-disegna-il-futuro-il-roadshow-di-restart-per-orientare-la-scelta-del-percorso-universitario\/\" target=\"_blank\" rel=\"noopener\">https:\/\/fondazione-restart.it\/it\/2025\/02\/17\/connetti-il-domani-disegna-il-futuro-il-roadshow-di-restart-per-orientare-la-scelta-del-percorso-universitario\/<\/a>\n\nSe intendete partecipare a questo specifico evento, spuntate la casella apposita nel modulo di registrazione e indicate anche quanti degli studenti o studentesse che porterete parteciperanno anche al Roadshow. Poich\u00e9 i posti sono limitati, riceverete conferma in una e-mail successiva a quella della conferma di iscrizione all&#8217;Open Day.\n\n<span style=\"color: #ff0000\"><strong>E&#8217; stata raggiunta la capienza massima dell&#8217;aula, eventuali nuove iscrizione al Roadshow saranno messe in lista di attesa.<\/strong><\/span>\n\n\n\nChiedi ai tuoi professori di organizzare la visita, ti aspettiamo!","protected":false},"excerpt":{"rendered":"<p>Non sai ancora immaginare un futuro da ingegnere o da architetto? Ti piacerebbe incontrare chi ha gi\u00e0 fatto questa scelta poco prima di te? Vieni a trovarci il 14 novembre 2025\u00a0presso il nostro campus di Piazza [&hellip;]<\/p>\n","protected":false},"author":26,"featured_media":966,"parent":0,"menu_order":0,"comment_status":"closed","ping_status":"closed","template":"","meta":{"footnotes":""},"class_list":["post-704","page","type-page","status-publish","has-post-thumbnail","hentry"],"_links":{"self":[{"href":"https:\/\/sites.unica.it\/porteaperteinpiazzadarmi\/wp-json\/wp\/v2\/pages\/704","targetHints":{"allow":["GET"]}}],"collection":[{"href":"https:\/\/sites.unica.it\/porteaperteinpiazzadarmi\/wp-json\/wp\/v2\/pages"}],"about":[{"href":"https:\/\/sites.unica.it\/porteaperteinpiazzadarmi\/wp-json\/wp\/v2\/types\/page"}],"author":[{"embeddable":true,"href":"https:\/\/sites.unica.it\/porteaperteinpiazzadarmi\/wp-json\/wp\/v2\/users\/26"}],"replies":[{"embeddable":true,"href":"https:\/\/sites.unica.it\/porteaperteinpiazzadarmi\/wp-json\/wp\/v2\/comments?post=704"}],"version-history":[{"count":9,"href":"https:\/\/sites.unica.it\/porteaperteinpiazzadarmi\/wp-json\/wp\/v2\/pages\/704\/revisions"}],"predecessor-version":[{"id":988,"href":"https:\/\/sites.unica.it\/porteaperteinpiazzadarmi\/wp-json\/wp\/v2\/pages\/704\/revisions\/988"}],"wp:featuredmedia":[{"embeddable":true,"href":"https:\/\/sites.unica.it\/porteaperteinpiazzadarmi\/wp-json\/wp\/v2\/media\/966"}],"wp:attachment":[{"href":"https:\/\/sites.unica.it\/porteaperteinpiazzadarmi\/wp-json\/wp\/v2\/media?parent=704"}],"curies":[{"name":"wp","href":"https:\/\/api.w.org\/{rel}","templated":true}]}}