{"id":552,"date":"2019-02-05T18:12:40","date_gmt":"2019-02-05T17:12:40","guid":{"rendered":"http:\/\/sites.unica.it\/porteaperteinpiazzadarmi\/?page_id=552"},"modified":"2019-10-15T11:08:23","modified_gmt":"2019-10-15T09:08:23","slug":"programma-2019","status":"publish","type":"page","link":"https:\/\/sites.unica.it\/porteaperteinpiazzadarmi\/programma-2019\/","title":{"rendered":"Edizione Aprile 2019"},"content":{"rendered":"<p>La giornata organizzata ad aprile 2019 ha coinvolto le due Facolt\u00e0 di piazza d\u2019Armi: la Facolt\u00e0 di Ingegneria e Architettura e la Facolt\u00e0 di Studi Umanistici<\/p>\n<p><a href=\"http:\/\/sites.unica.it\/porteaperteinpiazzadarmi\/programma-ingegneria-e-architettura-2019\/\"><strong>Programma della facolt\u00e0 di Ingegneria e Architettura<\/strong><\/a><\/p>\n<p><a href=\"http:\/\/sites.unica.it\/porteaperteinpiazzadarmi\/programma-studi-umanistici-2019\/\"><strong>Programma della facolt\u00e0 di Studi Umanistici<\/strong><\/a><\/p>\n<p>&nbsp;<\/p>\n","protected":false},"excerpt":{"rendered":"<p>La giornata organizzata ad aprile 2019 ha coinvolto le due Facolt\u00e0 di piazza d\u2019Armi: la Facolt\u00e0 di Ingegneria e Architettura e la Facolt\u00e0 di Studi Umanistici Programma della facolt\u00e0 di Ingegneria e Architettura Programma della facolt\u00e0 [&hellip;]<\/p>\n","protected":false},"author":26,"featured_media":562,"parent":0,"menu_order":0,"comment_status":"closed","ping_status":"closed","template":"","meta":{"footnotes":""},"class_list":["post-552","page","type-page","status-publish","has-post-thumbnail","hentry"],"_links":{"self":[{"href":"https:\/\/sites.unica.it\/porteaperteinpiazzadarmi\/wp-json\/wp\/v2\/pages\/552","targetHints":{"allow":["GET"]}}],"collection":[{"href":"https:\/\/sites.unica.it\/porteaperteinpiazzadarmi\/wp-json\/wp\/v2\/pages"}],"about":[{"href":"https:\/\/sites.unica.it\/porteaperteinpiazzadarmi\/wp-json\/wp\/v2\/types\/page"}],"author":[{"embeddable":true,"href":"https:\/\/sites.unica.it\/porteaperteinpiazzadarmi\/wp-json\/wp\/v2\/users\/26"}],"replies":[{"embeddable":true,"href":"https:\/\/sites.unica.it\/porteaperteinpiazzadarmi\/wp-json\/wp\/v2\/comments?post=552"}],"version-history":[{"count":7,"href":"https:\/\/sites.unica.it\/porteaperteinpiazzadarmi\/wp-json\/wp\/v2\/pages\/552\/revisions"}],"predecessor-version":[{"id":714,"href":"https:\/\/sites.unica.it\/porteaperteinpiazzadarmi\/wp-json\/wp\/v2\/pages\/552\/revisions\/714"}],"wp:featuredmedia":[{"embeddable":true,"href":"https:\/\/sites.unica.it\/porteaperteinpiazzadarmi\/wp-json\/wp\/v2\/media\/562"}],"wp:attachment":[{"href":"https:\/\/sites.unica.it\/porteaperteinpiazzadarmi\/wp-json\/wp\/v2\/media?parent=552"}],"curies":[{"name":"wp","href":"https:\/\/api.w.org\/{rel}","templated":true}]}}