{"id":99,"date":"2020-01-16T17:18:57","date_gmt":"2020-01-16T16:18:57","guid":{"rendered":"http:\/\/sites.unica.it\/plsunica\/?page_id=99"},"modified":"2026-01-13T09:54:39","modified_gmt":"2026-01-13T08:54:39","slug":"pls-fisica","status":"publish","type":"page","link":"https:\/\/sites.unica.it\/plsunica\/attivita-pls\/pls-fisica\/","title":{"rendered":"PNLS Fisica"},"content":{"rendered":"<p><a href=\"https:\/\/agenda.infn.it\/event\/49314\/\">Iscrizione Masterclass Woman and Girls in Science di Fisica 2026\u00a0<\/a><\/p>\n<p>Referente PNLS del CdS di Fisica:\u00a0 Viviana Fanti<\/p>\n<p>Pagina web del sito <a href=\"https:\/\/divulgazione.dsf.unica.it\/wp\/pls\/\">Piano Lauree Scientifiche di Fisica <\/a><\/p>\n<p>Pagina web del sito <a href=\"https:\/\/divulgazione.dsf.unica.it\/wp\/appuntamento-con-donne-e-scienza-2023\/\">Women and Girls in Science 2023<\/a><\/p>\n<p><strong><img loading=\"lazy\" decoding=\"async\" class=\"alignnone wp-image-532\" src=\"https:\/\/sites.unica.it\/plsunica\/files\/2021\/09\/cover_eventoFB_Cagliari.jpeg\" alt=\"\" width=\"287\" height=\"164\" \/><\/strong><\/p>\n<p><strong>24 settembre 2021: la notte dei ricercatori<\/strong><\/p>\n<p>Un\u2019 attivit\u00e0 trasversale di tutti i corsi di laurea che partecipano al Piano Nazionale Lauree Scientifiche UniCa prevede &#8220;<a href=\"https:\/\/sites.unica.it\/plsunica\/la-scienza-dell-acqua\/\"><strong>La scienza dell&#8217; acqua<\/strong><\/a>&#8221; con esperimenti di laboratorio interdisciplinari per esplorare e sperimentare propriet\u00e0, gestione e qualit\u00e0 della risorsa pi\u00f9 preziosa del nostro Pianeta: l\u2019acqua.<\/p>\n<p>Il PLS Fisica presenta esperimenti per studiare e misurare la presenza del <strong>Radon nelle acque<\/strong> e Energia dall\u2019Acqua. <a href=\"http:\/\/www.acquadiqualita.it\/it\/esperto-risponde\/il-radon-origine-pericoli-e-rimozione-dalle-acque.php\">Leggi anche qui.<\/a><\/p>\n<p>Con la partecipazione di Carlo Maria Carbonaro e Viviana Fanti (Fisica)<\/p>\n","protected":false},"excerpt":{"rendered":"<p>Iscrizione Masterclass Woman and Girls in Science di Fisica 2026\u00a0 Referente PNLS del CdS di Fisica:\u00a0 Viviana Fanti Pagina web del sito Piano Lauree Scientifiche di Fisica Pagina web del sito Women and Girls in Science 2023 24 settembre 2021: &hellip; <a href=\"https:\/\/sites.unica.it\/plsunica\/attivita-pls\/pls-fisica\/\">Continua a leggere<span class=\"meta-nav\">&rarr;<\/span><\/a><\/p>\n","protected":false},"author":335,"featured_media":0,"parent":199,"menu_order":0,"comment_status":"closed","ping_status":"closed","template":"","meta":{"footnotes":""},"class_list":["post-99","page","type-page","status-publish","hentry"],"_links":{"self":[{"href":"https:\/\/sites.unica.it\/plsunica\/wp-json\/wp\/v2\/pages\/99","targetHints":{"allow":["GET"]}}],"collection":[{"href":"https:\/\/sites.unica.it\/plsunica\/wp-json\/wp\/v2\/pages"}],"about":[{"href":"https:\/\/sites.unica.it\/plsunica\/wp-json\/wp\/v2\/types\/page"}],"author":[{"embeddable":true,"href":"https:\/\/sites.unica.it\/plsunica\/wp-json\/wp\/v2\/users\/335"}],"replies":[{"embeddable":true,"href":"https:\/\/sites.unica.it\/plsunica\/wp-json\/wp\/v2\/comments?post=99"}],"version-history":[{"count":18,"href":"https:\/\/sites.unica.it\/plsunica\/wp-json\/wp\/v2\/pages\/99\/revisions"}],"predecessor-version":[{"id":1524,"href":"https:\/\/sites.unica.it\/plsunica\/wp-json\/wp\/v2\/pages\/99\/revisions\/1524"}],"up":[{"embeddable":true,"href":"https:\/\/sites.unica.it\/plsunica\/wp-json\/wp\/v2\/pages\/199"}],"wp:attachment":[{"href":"https:\/\/sites.unica.it\/plsunica\/wp-json\/wp\/v2\/media?parent=99"}],"curies":[{"name":"wp","href":"https:\/\/api.w.org\/{rel}","templated":true}]}}