{"id":977,"date":"2024-01-16T10:11:23","date_gmt":"2024-01-16T09:11:23","guid":{"rendered":"https:\/\/sites.unica.it\/plsunica\/?page_id=977"},"modified":"2024-01-25T11:30:37","modified_gmt":"2024-01-25T10:30:37","slug":"la-forza-nascosta","status":"publish","type":"page","link":"https:\/\/sites.unica.it\/plsunica\/la-forza-nascosta\/","title":{"rendered":"Spettacolo &#8220;La forza nascosta&#8221; 7 febbraio"},"content":{"rendered":"<p>Quest&#8217; anno abbiamo un&#8217; importante novit\u00e0: In occasione della Giornata Internazionale delle donne e ragazze nella scienza, nell\u2019ambito delle iniziative del Piano Lauree Scientifiche dell\u2019Universit\u00e0 di Cagliari, si terr\u00e0 il 7 febbraio lo spettacolo e dibattito \u201cLa forza nascosta \u2013 <span class=\"\">Scienziate nella Fisica e nella Storia\u201d (<a href=\"https:\/\/laforzanascosta.to.infn.it\" target=\"_blank\" rel=\"noopener\">una produzione di INFN Torino, Dipartimento di Fisica Universit\u00e0 degli Studi di Torino<\/a>)<br \/>\n<\/span><\/p>\n<p><img loading=\"lazy\" decoding=\"async\" class=\"alignnone size-full wp-image-1052\" src=\"https:\/\/sites.unica.it\/plsunica\/files\/2024\/01\/La_forza_nascosta_Torino-scaled.jpg\" alt=\"\" width=\"2560\" height=\"1117\" srcset=\"https:\/\/sites.unica.it\/plsunica\/files\/2024\/01\/La_forza_nascosta_Torino-scaled.jpg 2560w, https:\/\/sites.unica.it\/plsunica\/files\/2024\/01\/La_forza_nascosta_Torino-300x131.jpg 300w, https:\/\/sites.unica.it\/plsunica\/files\/2024\/01\/La_forza_nascosta_Torino-1024x447.jpg 1024w, https:\/\/sites.unica.it\/plsunica\/files\/2024\/01\/La_forza_nascosta_Torino-768x335.jpg 768w, https:\/\/sites.unica.it\/plsunica\/files\/2024\/01\/La_forza_nascosta_Torino-1536x670.jpg 1536w, https:\/\/sites.unica.it\/plsunica\/files\/2024\/01\/La_forza_nascosta_Torino-2048x893.jpg 2048w, https:\/\/sites.unica.it\/plsunica\/files\/2024\/01\/La_forza_nascosta_Torino-500x218.jpg 500w\" sizes=\"auto, (max-width: 2560px) 100vw, 2560px\" \/><\/p>\n<p>Come scritto <a href=\"https:\/\/indico.cern.ch\/event\/1228843\/page\/27883-la-forza-nascosta-the-hidden-force\" target=\"_blank\" rel=\"noopener\">sul sito del CERN<\/a>: &#8220;Lo spettacolo offre una visuale sulla Fisica del &#8216;900 attraverso gli occhi di quattro sue protagoniste solo in parte riconosciute: l&#8217;astronoma americana Vera Cooper Rubin, la fisica nucleare austriaca Marietta Blau, la fisica delle particelle cinese Chien-Shiung Wu e l&#8217;italiana Milla Baldo Ceolin. Le loro vite si sono svolte in un contesto internazionale caratterizzato da grandi sconvolgimenti, ma anche dalla nascita della Fisica moderna e di istituzioni come il CERN&#8221;.<\/p>\n<p><img loading=\"lazy\" decoding=\"async\" class=\"alignnone size-full wp-image-983\" src=\"https:\/\/sites.unica.it\/plsunica\/files\/2024\/01\/La_forza_nascosta.jpg\" alt=\"\" width=\"318\" height=\"239\" srcset=\"https:\/\/sites.unica.it\/plsunica\/files\/2024\/01\/La_forza_nascosta.jpg 318w, https:\/\/sites.unica.it\/plsunica\/files\/2024\/01\/La_forza_nascosta-300x225.jpg 300w\" sizes=\"auto, (max-width: 318px) 100vw, 318px\" \/>Foto CERN<\/p>\n<p>&#8220;Conosceremo quattro donne iconiche che hanno amato la Scienza, quattro come le forze della Natura: la forza di Gravit\u00e0, Elettromagnetica, Debole e Forte. Ma c&#8217;\u00e8 un&#8217;altra forza nascosta che ogni spettatore percepir\u00e0, ed \u00e8 la forza delle donne, che genera una spinta verso la Scienza come luogo di rispetto, progresso e civile convivenza.&#8221;<\/p>\n<p><strong><span style=\"font-size: 12pt\">Organizzazione<\/span><\/strong><\/p>\n<p><span class=\"\">Lo spettacolo, rivolto alle classi quarta e quinta degli istituti superiori, si svolger\u00e0 all&#8217;<strong>Auditorium del Conservatorio di Musica di Cagliari il 7 febbraio 2024<\/strong>, con inizio alle ore 10:00, e sar\u00e0 seguito da un dibattito sulle questioni di genere e scienza. <\/span><span class=\"\">Vi chiediamo di prevedere l&#8217;arrivo delle classi <strong>per le ore 9:00<\/strong>, in modo da potervi sistemare nei posti assegnati. <\/span><\/p>\n<p>Possono partecipare al massimo 30 studentesse e studenti per scuola. <span class=\"\">L&#8217;iscrizione a cura del\/della docente referente si pu\u00f2 effettuare tramite <a href=\"https:\/\/eu-central-1.protection.sophos.com?d=infn.it&amp;u=aHR0cHM6Ly9sLmluZm4uaXQvMTIz&amp;i=NjUwODFhYjdhZGJjMGUzNGNhODBjMmZh&amp;t=K0Vac2Y1T1pwYWFEcjJ4TVZUL1M5QTFZWUd6S2xZNEdEc2xCRU9SRXk5Zz0=&amp;h=ac3b431b2298405f8be124228e8473c6&amp;s=AVNPUEhUT0NFTkNSWVBUSVZgrg4ktN1vE-34aHSL6JHJqGktokvgutbnV1CT617cNg\" target=\"_blank\" rel=\"noopener\">questo link<\/a>. <\/span><span class=\"\">Dopo l&#8217;iscrizione riceverete, alla mail indicata nel form, la conferma della partecipazione. Per qualunque richiesta di informazione, potete mandare una e-mail a: <\/span><a class=\"\" href=\"mailto:divulgazione@dsf.unica.it\">divulgazione@dsf.unica.it<\/a><\/p>\n<p><span class=\"\"> L&#8217;evento \u00e8 patrocinato dall\u2019Universit\u00e0 degli Studi di Cagliari e ha ricevuto supporto dalla Sezione INFN di Cagliari, dal Dipartimento di Fisica, dal Piano Nazionale Lauree Scientifiche e dal Comitato Unico di Garanzia dell\u2019Universit\u00e0 degli Studi di Cagliari.<\/span><\/p>\n","protected":false},"excerpt":{"rendered":"<p>Quest&#8217; anno abbiamo un&#8217; importante novit\u00e0: In occasione della Giornata Internazionale delle donne e ragazze nella scienza, nell\u2019ambito delle iniziative del Piano Lauree Scientifiche dell\u2019Universit\u00e0 di Cagliari, si terr\u00e0 il 7 febbraio lo spettacolo e dibattito \u201cLa forza nascosta \u2013 &hellip; <a href=\"https:\/\/sites.unica.it\/plsunica\/la-forza-nascosta\/\">Continua a leggere<span class=\"meta-nav\">&rarr;<\/span><\/a><\/p>\n","protected":false},"author":335,"featured_media":0,"parent":0,"menu_order":0,"comment_status":"closed","ping_status":"closed","template":"","meta":{"footnotes":""},"class_list":["post-977","page","type-page","status-publish","hentry"],"_links":{"self":[{"href":"https:\/\/sites.unica.it\/plsunica\/wp-json\/wp\/v2\/pages\/977","targetHints":{"allow":["GET"]}}],"collection":[{"href":"https:\/\/sites.unica.it\/plsunica\/wp-json\/wp\/v2\/pages"}],"about":[{"href":"https:\/\/sites.unica.it\/plsunica\/wp-json\/wp\/v2\/types\/page"}],"author":[{"embeddable":true,"href":"https:\/\/sites.unica.it\/plsunica\/wp-json\/wp\/v2\/users\/335"}],"replies":[{"embeddable":true,"href":"https:\/\/sites.unica.it\/plsunica\/wp-json\/wp\/v2\/comments?post=977"}],"version-history":[{"count":17,"href":"https:\/\/sites.unica.it\/plsunica\/wp-json\/wp\/v2\/pages\/977\/revisions"}],"predecessor-version":[{"id":1087,"href":"https:\/\/sites.unica.it\/plsunica\/wp-json\/wp\/v2\/pages\/977\/revisions\/1087"}],"wp:attachment":[{"href":"https:\/\/sites.unica.it\/plsunica\/wp-json\/wp\/v2\/media?parent=977"}],"curies":[{"name":"wp","href":"https:\/\/api.w.org\/{rel}","templated":true}]}}