{"id":94,"date":"2020-01-16T17:15:28","date_gmt":"2020-01-16T16:15:28","guid":{"rendered":"http:\/\/sites.unica.it\/plsunica\/?page_id=94"},"modified":"2026-01-15T17:25:48","modified_gmt":"2026-01-15T16:25:48","slug":"pls-informatica","status":"publish","type":"page","link":"https:\/\/sites.unica.it\/plsunica\/attivita-pls\/pls-informatica\/","title":{"rendered":"PNLS Informatica"},"content":{"rendered":"<p>Referente del PNLS Informatica:\u00a0 Prof. <a href=\"https:\/\/web.unica.it\/unica\/page\/it\/mariacri_carrisi\" target=\"_blank\" rel=\"noopener\">Maria Cristina Carrisi<\/a><\/p>\n<p>Pagina web del <a href=\"https:\/\/sites.unica.it\/pls-informatica\/\">Piano Lauree Scientifiche di Informatica<\/a><\/p>\n<p><a href=\"https:\/\/sites.unica.it\/pls-informatica\/\">Masterclass<\/a> Women and Girls in Science<\/p>\n<p>\u00a0<\/p>\n<p><strong>Archivio<\/strong><\/p>\n<p><strong>24 settembre 2021: la notte dei ricercatori<\/strong><\/p>\n<p><strong><img loading=\"lazy\" decoding=\"async\" class=\"alignnone wp-image-532\" src=\"https:\/\/sites.unica.it\/plsunica\/files\/2021\/09\/cover_eventoFB_Cagliari.jpeg\" alt=\"\" width=\"294\" height=\"170\" \/><\/strong><\/p>\n<p>Un\u2019 attivit\u00e0 trasversale di tutti i corsi di laurea che partecipano al Piano Nazionale Lauree Scientifiche UniCa prevede \u201c<a href=\"https:\/\/sites.unica.it\/plsunica\/la-scienza-dell-acqua\/\"><strong>La scienza dell\u2019 acqua<\/strong><\/a>\u201d con esperimenti di laboratorio interdisciplinari per esplorare e sperimentare propriet\u00e0, gestione e qualit\u00e0 della risorsa pi\u00f9 preziosa del nostro Pianeta: l\u2019acqua.<\/p>\n<p>Il PLS Informatica presenta l\u2019uso di un robot per misurare l\u2019umidit\u00e0 del terreno e attivare l&#8217;irrigazione in automatico.<\/p>\n<p>Con la partecipazione di Daniele Riboni e Maria Cristina Carrisi (Informatica)<\/p>\n<p><a href=\"http:\/\/sites.unica.it\/plsunica\/files\/2021\/01\/Locandina_INFORMATICA_new.pdf\"><strong>Locandina<\/strong><\/a> Women and Girls in Science 11 febbraio 2021<\/p>\n\n","protected":false},"excerpt":{"rendered":"<p>Referente del PNLS Informatica:\u00a0 Prof. Maria Cristina Carrisi Pagina web del Piano Lauree Scientifiche di Informatica Masterclass Women and Girls in Science \u00a0 Archivio 24 settembre 2021: la notte dei ricercatori Un\u2019 attivit\u00e0 trasversale di tutti i corsi di laurea &hellip; <a href=\"https:\/\/sites.unica.it\/plsunica\/attivita-pls\/pls-informatica\/\">Continua a leggere<span class=\"meta-nav\">&rarr;<\/span><\/a><\/p>\n","protected":false},"author":335,"featured_media":0,"parent":199,"menu_order":0,"comment_status":"closed","ping_status":"closed","template":"","meta":{"footnotes":""},"class_list":["post-94","page","type-page","status-publish","hentry"],"_links":{"self":[{"href":"https:\/\/sites.unica.it\/plsunica\/wp-json\/wp\/v2\/pages\/94","targetHints":{"allow":["GET"]}}],"collection":[{"href":"https:\/\/sites.unica.it\/plsunica\/wp-json\/wp\/v2\/pages"}],"about":[{"href":"https:\/\/sites.unica.it\/plsunica\/wp-json\/wp\/v2\/types\/page"}],"author":[{"embeddable":true,"href":"https:\/\/sites.unica.it\/plsunica\/wp-json\/wp\/v2\/users\/335"}],"replies":[{"embeddable":true,"href":"https:\/\/sites.unica.it\/plsunica\/wp-json\/wp\/v2\/comments?post=94"}],"version-history":[{"count":14,"href":"https:\/\/sites.unica.it\/plsunica\/wp-json\/wp\/v2\/pages\/94\/revisions"}],"predecessor-version":[{"id":1537,"href":"https:\/\/sites.unica.it\/plsunica\/wp-json\/wp\/v2\/pages\/94\/revisions\/1537"}],"up":[{"embeddable":true,"href":"https:\/\/sites.unica.it\/plsunica\/wp-json\/wp\/v2\/pages\/199"}],"wp:attachment":[{"href":"https:\/\/sites.unica.it\/plsunica\/wp-json\/wp\/v2\/media?parent=94"}],"curies":[{"name":"wp","href":"https:\/\/api.w.org\/{rel}","templated":true}]}}