{"id":865,"date":"2023-01-31T16:15:36","date_gmt":"2023-01-31T15:15:36","guid":{"rendered":"https:\/\/sites.unica.it\/plsunica\/?page_id=865"},"modified":"2023-01-31T16:18:44","modified_gmt":"2023-01-31T15:18:44","slug":"archivio-chimica-2022","status":"publish","type":"page","link":"https:\/\/sites.unica.it\/plsunica\/archivio-chimica-2022\/","title":{"rendered":"Archivio Chimica 2022"},"content":{"rendered":"<p><span style=\"font-size: 14pt\"><strong>Archivio:\u00a0 Women and Girls in Science 2022\u00a0 <\/strong><\/span><strong><br \/>\n<\/strong><\/p>\n<p>I studenti iscritti verranno suddivisi in gruppi. In ognun gruppo lavorano 5 studenti (ragazze, massimo due ragazzi) con un team di ricercatrici e ricercatori. L\u2019impegno previsto per le studentesse e gli studenti dell\u2019ultimo triennio \u00e8 di massimo 8-10 ore di attivit\u00e0 con i ricercatori, pi\u00f9 l\u2019attivit\u00e0 individuale. Le modalit\u00e0 dello svolgimento dei lavori di ciascun gruppo sono descritti nelle schede del progetto della tematica (vedi sotto).<\/p>\n<p>I ricercatori e ricercatrici del dipartimento di chimica propongono queste <strong>Tematiche<\/strong>:<\/p>\n<ol>\n<li>Nuovi materiali molecolari utilizzati in medicina \u2013\u00a0 <em>Maria Laura Mercuri, Noemi Monni, Mariangela Oggianu \u2013 <strong><a href=\"https:\/\/sites.unica.it\/plsunica\/files\/2022\/01\/1_Medicina_Mercuri.pdf\" target=\"_blank\" rel=\"noopener\">Scheda 1<\/a><\/strong><\/em><\/li>\n<li>Nuovi materiali molecolari per la sostenibilit\u00e0 ambientale \u2013 <em>Maria Laura Mercuri, Noemi Monni \u2013 <a href=\"https:\/\/sites.unica.it\/plsunica\/files\/2022\/01\/2_Ambientale_Mercuri.pdf\" target=\"_blank\" rel=\"noopener\"><strong>Scheda 2<\/strong><\/a><\/em><\/li>\n<li>CHIMICA vs NATURA nel mondo della cosmesi: esiste una differenza?<em> \u2013 Marzia Fantauzzi \u2013 <strong><a href=\"https:\/\/sites.unica.it\/plsunica\/files\/2022\/01\/3_Cosmetici_Marzia_Fantauzzi.pdf\" target=\"_blank\" rel=\"noopener\">Scheda 3<\/a><\/strong><\/em><\/li>\n<li>La nascita di una molecola ad azione antitumorale<em> \u2013 Tiziana Pivetta \u2013 <strong><a href=\"https:\/\/sites.unica.it\/plsunica\/files\/2022\/01\/4_Molecola_Tiziana-Pivetta.pdf\" target=\"_blank\" rel=\"noopener\">Scheda 4<\/a><\/strong><\/em><\/li>\n<li>Spezie ed erbe aromatiche <em>\u00a0\u2013 Silvia Porcedda \u2013 <strong><a href=\"https:\/\/sites.unica.it\/plsunica\/files\/2022\/01\/5_Erbe_Silvia_Porcedda.pdf\" target=\"_blank\" rel=\"noopener\">Scheda 5<\/a><\/strong><\/em><\/li>\n<li>Polimeri naturali e bioplastiche<em> \u2013 Annalisa Chiappone \u2013 <strong><a href=\"https:\/\/sites.unica.it\/plsunica\/files\/2022\/01\/6_Bioplastiche_Annalisa_Chiappone.pdf\" target=\"_blank\" rel=\"noopener\">Scheda 6<\/a><\/strong><\/em><\/li>\n<li>Chimica e beni culturali: nuovi materiali per il restauro<em> \u2013 Anna Pintus \u2013 <strong><a href=\"https:\/\/sites.unica.it\/plsunica\/files\/2022\/01\/7_Beni-Culturali_Anna_Pintus.pdf\" target=\"_blank\" rel=\"noopener\">Scheda 7<\/a><\/strong><\/em><\/li>\n<li>Che effetto hanno le piante sulla qualit\u00e0 dell\u2019aria che respiriamo? \u2013 <em>Antonella Rossi e Davide Atzei \u2013 <strong><a href=\"https:\/\/sites.unica.it\/plsunica\/files\/2022\/01\/8_Qualita\u0300-dellaria_Rossi_Atzei.pdf\" target=\"_blank\" rel=\"noopener\">Scheda 8<\/a><\/strong><\/em><\/li>\n<li>Nanomateriali per la rimozione di inquinanti dalle acque<em> \u2013 Cristina Carucci e Monica Mura \u2013 <strong><a href=\"https:\/\/sites.unica.it\/plsunica\/files\/2022\/01\/9_Inquinanti_Carucci_Mura.pdf\" target=\"_blank\" rel=\"noopener\">Scheda 9<\/a> <\/strong><\/em><\/li>\n<li>Bronzetti nuragici \u2013 vere o false ?<em> \u2013 Deborah Biggio, Giulio Casula e G. Emanuele Porcedda \u2013 <strong><a href=\"https:\/\/sites.unica.it\/plsunica\/files\/2022\/01\/10_Bronzetti-veri-o-falsi.pdf\" target=\"_blank\" rel=\"noopener\">Scheda 10<\/a><\/strong><br \/>\n<\/em><\/li>\n<li>L\u2019affascinante mondo delle sostanze organiche <em>\u2013 Enzo Cadoni \u2013 <strong><a href=\"https:\/\/sites.unica.it\/plsunica\/files\/2022\/01\/11_Molecole-organiche_Enzo-Cadoni.pdf\" target=\"_blank\" rel=\"noopener\">Scheda 11<\/a><\/strong><\/em><\/li>\n<li>Presto! Dal scuro al bianco con la magia di fotochimica \u2013 <em>Viktoriia Velichko e Francesco Secci<\/em> \u2013 <em><strong><a href=\"https:\/\/sites.unica.it\/plsunica\/files\/2022\/02\/12_Bianco_Nero_Velichko.pdf\">Scheda 12<\/a><\/strong><\/em><\/li>\n<\/ol>\n<hr \/>\n<p><strong>Programma dell\u2019 11 febbraio 2022<\/strong><\/p>\n<p>Ogni gruppo avr\u00e0 a disposizione 10 minuti circa per presentare il proprio elaborato durante la giornata \u201cWomen and Girls in Science\u201d dell\u201911 Febbraio. L\u2019evento verr\u00e0 trasmesso in diretta streaming su Youtube.<\/p>\n<p><strong>Programma della giornata<\/strong> dell\u2019 11 febbraio 2022<\/p>\n<table>\n<tbody>\n<tr>\n<td>09.00<\/td>\n<td>Saluti di benvenuto del Magnifico Rettore <em>Prof. Francesco Mola<\/em> e introduzione alla giornata<\/td>\n<\/tr>\n<tr>\n<td>09.15<\/td>\n<td>Intervento della Prorettrice dell\u2019Orientamento e Alumni <em>Prof.ssa Valentina Onnis<\/em><\/td>\n<\/tr>\n<tr>\n<td>09.25<\/td>\n<td>Intervento della <em>Prof.ssa Maria Perla Colombini<\/em> (Universit\u00e0 di Pisa e Direttore dell\u2019Istituto di Conservazione e Valorizzazione dei Beni Culturali del CNR) Interdisciplinariet\u00e0 nei beni culturali: il ruolo della chimica<\/td>\n<\/tr>\n<tr>\n<td>10.15<\/td>\n<td>Pausa<\/td>\n<\/tr>\n<tr>\n<td>10.30<\/td>\n<td>Programma masterclass parte I\u00a0 (Tematiche 1 \u2013 6)<\/td>\n<\/tr>\n<tr>\n<td>11.45<\/td>\n<td>Pausa<strong><br \/>\n<\/strong><\/td>\n<\/tr>\n<tr>\n<td>12.00<\/td>\n<td>Programma masterclass parte II\u00a0 (Tematiche 7 \u2013 12)<\/td>\n<\/tr>\n<tr>\n<td>13.30<\/td>\n<td>Pausa Pranzo<\/td>\n<\/tr>\n<tr>\n<td>15.30<\/td>\n<td>Saluti della delegata del Rettore per l\u2019Uguaglianza di genere <em>Prof.ssa Ester Cois<\/em><\/td>\n<\/tr>\n<tr>\n<td>16.00<\/td>\n<td>Intervento conclusivo della <em>Prof.ssa Tiziana Pivetta<\/em>, coordinatrice del Corso di Studi in Chimica e Premiazione del gruppo piu\u2019 votato dagli studenti; Discussione e consegna virtuale degli attestati di partecipazione<\/td>\n<\/tr>\n<\/tbody>\n<\/table>\n<p>&nbsp;<\/p>\n<p><strong>Per ulteriori informazioni <\/strong>sulla masterclass \u201cWomen and Girls in Science\u201d di Chimica si puo scrivere a rossi@unica.it<\/p>\n","protected":false},"excerpt":{"rendered":"<p>Archivio:\u00a0 Women and Girls in Science 2022\u00a0 I studenti iscritti verranno suddivisi in gruppi. In ognun gruppo lavorano 5 studenti (ragazze, massimo due ragazzi) con un team di ricercatrici e ricercatori. L\u2019impegno previsto per le studentesse e gli studenti dell\u2019ultimo &hellip; <a href=\"https:\/\/sites.unica.it\/plsunica\/archivio-chimica-2022\/\">Continua a leggere<span class=\"meta-nav\">&rarr;<\/span><\/a><\/p>\n","protected":false},"author":335,"featured_media":0,"parent":0,"menu_order":0,"comment_status":"closed","ping_status":"closed","template":"","meta":{"footnotes":""},"class_list":["post-865","page","type-page","status-publish","hentry"],"_links":{"self":[{"href":"https:\/\/sites.unica.it\/plsunica\/wp-json\/wp\/v2\/pages\/865","targetHints":{"allow":["GET"]}}],"collection":[{"href":"https:\/\/sites.unica.it\/plsunica\/wp-json\/wp\/v2\/pages"}],"about":[{"href":"https:\/\/sites.unica.it\/plsunica\/wp-json\/wp\/v2\/types\/page"}],"author":[{"embeddable":true,"href":"https:\/\/sites.unica.it\/plsunica\/wp-json\/wp\/v2\/users\/335"}],"replies":[{"embeddable":true,"href":"https:\/\/sites.unica.it\/plsunica\/wp-json\/wp\/v2\/comments?post=865"}],"version-history":[{"count":2,"href":"https:\/\/sites.unica.it\/plsunica\/wp-json\/wp\/v2\/pages\/865\/revisions"}],"predecessor-version":[{"id":868,"href":"https:\/\/sites.unica.it\/plsunica\/wp-json\/wp\/v2\/pages\/865\/revisions\/868"}],"wp:attachment":[{"href":"https:\/\/sites.unica.it\/plsunica\/wp-json\/wp\/v2\/media?parent=865"}],"curies":[{"name":"wp","href":"https:\/\/api.w.org\/{rel}","templated":true}]}}