{"id":513,"date":"2021-09-20T14:31:10","date_gmt":"2021-09-20T12:31:10","guid":{"rendered":"https:\/\/sites.unica.it\/plsunica\/?page_id=513"},"modified":"2021-09-24T18:48:58","modified_gmt":"2021-09-24T16:48:58","slug":"la-scienza-dell-acqua","status":"publish","type":"page","link":"https:\/\/sites.unica.it\/plsunica\/la-scienza-dell-acqua\/","title":{"rendered":"La scienza dell&#8217; acqua"},"content":{"rendered":"<p>Un&#8217; attivit\u00e0 trasversale di tutti i corsi di laurea che partecipano al Piano Nazionale Lauree Scientifiche UniCa (Corsi di Laurea in Biologia e Biotecnologie, Chimica, Fisica, Geologia, Matematica, Informatica, Scienze Ambientali e Naturali) prevede <strong>esperimenti di laboratorio interdisciplinari<\/strong>\u00a0per esplorare e sperimentare propriet\u00e0, gestione e qualit\u00e0 della risorsa pi\u00f9 preziosa del nostro Pianeta: l\u2019acqua.<\/p>\n<p><img loading=\"lazy\" decoding=\"async\" class=\"alignnone wp-image-603\" src=\"https:\/\/sites.unica.it\/plsunica\/files\/2021\/09\/Interesse-per-la-scienza-dell-acqua.jpg\" alt=\"\" width=\"260\" height=\"149\" \/> <img loading=\"lazy\" decoding=\"async\" class=\"alignnone wp-image-604\" src=\"https:\/\/sites.unica.it\/plsunica\/files\/2021\/09\/Le-prove.jpg\" alt=\"\" width=\"250\" height=\"149\" \/> <em>Come si analizza la qualit\u00e0 dell&#8217; acqua ? E&#8217; veramente potabile ? Queste e altre domande vengono poste ai scienziati chimici e biologi nella sezione &#8220;la scienza dell&#8217; acqua&#8221;.<\/em><\/p>\n<p>Gli esperimenti nella sezione &#8220;la scienza dell&#8217; acqua&#8221; fanno parte di ciascun percorso che include due &#8220;incontri con la ricerca&#8221; e trenta minuti finali all&#8217;area della vasca delle Ninfee. La <a href=\"https:\/\/sites.unica.it\/plsunica\/programma-del-24-settembre-2021\/\"><strong>prenotazione<\/strong><\/a> viene effettuata con la scelta del percorso.<\/p>\n<p><strong>Gli esperimenti<\/strong> Intorno alla vasca delle Ninfee dell\u2019Orto Botanico verteranno su :<\/p>\n<ul style=\"list-style-type: disc\">\n<li>Indici microbiologici e chimici dell\u2019inquinamento delle acque e metodi innovativi per la rimozione degli inquinanti dalle acque (PLS-BIO e PLS-CHIM);<\/li>\n<li>Misurazione del Radon nelle acque e Energia dall\u2019Acqua (PLS-FIS);<\/li>\n<li>Origine degli elementi radioattivi e del Radon, le modalit\u00e0 di dispersione nelle acque naturali (PLS-GEO);<\/li>\n<li>Le modalit\u00e0 di indagine attraverso i foraminiferi bentonici, indicatori di stress ambientali del passato e attuali (PLS-GEO);<\/li>\n<li>Le forme di vita animale e vegetale del passato e del presente nelle acque (Paleontologia, botanica e zoologia) (PLS-SAN);<\/li>\n<li>L\u2019uso di un robot per misurare l\u2019umidit\u00e0 del terreno e attivare l&#8217;irrigazione in automatico (PLS-INF);<\/li>\n<li>Acqua e minimalit\u00e0 (PLS- MAT) \u2013 con Matematica in action.<\/li>\n<\/ul>\n<p>Con la partecipazione di: Sofia Cosentino e Paolo Follesa (Biologia e Biotecnologie); Antonella Rossi, Giulio Casula, G. Emanuele Porcedda (Chimica); Carlo Maria Carbonaro e Viviana Fanti (Fisica); Stefania Da Pelo, Maria Teresa Melis, Carla Buosi, Alfredo Loi, Antonio Funedda e Gian Luigi Pillola (Geologia); Daniele Riboni e Maria Cristina Carrisi (Informatica); Paola Piu, Maria Infusino, Maria Polo e Claudia Anedda (Matematica); Susanna Salvadori e Valeria M. Nurchi (Scienze Ambientali e Naturali).<\/p>\n<p>I dottorandi del Dipartimento di Scienze Chimiche e Geologiche sono pronti con la maglietta &#8220;SHARPER&#8221; e aspettano i visitatori &#8230;.<\/p>\n<p><img loading=\"lazy\" decoding=\"async\" class=\"alignnone wp-image-596\" src=\"https:\/\/sites.unica.it\/plsunica\/files\/2021\/09\/Siamo-pronti.jpg\" alt=\"\" width=\"258\" height=\"252\" \/>.\u00a0 \u00a0 <img loading=\"lazy\" decoding=\"async\" class=\"alignnone wp-image-598\" src=\"https:\/\/sites.unica.it\/plsunica\/files\/2021\/09\/logo-sharper-DATA-2021-xs.png\" alt=\"\" width=\"266\" height=\"99\" \/><\/p>\n","protected":false},"excerpt":{"rendered":"<p>Un&#8217; attivit\u00e0 trasversale di tutti i corsi di laurea che partecipano al Piano Nazionale Lauree Scientifiche UniCa (Corsi di Laurea in Biologia e Biotecnologie, Chimica, Fisica, Geologia, Matematica, Informatica, Scienze Ambientali e Naturali) prevede esperimenti di laboratorio interdisciplinari\u00a0per esplorare e &hellip; <a href=\"https:\/\/sites.unica.it\/plsunica\/la-scienza-dell-acqua\/\">Continua a leggere<span class=\"meta-nav\">&rarr;<\/span><\/a><\/p>\n","protected":false},"author":335,"featured_media":0,"parent":0,"menu_order":0,"comment_status":"closed","ping_status":"closed","template":"","meta":{"footnotes":""},"class_list":["post-513","page","type-page","status-publish","hentry"],"_links":{"self":[{"href":"https:\/\/sites.unica.it\/plsunica\/wp-json\/wp\/v2\/pages\/513","targetHints":{"allow":["GET"]}}],"collection":[{"href":"https:\/\/sites.unica.it\/plsunica\/wp-json\/wp\/v2\/pages"}],"about":[{"href":"https:\/\/sites.unica.it\/plsunica\/wp-json\/wp\/v2\/types\/page"}],"author":[{"embeddable":true,"href":"https:\/\/sites.unica.it\/plsunica\/wp-json\/wp\/v2\/users\/335"}],"replies":[{"embeddable":true,"href":"https:\/\/sites.unica.it\/plsunica\/wp-json\/wp\/v2\/comments?post=513"}],"version-history":[{"count":13,"href":"https:\/\/sites.unica.it\/plsunica\/wp-json\/wp\/v2\/pages\/513\/revisions"}],"predecessor-version":[{"id":609,"href":"https:\/\/sites.unica.it\/plsunica\/wp-json\/wp\/v2\/pages\/513\/revisions\/609"}],"wp:attachment":[{"href":"https:\/\/sites.unica.it\/plsunica\/wp-json\/wp\/v2\/media?parent=513"}],"curies":[{"name":"wp","href":"https:\/\/api.w.org\/{rel}","templated":true}]}}