{"id":506,"date":"2021-09-20T13:51:13","date_gmt":"2021-09-20T11:51:13","guid":{"rendered":"https:\/\/sites.unica.it\/plsunica\/?page_id=506"},"modified":"2024-11-03T14:13:19","modified_gmt":"2024-11-03T13:13:19","slug":"programma-del-24-settembre-2021","status":"publish","type":"page","link":"https:\/\/sites.unica.it\/plsunica\/programma-del-24-settembre-2021\/","title":{"rendered":"Notte dei ricercatori 2021"},"content":{"rendered":"<p><strong><a href=\"https:\/\/sites.unica.it\/plsunica\/files\/2021\/09\/Programma-NDR-2021_17.09-diffusione-scuole.pdf\">Il programma del 24 settembre<\/a><\/strong> si svolger\u00e0 presso tre ampie aree attrezzate <a href=\"https:\/\/sites.unica.it\/plsunica\/luogo-orto-botanico\/\">dell\u2019Orto Botanico<\/a> dedicate agli incontri con i ricercatori e un\u2019area dimostrativa dedicata a giochi ed esperimenti (come ad esempio &#8220;<a href=\"https:\/\/sites.unica.it\/plsunica\/la-scienza-dell-acqua\/\">la scienza dell&#8217; acqua<\/a>&#8220;) intorno alla Vasca delle Ninfee nell&#8217; orto botanico.<\/p>\n<p>Dovuto alla necessit\u00e0 di tracciare e contingentare le presenze l&#8217;organizzazione di quest&#8217; anno \u00e8 pi\u00f9 complesso. Il pubblico potr\u00e0 accedere previa <strong>prenotazione di un percorso<\/strong> ed esibizione del Green pass all\u2019ingresso. I percorsi comprendono due eventi della durata di circa 20 minuti ciascuno e la visita di 30 minuti alla zona della Vasca delle Ninfee (con giochi, esperimenti e dimostrazioni scientifiche). La\u00a0 durata complessiva \u00e8 di 1,30 ore, alla fine della quale sar\u00e0 necessario uscire dall\u2019Orto botanico per esigenze legate alla capienza massima dello spazio.<\/p>\n<p><strong><span style=\"font-size: 14pt\">Come scegliere le tematiche del PLS &#8220;La Scienza dell&#8217; acqua&#8221;<\/span><\/strong><\/p>\n<p>Nel programma globale della notte dei ricercatori vengono proposti 13 percorsi di durata di un&#8217; ora e 30 minuti che iniziano alle ore 16 e continuano fino alle ore 21.30. Ogni percorso si conclude con 30 minuti nella zona della Vasca delle Ninfee dove si svolgono &#8220;La scienza dell&#8217; acqua&#8221; e altri giochi, esperimenti e dimostrazioni. <strong>Per prenotarsi clicca sull&#8217; ora di inizio<\/strong>.<\/p>\n<p>Chi fosse interessato a partecipare agli esperimenti &#8220;<span style=\"color: #ff0000\">Indici microbiologici e chimici dell&#8217;<\/span> i<span style=\"color: #ff0000\">nquinamento delle acque e metodi innovativi per la rimozione degli inquinanti (PLS-BIO e PLS-CHIM)<\/span>&#8221; si prenoti per uno dei percorsi seguenti:<\/p>\n<ul style=\"list-style-type: disc\">\n<li><a href=\"https:\/\/www.eventbrite.it\/e\/biglietti-val-la-pena-studiare-corpi-e-gesti-nella-sardegna-di-eta-romana-170273613963\">ore 16.00<\/a>: Val la pena studiare &amp; Corpi e Gesti nella Sardegna di Et\u00e0 Romana<\/li>\n<li><a href=\"https:\/\/www.eventbrite.it\/e\/biglietti-arte-terapia-guess-your-health-indovina-la-tua-salute-170269868761\">ore 16.00<\/a>: Arte terapia &amp; Guess your health! Indovina la tua salute<\/li>\n<li><a href=\"https:\/\/www.eventbrite.it\/e\/biglietti-dalla-pelle-al-cuore-170146961141\">ore 16.30<\/a>: Dalla pelle al cuore<\/li>\n<li><a href=\"https:\/\/www.eventbrite.it\/e\/biglietti-scarti-e-risorse-ambiente-e-cultura-in-un-futuro-sostenibile-170275254871\">ore 17.30<\/a>: Scarti e risorse &amp; Ambiente e cultura in un futuro sostenibile<\/li>\n<li><a href=\"https:\/\/www.eventbrite.it\/e\/biglietti-sotto-una-pioggia-di-raggi-cosmici-cyber-challenge-attacco-informatico-170281968953\">ore 17.30<\/a>: Sotto una pioggia di raggi cosmici &amp; CYBER-CHALLENGE: attacco informatico<\/li>\n<\/ul>\n<p>Chi fosse interessato a partecipare agli esperimenti &#8220;<span style=\"color: #ff0000\">Misurazione del Radon nelle acque e origine degli elementi radioattivi e del Radon (PLS-FIS)<\/span>&#8221; o &#8220;<span style=\"color: #ff0000\">indagini di indicatori di stress ambientale del passato e attuali (PLS-GEO)<\/span>&#8221; si prenoti per uno dei percorsi seguenti:<\/p>\n<ul style=\"list-style-type: disc\">\n<li><a href=\"https:\/\/www.eventbrite.it\/e\/biglietti-chi-vuol-esser-matematico-alla-ricerca-di-vita-oltre-la-terra-170280967959\">ore 18.00<\/a>: Chi vuol esser matematico? &amp; Alla ricerca di vita oltre la terra<\/li>\n<li><a href=\"https:\/\/www.eventbrite.it\/e\/biglietti-la-scena-del-crimine-le-investigazioni-biologiche-e-le-attivita-del-ris-170437196242\">ore 19.00<\/a>: La scena del crimine, le investigazioni biologiche della Polizia Scientifica e le attivit\u00e0 del RIS<\/li>\n<li><a href=\"https:\/\/www.eventbrite.it\/e\/biglietti-de-scientia-nuncius-social-inclusion-lab-171041629117\">ore 19.00<\/a>: De scientia nuncius &amp; Social inclusion lab<\/li>\n<li><a href=\"https:\/\/www.eventbrite.it\/e\/biglietti-roboticaia-scienza-e-fake-news-170151637127\">ore 19.30<\/a>: Robotica &amp; IA, Scienza e fake news<\/li>\n<\/ul>\n<p>Chi fosse interessato a partecipare agli esperimenti &#8220;<span style=\"color: #ff0000\">Le forme di vita animale e vegetale del passato e del presente nelle acque (PLS-SAN)<\/span>&#8221; o &#8220;<span style=\"color: #ff0000\">uso di un robot per misurare l&#8217;umidita del terreno e attivare l&#8217;irrigazione automatica (PLS-INF)<\/span>&#8221; si prenoti per uno dei percorsi seguenti:<\/p>\n<ul style=\"list-style-type: disc\">\n<li><a href=\"https:\/\/www.eventbrite.it\/e\/biglietti-a-caccia-di-bulli-con-lia-170278177613\">ore 20.30<\/a>: A caccia dI bulli con l&#8217;intelligenza artificiale<\/li>\n<li><a href=\"https:\/\/www.eventbrite.it\/e\/biglietti-quanto-vale-un-qubit-osservare-il-sole-in-banda-radio-170282889707\">ore 20.30<\/a>: Quanto vale un qubit? &amp; Osservare il Sole in banda radio<\/li>\n<li><a href=\"https:\/\/www.eventbrite.it\/e\/biglietti-internet-degli-oggetti-alla-scoperta-del-mondo-dellantimateria-170279170583\">ore 21.00<\/a>: Internet degli Oggetti &amp; Alla scoperta del mondo dell\u2019antimateria<\/li>\n<li><a href=\"https:\/\/www.eventbrite.it\/e\/biglietti-dallarchivio-al-film-conosci-il-tuo-cervello-170276171613\">ore 21.30<\/a>: Dall\u2019archivio al film &amp; Conosci il tuo cervello?<\/li>\n<\/ul>\n","protected":false},"excerpt":{"rendered":"<p>Il programma del 24 settembre si svolger\u00e0 presso tre ampie aree attrezzate dell\u2019Orto Botanico dedicate agli incontri con i ricercatori e un\u2019area dimostrativa dedicata a giochi ed esperimenti (come ad esempio &#8220;la scienza dell&#8217; acqua&#8220;) intorno alla Vasca delle Ninfee &hellip; <a href=\"https:\/\/sites.unica.it\/plsunica\/programma-del-24-settembre-2021\/\">Continua a leggere<span class=\"meta-nav\">&rarr;<\/span><\/a><\/p>\n","protected":false},"author":335,"featured_media":0,"parent":0,"menu_order":0,"comment_status":"closed","ping_status":"closed","template":"","meta":{"footnotes":""},"class_list":["post-506","page","type-page","status-publish","hentry"],"_links":{"self":[{"href":"https:\/\/sites.unica.it\/plsunica\/wp-json\/wp\/v2\/pages\/506","targetHints":{"allow":["GET"]}}],"collection":[{"href":"https:\/\/sites.unica.it\/plsunica\/wp-json\/wp\/v2\/pages"}],"about":[{"href":"https:\/\/sites.unica.it\/plsunica\/wp-json\/wp\/v2\/types\/page"}],"author":[{"embeddable":true,"href":"https:\/\/sites.unica.it\/plsunica\/wp-json\/wp\/v2\/users\/335"}],"replies":[{"embeddable":true,"href":"https:\/\/sites.unica.it\/plsunica\/wp-json\/wp\/v2\/comments?post=506"}],"version-history":[{"count":12,"href":"https:\/\/sites.unica.it\/plsunica\/wp-json\/wp\/v2\/pages\/506\/revisions"}],"predecessor-version":[{"id":1203,"href":"https:\/\/sites.unica.it\/plsunica\/wp-json\/wp\/v2\/pages\/506\/revisions\/1203"}],"wp:attachment":[{"href":"https:\/\/sites.unica.it\/plsunica\/wp-json\/wp\/v2\/media?parent=506"}],"curies":[{"name":"wp","href":"https:\/\/api.w.org\/{rel}","templated":true}]}}