{"id":289,"date":"2021-01-19T09:10:10","date_gmt":"2021-01-19T08:10:10","guid":{"rendered":"http:\/\/sites.unica.it\/plsunica\/?page_id=289"},"modified":"2026-02-02T17:39:51","modified_gmt":"2026-02-02T16:39:51","slug":"masterclass-biologia","status":"publish","type":"page","link":"https:\/\/sites.unica.it\/plsunica\/master-class-women-and-girls-in-science-9-febbraio-2024\/masterclass-biologia\/","title":{"rendered":"Masterclass Biologia Biotecnologie 2026"},"content":{"rendered":"\n<p style=\"text-align: justify\">L\u2019Assemblea Generale delle Nazioni Unite ha istituito l\u201911 Febbraio come\u00a0<em>Giornata Internazionale per le donne e le ragazze nella scienza<\/em>\u00a0per promuovere l\u2019uguaglianza di genere e a far s\u00ec che donne e ragazze ottengano parit\u00e0 di accesso e partecipazione nella scienza.<\/p>\n<p style=\"text-align: justify\">In occasione della <a href=\"https:\/\/www.womeninscienceday.org\/\" target=\"_blank\" rel=\"noopener\"><em>Giornata Internazionale per le donne e le ragazze nella scienza<\/em><\/a>, i corsi di laurea in Biologia e in Biotecnologie dell\u2019Universit\u00e0 di Cagliari, coinvolti nei progetti PLS, propongono per il giorno <strong>11 Febbraio 2026<\/strong>\u00a0diverse Masterclass dedicate alle studentesse e agli studenti delle Scuole Secondarie di secondo grado.<\/p>\n<p style=\"text-align: justify\">Per ogni istituto scolastico, il\/la docente referente potr\u00e0 iscrivere 6 partecipanti frequentanti l\u2019ultimo triennio. Allo scopo di permettere ad ogni studentessa\/studente di lavorare individualmente in laboratorio, <strong>sar\u00e0 accettato un numero limitato di partecipazioni in ordine cronologico di iscrizione<\/strong>. Il\/la docente referente dovr\u00e0 compilare l\u2019apposito modulo di\u00a0<strong>iscrizione entro il 31 gennaio 2026<\/strong>.<\/p>\n<p style=\"text-align: justify\"><strong>MODULO DI ISCRIZIONE MASTERCLASS BIOLOGIA BIOTECNOLOGIE<\/strong><\/p>\n<p><a href=\"https:\/\/web.unica.it\/unica\/page\/it\/paolo_follesa_avs_masterclass_women_and_girls_in_science_11_febbraio_2022\"><strong>Programma Biologia e Biotecnologia DiSVA<\/strong><\/a>\u00a0<\/p>\n<p>PROGRAMMA_Short_WINGS_2026_Biologia_Biotecnologie-2<\/p>\n<p><!--nextpage--><\/p>\n\n\n\n<p><span style=\"font-size: 12pt\"><strong>Archivio 2025<\/strong><\/span><\/p>\n\n\n\n<p><\/p>\n\n\n\n<p><strong>Archivio 2024<\/strong><\/p>\n\n\n\n<hr class=\"wp-block-separator has-alpha-channel-opacity\" \/>\n\n\n\n<p><strong>Masterclass Biologia Biotecnologia 2024<\/strong><\/p>\n\n\n\n<p class=\"has-text-align-center\"><a href=\"https:\/\/sites.unica.it\/plsunica\/la-forza-nascosta\/\"><span style=\"color: #800000;font-weight: bold;font-size: 36pt\"><span style=\"font-size: 24pt\">7 febbraio: \u201cLa<\/span><\/span><\/a><\/p>\n\n\n\n<hr class=\"wp-block-separator has-alpha-channel-opacity\" \/>\n\n\n\n<p class=\"has-text-align-center\"><a href=\"https:\/\/sites.unica.it\/plsunica\/la-forza-nascosta\/\"><span style=\"color: #800000;font-weight: bold;font-size: 36pt\"><span style=\"font-size: 24pt\">forza nascosta\u201d Spettacolo teatrale<\/span>&nbsp;<\/span><\/a><\/p>\n\n\n\n<p class=\"has-text-align-left\">Quest\u2019 anno abbiamo un\u2019 importante novit\u00e0: In occasione della Giornata Internazionale delle donne e ragazze nella scienza, nell\u2019ambito delle iniziative del Piano Lauree Scientifiche dell\u2019Universit\u00e0 di Cagliari, si terr\u00e0 il 7 febbraio lo spettacolo e dibattito \u201cLa forza nascosta \u2013 <span class=\"\">Scienziate nella Fisica e nella Storia\u201d (<a href=\"https:\/\/laforzanascosta.to.infn.it\" target=\"_blank\" rel=\"noopener\">una produzione di INFN Torino, Dipartimento di Fisica Universit\u00e0 degli Studi di Torino<\/a>).<\/span><\/p>\n\n\n<div class=\"wp-block-image\">\n<figure class=\"alignleft\"><img loading=\"lazy\" decoding=\"async\" width=\"199\" height=\"220\" src=\"https:\/\/sites.unica.it\/plsunica\/files\/2022\/01\/Logo_2022.jpg\" alt=\"\" class=\"wp-image-683\" \/><\/figure><\/div>\n\n\n<p><\/p>\n\n\n\n<p class=\"has-text-align-center\"><span style=\"font-size: 24pt\"><strong style=\"color: #800000\">9 febbraio: Masterclass<\/strong><\/span><\/p>\n\n\n\n<div class=\"entry-content\">\n<p>La masterclass si svolger\u00e0 presso la cittadella Universitaria Monserrato secondo il programma e rientrer\u00e0 nelle attivit\u00e0 del Piano Lauree Scientifiche, utilizzabili anche come PCTO. La partecipazione sar\u00e0 limitata a 40 studentesse, che potranno essere selezionate dagli insegnanti sulla base dell\u2019interesse.<\/p>\n<\/div>\n\n\n\n<p><a href=\"https:\/\/web.unica.it\/unica\/page\/it\/paolo_follesa_avs_masterclass_women_and_girls_in_science_11_febbraio_2022\"><strong>Programma Biologia e Biotecnologia DiSVA<\/strong><\/a>&nbsp;&nbsp; 9 febbraio 2024<\/p>\n\n\n\n<p><a href=\"https:\/\/sites.unica.it\/plsunica\/files\/2024\/01\/Locandina_WINS_2024.pdf\">Locandina_WINS_2024<\/a><\/p>\n\n\n<div class=\"entry-content\">\n<p><strong>Per ulteriori informazioni <\/strong>sulla masterclass \u201cWomen and Girls in Science\u201d di Biologia e Biotecnologie si pu\u00f2 scrivere a follesa@unica.it<\/p>\n<\/div>\n\n\n<p><span style=\"font-size: 12pt\"><strong>Archivio 2023<\/strong><\/span><\/p>\n\n\n\n<p><a href=\"https:\/\/unica.it\/unica\/protected\/403676\/0\/def\/ref\/AVS208553\/\"><strong>Programma Biologia e Biotecnologie DiSVA<\/strong><\/a> per il giorno 10 febbraio 2023<\/p>\n\n\n\n<p>Attivit\u00e0 sperimentali nei Laboratori Didattici condivisi di Biologia<\/p>\n\n\n\n<p>10:00 Introduzione \u2013 Presentazione dei docenti<\/p>\n\n\n\n<p>Inizio delle attivit\u00e0 sperimentali in gruppi di max. 5 studentesse<\/p>\n\n\n\n<p>Il programma delle attivit\u00e0 del corso di studi in Biologia prevede una serie di attivit\u00e0 sperimentali in piccoli gruppi:<\/p>\n\n\n\n<ul class=\"wp-block-list\">\n<li>&#8220;Sushigate&#8221;: alla ricerca del tonno perduto<\/li>\n\n\n\n<li>La variabilit\u00e0 del DNA racconta chi siamo<\/li>\n\n\n\n<li>Alla scoperta dei probiotici<\/li>\n\n\n\n<li>Fisiologia del senso del gusto<\/li>\n\n\n\n<li>Anatomia del dolore<\/li>\n<\/ul>\n\n\n\n<p><em><strong>Prof.ssa Rita Cannas<\/strong> &#8211;&nbsp;Dipartimento di Scienze della Vita e dell\u2019Ambiente.&nbsp;<\/em><strong>\u2018Sushigate\u2019: alla ricerca del tonno perduto &#8211;&nbsp;<\/strong>Il mare \u00e8 fondamentale per la sopravvivenza dell\u2019uomo e dell\u2019intera biodiversit\u00e0 sul nostro pianeta. \u00c8 sempre pi\u00f9 urgente agire per conservare questo ambiente e le sue risorse, fortemente minacciate dalle attivit\u00e0 dell\u2019uomo. Nella Master Class verr\u00e0 mostrato come analisi bioinformatiche di pesci e\/o altri animali marini possano aiutare ad identificare e quindi proteggere specie minacciate d\u2019estinzione, ovvero come si traccino e smascherino frodi alimentari.<\/p>\n\n\n\n<p><em><strong>Prof.ssa Maria Carla Cal\u00f2<\/strong>&nbsp;\u2013 Dipartimento di Scienze della Vita e dell\u2019Ambiente.&nbsp;<\/em><strong>La variabilit\u00e0 nel DNA racconta chi siamo<\/strong>&nbsp;&#8211;&nbsp;Dall\u2019anno della sua scoperta il DNA si \u00e8 sempre pi\u00f9 imposto come protagonista nelle ricerche scientifiche, confidando che esso possa darci la cura di malattie, scoprire l\u2019identit\u00e0 di un assassino, giustificare un\u2019attitudine, e cos\u00ec via. Nella Master Class, verranno mostrate le tecniche di recupero ed estrazione del DNA e le analisi per determinare la presenza di un allele o determinare il sesso.<\/p>\n\n\n\n<p><em><strong>Prof.ssa Sofia Cosentino<\/strong>&nbsp;\u2013 Dipartimento di Scienze Mediche e Sanit\u00e0 Pubblica.&nbsp;<\/em><strong>Alla scoperta dei probiotici<\/strong>&nbsp;&#8211;&nbsp;I probiotici sono microrganismi (batteri e lieviti) che, se ingeriti in quantit\u00e0 sufficiente, esercitano un\u2019azione benefica nel trattamento di vari disturbi, tra cui la sindrome dell\u2019intestino irritabile e la diarrea, riequilibrano il microbiota intestinale, rinforzano il sistema immunitario. Tali microrganismi sono presenti in diversi alimenti fermentati e integratori alimentari. Nella Master Class verranno mostrate le tecniche di isolamento e caratterizzazione di probiotici presenti in latti fermentati.<\/p>\n\n\n\n<p><em><strong>Prof.ssa Melania Melis<\/strong>&nbsp;\u2013 Dipartimento di Scienze Biomediche.&nbsp;<\/em><strong>Fisiologia del senso del gusto<\/strong>&nbsp;&#8211;&nbsp;La fisiologia del senso del gusto dipende in larga misura dal nostro patrimonio genetico, e pu\u00f2 influenzare le scelte alimentari individuali. L&#8217;attrazione per i cibi che scegliamo perch\u00e9 percepiamo pi\u00f9 gustosi, o il disprezzo per quelli che evitiamo dipendono in larga misura dalla sensibilit\u00e0 gustativa individuale. Nella Master Class, verranno dimostrate delle tecniche psicofisiche utilizzate per la&nbsp;determinazione della sensibilit\u00e0 gustativa.<\/p>\n\n\n\n<p><em><strong>Prof.ssa Marina Quartu<\/strong>&nbsp;\u2013 Dipartimento di Scienze Biomediche.&nbsp;<\/em><strong>Anatomia del dolore<\/strong>&nbsp;&#8211;&nbsp;Il dolore rappresenta una spia che indica che nell\u2019organismo sta accadendo qualcosa di nocivo. Il dolore deriva da un male fisico la cui percezione cosciente dipende da neuroni specializzati nella sua ricezione a livello della cute o dei visceri e nella sua trasmissione all\u2019encefalo. Nella Master Class, mediante tecniche di immunofluorescenza indiretta comunemente usate nel laboratorio di anatomia verranno identificati i neuroni sensitivi primari coinvolti nella nocicezione.<\/p>\n","protected":false},"excerpt":{"rendered":"<p>L\u2019Assemblea Generale delle Nazioni Unite ha istituito l\u201911 Febbraio come\u00a0Giornata Internazionale per le donne e le ragazze nella scienza\u00a0per promuovere l\u2019uguaglianza di genere e a far s\u00ec che donne e ragazze ottengano parit\u00e0 di accesso e partecipazione nella scienza. In &hellip; <a href=\"https:\/\/sites.unica.it\/plsunica\/master-class-women-and-girls-in-science-9-febbraio-2024\/masterclass-biologia\/\">Continua a leggere<span class=\"meta-nav\">&rarr;<\/span><\/a><\/p>\n","protected":false},"author":335,"featured_media":0,"parent":41,"menu_order":0,"comment_status":"closed","ping_status":"closed","template":"","meta":{"footnotes":""},"class_list":["post-289","page","type-page","status-publish","hentry"],"_links":{"self":[{"href":"https:\/\/sites.unica.it\/plsunica\/wp-json\/wp\/v2\/pages\/289","targetHints":{"allow":["GET"]}}],"collection":[{"href":"https:\/\/sites.unica.it\/plsunica\/wp-json\/wp\/v2\/pages"}],"about":[{"href":"https:\/\/sites.unica.it\/plsunica\/wp-json\/wp\/v2\/types\/page"}],"author":[{"embeddable":true,"href":"https:\/\/sites.unica.it\/plsunica\/wp-json\/wp\/v2\/users\/335"}],"replies":[{"embeddable":true,"href":"https:\/\/sites.unica.it\/plsunica\/wp-json\/wp\/v2\/comments?post=289"}],"version-history":[{"count":76,"href":"https:\/\/sites.unica.it\/plsunica\/wp-json\/wp\/v2\/pages\/289\/revisions"}],"predecessor-version":[{"id":1598,"href":"https:\/\/sites.unica.it\/plsunica\/wp-json\/wp\/v2\/pages\/289\/revisions\/1598"}],"up":[{"embeddable":true,"href":"https:\/\/sites.unica.it\/plsunica\/wp-json\/wp\/v2\/pages\/41"}],"wp:attachment":[{"href":"https:\/\/sites.unica.it\/plsunica\/wp-json\/wp\/v2\/media?parent=289"}],"curies":[{"name":"wp","href":"https:\/\/api.w.org\/{rel}","templated":true}]}}