{"id":252,"date":"2021-01-18T16:52:18","date_gmt":"2021-01-18T15:52:18","guid":{"rendered":"http:\/\/sites.unica.it\/plsunica\/?page_id=252"},"modified":"2026-02-02T17:30:15","modified_gmt":"2026-02-02T16:30:15","slug":"masterclass-geologia","status":"publish","type":"page","link":"https:\/\/sites.unica.it\/plsunica\/masterclass-geologia\/","title":{"rendered":"Masterclass Geologia 2026"},"content":{"rendered":"<p>L\u2019Assemblea Generale delle Nazioni Unite ha istituito l\u201911 Febbraio come la <strong>Giornata Internazionale per le donne e le ragazze nella scienza<\/strong> per promuovere l\u2019uguaglianza di genere e a far s\u00ec che donne e ragazze ottengano parit\u00e0 di accesso e partecipazione nella scienza.<\/p>\n<p>In questa data ormai da diversi anni, in tante citt\u00e0 in Italia e nel mondo, si svolgono numerose iniziative volte a ispirare e coinvolgere le donne e le ragazze in campo scientifico.<\/p>\n<p>Il <strong>Corso di Laurea in Geologia<\/strong> del <strong>Dipartimento di Scienze Chimiche e Geologiche <\/strong>propone per il 2026 una serie di attivit\u00e0 laboratoriali, <strong>a cui saranno ammessi a partecipare anche i ragazzi, in una percentuale massima del 40% delle iscrizioni.<\/strong><\/p>\n<p><a href=\"https:\/\/sites.unica.it\/pls\/master-class-women-and-girls-in-science-11-febbraio-2026\/\" target=\"_blank\" rel=\"noopener\"><strong><span style=\"color: #3366ff\">link alla pagina web di PLS geologia<\/span><\/strong><\/a><\/p>\n<p>L\u2019evento si svolger\u00e0 <strong>mercoled\u00ec 11 febbraio 2026<\/strong>\u00a0presso la <strong>cittadella universitaria di Monserrato<\/strong> e sar\u00e0 articolato in due fasi: una sperimentale e una di presentazione e condivisione delle attivit\u00e0 sperimentali realizzate. Dopo un\u2019accoglienza iniziale e un seminario di apertura, le ragazze ed i ragazzi saranno divisi in piccoli gruppi di massimo 5-7 studenti e, guidati da un Team di ricerca, potranno effettuare attivit\u00e0 sperimentali nel campo della Geologia.<\/p>\n<p>L\u2019attivit\u00e0 \u00e8 parte integrante del Piano Lauree Scientifiche (PLS) e potr\u00e0 essere rendicontata come PCTO (Percorsi per le Competenze Trasversali e l\u2019Orientamento) per un totale di <strong>8 ore<\/strong> riconosciute.<\/p>\n<p>Per ogni istituto scolastico, il\/la docente referente potr\u00e0 iscrivere 5 studenti (massimo 2 studenti maschi) frequentanti l\u2019ultimo triennio. <strong>Saranno accettati massimo 35 studenti<\/strong>. Il\/la docente referente dovr\u00e0 compilare l\u2019apposito modulo di <strong>iscrizione entro il 31 gennaio 2026<\/strong>\u00a0per ogni studentessa\/studente. Eventuali richieste in esubero saranno messe in lista d\u2019attesa e valutate in caso di posti disponibili.<\/p>\n<p><a href=\"https:\/\/sites.unica.it\/pls\/files\/2026\/01\/Programma-Giornata-GEO-_2026.pdf\" target=\"_blank\" rel=\"noopener\"><span style=\"color: #3366ff\"><strong>Programma della giornata<\/strong><\/span><\/a><\/p>\n<p>Per l\u2019Iscrizione alla Masterclass di GEOLOGIA occorre compilare e caricare sul MODULO DI ADESIONE la <em>DICHIARAZIONE LIBERATORIA PER RIPRESE AUDIO\/VIDEO scaricabile per gli studenti\u00a0<\/em><a href=\"https:\/\/sites.unica.it\/pls\/files\/2025\/01\/Riprese-maggiorenni-e-privacy_Unica_DSCG_2025.docx\">maggiorenni<\/a> e\u00a0<a href=\"https:\/\/sites.unica.it\/pls\/files\/2025\/01\/Riprese-minori-e-privacy_Unica_DSCG_2025.doc\">minorenni<\/a>.<\/p>\n<p><strong>\u00a0<\/strong><\/p>\n","protected":false},"excerpt":{"rendered":"<p>L\u2019Assemblea Generale delle Nazioni Unite ha istituito l\u201911 Febbraio come la Giornata Internazionale per le donne e le ragazze nella scienza per promuovere l\u2019uguaglianza di genere e a far s\u00ec che donne e ragazze ottengano parit\u00e0 di accesso e partecipazione &hellip; <a href=\"https:\/\/sites.unica.it\/plsunica\/masterclass-geologia\/\">Continua a leggere<span class=\"meta-nav\">&rarr;<\/span><\/a><\/p>\n","protected":false},"author":335,"featured_media":0,"parent":0,"menu_order":0,"comment_status":"closed","ping_status":"closed","template":"","meta":{"footnotes":""},"class_list":["post-252","page","type-page","status-publish","hentry"],"_links":{"self":[{"href":"https:\/\/sites.unica.it\/plsunica\/wp-json\/wp\/v2\/pages\/252","targetHints":{"allow":["GET"]}}],"collection":[{"href":"https:\/\/sites.unica.it\/plsunica\/wp-json\/wp\/v2\/pages"}],"about":[{"href":"https:\/\/sites.unica.it\/plsunica\/wp-json\/wp\/v2\/types\/page"}],"author":[{"embeddable":true,"href":"https:\/\/sites.unica.it\/plsunica\/wp-json\/wp\/v2\/users\/335"}],"replies":[{"embeddable":true,"href":"https:\/\/sites.unica.it\/plsunica\/wp-json\/wp\/v2\/comments?post=252"}],"version-history":[{"count":23,"href":"https:\/\/sites.unica.it\/plsunica\/wp-json\/wp\/v2\/pages\/252\/revisions"}],"predecessor-version":[{"id":1595,"href":"https:\/\/sites.unica.it\/plsunica\/wp-json\/wp\/v2\/pages\/252\/revisions\/1595"}],"wp:attachment":[{"href":"https:\/\/sites.unica.it\/plsunica\/wp-json\/wp\/v2\/media?parent=252"}],"curies":[{"name":"wp","href":"https:\/\/api.w.org\/{rel}","templated":true}]}}