{"id":2,"date":"2019-12-19T12:26:51","date_gmt":"2019-12-19T11:26:51","guid":{"rendered":"http:\/\/sites.unica.it\/plsunica\/?page_id=2"},"modified":"2026-01-02T11:36:41","modified_gmt":"2026-01-02T10:36:41","slug":"scopo","status":"publish","type":"page","link":"https:\/\/sites.unica.it\/plsunica\/attivita-pls\/scopo\/","title":{"rendered":"Scopo del PNLS"},"content":{"rendered":"\n<p><p>Il <a href=\"https:\/\/www.pianolaureescientifiche.it\/\">Piano Nazionale Lauree Scientifiche<\/a>, gi\u00e0 Progetto Lauree Scientifiche, \u00e8 stato istituito nel 2004 come iniziativa nazionale del Ministero dell&#8217;Istruzione e dell&#8217; Universit\u00e0 e della Ricerca (MIUR) in accordo con le Universit\u00e0 Italiane, le Direzioni Scolastiche Regionali e le Associazioni delle imprese, per attuare azioni specifiche volte a stimolare l&#8217;interesse dei giovani per lo studio delle materie scientifiche, fornire una pi\u00f9 adeguata preparazione nelle materie scientifiche di base e potenziare l&#8217;interazione tra Universit\u00e0 ed Impresa al fine di favorire l&#8217;inserimento degli studenti nel mercato dell&#8217; alta tecnologia.\u00a0<\/p><br><p>Oltre l&#8217;orientamento e la formazione degli studenti, il PNLS ha come finalit\u00e0 anche la formazione degli insegnanti, con specifico riguardo alla sperimentazione di una didattica innovativa.<\/p><br><p>All&#8217; Universit\u00e0 di Cagliari il PNLS \u00e8 attivo dal 2004, nei primi anni partecipavano Chimica, Fisica, Matematica e Scienza dei Materiali. Visto il successo dell&#8217; iniziativa dal 2014 in poi il progetto \u00e8 stato esteso anche a Biologia e Geologia. Dal 2019 sono state incluse le classi di Informatica e di Scienze Ambientali e Naturali.<\/p><br><p>I coordinatori del PNLS dei corsi di Laurea in Biologia, Chimica, Fisica, Geologia, Informatica, Matematica e Scienze Ambientali e Naturali promuovono l&#8217; iniziativa &#8220;<a href=\"https:\/\/sites.unica.it\/plsunica\/master-class-women-and-girls-in-science-11-febbraio-2021\/programma-generale\/\">Women and Girls in Science<\/a>&#8221; con la giornata del 11 Febbraio 2026.<\/p><br><p><strong>\u00a0<\/strong><\/p><\/p>\n","protected":false},"excerpt":{"rendered":"<p>Il Piano Nazionale Lauree Scientifiche, gi\u00e0 Progetto Lauree Scientifiche, \u00e8 stato istituito nel 2004 come iniziativa nazionale del Ministero dell&#8217;Istruzione e dell&#8217; Universit\u00e0 e della Ricerca (MIUR) in accordo con le Universit\u00e0 Italiane, le Direzioni Scolastiche Regionali e le Associazioni &hellip; <a href=\"https:\/\/sites.unica.it\/plsunica\/attivita-pls\/scopo\/\">Continua a leggere<span class=\"meta-nav\">&rarr;<\/span><\/a><\/p>\n","protected":false},"author":335,"featured_media":15,"parent":199,"menu_order":0,"comment_status":"closed","ping_status":"closed","template":"","meta":{"footnotes":""},"class_list":["post-2","page","type-page","status-publish","has-post-thumbnail","hentry"],"_links":{"self":[{"href":"https:\/\/sites.unica.it\/plsunica\/wp-json\/wp\/v2\/pages\/2","targetHints":{"allow":["GET"]}}],"collection":[{"href":"https:\/\/sites.unica.it\/plsunica\/wp-json\/wp\/v2\/pages"}],"about":[{"href":"https:\/\/sites.unica.it\/plsunica\/wp-json\/wp\/v2\/types\/page"}],"author":[{"embeddable":true,"href":"https:\/\/sites.unica.it\/plsunica\/wp-json\/wp\/v2\/users\/335"}],"replies":[{"embeddable":true,"href":"https:\/\/sites.unica.it\/plsunica\/wp-json\/wp\/v2\/comments?post=2"}],"version-history":[{"count":20,"href":"https:\/\/sites.unica.it\/plsunica\/wp-json\/wp\/v2\/pages\/2\/revisions"}],"predecessor-version":[{"id":1443,"href":"https:\/\/sites.unica.it\/plsunica\/wp-json\/wp\/v2\/pages\/2\/revisions\/1443"}],"up":[{"embeddable":true,"href":"https:\/\/sites.unica.it\/plsunica\/wp-json\/wp\/v2\/pages\/199"}],"wp:featuredmedia":[{"embeddable":true,"href":"https:\/\/sites.unica.it\/plsunica\/wp-json\/wp\/v2\/media\/15"}],"wp:attachment":[{"href":"https:\/\/sites.unica.it\/plsunica\/wp-json\/wp\/v2\/media?parent=2"}],"curies":[{"name":"wp","href":"https:\/\/api.w.org\/{rel}","templated":true}]}}