{"id":133,"date":"2020-01-17T10:42:36","date_gmt":"2020-01-17T09:42:36","guid":{"rendered":"http:\/\/sites.unica.it\/plsunica\/?page_id=133"},"modified":"2026-03-26T14:54:13","modified_gmt":"2026-03-26T13:54:13","slug":"home","status":"publish","type":"page","link":"https:\/\/sites.unica.it\/plsunica\/","title":{"rendered":"Piano Nazionale Lauree Scientifiche Sardegna 2026"},"content":{"rendered":"<p>Il Piano Lauree Scientifiche, gi\u00e0 Progetto Lauree Scientifiche, \u00e8 stato istituito nel 2004 come iniziativa nazionale del Ministero dell\u2019Istruzione e dell\u2019 Universit\u00e0 e della Ricerca (MIUR) in accordo con le Universit\u00e0 Italiane, le Direzioni Scolastiche Regionali e le Associazioni delle imprese, per attuare azioni specifiche volte a stimolare l\u2019interesse dei giovani per lo studio delle materie scientifiche. Una delle azioni \u00e8 la giornata &#8220;Women and Girls in Science&#8221; che si tiene ogni anno, nel 2026 <strong>mercoled\u00ec11 febbraio 2026<\/strong> con la masterclass &#8220;Women and girls in science&#8221;.<\/p>\n<p><a href=\"https:\/\/magazine.unica.it\/giornata-internazionale-per-le-donne-e-le-ragazze-nella-scienza\/\">Spettacolo teatrale Giornata internazionale delle donne e delle ragazze nelle scienze 2026<\/a><\/p>\n<p><a href=\"https:\/\/sites.unica.it\/plsunica\/master-class-women-and-girls-in-science-9-febbraio-2024\"><strong>Masterclass Women and Girls in Science 11 Febbraio 2026<\/strong><\/a><\/p>\n<p><img loading=\"lazy\" decoding=\"async\" class=\"size-full wp-image-683 alignleft\" src=\"https:\/\/sites.unica.it\/plsunica\/files\/2022\/01\/Logo_2022.jpg\" alt=\"\" width=\"199\" height=\"220\" \/> &#8230; \u00e8 un&#8217; iniziativa volta ad ispirare e coinvolgere le <strong>ragazze e ragazzi<\/strong> nel campo scientifico .<\/p>\n<p>&#8230;\u00a0 l\u2019evento si svolger\u00e0 <strong>nella cittadella universitaria di Monserrato <\/strong><\/p>\n<p>&#8230; l\u2019evento si svolger\u00e0 <strong>mercoled\u00ec 11 febbraio 2026<\/strong><\/p>\n<p>&#8230; il <strong>6 febbraio 2026<\/strong> si svolger\u00e0 lo spettacolo &#8220;<a href=\"https:\/\/sites.unica.it\/plsunica\/spettacolo-6-febbraio-2026\/\" target=\"_blank\" rel=\"noopener\"><strong><span style=\"color: #3366ff\">Sei donne che hanno cambiato il mondo<\/span><\/strong><\/a>&#8221;<\/p>\n<h2><\/h2>\n<h2><\/h2>\n<hr \/>\n<h2>Archivio<\/h2>\n<h2><a href=\"https:\/\/festivalscienzacagliari.it\/festivalscienza\/cagliari-festivalscienza-2024\/\" target=\"_blank\" rel=\"noopener\">Festival Scienza 7 -12 Novembre 2024 &#8211; La Scienza \u00e8 cultura<\/a><\/h2>\n<p style=\"text-align: justify\">La XVII edizione del <strong>Festival Scienza<\/strong> si terr\u00e0 tra il 7 e 12 novembre 2024 nell&#8217; EXMA (acronimo di <i>EXhibiting and Moving Arts<\/i> e di EX MAttatoio) via San Lucifero 71 Cagliari, sala delle Volte. Il Cagliari FestivalScienza 2024 attraverso un incessante e vivace turbine di contaminazioni, riporter\u00e0 al centro della scena il tema dell\u2019umanesimo scientifico, <strong>ribadendo con forza che la Scienza \u00e8 Cultura<\/strong>. Come da tradizione, il programma scientifico si svilupper\u00e0 attorno al fondamentale contributo delle scuole, che ricopriranno il doppio ruolo di partecipanti e organizzatrici di molti eventi proposti, costituendo la spina dorsale del Festival. I coordinatori del PNLS dei corsi di Laurea in Biologia, Chimica, Fisica, Geologia, Informatica, Matematica e Scienze Ambientali e Naturali partecipano all\u2019 iniziativa con un totale di <a href=\"https:\/\/festivalscienzacagliari.it\/festivalscienza\/2024-eventi-in-programma\/?_sft_tipologia_evento=laboratorio\" target=\"_blank\" rel=\"noopener\">25 attivit\u00e0 di laboratorio.\u00a0<\/a><\/p>\n<p><img loading=\"lazy\" decoding=\"async\" class=\"alignnone size-full wp-image-1149\" src=\"https:\/\/sites.unica.it\/plsunica\/files\/2024\/10\/Logo_Festival_Scienze.jpg\" alt=\"\" width=\"1024\" height=\"379\" srcset=\"https:\/\/sites.unica.it\/plsunica\/files\/2024\/10\/Logo_Festival_Scienze.jpg 1024w, https:\/\/sites.unica.it\/plsunica\/files\/2024\/10\/Logo_Festival_Scienze-300x111.jpg 300w, https:\/\/sites.unica.it\/plsunica\/files\/2024\/10\/Logo_Festival_Scienze-768x284.jpg 768w, https:\/\/sites.unica.it\/plsunica\/files\/2024\/10\/Logo_Festival_Scienze-500x185.jpg 500w\" sizes=\"auto, (max-width: 1024px) 100vw, 1024px\" \/><\/p>\n<p><a href=\"https:\/\/sites.unica.it\/plsunica\/la-forza-nascosta\" target=\"_blank\" rel=\"noopener\"><strong><span style=\"font-size: 12pt\">Spettacolo e dibattito &#8220;La forza nascosta&#8221; Conservatorio di Cagliari &#8211; 7 febbraio 2024<\/span><\/strong><\/a><\/p>\n<p><img loading=\"lazy\" decoding=\"async\" class=\"alignnone size-full wp-image-983\" src=\"https:\/\/sites.unica.it\/plsunica\/files\/2024\/01\/La_forza_nascosta.jpg\" alt=\"\" width=\"318\" height=\"239\" srcset=\"https:\/\/sites.unica.it\/plsunica\/files\/2024\/01\/La_forza_nascosta.jpg 318w, https:\/\/sites.unica.it\/plsunica\/files\/2024\/01\/La_forza_nascosta-300x225.jpg 300w\" sizes=\"auto, (max-width: 318px) 100vw, 318px\" \/> Foto CERN<\/p>\n<p>In occasione della Giornata Internazionale delle donne e ragazze nella scienza, nell&#8217;ambito delle iniziative del Piano Lauree Scientifiche dell&#8217;Universit\u00e0 di Cagliari, si terr\u00e0 il 7 febbraio lo spettacolo e dibattito &#8220;<a href=\"https:\/\/sites.unica.it\/plsunica\/la%20forza%20nascosta\">La forza nascosta &#8211; <\/a><span class=\"\">Scienziate nella Fisica e nella Storia&#8221;.<br \/>\n<\/span><\/p>\n<p><a href=\"https:\/\/sites.unica.it\/plsunica\/master-class-women-and-girls-in-science-9-febbraio-2024\"><strong><span style=\"font-size: 12pt\"><span style=\"font-size: 14pt\">Masterclass Women and Girls in Science 9 Febbraio 2024<\/span><\/span><\/strong><\/a><\/p>\n<p><img loading=\"lazy\" decoding=\"async\" class=\"alignnone wp-image-221\" src=\"https:\/\/sites.unica.it\/plsunica\/files\/2020\/02\/Graph.jpg\" alt=\"\" width=\"269\" height=\"142\" \/>\u00a0 \u00a0 \u00a0 \u00a0 <img loading=\"lazy\" decoding=\"async\" class=\"alignnone wp-image-683\" src=\"https:\/\/sites.unica.it\/plsunica\/files\/2022\/01\/Logo_2022.jpg\" alt=\"\" width=\"124\" height=\"136\" \/><\/p>\n<p>Quest&#8217;anno l\u2019evento si svolger\u00e0 di nuovo in presenza. Saranno ammessi anche i ragazzi, anche se verr\u00e0 mantenuta una prevalenza femminile, con il 60% delle iscrizioni riservate alle studentesse. Ragazze e ragazzi lavoreranno in piccoli gruppi, seguiti da ricercatrici e ricercatori che proporranno loro attivit\u00e0 di ricerca in diversi ambiti.<\/p>\n<p><span style=\"font-size: 12pt\"><strong>Masterclass of Women and Girls in Science &#8230;<\/strong><\/span><\/p>\n<p><img loading=\"lazy\" decoding=\"async\" class=\"size-full wp-image-683 alignleft\" src=\"https:\/\/sites.unica.it\/plsunica\/files\/2022\/01\/Logo_2022.jpg\" alt=\"\" width=\"199\" height=\"220\" \/> &#8230; \u00e8 un&#8217; iniziativa volta ad ispirare e coinvolgere le <strong>ragazze e ragazzi<\/strong> nel campo scientifico .<\/p>\n<p>&#8230;\u00a0 l\u2019evento si svolger\u00e0 <strong>nella cittadella universitaria di Monserrato <\/strong><\/p>\n<p>&#8230; l\u2019evento si svolger\u00e0 <strong>venerd\u00ec 9 febbraio 2024<\/strong><\/p>\n<p><a href=\"https:\/\/sites.unica.it\/plsunica\/master-class-women-and-girls-in-science-9-febbraio-2024\/\"><strong>Informazioni e programma <\/strong><\/a>per le diverse masterclass Women and Girls in Science dei corsi di laurea <a href=\"https:\/\/sites.unica.it\/plsunica\/master-class-women-and-girls-in-science-9-febbraio-2024\/\">si trovano qui<\/a>.<\/p>\n<hr \/>\n<p><strong><span style=\"font-size: 14pt\">Notte dei ricercatori<\/span><\/strong><\/p>\n<p>Un&#8217; altra attivit\u00e0 dei PNLS dell&#8217; Universit\u00e0 di Cagliari \u00e8 la partecipazione alla<strong> Notte dei ricercatori<\/strong> nell&#8217; ambito del progetto <a href=\"https:\/\/www.sharper-night.it\/progetto\/\">SHARPER<\/a> (Sharing Researchers Passion) per rispondere all\u2019esigenza di valorizzare la figura dei ricercatori e delle ricercatrici e il loro ruolo nella societ\u00e0. L&#8217;altra attivit\u00e0 \u00e8 <strong>Women and Girls in Science<\/strong> che intende ispirare e coinvolgere le ragazze e i ragazzi in attivit\u00e0 scientifiche. Per questo i <strong>corsi di laurea<\/strong> in <em>Biologia, Biotecnologie, Chimica, Fisica, Geologia, Informatica, Matematica e Scienze Ambientali e Naturali <\/em>dell\u2019Universit\u00e0 di Cagliari, coinvolti nei progetti PLS, hanno aderito alle due iniziative proponendo una serie di attivit\u00e0 differenziate per ambito disciplinare.<\/p>\n<p><img loading=\"lazy\" decoding=\"async\" class=\"alignnone wp-image-532\" src=\"https:\/\/sites.unica.it\/plsunica\/files\/2021\/09\/cover_eventoFB_Cagliari.jpeg\" alt=\"\" width=\"251\" height=\"147\" \/><\/p>\n<p><span style=\"font-size: 14pt\"><a href=\"https:\/\/sites.unica.it\/plsunica\/notte-dei-ricercatori\/\"><strong>Notte dei<\/strong><\/a><\/span><span style=\"font-size: 14pt\"><a href=\"https:\/\/sites.unica.it\/plsunica\/notte-dei-ricercatori\/\"><strong> rice<\/strong><\/a><\/span><span style=\"font-size: 14pt\"><a href=\"https:\/\/sites.unica.it\/plsunica\/notte-dei-ricercatori\/\"><strong>rcatori 24 Settembre 2021<\/strong><\/a><\/span><\/p>\n<p>La Notte Europea dei Ricercatori ha luogo ogni anno in tutta Europa l&#8217;ultimo venerd\u00ec di settembre, con l\u2019intento di condividere i risultati della ricerca scientifica e l\u2019impatto che la scienza ha sulla vita di tutti i giorni. A Cagliari il Programma del 24 settembre si svolger\u00e0 presso tre ampie aree attrezzate dell\u2019Orto Botanico dedicate agli incontri con i ricercatori e un\u2019area dimostrativa dedicata a giochi ed esperimenti intorno alla Vasca delle Ninfee. Il pubblico potr\u00e0 accedere previa prenotazione di un percorso ed esibizione del Green pass all\u2019ingresso (naturalmente dai 12 anni in su). <a href=\"http:\/\/sites.unica.it\/\u2026ica\/notte-dei-ricercatori\"><strong>Informazioni e programma <\/strong><\/a>per le diverse attivit\u00e0 nel ambito del PLS dei corsi di laurea <a href=\"https:\/\/sites.unica.it\/plsunica\/notte-dei-ricercatori\/\">si trovano qui<\/a>.<\/p>\n<hr \/>\n","protected":false},"excerpt":{"rendered":"<p>Il Piano Lauree Scientifiche, gi\u00e0 Progetto Lauree Scientifiche, \u00e8 stato istituito nel 2004 come iniziativa nazionale del Ministero dell\u2019Istruzione e dell\u2019 Universit\u00e0 e della Ricerca (MIUR) in accordo con le Universit\u00e0 Italiane, le Direzioni Scolastiche Regionali e le Associazioni delle &hellip; <a href=\"https:\/\/sites.unica.it\/plsunica\/\">Continua a leggere<span class=\"meta-nav\">&rarr;<\/span><\/a><\/p>\n","protected":false},"author":335,"featured_media":0,"parent":0,"menu_order":0,"comment_status":"closed","ping_status":"closed","template":"","meta":{"footnotes":""},"class_list":["post-133","page","type-page","status-publish","hentry"],"_links":{"self":[{"href":"https:\/\/sites.unica.it\/plsunica\/wp-json\/wp\/v2\/pages\/133","targetHints":{"allow":["GET"]}}],"collection":[{"href":"https:\/\/sites.unica.it\/plsunica\/wp-json\/wp\/v2\/pages"}],"about":[{"href":"https:\/\/sites.unica.it\/plsunica\/wp-json\/wp\/v2\/types\/page"}],"author":[{"embeddable":true,"href":"https:\/\/sites.unica.it\/plsunica\/wp-json\/wp\/v2\/users\/335"}],"replies":[{"embeddable":true,"href":"https:\/\/sites.unica.it\/plsunica\/wp-json\/wp\/v2\/comments?post=133"}],"version-history":[{"count":78,"href":"https:\/\/sites.unica.it\/plsunica\/wp-json\/wp\/v2\/pages\/133\/revisions"}],"predecessor-version":[{"id":1631,"href":"https:\/\/sites.unica.it\/plsunica\/wp-json\/wp\/v2\/pages\/133\/revisions\/1631"}],"wp:attachment":[{"href":"https:\/\/sites.unica.it\/plsunica\/wp-json\/wp\/v2\/media?parent=133"}],"curies":[{"name":"wp","href":"https:\/\/api.w.org\/{rel}","templated":true}]}}