{"id":120,"date":"2020-01-17T10:08:56","date_gmt":"2020-01-17T09:08:56","guid":{"rendered":"http:\/\/sites.unica.it\/plsunica\/?page_id=120"},"modified":"2026-01-02T17:07:34","modified_gmt":"2026-01-02T16:07:34","slug":"pls-chimica","status":"publish","type":"page","link":"https:\/\/sites.unica.it\/plsunica\/attivita-pls\/pls-chimica\/","title":{"rendered":"PNLS Chimica"},"content":{"rendered":"<p>Gli\/le insegnanti che sono interessati\/e a seguire con la loro classe una <a href=\"https:\/\/sites.unica.it\/plschimica\/masterclass-chimica\/\" target=\"_blank\" rel=\"noopener\"><span style=\"color: #3366ff\">masterclass di chimica<\/span><\/a> con la possibilit\u00e0 di eseguire esperimenti, possono scrivere alle referenti del PLS Chimica per concordare le date e gli esperimenti.<\/p>\n<p>Referenti PLS del CdS di Chimica: <a href=\"https:\/\/web.unica.it\/unica\/page\/en\/marzia_fantauzzi\" target=\"_blank\" rel=\"noopener\">Prof. Marzia Fantauzzi<\/a> e\u00a0<a href=\"https:\/\/people.unica.it\/antonellarossi\/\">Prof.ssa Antonella Rossi\u00a0\u00a0\u00a0<\/a><\/p>\n<p>Pagina web del <a href=\"https:\/\/sites.unica.it\/plschimica\/\">Piano Nazionale Lauree Scientifiche di Chimica<\/a><\/p>\n<hr \/>\n<p><strong>Archivio eventi passati<\/strong><\/p>\n<h2><span style=\"color: #3366ff\">Notte dei ricercatori 26 settembre 2025<\/span><\/h2>\n<p>Si \u00e8 svolto la notte dei ricercatori 2025 con la partecipazione del PNLS Chimica nel Centro comunale di arte e cultura la Vetreria, Cagliari. Vedi qui programma e evento.<\/p>\n<p><a href=\"https:\/\/sites.unica.it\/plschimica\/files\/2025\/12\/notte-ricercatori-3.jpeg\"><img loading=\"lazy\" decoding=\"async\" class=\"alignnone  wp-image-2744\" src=\"https:\/\/sites.unica.it\/plschimica\/files\/2025\/12\/notte-ricercatori-3.jpeg\" alt=\"\" width=\"155\" height=\"207\" \/><\/a> <a href=\"https:\/\/sites.unica.it\/plschimica\/files\/2025\/12\/notte-ricercatori-4.jpeg\"><img loading=\"lazy\" decoding=\"async\" class=\"alignnone  wp-image-2745\" src=\"https:\/\/sites.unica.it\/plschimica\/files\/2025\/12\/notte-ricercatori-4.jpeg\" alt=\"\" width=\"154\" height=\"206\" \/><\/a><a href=\"https:\/\/sites.unica.it\/plschimica\/files\/2025\/12\/notte-ricercatori-7.jpeg\"><img loading=\"lazy\" decoding=\"async\" class=\"alignnone  wp-image-2747\" src=\"https:\/\/sites.unica.it\/plschimica\/files\/2025\/12\/notte-ricercatori-7.jpeg\" alt=\"\" width=\"154\" height=\"206\" \/><\/a><\/p>\n<p><a href=\"https:\/\/sites.unica.it\/plschimica\/files\/2025\/12\/Sharper-Night-2025.jpg\"><img loading=\"lazy\" decoding=\"async\" class=\"alignnone size-full wp-image-2749\" src=\"https:\/\/sites.unica.it\/plschimica\/files\/2025\/12\/Sharper-Night-2025.jpg\" alt=\"\" width=\"1080\" height=\"719\" \/><\/a><\/p>\n<p><span style=\"color: #3366ff\"><strong>Giornate di orientamento 27 Febbraio 2025<\/strong><\/span><\/p>\n<p>Grande successo per le Giornate di Orientamento 2025 della parte di Chimica. Pi\u00f9 di 140 studentesse s studenti hanno partecipato alle attivit\u00e0 di laboratorio.<\/p>\n<p><a href=\"https:\/\/sites.unica.it\/plschimica\/files\/2024\/02\/Elettrolisi.jpg\"><img loading=\"lazy\" decoding=\"async\" class=\"alignnone  wp-image-2328\" src=\"https:\/\/sites.unica.it\/plschimica\/files\/2024\/02\/Elettrolisi.jpg\" alt=\"\" width=\"125\" height=\"132\" \/><\/a><a href=\"https:\/\/sites.unica.it\/plschimica\/files\/2024\/02\/Idrogeno_2.jpg\"><img loading=\"lazy\" decoding=\"async\" class=\"alignnone  wp-image-2299\" src=\"https:\/\/sites.unica.it\/plschimica\/files\/2024\/02\/Idrogeno_2.jpg\" alt=\"\" width=\"123\" height=\"135\" \/><\/a><a href=\"https:\/\/sites.unica.it\/plschimica\/files\/2024\/02\/Batteria_2.jpg\"><img loading=\"lazy\" decoding=\"async\" class=\"alignnone  wp-image-2298\" src=\"https:\/\/sites.unica.it\/plschimica\/files\/2024\/02\/Batteria_2.jpg\" alt=\"\" width=\"124\" height=\"135\" \/><\/a><a href=\"https:\/\/sites.unica.it\/plschimica\/files\/2024\/02\/Ioduro-2.jpg\"><img loading=\"lazy\" decoding=\"async\" class=\"alignnone  wp-image-2259\" src=\"https:\/\/sites.unica.it\/plschimica\/files\/2024\/02\/Ioduro-2.jpg\" alt=\"\" width=\"113\" height=\"133\" \/><\/a><\/p>\n<hr \/>\n<h1><span style=\"color: #3366ff\">Masterclass &#8220;Women and Girls in Science&#8221;\u00a0 11 febbraio 2025<\/span><\/h1>\n<p><strong>Grande successo<\/strong> \u2013 pi\u00f9 di 80 ragazze e ragazzi di 12 scuole hanno partecipato alla Masterclass di Chimica nella cittadella di Monserrato. Grazie a tutte e tutti che hanno contribuito. Ecco le prime impressioni\u2026<\/p>\n<p><a href=\"https:\/\/sites.unica.it\/plschimica\/files\/2025\/02\/Foto_16.jpg\"><img loading=\"lazy\" decoding=\"async\" class=\"alignnone  wp-image-2648\" src=\"https:\/\/sites.unica.it\/plschimica\/files\/2025\/02\/Foto_16.jpg\" alt=\"\" width=\"167\" height=\"219\" \/><\/a><a href=\"https:\/\/sites.unica.it\/plschimica\/files\/2025\/02\/Foto_19.jpg\"><img loading=\"lazy\" decoding=\"async\" class=\"alignnone  wp-image-2651\" src=\"https:\/\/sites.unica.it\/plschimica\/files\/2025\/02\/Foto_19.jpg\" alt=\"\" width=\"169\" height=\"222\" \/><\/a><a href=\"https:\/\/sites.unica.it\/plschimica\/files\/2025\/02\/Foto_4.jpg\"><img loading=\"lazy\" decoding=\"async\" class=\"alignnone  wp-image-2650\" src=\"https:\/\/sites.unica.it\/plschimica\/files\/2025\/02\/Foto_4.jpg\" alt=\"\" width=\"171\" height=\"224\" \/><\/a><\/p>\n<hr \/>\n<h2><span style=\"color: #3366ff\">Festival Scienza dal 7 al 12 novembre 2024<\/span><\/h2>\n<p>La XVII edizione del <strong>Festival Scienza<\/strong> si terr\u00e0 tra il 7 e 12 novembre 2024 nell&#8217; EXMA (acronimo di <i>EXhibiting and Moving Arts<\/i> e di EX MAttatoio) via San Lucifero 71 Cagliari, sala delle Volte. Il <a href=\"https:\/\/festivalscienzacagliari.it\/eventi_festival\/bouquet-chimico\/\" target=\"_blank\" rel=\"noopener\">laboratorio &#8220;BOUQUET CHIMICO&#8221;<\/a> ci porta nel mondo dei colori, odori e sapori. Quali sono le molecole responsabili di ci\u00f2? Lo scopriremo in un percorso dove chimica e vita di tutti i giorni si intrecciano. Adatto per la scuola di infanzia, la scuola elementare, la scuola secondarie e per tutto il pubblico.<\/p>\n<p><img loading=\"lazy\" decoding=\"async\" class=\"alignnone  wp-image-1147\" src=\"https:\/\/sites.unica.it\/plsunica\/files\/2024\/10\/Bouquet_Chimico.jpg\" alt=\"\" width=\"385\" height=\"385\" srcset=\"https:\/\/sites.unica.it\/plsunica\/files\/2024\/10\/Bouquet_Chimico.jpg 1080w, https:\/\/sites.unica.it\/plsunica\/files\/2024\/10\/Bouquet_Chimico-300x300.jpg 300w, https:\/\/sites.unica.it\/plsunica\/files\/2024\/10\/Bouquet_Chimico-1024x1024.jpg 1024w, https:\/\/sites.unica.it\/plsunica\/files\/2024\/10\/Bouquet_Chimico-150x150.jpg 150w, https:\/\/sites.unica.it\/plsunica\/files\/2024\/10\/Bouquet_Chimico-768x768.jpg 768w\" sizes=\"auto, (max-width: 385px) 100vw, 385px\" \/><\/p>\n<p><img loading=\"lazy\" decoding=\"async\" class=\"alignnone size-full wp-image-1204\" src=\"https:\/\/sites.unica.it\/plsunica\/files\/2024\/11\/Festival_Banco.jpg\" alt=\"\" width=\"1600\" height=\"900\" srcset=\"https:\/\/sites.unica.it\/plsunica\/files\/2024\/11\/Festival_Banco.jpg 1600w, https:\/\/sites.unica.it\/plsunica\/files\/2024\/11\/Festival_Banco-300x169.jpg 300w, https:\/\/sites.unica.it\/plsunica\/files\/2024\/11\/Festival_Banco-1024x576.jpg 1024w, https:\/\/sites.unica.it\/plsunica\/files\/2024\/11\/Festival_Banco-768x432.jpg 768w, https:\/\/sites.unica.it\/plsunica\/files\/2024\/11\/Festival_Banco-1536x864.jpg 1536w, https:\/\/sites.unica.it\/plsunica\/files\/2024\/11\/Festival_Banco-500x281.jpg 500w\" sizes=\"auto, (max-width: 1600px) 100vw, 1600px\" \/><\/p>\n<h2><span style=\"color: #3366ff\"><strong>Notte dei ricercatori 23 settembre 2024<\/strong><\/span><\/h2>\n<p>Notte dei Ricercatori &#8211; <strong>Chimica e Ambiente: per un futuro sostenibile<\/strong>. Il Piano Lauree Scientifiche (PNLS) Chimica ha partecipato alla &#8220;Notte dei Ricercatori&#8221; ai laboratori interattivi con due esperimenti: <em>produzione di idrogeno verde <\/em>e <em>il piombo nelle acque<\/em>.<\/p>\n<p><img loading=\"lazy\" decoding=\"async\" class=\"alignnone  wp-image-1171\" src=\"https:\/\/sites.unica.it\/plsunica\/files\/2024\/10\/idrogeno-scaled.jpg\" alt=\"\" width=\"267\" height=\"192\" \/> <img loading=\"lazy\" decoding=\"async\" class=\"alignnone  wp-image-1172\" src=\"https:\/\/sites.unica.it\/plsunica\/files\/2024\/10\/Piombo-scaled.jpg\" alt=\"\" width=\"265\" height=\"190\" \/><\/p>\n<p><img loading=\"lazy\" decoding=\"async\" class=\"alignnone  wp-image-1175\" src=\"https:\/\/sites.unica.it\/plsunica\/files\/2024\/10\/Sharper_2.jpg\" alt=\"\" width=\"140\" height=\"184\" \/> <img loading=\"lazy\" decoding=\"async\" class=\"alignnone  wp-image-1177\" src=\"https:\/\/sites.unica.it\/plsunica\/files\/2024\/10\/Foto_Sharper_1.jpg\" alt=\"\" width=\"199\" height=\"186\" srcset=\"https:\/\/sites.unica.it\/plsunica\/files\/2024\/10\/Foto_Sharper_1.jpg 432w, https:\/\/sites.unica.it\/plsunica\/files\/2024\/10\/Foto_Sharper_1-300x279.jpg 300w, https:\/\/sites.unica.it\/plsunica\/files\/2024\/10\/Foto_Sharper_1-322x300.jpg 322w\" sizes=\"auto, (max-width: 199px) 100vw, 199px\" \/><img loading=\"lazy\" decoding=\"async\" class=\"alignnone  wp-image-1178\" src=\"https:\/\/sites.unica.it\/plsunica\/files\/2024\/10\/Sharper_3.jpg\" alt=\"\" width=\"139\" height=\"182\" \/><\/p>\n<p><img loading=\"lazy\" decoding=\"async\" class=\"alignnone  wp-image-1180\" src=\"https:\/\/sites.unica.it\/plsunica\/files\/2024\/10\/Sharper_5.jpg\" alt=\"\" width=\"238\" height=\"180\" srcset=\"https:\/\/sites.unica.it\/plsunica\/files\/2024\/10\/Sharper_5.jpg 640w, https:\/\/sites.unica.it\/plsunica\/files\/2024\/10\/Sharper_5-300x225.jpg 300w, https:\/\/sites.unica.it\/plsunica\/files\/2024\/10\/Sharper_5-400x300.jpg 400w\" sizes=\"auto, (max-width: 238px) 100vw, 238px\" \/> <img loading=\"lazy\" decoding=\"async\" class=\"alignnone  wp-image-1181\" src=\"https:\/\/sites.unica.it\/plsunica\/files\/2024\/10\/Sharper_4.jpg\" alt=\"\" width=\"242\" height=\"185\" \/><\/p>\n<hr \/>\n<h1><span style=\"color: #3366ff\">Masterclass &#8220;Women and Girls in Science&#8221;\u00a0 9 febbraio 2024<\/span><\/h1>\n<p>La giornata \u201cWomen and Girls in Science\u201d dell\u2019 anno 2024 con un <a href=\"https:\/\/sites.unica.it\/plsunica\/programma-chimica\/\" target=\"_blank\" rel=\"noopener\">programma<\/a> riccoi si \u00e8 concluso \u2013 <a href=\"https:\/\/sites.unica.it\/plschimica\/attivita-2024\/\" target=\"_blank\" rel=\"noopener\">vedi attivit\u00e0 2024<\/a>. Grazie a tutti per l\u2019impegno e la partecipazione. Le attivit\u00e0 del PNLS continueranno con le visite delle scuole.<\/p>\n<p><img loading=\"lazy\" decoding=\"async\" class=\"alignnone  wp-image-1187\" src=\"https:\/\/sites.unica.it\/plsunica\/files\/2024\/10\/Giochi-etanolo-2.jpg\" alt=\"\" width=\"139\" height=\"166\" \/> <img loading=\"lazy\" decoding=\"async\" class=\"alignnone  wp-image-1188\" src=\"https:\/\/sites.unica.it\/plsunica\/files\/2024\/10\/Giochi.jpg\" alt=\"\" width=\"128\" height=\"168\" \/> <img loading=\"lazy\" decoding=\"async\" class=\"alignnone  wp-image-1189\" src=\"https:\/\/sites.unica.it\/plsunica\/files\/2024\/10\/Giochi-vincitori-5.jpg\" alt=\"\" width=\"227\" height=\"171\" srcset=\"https:\/\/sites.unica.it\/plsunica\/files\/2024\/10\/Giochi-vincitori-5.jpg 640w, https:\/\/sites.unica.it\/plsunica\/files\/2024\/10\/Giochi-vincitori-5-300x225.jpg 300w, https:\/\/sites.unica.it\/plsunica\/files\/2024\/10\/Giochi-vincitori-5-400x300.jpg 400w\" sizes=\"auto, (max-width: 227px) 100vw, 227px\" \/><\/p>\n<p><span style=\"color: #3366ff\"><strong>24 settembre 2021: la notte dei ricercatori<\/strong><\/span><\/p>\n<p><strong><img loading=\"lazy\" decoding=\"async\" class=\"alignnone wp-image-532\" src=\"https:\/\/sites.unica.it\/plsunica\/files\/2021\/09\/cover_eventoFB_Cagliari.jpeg\" alt=\"\" width=\"294\" height=\"168\" \/><\/strong><\/p>\n<p>Un\u2019 attivit\u00e0 trasversale di tutti i corsi di laurea che partecipano al Piano Nazionale Lauree Scientifiche UniCa prevede &#8220;<a href=\"https:\/\/sites.unica.it\/plsunica\/la-scienza-dell-acqua\/\"><strong>La scienza dell&#8217; acqua<\/strong><\/a>&#8221; con esperimenti di laboratorio interdisciplinari per esplorare e sperimentare propriet\u00e0, gestione e qualit\u00e0 della risorsa pi\u00f9 preziosa del nostro Pianeta: l\u2019acqua.<\/p>\n<p>Il PLS Chimica, insieme con il PLS Biologia e Biotecnologia, presenta esperimenti microbiologici e chimici per studiare l\u2019inquinamento delle acque e <strong>metodi innovativi per la rimozione degli inquinanti<\/strong> dalle acque.<\/p>\n<p><img loading=\"lazy\" decoding=\"async\" class=\"alignnone wp-image-603\" src=\"https:\/\/sites.unica.it\/plsunica\/files\/2021\/09\/Interesse-per-la-scienza-dell-acqua.jpg\" alt=\"\" width=\"275\" height=\"160\" \/> <img loading=\"lazy\" decoding=\"async\" class=\"alignnone wp-image-604\" src=\"https:\/\/sites.unica.it\/plsunica\/files\/2021\/09\/Le-prove.jpg\" alt=\"\" width=\"276\" height=\"165\" \/><em>Come si determina la qualita dell&#8217; acqua ?\u00a0 E veramente potabile ? Queste e altre domande rispondono i scienziati chimici e biologi nella sezione &#8220;la scienza dell&#8217; acqua&#8221; (ore 18)<\/em><\/p>\n<p>Con la partecipazione di Antonella Rossi, Giulio Casula, G. Emanuele Porcedda (Chimica). I dottorandi sono pronti con la maglietta dedicata ed aspettano i visitatori&#8230;.<\/p>\n<p><img loading=\"lazy\" decoding=\"async\" class=\"alignnone wp-image-596\" src=\"https:\/\/sites.unica.it\/plsunica\/files\/2021\/09\/Siamo-pronti.jpg\" alt=\"\" width=\"262\" height=\"256\" \/>. <img loading=\"lazy\" decoding=\"async\" class=\"alignnone wp-image-598\" src=\"https:\/\/sites.unica.it\/plsunica\/files\/2021\/09\/logo-sharper-DATA-2021-xs.png\" alt=\"\" width=\"262\" height=\"95\" \/><\/p>\n","protected":false},"excerpt":{"rendered":"<p>Gli\/le insegnanti che sono interessati\/e a seguire con la loro classe una masterclass di chimica con la possibilit\u00e0 di eseguire esperimenti, possono scrivere alle referenti del PLS Chimica per concordare le date e gli esperimenti. Referenti PLS del CdS di &hellip; <a href=\"https:\/\/sites.unica.it\/plsunica\/attivita-pls\/pls-chimica\/\">Continua a leggere<span class=\"meta-nav\">&rarr;<\/span><\/a><\/p>\n","protected":false},"author":335,"featured_media":0,"parent":199,"menu_order":0,"comment_status":"closed","ping_status":"closed","template":"","meta":{"footnotes":""},"class_list":["post-120","page","type-page","status-publish","hentry"],"_links":{"self":[{"href":"https:\/\/sites.unica.it\/plsunica\/wp-json\/wp\/v2\/pages\/120","targetHints":{"allow":["GET"]}}],"collection":[{"href":"https:\/\/sites.unica.it\/plsunica\/wp-json\/wp\/v2\/pages"}],"about":[{"href":"https:\/\/sites.unica.it\/plsunica\/wp-json\/wp\/v2\/types\/page"}],"author":[{"embeddable":true,"href":"https:\/\/sites.unica.it\/plsunica\/wp-json\/wp\/v2\/users\/335"}],"replies":[{"embeddable":true,"href":"https:\/\/sites.unica.it\/plsunica\/wp-json\/wp\/v2\/comments?post=120"}],"version-history":[{"count":39,"href":"https:\/\/sites.unica.it\/plsunica\/wp-json\/wp\/v2\/pages\/120\/revisions"}],"predecessor-version":[{"id":1458,"href":"https:\/\/sites.unica.it\/plsunica\/wp-json\/wp\/v2\/pages\/120\/revisions\/1458"}],"up":[{"embeddable":true,"href":"https:\/\/sites.unica.it\/plsunica\/wp-json\/wp\/v2\/pages\/199"}],"wp:attachment":[{"href":"https:\/\/sites.unica.it\/plsunica\/wp-json\/wp\/v2\/media?parent=120"}],"curies":[{"name":"wp","href":"https:\/\/api.w.org\/{rel}","templated":true}]}}