{"id":116,"date":"2020-01-17T09:43:20","date_gmt":"2020-01-17T08:43:20","guid":{"rendered":"http:\/\/sites.unica.it\/plsunica\/?page_id=116"},"modified":"2022-01-25T17:38:44","modified_gmt":"2022-01-25T16:38:44","slug":"pls-scienze-ambientali","status":"publish","type":"page","link":"https:\/\/sites.unica.it\/plsunica\/attivita-pls\/pls-scienze-ambientali\/","title":{"rendered":"PNLS Scienze Ambientali e Naturali"},"content":{"rendered":"<p>Referente del PNLS Scienze Ambientali e Naturali:\u00a0 Prof.ssa Susanna Salvadori<\/p>\n<p>Pagina web del <a href=\"https:\/\/www.unica.it\/unica\/it\/crs_60_75_68.page?login=true\">Piano Lauree Scientifiche di Scienze Ambientali e Naturali<\/a><\/p>\n<p>&nbsp;<\/p>\n<p><strong>24 settembre 2021: la notte dei ricercatori<\/strong><\/p>\n<p><img loading=\"lazy\" decoding=\"async\" class=\"alignnone wp-image-532\" src=\"https:\/\/sites.unica.it\/plsunica\/files\/2021\/09\/cover_eventoFB_Cagliari.jpeg\" alt=\"\" width=\"288\" height=\"165\" \/><\/p>\n<p>Un\u2019 attivit\u00e0 trasversale di tutti i corsi di laurea che partecipano al Piano Nazionale Lauree Scientifiche UniCa prevede \u201c<a href=\"https:\/\/sites.unica.it\/plsunica\/la-scienza-dell-acqua\/\"><strong>La scienza dell\u2019 acqua<\/strong><\/a>\u201d con esperimenti di laboratorio interdisciplinari per esplorare e sperimentare propriet\u00e0, gestione e qualit\u00e0 della risorsa pi\u00f9 preziosa del nostro Pianeta: l\u2019acqua.<\/p>\n<p>Il PNLS Scienza Ambientali e Naturali presenta <strong>le forme di vita animale e vegetale<\/strong> del passato e del presente <strong>nelle acque<\/strong> (Paleontologia, botanica e zoologia) (PNLS-SAN)<\/p>\n<p>Con la partecipazione di Susanna Salvadori e Valeria M. Nurchi (Scienze Ambientali e Naturali).<\/p>\n","protected":false},"excerpt":{"rendered":"<p>Referente del PNLS Scienze Ambientali e Naturali:\u00a0 Prof.ssa Susanna Salvadori Pagina web del Piano Lauree Scientifiche di Scienze Ambientali e Naturali &nbsp; 24 settembre 2021: la notte dei ricercatori Un\u2019 attivit\u00e0 trasversale di tutti i corsi di laurea che partecipano &hellip; <a href=\"https:\/\/sites.unica.it\/plsunica\/attivita-pls\/pls-scienze-ambientali\/\">Continua a leggere<span class=\"meta-nav\">&rarr;<\/span><\/a><\/p>\n","protected":false},"author":335,"featured_media":0,"parent":199,"menu_order":0,"comment_status":"closed","ping_status":"closed","template":"","meta":{"footnotes":""},"class_list":["post-116","page","type-page","status-publish","hentry"],"_links":{"self":[{"href":"https:\/\/sites.unica.it\/plsunica\/wp-json\/wp\/v2\/pages\/116","targetHints":{"allow":["GET"]}}],"collection":[{"href":"https:\/\/sites.unica.it\/plsunica\/wp-json\/wp\/v2\/pages"}],"about":[{"href":"https:\/\/sites.unica.it\/plsunica\/wp-json\/wp\/v2\/types\/page"}],"author":[{"embeddable":true,"href":"https:\/\/sites.unica.it\/plsunica\/wp-json\/wp\/v2\/users\/335"}],"replies":[{"embeddable":true,"href":"https:\/\/sites.unica.it\/plsunica\/wp-json\/wp\/v2\/comments?post=116"}],"version-history":[{"count":8,"href":"https:\/\/sites.unica.it\/plsunica\/wp-json\/wp\/v2\/pages\/116\/revisions"}],"predecessor-version":[{"id":721,"href":"https:\/\/sites.unica.it\/plsunica\/wp-json\/wp\/v2\/pages\/116\/revisions\/721"}],"up":[{"embeddable":true,"href":"https:\/\/sites.unica.it\/plsunica\/wp-json\/wp\/v2\/pages\/199"}],"wp:attachment":[{"href":"https:\/\/sites.unica.it\/plsunica\/wp-json\/wp\/v2\/media?parent=116"}],"curies":[{"name":"wp","href":"https:\/\/api.w.org\/{rel}","templated":true}]}}