{"id":107,"date":"2020-01-16T17:26:31","date_gmt":"2020-01-16T16:26:31","guid":{"rendered":"http:\/\/sites.unica.it\/plsunica\/?page_id=107"},"modified":"2026-01-25T23:15:14","modified_gmt":"2026-01-25T22:15:14","slug":"pls-biologia-e-biotecnologie","status":"publish","type":"page","link":"https:\/\/sites.unica.it\/plsunica\/attivita-pls\/pls-biologia-e-biotecnologie\/","title":{"rendered":"PNLS Biologia e Biotecnologie"},"content":{"rendered":"<p><strong>Il PNLS Biologia e Biotecnologie afferisce al Di.S.V.A.<\/strong><\/p>\n<h1><strong><a href=\"https:\/\/docs.google.com\/forms\/d\/e\/1FAIpQLSfvl7Ohx_aiu04Ohl4zltUYQw4c8Tg2TrULf7VzShxW3e9zxQ\/viewform?usp=header\">MODULO DI ISCRIZIONE MASTERCLASS 2026<\/a><\/strong><\/h1>\n<h1><\/h1>\n<h1><span style=\"color: #ff0000\"><strong><a href=\"https:\/\/sites.unica.it\/plsunica\/files\/2026\/01\/Finale_11febbraio_Locandina_WINGS_2026_PLS-1.pdf\">Locandina 11 febbraio 2026 Mastercalss PLS<\/a><\/strong><\/span><\/h1>\n<p><strong><a href=\"https:\/\/sites.unica.it\/plsunica\/files\/2026\/01\/Locandina_WINGS_-2026-con-ESPASIONE-DIBATTITO-1-1.pdf\">Locandina spettacolo &#8220;Sei donne che hanno cambiato il mondo&#8221;<\/a><\/strong><\/p>\n<p><span style=\"font-size: revert\">Il 6 febbraio 2026 per l\u2019apertura della giornata \u201cWoman and Girls in Science\u201d verr\u00e0 presentato lo <\/span><a style=\"font-size: revert\" href=\"https:\/\/sites.unica.it\/plsunica\/spettacolo-6-febbraio-2026\/\" target=\"_blank\" rel=\"noopener\">spettacolo \u201cSei donne che hanno cambiato il mondo\u201d<\/a><span style=\"font-size: revert\">\u00a0con Gabriella Greison. L\u2019evento si svolger\u00e0 il 6 febbraio 2026 alle ore 10 nel Teatro Massimo di Cagliari.<\/span><\/p>\n<div class=\"entry-content\">\n<div class=\"\"><a href=\"https:\/\/sites.unica.it\/plschimica\/files\/2025\/12\/Logo-2026.jpg\"><img loading=\"lazy\" decoding=\"async\" class=\"alignnone size-full wp-image-2772\" src=\"https:\/\/sites.unica.it\/plschimica\/files\/2025\/12\/Logo-2026.jpg\" alt=\"\" width=\"762\" height=\"182\" \/><\/a><\/div>\n<p><strong>Programma generale<\/strong>\u00a0per il giorno\u00a0<strong>11 febbraio 2026<\/strong><\/p>\n<table>\n<tbody>\n<tr>\n<td>08.45 \u2013 09.15<\/td>\n<td><strong>Accoglienza<\/strong>\u00a0(Aula Magna Boscolo)<\/td>\n<\/tr>\n<tr>\n<td>09.15 \u2013 10.00<\/td>\n<td><strong>Saluti istituzionali<\/strong><\/td>\n<\/tr>\n<tr>\n<td>10.00 \u2013 10.30<\/td>\n<td><strong>Registrazione e Accoglienza<\/strong>\u00a0delle studentesse e degli studenti partecipanti alle masterclass<\/td>\n<\/tr>\n<tr>\n<td>10.30 \u2013 13.00<\/td>\n<td><strong>Masterclass\u00a0<\/strong>attivit\u00e0 sperimentali<\/td>\n<\/tr>\n<tr>\n<td>13.00 \u2013 14.00<\/td>\n<td>Pausa pranzo<\/td>\n<\/tr>\n<tr>\n<td>14.00 \u2013 17.00<\/td>\n<td><strong>Masterclass<\/strong>\u00a0Condivisione delle attivit\u00e0 sperimentali<\/td>\n<\/tr>\n<tr>\n<td><\/td>\n<td><\/td>\n<\/tr>\n<\/tbody>\n<\/table>\n<\/div>\n<p><strong>Per ulteriori informazioni <\/strong>su PLS di Biologia e Biotecnologie si pu\u00f2 scrivere a follesa@unica.it<\/p>\n<p><strong><a href=\"https:\/\/www.pianolaureescientifiche.it\/biologia-e-biotecnologie\/\">PROGETTO NAZIONALE DI BIOLOGIA E BIOTECNOLOGIE<\/a><br \/>\n<\/strong><\/p>\n<p><strong>Universit\u00e0 capofila<br \/>\n<\/strong>Universit\u00e0 degli Studi di Catania<strong><br \/>\n<\/strong><\/p>\n<p><strong>Coordinatore del Progetto Nazionale<br \/>\n<\/strong>Prof.ssa Maria Violetta Brundo<\/p>\n<p><strong>Referente locale del PNLS\u00a0Biologia e Biotecnologie di UNICA afferente al DiSVA<br \/>\n<\/strong>Prof. Paolo Follesa<\/p>\n<p><!--nextpage--><\/p>\n<hr \/>\n<p><span style=\"color: #003366\"><strong><span style=\"font-size: 36pt\">Archivio<\/span><\/strong><\/span><\/p>\n<p><span style=\"font-size: 14pt\"><strong>Archivio 2024<\/strong><\/span><\/p>\n<p><strong>l PNLS Biologia e Biotecnologie afferisce al Di.S.V.A.<\/strong><\/p>\n<p class=\"first-para\" style=\"text-align: center\"><a href=\"https:\/\/forms.gle\/DwYWcFJdTfkmwJUn8\"><span style=\"font-size: 24pt\"><strong>Iscrizioni alle Masterclass di Biologia Biotecnologie<\/strong><\/span><\/a><\/p>\n<p><span style=\"font-size: 14pt\">Per ogni istituto scolastico, il\/la docente referente potr\u00e0 iscrivere 5 partecipanti (massimo 2 studenti maschi) frequentanti l\u2019ultimo triennio. <strong>Complessivamente saranno accettati massimo 40 studenti<\/strong>. Il\/la docente referente dovr\u00e0 compilare l\u2019apposito modulo d&#8217;<strong>iscrizione entro il 31 gennaio 2024<\/strong>. Ulteriori richieste saranno messe in lista d\u2019attesa e valutate in caso di posti disponibili.<\/span><\/p>\n<p><a href=\"https:\/\/forms.gle\/HP5GBztmt3DZZYyu5\"><strong>Modulo_Iscrizione_Biologia\/Biotecnologie_2024<\/strong><\/a><\/p>\n<p><strong>Per ulteriori informazioni <\/strong>sulla masterclass \u201cWomen and Girls in Science\u201d di Biologia e Biotecnologie si pu\u00f2 scrivere a follesa@unica.it<\/p>\n<p><strong><a href=\"https:\/\/www.pianolaureescientifiche.it\/biologia-e-biotecnologie\/\">PROGETTO NAZIONALE DI BIOLOGIA E BIOTECNOLOGIE<\/a><br \/>\n<\/strong><\/p>\n<p><strong>Universit\u00e0 capofila<br \/>\n<\/strong>Universit\u00e0 degli Studi di Catania<strong><br \/>\n<\/strong><\/p>\n<p><strong>Coordinatore del Progetto Nazionale<br \/>\n<\/strong>Prof.ssa Maria Violetta Brundo<\/p>\n<p><strong>Referente locale del PNLS\u00a0Biologia e Biotecnologie di UNICA afferente al DiSVA<br \/>\n<\/strong>Prof. Paolo Follesa<\/p>\n<p><span style=\"font-size: 14pt\"><strong>Archivio 2023<\/strong><\/span><\/p>\n<div class=\"page\" title=\"Page 3\">\n<div class=\"section\">\n<div class=\"layoutArea\">\n<div class=\"column\">\n<p style=\"text-align: center\"><span style=\"font-size: 14pt\"><strong>LA SCIENZA IN CASA<\/strong><\/span><\/p>\n<p><strong> Dalla biologia alla chimica, dalla geologia alla matematica: la scienza negli ambienti domestici!<\/strong><br \/>\n<strong>A cura di: Dipartimento Di Scienze chimiche e Geologiche e referenti Piano Lauree Scientifiche (PLS).<\/strong><\/p>\n<p><span style=\"font-size: 18pt\"><strong>Attivit\u00e0 PLS Biologia Biotecnologie:\u00a0<\/strong><\/span>Sai cosa bevi? Conta i bicchieri, perch\u00e9 loro contano. Verranno fornite informazioni scientifiche riguardo le quantit\u00e0 di alcol contenute in diverse bevande alcoliche. Pi\u00f9 sai, meno rischi! Se proprio si sceglie di bere, allora bisogna ricordarsi che meno \u00e8 meglio. Conta i bicchieri, perch\u00e9 loro contano, l\u2019alcol pu\u00f2 esporre a forti rischi anche come conseguenza di un singolo o occasionale episodio di consumo.\u00a0<strong><em>A cura del Prof. Paolo Follesa<\/em><\/strong><\/p>\n<\/div>\n<\/div>\n<\/div>\n<\/div>\n<p><em>Il 29 settembre a partire dalle ore 16:00 presso i Giardini Pubblici di Cagliari torna l\u2019evento \u201cEuropean researchers\u2019 night\u201d 2023, organizzato dall\u2019Universit\u00e0 degli Studi di Cagliari<\/em> <em>nell\u2019ambito del progetto europeo \u201cSharper\u201d. La manifestazione, ricca di format per tutte le et\u00e0, \u00e8\u00a0un appuntamento con il quale l\u2019Ateneo si apre alla Citt\u00e0 e, grazie alla passione e all\u2019impegno di tante\/i ricercatrici e ricercatori, sottolinea il ruolo culturale e di sviluppo che la ricerca\u00a0riveste per la societ\u00e0.<\/em><\/p>\n<p><strong><em>venerd\u00ec 29 settembre 2023 ore 16:00<\/em><\/strong><\/p>\n<p><strong><em>Giardini Pubblici di Cagliari<\/em><\/strong><\/p>\n<p><em>\u00a0<\/em><\/p>\n<p><em>\u00a0<\/em><\/p>\n<p><em>Programma completo, sito ufficiale dell\u2019evento<\/em> <em><a href=\"https:\/\/eu-central-1.protection.sophos.com\/?d=unica.it&amp;u=aHR0cHM6Ly93d3cudW5pY2EuaXQvaXQvc29jaWV0YS1lLXRlcnJpdG9yaW8vcHVibGljLWVuZ2FnZW1lbnQvbm90dGUtZXVyb3BlYS1kZWxsZS1yaWNlcmNhdHJpY2ktZS1kZWktcmljZXJjYXRvcmktMA==&amp;i=NjUwODE2YzQ4NGY2Y2E0YWI0MmEzOTNi&amp;t=WWdWZGdmd2JxSVZqNkRUUVhRZmhxRG9xS2JtdDM0MEZkbVRxOVZkQ0dVOD0=&amp;h=dda294df02804eeabc2d5cf51570ad26&amp;s=AVNPUEhUT0NFTkNSWVBUSVbHIm71UCljn2Q8nyoaV22iKz9T2CFEjeGYfPTauspcQQ\">https:\/\/www.unica.it\/it\/societa-e-territorio\/public-engagement\/notte-europea-delle-ricercatrici-e-dei-ricercatori-0<\/a><\/em><\/p>\n<p><em>Locandina<\/em> <a href=\"https:\/\/eu-central-1.protection.sophos.com\/?d=unica.it&amp;u=aHR0cHM6Ly93d3cudW5pY2EuaXQvc2l0ZXMvZGVmYXVsdC9maWxlcy8yMDIzLTA5L1NoYXJwZXIyMDIzX0NBR0xJQVJJX1BST0dSQU1NQS5wZGY=&amp;i=NjUwODE2YzQ4NGY2Y2E0YWI0MmEzOTNi&amp;t=UHBNWGhhNENsZlhMSG5pWFFRUEpiN2NsN1pDMkpxSUJPdjRRbUhwcHFrZz0=&amp;h=dda294df02804eeabc2d5cf51570ad26&amp;s=AVNPUEhUT0NFTkNSWVBUSVbHIm71UCljn2Q8nyoaV22iKz9T2CFEjeGYfPTauspcQQ\">Sharper2023_CAGLIARI_PROGRAMMA.pdf (unica.it)<\/a><\/p>\n<p><em>Ingresso libero<\/em><\/p>\n<p><strong><em>\u00a0<\/em><\/strong><\/p>\n<p><em>SHARPER, European Researcher\u2019s Night<\/em><\/p>\n<p><em>Progetto finanziato dalla Commissione Europea, Marie Sklodowska-Curie Actions GA 101061553<\/em><\/p>\n<p>Direzione per la Ricerca e il \u00a0Territorio<\/p>\n<p>Universit\u00e0 degli Studi di Cagliari UniCa<\/p>\n<p>researchersnight@unica.it<\/p>\n<p><a href=\"https:\/\/www.unica.it\/unica\/page\/it\/giornata_internazionale_delle_donne_e_delle_ragazze_nella_scienza\"><span style=\"color: #000080\"><strong><span style=\"font-size: 24pt\">Unica News 10 febbraio 2023\u00a0<\/span><\/strong><\/span><\/a><\/p>\n<h4>RASSEGNA STAMPA E WEB<\/h4>\n<p><img loading=\"lazy\" decoding=\"async\" class=\"alignnone size-medium wp-image-947\" src=\"https:\/\/sites.unica.it\/plsunica\/files\/2023\/02\/us_20230210_26_d0-300x123.jpg\" alt=\"\" width=\"300\" height=\"123\" srcset=\"https:\/\/sites.unica.it\/plsunica\/files\/2023\/02\/us_20230210_26_d0-300x123.jpg 300w, https:\/\/sites.unica.it\/plsunica\/files\/2023\/02\/us_20230210_26_d0-1024x420.jpg 1024w, https:\/\/sites.unica.it\/plsunica\/files\/2023\/02\/us_20230210_26_d0-768x315.jpg 768w, https:\/\/sites.unica.it\/plsunica\/files\/2023\/02\/us_20230210_26_d0-500x205.jpg 500w, https:\/\/sites.unica.it\/plsunica\/files\/2023\/02\/us_20230210_26_d0.jpg 1080w\" sizes=\"auto, (max-width: 300px) 100vw, 300px\" \/><\/p>\n<div class=\"row\">\n<div class=\"col-lg-8 col-md-8 col-sm-12 col-xs-12\">\n<p>L&#8217;UNIONE SARDA di venerd\u00ec 10 febbraio 2023 \/ Hinterland &#8211; Pagina 26<br \/>\n<strong>Monserrato. Oggi nella Cittadella universitaria la masterclass<br \/>\nDONNE E SCIENZA, LEZIONE CON 300 STUDENTI<\/strong><br \/>\nDomani si celebra la Giornata internazionale delle donne e delle ragazze nella scienza, istituita dall&#8217;Onu. E per l&#8217;occasione, oggi alla Cittadella di Monserrato andr\u00e0 in scena il &#8220;Masterclass Women and Girls in Science 2023&#8221;, con circa 300 studentesse e studenti di oltre 20 scuole superiori della Sardegna, che incontrano le ricercatrici dell&#8217;Universit\u00e0 di Cagliari per parlare di equit\u00e0 di genere e di come facilitare l&#8217;accesso e la partecipazione delle donne nella scienza. L&#8217;evento, organizzato dall&#8217;Ateneo cagliaritano nell&#8217;ambito del &#8220;Piano nazionale lauree scientifiche&#8221;, mira a orientare le giovani per proseguire negli studi scientifici. Il programma della giornata (dalle 9 alle 18), dopo i saluti istituzionali nell&#8217;aula magna &#8220;Boscolo&#8221;, prevede attivit\u00e0 sperimentali nei laboratori didattici e di ricerca, suddivise per discipline: Informatica, Matematica, Geologia, Biologia e Biotecnologie, Scienze ambientali e naturali. Alle 14,30 verranno presentati i risultati. Gli istituti che partecipano all&#8217;iniziativa odierna si sono preparati all&#8217;evento individuando gli alunni dell&#8217;ultimo biennio che intendono studiare all&#8217;Universit\u00e0 nell&#8217;ambito scientifico. Poi si prosegue con un dibattito dal titolo &#8220;Il mio futuro nella scienza&#8221;, moderato da Matteo Tuveri, ricercatore dell&#8217;Universit\u00e0 di Cagliari e dell&#8217;Istituto nazionale di fisica nucleare e da Paola Carboni, responsabile del settore Promozione della ricerca nell&#8217;Ateneo; interverranno Simona Deidda, ricercatrice presso il dipartimento di scienze chirurgiche di Unica e Susi Ronchi, presidente di Giulia giornaliste Sardegna.<em> (ste. lap.) \u00a0<\/em><\/p>\n<p><span style=\"color: #003366\"><strong>L&#8217;evento \u00e8 stato registrato sul sito ufficiale:<\/strong><\/span><\/p>\n<p><a href=\"https:\/\/www.un.org\/en\/observances\/women-and-girls-in-science-day\/\">https:\/\/www.un.org\/en\/observances\/women-and-girls-in-science-day\/<\/a><\/p>\n<\/div>\n<\/div>\n<p><img loading=\"lazy\" decoding=\"async\" class=\"alignnone wp-image-809 size-full\" src=\"https:\/\/sites.unica.it\/plsunica\/files\/2023\/01\/Immagine-2023-01-24-150221.jpg\" alt=\"\" width=\"638\" height=\"906\" srcset=\"https:\/\/sites.unica.it\/plsunica\/files\/2023\/01\/Immagine-2023-01-24-150221.jpg 638w, https:\/\/sites.unica.it\/plsunica\/files\/2023\/01\/Immagine-2023-01-24-150221-211x300.jpg 211w\" sizes=\"auto, (max-width: 638px) 100vw, 638px\" \/><\/p>\n<p><img loading=\"lazy\" decoding=\"async\" class=\"alignnone wp-image-836 size-full\" src=\"https:\/\/sites.unica.it\/plsunica\/files\/2023\/01\/LOCANDINA_Biologia_Biotecnologie_definitiva_women-in-science_2023.jpg\" alt=\"\" width=\"1240\" height=\"1753\" srcset=\"https:\/\/sites.unica.it\/plsunica\/files\/2023\/01\/LOCANDINA_Biologia_Biotecnologie_definitiva_women-in-science_2023.jpg 1240w, https:\/\/sites.unica.it\/plsunica\/files\/2023\/01\/LOCANDINA_Biologia_Biotecnologie_definitiva_women-in-science_2023-212x300.jpg 212w, https:\/\/sites.unica.it\/plsunica\/files\/2023\/01\/LOCANDINA_Biologia_Biotecnologie_definitiva_women-in-science_2023-724x1024.jpg 724w, https:\/\/sites.unica.it\/plsunica\/files\/2023\/01\/LOCANDINA_Biologia_Biotecnologie_definitiva_women-in-science_2023-768x1086.jpg 768w, https:\/\/sites.unica.it\/plsunica\/files\/2023\/01\/LOCANDINA_Biologia_Biotecnologie_definitiva_women-in-science_2023-1087x1536.jpg 1087w\" sizes=\"auto, (max-width: 1240px) 100vw, 1240px\" \/><\/p>\n<p><a href=\"https:\/\/www.un.org\/en\/observances\/women-and-girls-in-science-day\/\"><strong>Sito ufficiale Women and Girls in Science<\/strong><\/a><\/p>\n<p style=\"text-align: center\">Referente PNLS per il CdS di Biologia e Biotecnologie:\u00a0 Prof. Paolo Follesa \u00a0\u00a0\u00a0\u00a0\u00a0\u00a0\u00a0\u00a0\u00a0\u00a0\u00a0\u00a0\u00a0\u00a0\u00a0\u00a0\u00a0\u00a0\u00a0\u00a0\u00a0\u00a0\u00a0\u00a0\u00a0\u00a0 Coordinatore PNLS UNICA: Prof.ssa Antonella Rossi<\/p>\n<p><a href=\"https:\/\/www.pianolaureescientifiche.it\">Pagina web del Piano Nazionale Lauree Scientifiche<\/a><\/p>\n<p><a href=\"https:\/\/www.pianolaureescientifiche.it\/sedi-pls-sardegna\/\">Pagina web del Piano Nazionale Lauree Scientifiche Sardegna<\/a><\/p>\n<p><span style=\"font-size: 14pt\"><strong>Archivio 2022<\/strong><\/span><\/p>\n<p>Qui l&#8217;elenco dei <strong>programmi individuali 2022<\/strong>\u00a0in formato pdf e il link alla pagina web dei diversi corsi di studio dove si trovano anche le modalita di iscrizione (lavoro in corso).<\/p>\n<table>\n<tbody>\n<tr>\n<td>Programma 11 febbraio di <strong><a href=\"https:\/\/sites.unica.it\/plsunica\/files\/2022\/01\/LOCANDINA_BIO_2022.pdf\">Biologia e Biotecnologie<\/a>\u00a0 \u00a0 \u00a0 <a href=\"https:\/\/unica.it\/unica\/page\/it\/paolo_follesa_avs_masterclass_women_and_girls_in_science_11_febbraio_2022\" target=\"_blank\" rel=\"noopener\">Link Biologia Biotecnologie<\/a><\/strong><\/td>\n<\/tr>\n<\/tbody>\n<\/table>\n<p><a href=\"http:\/\/sites.unica.it\/plsunica\/files\/2021\/01\/Programma-2021-PLS-Biologia.pdf\"><strong>Programma Masterclass Biologia Biotecnologie 2022<\/strong><\/a><\/p>\n<p><a href=\"http:\/\/sites.unica.it\/plsunica\/files\/2021\/01\/Programma-2021-PLS-Biologia.pdf\">\u00a0<\/a> \u201cWomen and Girls in Science 2022\u201d Biologia e Biotecnologie<\/p>\n<hr \/>\n<p><span style=\"font-size: 14pt\"><strong>Archivio 2021<\/strong><\/span><\/p>\n<p><span class=\"style-scope yt-formatted-string\" dir=\"auto\"><span style=\"font-size: 24pt;color: #000080\"><strong>11 febbraio 2021: WINGS<\/strong><\/span><\/span><\/p>\n<p><span class=\"style-scope yt-formatted-string\" dir=\"auto\">Trova qui la <a href=\"https:\/\/www.youtube.com\/watch?v=skkObklUwN0\"><strong>diretta streaming<\/strong><\/a> su Youtube della <em>Giornata Internazionale delle Donne e Ragazze nella Scienza<\/em> 2021 promosso dal PLS Biologia e Biotecnologie, Chimica, Fisica, Geologia, Informatica e Matematica.<br \/>\n<\/span><\/p>\n<p><img loading=\"lazy\" decoding=\"async\" class=\"alignnone wp-image-481\" src=\"http:\/\/sites.unica.it\/plsunica\/files\/2021\/02\/Foto_Matematica.jpg\" alt=\"\" width=\"265\" height=\"154\" \/><img loading=\"lazy\" decoding=\"async\" class=\"alignnone wp-image-470\" src=\"http:\/\/sites.unica.it\/plsunica\/files\/2021\/02\/Foto_Rettore.jpg\" alt=\"\" width=\"269\" height=\"157\" \/><img loading=\"lazy\" decoding=\"async\" class=\"alignnone wp-image-471\" src=\"http:\/\/sites.unica.it\/plsunica\/files\/2021\/02\/Foto_Morelli.jpg\" alt=\"\" width=\"261\" height=\"152\" \/><img loading=\"lazy\" decoding=\"async\" class=\"alignnone wp-image-472\" src=\"http:\/\/sites.unica.it\/plsunica\/files\/2021\/02\/Web_Presentazione.jpg\" alt=\"\" width=\"266\" height=\"151\" \/><\/p>\n<p>\u201cCare ragazze, sono felice di avervi con noi e il messaggio che vi trasmetto \u00e8 laureatevi bene, scegliete le cose che vi piacciono, concentratevi e scoprite cose nuove. Trovate un percorso che vi porti avanti. In bocca al lupo per il vostro futuro\u201d l\u2019intervento empatico e motivante del rettore <strong>Maria Del Zompo.<\/strong> <strong>Micaela Morelli <\/strong>ha annodato con sapienza storia e scienza. Fatiche e conquiste, tasselli preziosi nel mondo femminile impegnato nel mondo scientifico. Il prorettore per la Ricerca scientifica dell\u2019ateneo del capoluogo, ha tenuto la lectio su \u201cIl contributo delle donne nella scienza\u201d.<\/p>\n<p><strong>Antonella Rossi<\/strong>, decano di Chimica, ha ringraziato il team che ha curato l\u2019evento, e ha poi moderato una serie di testimonianze preziose, attive sul fronte della divulgazione scientifica nelle rispettive discipline.<\/p>\n<p>Archivio: Qui l\u2019elenco dei programmi 2021 dei diversi corsi di studio in formato pdf<\/p>\n<table>\n<tbody>\n<tr>\n<td>2021 Programma 11 febbraio di <strong><a href=\"https:\/\/sites.unica.it\/plsunica\/files\/2022\/01\/LOCANDINA_BIO_2021.pdf\">Biologia e Biotecnologie<\/a><\/strong><\/td>\n<\/tr>\n<\/tbody>\n<\/table>\n<p><strong><img loading=\"lazy\" decoding=\"async\" class=\"alignnone wp-image-532\" src=\"https:\/\/sites.unica.it\/plsunica\/files\/2021\/09\/cover_eventoFB_Cagliari.jpeg\" alt=\"\" width=\"257\" height=\"147\" \/><\/strong><\/p>\n<p><span style=\"font-size: 24pt;color: #000080\"><strong>24 settembre 2021: la notte dei ricercatori<\/strong><\/span><\/p>\n<p>Un\u2019 attivit\u00e0 trasversale di tutti i corsi di laurea che partecipano al Piano Nazionale Lauree Scientifiche UniCa prevede &#8220;<a href=\"https:\/\/sites.unica.it\/plsunica\/la-scienza-dell-acqua\/\"><strong>La scienza dell&#8217; acqua<\/strong><\/a>&#8221; con esperimenti di laboratorio interdisciplinari per esplorare e sperimentare propriet\u00e0, gestione e qualit\u00e0 della risorsa pi\u00f9 preziosa del nostro Pianeta: l\u2019acqua.<\/p>\n<p>Il PLS Biologia e Biotecnologia, insieme con il PLS Chimica, presenta esperimenti microbiologici e chimici per studiare l\u2019inquinamento delle acque e metodi innovativi per la rimozione degli inquinanti dalle acque.<\/p>\n<p>Con la partecipazione di: Sofia Cosentino e Paolo Follesa (Biologia e Biotecnologie).<\/p>\n","protected":false},"excerpt":{"rendered":"<p>Il PNLS Biologia e Biotecnologie afferisce al Di.S.V.A. MODULO DI ISCRIZIONE MASTERCLASS 2026 Locandina 11 febbraio 2026 Mastercalss PLS Locandina spettacolo &#8220;Sei donne che hanno cambiato il mondo&#8221; Il 6 febbraio 2026 per l\u2019apertura della giornata \u201cWoman and Girls in &hellip; <a href=\"https:\/\/sites.unica.it\/plsunica\/attivita-pls\/pls-biologia-e-biotecnologie\/\">Continua a leggere<span class=\"meta-nav\">&rarr;<\/span><\/a><\/p>\n","protected":false},"author":335,"featured_media":0,"parent":199,"menu_order":0,"comment_status":"closed","ping_status":"closed","template":"","meta":{"footnotes":""},"class_list":["post-107","page","type-page","status-publish","hentry"],"_links":{"self":[{"href":"https:\/\/sites.unica.it\/plsunica\/wp-json\/wp\/v2\/pages\/107","targetHints":{"allow":["GET"]}}],"collection":[{"href":"https:\/\/sites.unica.it\/plsunica\/wp-json\/wp\/v2\/pages"}],"about":[{"href":"https:\/\/sites.unica.it\/plsunica\/wp-json\/wp\/v2\/types\/page"}],"author":[{"embeddable":true,"href":"https:\/\/sites.unica.it\/plsunica\/wp-json\/wp\/v2\/users\/335"}],"replies":[{"embeddable":true,"href":"https:\/\/sites.unica.it\/plsunica\/wp-json\/wp\/v2\/comments?post=107"}],"version-history":[{"count":55,"href":"https:\/\/sites.unica.it\/plsunica\/wp-json\/wp\/v2\/pages\/107\/revisions"}],"predecessor-version":[{"id":1579,"href":"https:\/\/sites.unica.it\/plsunica\/wp-json\/wp\/v2\/pages\/107\/revisions\/1579"}],"up":[{"embeddable":true,"href":"https:\/\/sites.unica.it\/plsunica\/wp-json\/wp\/v2\/pages\/199"}],"wp:attachment":[{"href":"https:\/\/sites.unica.it\/plsunica\/wp-json\/wp\/v2\/media?parent=107"}],"curies":[{"name":"wp","href":"https:\/\/api.w.org\/{rel}","templated":true}]}}