{"id":103,"date":"2020-01-16T17:22:35","date_gmt":"2020-01-16T16:22:35","guid":{"rendered":"http:\/\/sites.unica.it\/plsunica\/?page_id=103"},"modified":"2023-01-31T17:27:04","modified_gmt":"2023-01-31T16:27:04","slug":"pls-geologia","status":"publish","type":"page","link":"https:\/\/sites.unica.it\/plsunica\/attivita-pls\/pls-geologia\/","title":{"rendered":"PNLS Geologia"},"content":{"rendered":"<p>Referente del PNLS del CdS di Geologia: <a href=\"https:\/\/people.unica.it\/stefaniadapelo\/\">Prof. Stefania da Pelo<\/a><\/p>\n<p>Pagina web del <a href=\"https:\/\/sites.unica.it\/pls\/piano-lauree-scientifiche\/azioni-del-pls\/\">Piano Nazionale Lauree Scientifiche di Geologia<\/a><\/p>\n<p><a href=\"https:\/\/sites.unica.it\/pls\/master-class-women-and-girls-in-science-10-febbraio-2023\/\"><strong>Masterclass di Geologia<\/strong><\/a> Women and Girls in Science 10 Febbraio 2023<\/p>\n<p>&nbsp;<\/p>\n<p><strong>24 settembre 2021: la notte dei ricercatori<\/strong><\/p>\n<p><strong><img loading=\"lazy\" decoding=\"async\" class=\"alignnone wp-image-532\" src=\"https:\/\/sites.unica.it\/plsunica\/files\/2021\/09\/cover_eventoFB_Cagliari.jpeg\" alt=\"\" width=\"275\" height=\"159\" \/><\/strong><\/p>\n<p>Un\u2019 attivit\u00e0 trasversale di tutti i corsi di laurea che partecipano al Piano Nazionale Lauree Scientifiche UniCa prevede \u201c<a href=\"https:\/\/sites.unica.it\/plsunica\/la-scienza-dell-acqua\/\"><strong>La scienza dell\u2019 acqua<\/strong><\/a>\u201d con esperimenti di laboratorio interdisciplinari per esplorare e sperimentare propriet\u00e0, gestione e qualit\u00e0 della risorsa pi\u00f9 preziosa del nostro Pianeta: l\u2019acqua.<\/p>\n<p>Il PNLS Geologia presenta esperimenti sull&#8217; origine degli elementi radioattivi e del Radon e le modalit\u00e0 di dispersione nelle acque naturali.<\/p>\n<p>Con la partecipazione di Stefania Da Pelo, Maria Teresa Melis, Carla Buosi, Alfredo Loi, Antonio Funedda e Gian Luigi Pillola (Geologia)<\/p>\n","protected":false},"excerpt":{"rendered":"<p>Referente del PNLS del CdS di Geologia: Prof. Stefania da Pelo Pagina web del Piano Nazionale Lauree Scientifiche di Geologia Masterclass di Geologia Women and Girls in Science 10 Febbraio 2023 &nbsp; 24 settembre 2021: la notte dei ricercatori Un\u2019 &hellip; <a href=\"https:\/\/sites.unica.it\/plsunica\/attivita-pls\/pls-geologia\/\">Continua a leggere<span class=\"meta-nav\">&rarr;<\/span><\/a><\/p>\n","protected":false},"author":335,"featured_media":0,"parent":199,"menu_order":0,"comment_status":"closed","ping_status":"closed","template":"","meta":{"footnotes":""},"class_list":["post-103","page","type-page","status-publish","hentry"],"_links":{"self":[{"href":"https:\/\/sites.unica.it\/plsunica\/wp-json\/wp\/v2\/pages\/103","targetHints":{"allow":["GET"]}}],"collection":[{"href":"https:\/\/sites.unica.it\/plsunica\/wp-json\/wp\/v2\/pages"}],"about":[{"href":"https:\/\/sites.unica.it\/plsunica\/wp-json\/wp\/v2\/types\/page"}],"author":[{"embeddable":true,"href":"https:\/\/sites.unica.it\/plsunica\/wp-json\/wp\/v2\/users\/335"}],"replies":[{"embeddable":true,"href":"https:\/\/sites.unica.it\/plsunica\/wp-json\/wp\/v2\/comments?post=103"}],"version-history":[{"count":12,"href":"https:\/\/sites.unica.it\/plsunica\/wp-json\/wp\/v2\/pages\/103\/revisions"}],"predecessor-version":[{"id":885,"href":"https:\/\/sites.unica.it\/plsunica\/wp-json\/wp\/v2\/pages\/103\/revisions\/885"}],"up":[{"embeddable":true,"href":"https:\/\/sites.unica.it\/plsunica\/wp-json\/wp\/v2\/pages\/199"}],"wp:attachment":[{"href":"https:\/\/sites.unica.it\/plsunica\/wp-json\/wp\/v2\/media?parent=103"}],"curies":[{"name":"wp","href":"https:\/\/api.w.org\/{rel}","templated":true}]}}