{"id":3012,"date":"2026-02-15T18:07:26","date_gmt":"2026-02-15T18:07:26","guid":{"rendered":"https:\/\/sites.unica.it\/plschimica\/?page_id=3012"},"modified":"2026-02-19T13:05:55","modified_gmt":"2026-02-19T13:05:55","slug":"orientamento-chimica-2026","status":"publish","type":"page","link":"https:\/\/sites.unica.it\/plschimica\/orientamento-chimica-2026\/","title":{"rendered":"Orientamento Chimica 2026"},"content":{"rendered":"\n<figure class=\"wp-block-image size-large\"><a href=\"https:\/\/sites.unica.it\/plschimica\/files\/2026\/02\/Titolo-2026.jpg\"><img decoding=\"async\" width=\"1024\" height=\"158\" src=\"https:\/\/sites.unica.it\/plschimica\/files\/2026\/02\/Titolo-2026-1024x158.jpg\" alt=\"\" class=\"wp-image-3016\" srcset=\"https:\/\/sites.unica.it\/plschimica\/files\/2026\/02\/Titolo-2026-1024x158.jpg 1024w, https:\/\/sites.unica.it\/plschimica\/files\/2026\/02\/Titolo-2026-300x46.jpg 300w, https:\/\/sites.unica.it\/plschimica\/files\/2026\/02\/Titolo-2026-768x119.jpg 768w, https:\/\/sites.unica.it\/plschimica\/files\/2026\/02\/Titolo-2026-1536x238.jpg 1536w, https:\/\/sites.unica.it\/plschimica\/files\/2026\/02\/Titolo-2026.jpg 1848w\" sizes=\"(max-width: 1024px) 100vw, 1024px\" \/><\/a><\/figure>\n\n\n\n<p>Le Giornate di Orientamento si svolgono nei giorni 18 &#8211; 19 &#8211; 20 febbraio 2026 nella cittadella universitaria di Monserrato. Il <strong>corso di Laura di Chimca<\/strong> partecipa come ogni anno per fornire alle studentesse e studenti delle scuole informazioni utili sulla materie della chimica, sul corso di laurea e sugli sbocchi occupazionali. Le attivit\u00e0 comprendono la presentazione del corso di Laurea di Chimica e gli sbochi professionali, tre seminari e <strong><a href=\"https:\/\/sites.unica.it\/plschimica\/attivita-di-laboratorio\/\" data-type=\"page\" data-id=\"2290\" target=\"_blank\" rel=\"noreferrer noopener\"><mark class=\"has-inline-color has-vivid-cyan-blue-color\">attivit\u00e0 di laboratorio<\/mark><\/a>.<\/strong> Tutte le attivit\u00e0 per Chimica si svolgono nel blocco G2 (aula 11) e blocco H2 (laboratori e aula F, vedi mappa).<\/p>\n\n\n\n<p>&nbsp;<\/p>\n<p><a href=\"https:\/\/sites.unica.it\/plschimica\/files\/2026\/02\/Mappa-2026-scaled.jpg\"><img decoding=\"async\" class=\"wp-image-3017 aligncenter\" src=\"https:\/\/sites.unica.it\/plschimica\/files\/2026\/02\/Mappa-2026-scaled.jpg\" alt=\"\" width=\"680\" height=\"663\" srcset=\"https:\/\/sites.unica.it\/plschimica\/files\/2026\/02\/Mappa-2026-scaled.jpg 2560w, https:\/\/sites.unica.it\/plschimica\/files\/2026\/02\/Mappa-2026-300x292.jpg 300w, https:\/\/sites.unica.it\/plschimica\/files\/2026\/02\/Mappa-2026-1024x998.jpg 1024w, https:\/\/sites.unica.it\/plschimica\/files\/2026\/02\/Mappa-2026-768x749.jpg 768w, https:\/\/sites.unica.it\/plschimica\/files\/2026\/02\/Mappa-2026-1536x1498.jpg 1536w, https:\/\/sites.unica.it\/plschimica\/files\/2026\/02\/Mappa-2026-2048x1997.jpg 2048w, https:\/\/sites.unica.it\/plschimica\/files\/2026\/02\/Mappa-2026-24x24.jpg 24w, https:\/\/sites.unica.it\/plschimica\/files\/2026\/02\/Mappa-2026-36x36.jpg 36w, https:\/\/sites.unica.it\/plschimica\/files\/2026\/02\/Mappa-2026-48x48.jpg 48w\" sizes=\"(max-width: 680px) 100vw, 680px\" \/><\/a><\/p>\n\n\n\n<p>Il programma dell&#8217;evento pu\u00f2 essere scaricato a <a href=\"https:\/\/magazine.unica.it\/wp-content\/uploads\/2026\/02\/programma_GO_2026_completo_0.pdf\">questo link.<\/a>&nbsp;<\/p>\n\n\n\n<p class=\"has-vivid-cyan-blue-color has-text-color has-link-color wp-elements-ab388f8920d95f15fe29c1cb5bc469f8\"><strong>Presentazione del <a href=\"https:\/\/www.unica.it\/it\/didattica\/corsi-di-studio\/corsi-di-laurea-triennale-e-ciclo-unico\/chimica\" target=\"_blank\" rel=\"noreferrer noopener\">corso di laurea di Chimica<\/a> L-27 e sbocchi professionali<\/strong><\/p>\n\n\n\n<ul class=\"wp-block-list\">\n<li>18 febbraio ore 11.00 \u2013 11.20 blocco H2 aula F&nbsp; <em>Tiziana Pivetta<\/em><\/li>\n\n\n\n<li>18 febbraio ore 12.00 \u2013 12.20 blocco H2 aula F  <em>Tiziana Pivetta<\/em><\/li>\n\n\n\n<li>19 febbraio ore 09.00 \u2013 09.20 blocco G2 aula 11   <em>Deborah Biggio<\/em><\/li>\n\n\n\n<li>19 febbraio ore 10.00 \u2013 10.20 blocco G2 aula 11    <em>Silvia Porcedda<\/em><\/li>\n\n\n\n<li>20 febbraio ore 09.00 \u2013 09.20 blocco H2 aula F &nbsp; <em>Giulio Casula<\/em><\/li>\n\n\n\n<li>&nbsp;<\/li>\n<\/ul>\n\n\n\n<p class=\"has-vivid-cyan-blue-color has-text-color has-link-color wp-elements-4300063eec8848d4e1361c0f2c0623b1\"><strong>Seminari<\/strong><\/p>\n\n\n\n<ul class=\"wp-block-list\">\n<li>18 febbraio ore 11.30 \u2013 11.50 blocco H2 aula F&nbsp; <strong>Un chimico da Heidelberg Materials<\/strong>, <em>Dott. Silvia Liscia<\/em><\/li>\n\n\n\n<li>18 febbraio ore 12.30 \u2013 12.50 blocco G2 aula 11&nbsp; <strong>Studiare Chimica oggi: competenze, sbocchi, futuro<\/strong>,  <em>Elia Tronci<\/em><\/li>\n\n\n\n<li>19 febbraio ore 09.30 \u2013 09.50 blocco G2 aula 11: <strong>La chimica nei laboratori forense: l\u2019esperienze presso il RIS Cagliari,&nbsp;<\/strong> <em>Enrica Tuveri<\/em><\/li>\n\n\n\n<li>19 febbraio ore 10.30 \u2013 10.50 blocco G2 aula 11: <strong>Il ruolo del chimico nelle attivit\u00e0 delle dogane<\/strong>,&nbsp;<em>Viola Lollai, Luca Medda<\/em><\/li>\n\n\n\n<li>20 febbraio ore 09.30 \u2013 09.50 blocco H2 aula F: <strong>Laurea in chimica: un percorso accademico per valorizzare la carriera<\/strong>,   <em>Maurizio Picciau<\/em><\/li>\n\n\n\n<li>20 febbraio ore 10.30 \u2013 10.50 blocco G2 aula 11: <strong>Il ruolo del chimico nell\u2019 analisi forense in ambito ambientale<\/strong>,  <em>Tiziana Pivetta<\/em><\/li>\n<\/ul>\n\n\n\n<p><span style=\"color: #00ccff\"><strong>Esperimenti di laboratorio&nbsp; (dimostrativi)<\/strong><\/span><\/p>\n\n\n\n<ul class=\"wp-block-list\">\n<li><a href=\"https:\/\/sites.unica.it\/plschimica\/batteria-naturale\/\">La pila vegetale<\/a> &#8211; energia chimica trasformata in energia elettrica<\/li>\n\n\n\n<li><a href=\"https:\/\/sites.unica.it\/plschimica\/profumi-della-sardegna\/\">I profumi della Sardegna<\/a> &#8211; un gioco<\/li>\n\n\n\n<li>La polvere di stelle &#8211; la pioggia d&#8217;oro<\/li>\n\n\n\n<li><a href=\"https:\/\/sites.unica.it\/plschimica\/idrogeno-verde\/\">Produzione di idrogeno verde<\/a><\/li>\n\n\n\n<li>Alberi d&#8217;argento &#8211; l&#8217;albero di Diana<\/li>\n\n\n\n<li>L&#8217;arcobaleno chimico <\/li>\n\n\n\n<li><a href=\"https:\/\/sites.unica.it\/plschimica\/rilevare-piombo\/\">Rimozione del piombo dalle acque<\/a><\/li>\n<\/ul>\n\n\n\n<p><em>a cura di Marzia Fantauzzi, Deborah Biggio, Raouaa Hannachi, Giulio Casula, Marta Siddi (Gruppo di Analisi di Superfici, Elettrochimica e Corrosione) Claudia Caltagirone e quattro studenti tutor Melissa Diana, Gioele Maria Spano, Maria Karol Columbo e Michele Greco del Dipartimento di Scienze Chimiche e Geologiche.<\/em>  <\/p>\n\n\n\n<p>Albero d&#8217;Argento\u00a0 \u00a0 \u00a0 \u00a0 \u00a0 \u00a0 \u00a0 \u00a0 \u00a0 \u00a0 \u00a0 \u00a0 \u00a0 \u00a0L&#8217;arcobaleno chimico\u00a0<\/p>\n<p><a href=\"https:\/\/sites.unica.it\/plschimica\/files\/2026\/02\/Albero-dArgento.jpg\"><img decoding=\"async\" class=\"alignnone  wp-image-3069\" src=\"https:\/\/sites.unica.it\/plschimica\/files\/2026\/02\/Albero-dArgento.jpg\" alt=\"\" width=\"235\" height=\"313\" srcset=\"https:\/\/sites.unica.it\/plschimica\/files\/2026\/02\/Albero-dArgento.jpg 960w, https:\/\/sites.unica.it\/plschimica\/files\/2026\/02\/Albero-dArgento-225x300.jpg 225w, https:\/\/sites.unica.it\/plschimica\/files\/2026\/02\/Albero-dArgento-768x1024.jpg 768w\" sizes=\"(max-width: 235px) 100vw, 235px\" \/> <\/a><a href=\"https:\/\/sites.unica.it\/plschimica\/files\/2026\/02\/Colori-Arcobaleno.jpg\"><img decoding=\"async\" class=\"alignnone  wp-image-3070\" src=\"https:\/\/sites.unica.it\/plschimica\/files\/2026\/02\/Colori-Arcobaleno.jpg\" alt=\"\" width=\"403\" height=\"314\" srcset=\"https:\/\/sites.unica.it\/plschimica\/files\/2026\/02\/Colori-Arcobaleno.jpg 1495w, https:\/\/sites.unica.it\/plschimica\/files\/2026\/02\/Colori-Arcobaleno-300x234.jpg 300w, https:\/\/sites.unica.it\/plschimica\/files\/2026\/02\/Colori-Arcobaleno-1024x797.jpg 1024w, https:\/\/sites.unica.it\/plschimica\/files\/2026\/02\/Colori-Arcobaleno-768x598.jpg 768w\" sizes=\"(max-width: 403px) 100vw, 403px\" \/><\/a><\/p>\n\n\n\n<p><span style=\"color: #00ccff\"><strong>Visite guidate al Museo di Chimica<\/strong><\/span><\/p>\n<p><em>a cura di Davide Atzei<\/em><\/p>\n\n\n\n<p><\/p>\n\n\n\n<p><\/p>\n\n\n\n<p><\/p>\n","protected":false},"excerpt":{"rendered":"<p>Le Giornate di Orientamento si svolgono nei giorni 18 &#8211; 19 &#8211; 20 febbraio 2026 nella cittadella universitaria di Monserrato. Il corso di Laura di Chimca partecipa come ogni anno per fornire alle studentesse e studenti delle scuole informazioni utili sulla materie della chimica, sul corso di laurea e sugli sbocchi occupazionali. Le attivit\u00e0 comprendono la presentazione del corso di Laurea di Chimica e gli sbochi professionali, tre seminari e attivit\u00e0 di laboratorio. Tutte le attivit\u00e0 per Chimica si svolgono nel blocco G2 (aula 11) e blocco H2 (laboratori e aula F, vedi mappa). &nbsp; Il programma dell&#8217;evento pu\u00f2 essere <a href='https:\/\/sites.unica.it\/plschimica\/orientamento-chimica-2026\/' class='excerpt-more'>[&#8230;]<\/a><\/p>\n","protected":false},"author":335,"featured_media":0,"parent":0,"menu_order":0,"comment_status":"closed","ping_status":"closed","template":"","meta":{"footnotes":""},"class_list":["post-3012","page","type-page","status-publish","hentry","post-seq-1","post-parity-odd","meta-position-corners","fix"],"_links":{"self":[{"href":"https:\/\/sites.unica.it\/plschimica\/wp-json\/wp\/v2\/pages\/3012","targetHints":{"allow":["GET"]}}],"collection":[{"href":"https:\/\/sites.unica.it\/plschimica\/wp-json\/wp\/v2\/pages"}],"about":[{"href":"https:\/\/sites.unica.it\/plschimica\/wp-json\/wp\/v2\/types\/page"}],"author":[{"embeddable":true,"href":"https:\/\/sites.unica.it\/plschimica\/wp-json\/wp\/v2\/users\/335"}],"replies":[{"embeddable":true,"href":"https:\/\/sites.unica.it\/plschimica\/wp-json\/wp\/v2\/comments?post=3012"}],"version-history":[{"count":20,"href":"https:\/\/sites.unica.it\/plschimica\/wp-json\/wp\/v2\/pages\/3012\/revisions"}],"predecessor-version":[{"id":3072,"href":"https:\/\/sites.unica.it\/plschimica\/wp-json\/wp\/v2\/pages\/3012\/revisions\/3072"}],"wp:attachment":[{"href":"https:\/\/sites.unica.it\/plschimica\/wp-json\/wp\/v2\/media?parent=3012"}],"curies":[{"name":"wp","href":"https:\/\/api.w.org\/{rel}","templated":true}]}}