{"id":281,"date":"2012-06-28T13:41:31","date_gmt":"2012-06-28T13:41:31","guid":{"rendered":"http:\/\/people.unica.it\/meccanica\/?page_id=281"},"modified":"2026-01-15T16:12:53","modified_gmt":"2026-01-15T16:12:53","slug":"masterclass","status":"publish","type":"page","link":"https:\/\/sites.unica.it\/plschimica\/masterclass\/","title":{"rendered":"Women and Girls in Science"},"content":{"rendered":"<p><span style=\"font-family: helvetica,arial,sans-serif\">L\u2019Assemblea Generale delle Nazioni Unite ha istituito <strong>l\u201911 Febbraio come la <span style=\"color: #33cccc\"><a style=\"color: #33cccc\" href=\"https:\/\/www.un.org\/en\/events\/women-and-girls-in-science-day\/index.shtml\">Giornata Internazionale per le donne e le ragazze nella scienza<\/a><\/span><\/strong> per promuovere l\u2019uguaglianza di genere e a far s\u00ec che donne e ragazze ottengano parit\u00e0 di accesso e partecipazione nella scienza. In questa data e nei giorni successivi, in tante citt\u00e0 in Italia e nel mondo, si svolgeranno numerose iniziative volte a ispirare e coinvolgere le donne e le ragazze in campo scientifico.<\/span><\/p>\n<p><span style=\"font-family: helvetica,arial,sans-serif\"><a href=\"https:\/\/sites.unica.it\/plschimica\/files\/2022\/01\/Logo_2022.png\"><img decoding=\"async\" class=\" wp-image-1980 alignleft\" src=\"https:\/\/sites.unica.it\/plschimica\/files\/2022\/01\/Logo_2022.png\" alt=\"logo\" width=\"278\" height=\"307\" \/><\/a>Per questo i corsi di laurea in <strong>Biologia, Biotecnologie, Chimica, Fisica, Gelogia, Informatica, Matematica e Scienze Ambientali e Naturali\u00a0<\/strong>dell\u2019Universit\u00e0 di Cagliari, coinvolti nei progetti PLS, hanno aderito all\u2019iniziativa proponendo una serie di attivit\u00e0 comuni e differenziate per ambito disciplinare dedicate alle studentesse pi\u00f9 meritevoli dell\u2019ultimo biennio delle Scuole Secondarie di secondo grado. <\/span><span style=\"font-family: helvetica,arial,sans-serif\">L\u2019evento consiste in un\u2019intera giornata in cui le ragazze, dopo un\u2019accoglienza iniziale che le vedr\u00e0 riunite insieme, saranno divise in gruppi e, affiancate dalle ricercatrici, potranno effettuare\u00a0 attivit\u00e0 sperimentali nei diversi ambiti scientifici.<\/span><\/p>\n<p>Le prossime giornate &#8220;Women and Girls in Science inizieranno il <strong>6 febbraio 2026 <\/strong>con lo <a href=\"https:\/\/sites.unica.it\/plschimica\/spettacolo-6-febbraio-2026\/\" target=\"_blank\" rel=\"noopener\"><strong><span style=\"color: #3366ff\">spettacolo<\/span><\/strong> &#8220;Sei donne che hanno cambiato il mondo&#8221;<\/a> con Gabriella Greison al Teatro Massimo di Cagliari. La giornata con le masterclass si svolger\u00e0<strong> l&#8217;11 febbraio 2026 <\/strong>nei laboratori della Cittadella Universitaria di Monserrato. Scarica qui il <a href=\"https:\/\/sites.unica.it\/plschimica\/files\/2026\/01\/Modulo_Iscrizione_2026.docx\"><strong><span style=\"color: #3366ff\">Modulo_Iscrizione_2026<\/span><\/strong><\/a> alla masterclass chimica.<\/p>\n<p><a href=\"https:\/\/sites.unica.it\/plschimica\/files\/2025\/12\/WINS-2026-2-1.jpg\"><img decoding=\"async\" class=\"alignnone size-full wp-image-2779\" src=\"https:\/\/sites.unica.it\/plschimica\/files\/2025\/12\/WINS-2026-2-1.jpg\" alt=\"\" width=\"1458\" height=\"820\" srcset=\"https:\/\/sites.unica.it\/plschimica\/files\/2025\/12\/WINS-2026-2-1.jpg 1458w, https:\/\/sites.unica.it\/plschimica\/files\/2025\/12\/WINS-2026-2-1-300x169.jpg 300w, https:\/\/sites.unica.it\/plschimica\/files\/2025\/12\/WINS-2026-2-1-1024x576.jpg 1024w, https:\/\/sites.unica.it\/plschimica\/files\/2025\/12\/WINS-2026-2-1-768x432.jpg 768w\" sizes=\"(max-width: 1458px) 100vw, 1458px\" \/><\/a><\/p>\n<hr \/>\n<p><span style=\"font-family: helvetica,arial,sans-serif\"><strong>Archivio<\/strong><\/span><\/p>\n<p><span style=\"font-family: arial, helvetica, sans-serif\">Ecco le prime impressioni della giornata &#8220;Women and Girls in Science&#8221; di venerd\u00ec 10 febbraio 2023<\/span><\/p>\n<p><a href=\"https:\/\/sites.unica.it\/plschimica\/files\/2023\/02\/WG_Aula_2023.jpg\"><img decoding=\"async\" class=\"alignnone wp-image-2078\" src=\"https:\/\/sites.unica.it\/plschimica\/files\/2023\/02\/WG_Aula_2023.jpg\" alt=\"\" width=\"322\" height=\"233\" srcset=\"https:\/\/sites.unica.it\/plschimica\/files\/2023\/02\/WG_Aula_2023.jpg 750w, https:\/\/sites.unica.it\/plschimica\/files\/2023\/02\/WG_Aula_2023-300x217.jpg 300w\" sizes=\"(max-width: 322px) 100vw, 322px\" \/><\/a> <a href=\"https:\/\/sites.unica.it\/plschimica\/files\/2023\/02\/WG_Lab_2023.jpg\"><img decoding=\"async\" class=\"alignnone wp-image-2079\" src=\"https:\/\/sites.unica.it\/plschimica\/files\/2023\/02\/WG_Lab_2023.jpg\" alt=\"\" width=\"293\" height=\"234\" srcset=\"https:\/\/sites.unica.it\/plschimica\/files\/2023\/02\/WG_Lab_2023.jpg 891w, https:\/\/sites.unica.it\/plschimica\/files\/2023\/02\/WG_Lab_2023-300x240.jpg 300w, https:\/\/sites.unica.it\/plschimica\/files\/2023\/02\/WG_Lab_2023-768x614.jpg 768w\" sizes=\"(max-width: 293px) 100vw, 293px\" \/><\/a><\/p>\n<p><span style=\"font-family: helvetica,arial,sans-serif\">L&#8217;evento finale della masterclass si \u00e8 svolta <strong>luned\u00ec 11 febbraio 2021 <\/strong>dalle ore 09.00 in poi in diretta streaming. <strong><span style=\"color: #0000ff\"><a style=\"color: #0000ff\" href=\"https:\/\/www.youtube.com\/watch?v=skkObklUwN0&amp;t=3030s\">Link alla registrazione<\/a><\/span><\/strong> \u00a0 \u00a0 <\/span><\/p>\n<p><a href=\"http:\/\/sites.unica.it\/plschimica\/files\/2021\/02\/Foto_Matematica.jpg\"><img decoding=\"async\" class=\"alignnone wp-image-1869\" src=\"http:\/\/sites.unica.it\/plschimica\/files\/2021\/02\/Foto_Matematica.jpg\" alt=\"\" width=\"310\" height=\"175\" srcset=\"https:\/\/sites.unica.it\/plschimica\/files\/2021\/02\/Foto_Matematica.jpg 1761w, https:\/\/sites.unica.it\/plschimica\/files\/2021\/02\/Foto_Matematica-300x169.jpg 300w, https:\/\/sites.unica.it\/plschimica\/files\/2021\/02\/Foto_Matematica-1024x578.jpg 1024w, https:\/\/sites.unica.it\/plschimica\/files\/2021\/02\/Foto_Matematica-768x433.jpg 768w, https:\/\/sites.unica.it\/plschimica\/files\/2021\/02\/Foto_Matematica-1536x867.jpg 1536w\" sizes=\"(max-width: 310px) 100vw, 310px\" \/><\/a><a href=\"http:\/\/sites.unica.it\/plschimica\/files\/2021\/02\/Foto_Rettore.jpg\"><img decoding=\"async\" class=\"alignnone wp-image-1859\" src=\"http:\/\/sites.unica.it\/plschimica\/files\/2021\/02\/Foto_Rettore.jpg\" alt=\"\" width=\"310\" height=\"174\" srcset=\"https:\/\/sites.unica.it\/plschimica\/files\/2021\/02\/Foto_Rettore.jpg 1764w, https:\/\/sites.unica.it\/plschimica\/files\/2021\/02\/Foto_Rettore-300x169.jpg 300w, https:\/\/sites.unica.it\/plschimica\/files\/2021\/02\/Foto_Rettore-1024x575.jpg 1024w, https:\/\/sites.unica.it\/plschimica\/files\/2021\/02\/Foto_Rettore-768x431.jpg 768w, https:\/\/sites.unica.it\/plschimica\/files\/2021\/02\/Foto_Rettore-1536x863.jpg 1536w\" sizes=\"(max-width: 310px) 100vw, 310px\" \/><\/a><a href=\"http:\/\/sites.unica.it\/plschimica\/files\/2021\/02\/Foto_Morelli.jpg\"><img decoding=\"async\" class=\"alignnone wp-image-1860\" src=\"http:\/\/sites.unica.it\/plschimica\/files\/2021\/02\/Foto_Morelli.jpg\" alt=\"\" width=\"304\" height=\"171\" srcset=\"https:\/\/sites.unica.it\/plschimica\/files\/2021\/02\/Foto_Morelli.jpg 1768w, https:\/\/sites.unica.it\/plschimica\/files\/2021\/02\/Foto_Morelli-300x169.jpg 300w, https:\/\/sites.unica.it\/plschimica\/files\/2021\/02\/Foto_Morelli-1024x577.jpg 1024w, https:\/\/sites.unica.it\/plschimica\/files\/2021\/02\/Foto_Morelli-768x433.jpg 768w, https:\/\/sites.unica.it\/plschimica\/files\/2021\/02\/Foto_Morelli-1536x865.jpg 1536w\" sizes=\"(max-width: 304px) 100vw, 304px\" \/><\/a><a href=\"http:\/\/sites.unica.it\/plschimica\/files\/2021\/02\/Web_Presentazione.jpg\"><img decoding=\"async\" class=\"alignnone wp-image-1861\" src=\"http:\/\/sites.unica.it\/plschimica\/files\/2021\/02\/Web_Presentazione.jpg\" alt=\"\" width=\"318\" height=\"178\" srcset=\"https:\/\/sites.unica.it\/plschimica\/files\/2021\/02\/Web_Presentazione.jpg 1767w, https:\/\/sites.unica.it\/plschimica\/files\/2021\/02\/Web_Presentazione-300x168.jpg 300w, https:\/\/sites.unica.it\/plschimica\/files\/2021\/02\/Web_Presentazione-1024x573.jpg 1024w, https:\/\/sites.unica.it\/plschimica\/files\/2021\/02\/Web_Presentazione-768x429.jpg 768w, https:\/\/sites.unica.it\/plschimica\/files\/2021\/02\/Web_Presentazione-1536x859.jpg 1536w\" sizes=\"(max-width: 318px) 100vw, 318px\" \/><\/a><\/p>\n<p><span style=\"font-family: helvetica,arial,sans-serif\">\u201cCare ragazze, sono felice di avervi con noi e il messaggio che vi trasmetto \u00e8 laureatevi bene, scegliete le cose che vi piacciono, concentratevi e scoprite cose nuove. Trovate un percorso che vi porti avanti. In bocca al lupo per il vostro futuro\u201d l\u2019intervento empatico e motivante del rettore <strong>Maria Del Zompo.<\/strong> <strong>Micaela Morelli <\/strong>ha annodato con sapienza storia e scienza. Fatiche e conquiste, tasselli preziosi nel mondo femminile impegnato nel mondo scientifico. Il prorettore per la Ricerca scientifica dell\u2019ateneo del capoluogo, ha tenuto la lectio su &#8220;Il contributo delle donne nella scienza&#8221;. <\/span><\/p>\n<p><span style=\"font-family: helvetica,arial,sans-serif\"><strong>Antonella Rossi<\/strong>, decano di Chimica ha ringraziato il team che ha curato l\u2019evento, e ha poi moderato una serie di testimonianze preziose, attive sul fronte della divulgazione scientifica nelle rispettive discipline.<br \/>\n<\/span><\/p>","protected":false},"excerpt":{"rendered":"<p>L\u2019Assemblea Generale delle Nazioni Unite ha istituito l\u201911 Febbraio come la Giornata Internazionale per le donne e le ragazze nella scienza per promuovere l\u2019uguaglianza di genere e a far s\u00ec che donne e ragazze ottengano parit\u00e0 di accesso e partecipazione nella scienza. In questa data e nei giorni successivi, in tante citt\u00e0 in Italia e nel mondo, si svolgeranno numerose iniziative volte a ispirare e coinvolgere le donne e le ragazze in campo scientifico. Per questo i corsi di laurea in Biologia, Biotecnologie, Chimica, Fisica, Gelogia, Informatica, Matematica e Scienze Ambientali e Naturali\u00a0dell\u2019Universit\u00e0 di Cagliari, coinvolti nei progetti PLS, hanno <a href='https:\/\/sites.unica.it\/plschimica\/masterclass\/' class='excerpt-more'>[&#8230;]<\/a><\/p>\n","protected":false},"author":643,"featured_media":0,"parent":0,"menu_order":6,"comment_status":"closed","ping_status":"closed","template":"","meta":{"footnotes":""},"class_list":["post-281","page","type-page","status-publish","hentry","post-seq-1","post-parity-odd","meta-position-corners","fix"],"_links":{"self":[{"href":"https:\/\/sites.unica.it\/plschimica\/wp-json\/wp\/v2\/pages\/281","targetHints":{"allow":["GET"]}}],"collection":[{"href":"https:\/\/sites.unica.it\/plschimica\/wp-json\/wp\/v2\/pages"}],"about":[{"href":"https:\/\/sites.unica.it\/plschimica\/wp-json\/wp\/v2\/types\/page"}],"author":[{"embeddable":true,"href":"https:\/\/sites.unica.it\/plschimica\/wp-json\/wp\/v2\/users\/643"}],"replies":[{"embeddable":true,"href":"https:\/\/sites.unica.it\/plschimica\/wp-json\/wp\/v2\/comments?post=281"}],"version-history":[{"count":30,"href":"https:\/\/sites.unica.it\/plschimica\/wp-json\/wp\/v2\/pages\/281\/revisions"}],"predecessor-version":[{"id":2921,"href":"https:\/\/sites.unica.it\/plschimica\/wp-json\/wp\/v2\/pages\/281\/revisions\/2921"}],"wp:attachment":[{"href":"https:\/\/sites.unica.it\/plschimica\/wp-json\/wp\/v2\/media?parent=281"}],"curies":[{"name":"wp","href":"https:\/\/api.w.org\/{rel}","templated":true}]}}