{"id":2603,"date":"2025-02-06T16:56:59","date_gmt":"2025-02-06T16:56:59","guid":{"rendered":"https:\/\/sites.unica.it\/plschimica\/?page_id=2603"},"modified":"2026-02-16T18:08:39","modified_gmt":"2026-02-16T18:08:39","slug":"orientamento-chimica-2025","status":"publish","type":"page","link":"https:\/\/sites.unica.it\/plschimica\/orientamento-chimica-2025\/","title":{"rendered":"Orientamento Chimica 2025"},"content":{"rendered":"\n<figure class=\"wp-block-image size-large\"><img decoding=\"async\" width=\"1024\" height=\"194\" src=\"https:\/\/sites.unica.it\/plschimica\/files\/2025\/02\/Orientamento_2025-1024x194.jpg\" alt=\"\" class=\"wp-image-2612\" srcset=\"https:\/\/sites.unica.it\/plschimica\/files\/2025\/02\/Orientamento_2025-1024x194.jpg 1024w, https:\/\/sites.unica.it\/plschimica\/files\/2025\/02\/Orientamento_2025-300x57.jpg 300w, https:\/\/sites.unica.it\/plschimica\/files\/2025\/02\/Orientamento_2025-768x145.jpg 768w, https:\/\/sites.unica.it\/plschimica\/files\/2025\/02\/Orientamento_2025-1536x291.jpg 1536w, https:\/\/sites.unica.it\/plschimica\/files\/2025\/02\/Orientamento_2025-2048x388.jpg 2048w\" sizes=\"(max-width: 1024px) 100vw, 1024px\" \/><\/figure>\n\n\n\n<p class=\"has-black-color has-text-color has-link-color wp-elements-b6bba66af23fd609ac6aef26e6edb1e8\"><strong>Giornate di Orientamento Chimica 2025<\/strong><\/p>\n\n\n\n<p>Le Giornate di Orientamento si svolgono nei giorni 24 &#8211; 25 &#8211; 26 febbraio 2025 nella cittadella universitaria di Monserrato. Il <strong>corso di Laura di Chimca<\/strong> partecipa come ogni anno per fornire alle studentesse e studenti delle scuole informazioni utili sulla materie della chimica, sul corso di laurea e sugli sbocchi occupazionali. Le attivit\u00e0 comprendono la presentazione del corso di Laurea di Chimica e gli sbochi professionali, tre seminari e <strong><a href=\"https:\/\/sites.unica.it\/plschimica\/attivita-di-laboratorio\/\" data-type=\"page\" data-id=\"2290\" target=\"_blank\" rel=\"noreferrer noopener\"><mark class=\"has-inline-color has-vivid-cyan-blue-color\">attivit\u00e0 di laboratorio<\/mark><\/a>.<\/strong> Tutte le attivit\u00e0 per Chimica si svolgono nel blocco H2 (vedi mappa).<\/p>\n\n\n\n<figure class=\"wp-block-image size-large\"><a href=\"https:\/\/sites.unica.it\/plschimica\/files\/2025\/02\/Monserrato_2025-scaled.jpg\"><img decoding=\"async\" width=\"1024\" height=\"998\" src=\"https:\/\/sites.unica.it\/plschimica\/files\/2025\/02\/Monserrato_2025-1024x998.jpg\" alt=\"\" class=\"wp-image-2704\" srcset=\"https:\/\/sites.unica.it\/plschimica\/files\/2025\/02\/Monserrato_2025-1024x998.jpg 1024w, https:\/\/sites.unica.it\/plschimica\/files\/2025\/02\/Monserrato_2025-300x292.jpg 300w, https:\/\/sites.unica.it\/plschimica\/files\/2025\/02\/Monserrato_2025-768x749.jpg 768w, https:\/\/sites.unica.it\/plschimica\/files\/2025\/02\/Monserrato_2025-1536x1498.jpg 1536w, https:\/\/sites.unica.it\/plschimica\/files\/2025\/02\/Monserrato_2025-2048x1997.jpg 2048w, https:\/\/sites.unica.it\/plschimica\/files\/2025\/02\/Monserrato_2025-24x24.jpg 24w, https:\/\/sites.unica.it\/plschimica\/files\/2025\/02\/Monserrato_2025-36x36.jpg 36w, https:\/\/sites.unica.it\/plschimica\/files\/2025\/02\/Monserrato_2025-48x48.jpg 48w\" sizes=\"(max-width: 1024px) 100vw, 1024px\" \/><\/a><\/figure>\n\n\n\n<p><\/p>\n\n\n\n<p class=\"has-vivid-cyan-blue-color has-text-color has-link-color wp-elements-61cbb4bab27e4abaaa9ab132350b2387\"><strong>Attivit\u00e0 di laboratorio &#8211; esperimenti di chimica<\/strong><\/p>\n\n\n\n<p> Vi aspettiamo ogni giorno (24, 25 e 26 febbraio 2025) dalle ore 9 &#8211; 13 nel <a href=\"https:\/\/sites.unica.it\/plschimica\/masterclass\/laboratori-didattici\/\" target=\"_blank\" rel=\"noreferrer noopener\">laboratorio didattico di Chimica dell&#8217;ateneo<\/a> (Blocco H2 pianoterra). Non \u00e8 necessario la prenotazione. Piu informazioni si trovano <mark class=\"has-inline-color has-vivid-cyan-blue-color\"><a href=\"https:\/\/sites.unica.it\/plschimica\/attivita-di-laboratorio\/\" data-type=\"page\" data-id=\"2290\">qui &gt;&gt;&gt;<\/a><\/mark><\/p>\n\n\n\n<p class=\"has-vivid-cyan-blue-color has-text-color has-link-color wp-elements-4f348c41e60a9ce086dc5ca509b78d67\"><strong>Presentazione del <a href=\"https:\/\/www.unica.it\/it\/didattica\/corsi-di-studio\/corsi-di-laurea-triennale-e-ciclo-unico\/chimica\" target=\"_blank\" rel=\"noreferrer noopener\">corso di laurea di Chimica<\/a> L-27 e sbocchi professionali<\/strong><\/p>\n\n\n\n<ul class=\"wp-block-list\">\n<li class=\"has-black-color has-text-color has-link-color wp-elements-c8c053195adf00a5038a8e16d224e610\">24 febbraio ore 09.00 &#8211; 09.20 aula 7          <em>Dr.ssa Deborah Biggio<\/em><\/li>\n\n\n\n<li>24 febbraio ore 11.00 &#8211; 11.20 aula gamma <em>Dr.ssa Deborah Biggio<\/em><\/li>\n\n\n\n<li>25 febbraio ore 10.00 &#8211; 10.20 aula 7 <em>Prof.ssa Marzia Fantauzzi<\/em><\/li>\n\n\n\n<li>25 febbraio ore 12.00 &#8211; 12.20 aula gamma  <em>Prof.ssa Tiziana Pivetta<\/em><\/li>\n\n\n\n<li>26 febbraio ore 09.00 &#8211; 09.20 aula gamma <em>Prof.ssa Tiziana Pivetta<\/em><\/li>\n\n\n\n<li>26 febbraio ore 10.00 &#8211; 10.20  aula 7           <em>Dottor Giulio Casula<\/em><\/li>\n<\/ul>\n\n\n\n<p class=\"has-vivid-cyan-blue-color has-text-color has-link-color wp-elements-cdb18507ef535ddaf0313c2ce1fc85ee\"><strong>Seminari<\/strong><\/p>\n\n\n\n<ul class=\"wp-block-list\">\n<li>24 febbraio ore 11.30 &#8211; 11.50 aula gamma: <strong>La Chimica in Dogana<\/strong>, <em>dott.ssa Claudia Zedda e dott. Marco Salidu<\/em>. <a href=\"https:\/\/www.adm.gov.it\/portale\/sardegna1\" target=\"_blank\" rel=\"noreferrer noopener\">Agenzia delle Dogane Cagliari<\/a><\/li>\n\n\n\n<li>24 febbraio ore 09.30 &#8211; 09.50 aula 7: <strong>Il ruolo del chimico nel settore di ricerca e sviluppo industriale<\/strong>, <em>dott. Claudio Cara<\/em> <a href=\"https:\/\/fluorsid.com\/it\/chi-siamo\/\">(<\/a><a href=\"https:\/\/fluorsid.com\/it\/chi-siamo\/\" target=\"_blank\" rel=\"noreferrer noopener\">Fluorsid<\/a><a href=\"https:\/\/fluorsid.com\/it\/chi-siamo\/\">)<\/a><\/li>\n\n\n\n<li>25 febbraio ore 10.30 &#8211; 10.50 aula 7: <strong>Rimozione di zinco dalle acque inquinate: uno studio mediante XPS, XAES e ICP \u2013AES<\/strong>, <em>dott.ssa Silvia Liscia<\/em> Dipartimento di Fisica<\/li>\n\n\n\n<li>25 febbraio ore 12.30 &#8211; 12.50 aula gamma: <strong>La libera professione del Chimico: il chimico di porto e il contributo del chimico alla salvaguardia dell\u2019ambiente<\/strong>, <em>Dott. Pierluca Mameli <\/em>(<a href=\"https:\/\/www.stesilambiente.com\/\" target=\"_blank\" rel=\"noreferrer noopener\">Stet.silambiente SRL<\/a>)<\/li>\n\n\n\n<li>26 febbraio ore 09.30 &#8211; 09.50 aula gamma: <strong>La Chimica nelle indagini forensi<\/strong>, <em>dott.ssa Enrica Tuveri<\/em>, Dipartimento di Scienze Chimiche e Geologiche<\/li>\n\n\n\n<li>26 febbraio ore 10.30 &#8211; 10.50 aula 7: <strong>La ricerca chimica per la salute, l&#8217;ambiente, l&#8217;energia<\/strong>, <em>dott.ssa Deborah Biggio<\/em> Dipartimento di Scienze Chimiche e Geologiche<\/li>\n<\/ul>\n\n\n\n<p class=\"has-vivid-cyan-blue-color has-text-color has-link-color wp-elements-45e0d4ee498dfd5a5489865ae1ca9edd\"><strong>Programma cronologico delle attivit\u00e0 del corso di Laurea in Chimica<\/strong> <\/p>\n\n\n\n<ul class=\"wp-block-list\">\n<li class=\"has-black-color has-text-color has-link-color wp-elements-d5de2fcd4f5ec5aaf4895ed47e93c442\">24 febbraio ore 09.00 &#8211; 09.20 aula 7: Presentazione del corso di laurea di chimica L-27 e sbocchi professionali,  <em>Dr.ssa Deborah Biggio<\/em><\/li>\n\n\n\n<li>24 febbraio ore 09.30 &#8211; 09.50 aula 7: Il ruolo del chimico nel settore di ricerca e sviluppo industriale, <em>dott. Claudio Cara<\/em> (Fluorsid)<\/li>\n\n\n\n<li>24 febbraio ore 11.00 &#8211; 11.20 aula gamma: Presentazione del corso di laurea di chimica L-27 e sbocchi professionali, <em>Dr.ssa Deborah Biggio<\/em><\/li>\n\n\n\n<li>24 febbraio ore 11.30 &#8211; 11.50 aula gamma: La Chimica in Dogana, <em>dott.ssa Claudia Zedda e dott. Marco Salidu<\/em>. <\/li>\n\n\n\n<li>25 febbraio ore 10.00 &#8211; 10.20 aula 7 Presentazione del corso di laurea di chimica L-27 e sbocchi professionali, <em>Prof.ssa Marzia Fantauzzi<\/em><\/li>\n\n\n\n<li>25 febbraio ore 10.30 &#8211; 10.50 aula 7: Rimozione di zinco dalle acque inquinate: uno studio mediante XPS, XAES e ICP \u2013AES, <em>dott.ssa Silvia Liscia<\/em> Dipartimento di Fisica<\/li>\n\n\n\n<li>25 febbraio ore 12.00 &#8211; 12.20 aula gamma Presentazione del corso di laurea di chimica L-27 e sbocchi professionali, <em>Prof.ssa Tiziana Pivetta<\/em><\/li>\n\n\n\n<li>25 febbraio ore 12.30 &#8211; 12.50 aula gamma: La libera professione del Chimico: il chimico di porto e il contributo del chimico alla salvaguardia dell\u2019ambiente, <em>Dott. Pierluca Mameli <\/em>(<a href=\"https:\/\/www.stesilambiente.com\/\">Stet.silambiente SRL<\/a>)<\/li>\n\n\n\n<li>26 febbraio ore 09.00 &#8211; 09.20 aula gamma Presentazione del corso di laurea di chimica L-27 e sbocchi professionali, <em>Prof.ssa Tiziana Pivetta<\/em><\/li>\n\n\n\n<li>26 febbraio ore 09.30 &#8211; 09.50 aula gamma: La Chimica nelle indagini forensi, <em>dott.ssa Enrica Tuveri<\/em> Dipartimento di Scienze Chimiche e Geologiche<\/li>\n\n\n\n<li>26 febbraio ore 10.00 &#8211; 10.20 aula 7 Presentazione del corso di laurea di chimica L-27 e sbocchi professionali, <em>Dottor Giulio Casula<\/em><\/li>\n\n\n\n<li>26 febbraio ore 10.30 &#8211; 10.50 aula 7: La ricerca chimica per la salute, l&#8217;ambiente, l&#8217;energia, <em>dott.ssa Deborah Biggio<\/em> Dipartimento di Scienze Chimiche e Geologiche<\/li>\n<\/ul>\n","protected":false},"excerpt":{"rendered":"<p>Giornate di Orientamento Chimica 2025 Le Giornate di Orientamento si svolgono nei giorni 24 &#8211; 25 &#8211; 26 febbraio 2025 nella cittadella universitaria di Monserrato. Il corso di Laura di Chimca partecipa come ogni anno per fornire alle studentesse e studenti delle scuole informazioni utili sulla materie della chimica, sul corso di laurea e sugli sbocchi occupazionali. Le attivit\u00e0 comprendono la presentazione del corso di Laurea di Chimica e gli sbochi professionali, tre seminari e attivit\u00e0 di laboratorio. Tutte le attivit\u00e0 per Chimica si svolgono nel blocco H2 (vedi mappa). Attivit\u00e0 di laboratorio &#8211; esperimenti di chimica Vi aspettiamo ogni <a href='https:\/\/sites.unica.it\/plschimica\/orientamento-chimica-2025\/' class='excerpt-more'>[&#8230;]<\/a><\/p>\n","protected":false},"author":335,"featured_media":0,"parent":0,"menu_order":0,"comment_status":"closed","ping_status":"closed","template":"","meta":{"footnotes":""},"class_list":["post-2603","page","type-page","status-publish","hentry","post-seq-1","post-parity-odd","meta-position-corners","fix"],"_links":{"self":[{"href":"https:\/\/sites.unica.it\/plschimica\/wp-json\/wp\/v2\/pages\/2603","targetHints":{"allow":["GET"]}}],"collection":[{"href":"https:\/\/sites.unica.it\/plschimica\/wp-json\/wp\/v2\/pages"}],"about":[{"href":"https:\/\/sites.unica.it\/plschimica\/wp-json\/wp\/v2\/types\/page"}],"author":[{"embeddable":true,"href":"https:\/\/sites.unica.it\/plschimica\/wp-json\/wp\/v2\/users\/335"}],"replies":[{"embeddable":true,"href":"https:\/\/sites.unica.it\/plschimica\/wp-json\/wp\/v2\/comments?post=2603"}],"version-history":[{"count":32,"href":"https:\/\/sites.unica.it\/plschimica\/wp-json\/wp\/v2\/pages\/2603\/revisions"}],"predecessor-version":[{"id":2726,"href":"https:\/\/sites.unica.it\/plschimica\/wp-json\/wp\/v2\/pages\/2603\/revisions\/2726"}],"wp:attachment":[{"href":"https:\/\/sites.unica.it\/plschimica\/wp-json\/wp\/v2\/media?parent=2603"}],"curies":[{"name":"wp","href":"https:\/\/api.w.org\/{rel}","templated":true}]}}