{"id":2395,"date":"2024-02-25T13:47:41","date_gmt":"2024-02-25T13:47:41","guid":{"rendered":"https:\/\/sites.unica.it\/plschimica\/?page_id=2395"},"modified":"2025-02-14T10:39:34","modified_gmt":"2025-02-14T10:39:34","slug":"profumi-della-sardegna","status":"publish","type":"page","link":"https:\/\/sites.unica.it\/plschimica\/profumi-della-sardegna\/","title":{"rendered":"Profumi della Sardegna"},"content":{"rendered":"<p><a href=\"https:\/\/sites.unica.it\/plschimica\/files\/2024\/02\/PNLS.jpg\"><img decoding=\"async\" class=\"alignnone wp-image-2414\" src=\"https:\/\/sites.unica.it\/plschimica\/files\/2024\/02\/PNLS.jpg\" alt=\"\" width=\"77\" height=\"68\" srcset=\"https:\/\/sites.unica.it\/plschimica\/files\/2024\/02\/PNLS.jpg 455w, https:\/\/sites.unica.it\/plschimica\/files\/2024\/02\/PNLS-300x264.jpg 300w\" sizes=\"(max-width: 77px) 100vw, 77px\" \/><\/a> \u00a0 \u00a0\u00a0<a href=\"https:\/\/sites.unica.it\/plschimica\/files\/2025\/02\/Logo_Orientamento_2025.jpg\"><img decoding=\"async\" class=\"alignnone  wp-image-2674\" src=\"https:\/\/sites.unica.it\/plschimica\/files\/2025\/02\/Logo_Orientamento_2025.jpg\" alt=\"\" width=\"401\" height=\"76\" srcset=\"https:\/\/sites.unica.it\/plschimica\/files\/2025\/02\/Logo_Orientamento_2025.jpg 2048w, https:\/\/sites.unica.it\/plschimica\/files\/2025\/02\/Logo_Orientamento_2025-300x57.jpg 300w, https:\/\/sites.unica.it\/plschimica\/files\/2025\/02\/Logo_Orientamento_2025-1024x194.jpg 1024w, https:\/\/sites.unica.it\/plschimica\/files\/2025\/02\/Logo_Orientamento_2025-768x146.jpg 768w, https:\/\/sites.unica.it\/plschimica\/files\/2025\/02\/Logo_Orientamento_2025-1536x291.jpg 1536w\" sizes=\"(max-width: 401px) 100vw, 401px\" \/><\/a>\u00a0 <a href=\"https:\/\/www.unica.it\/it\/didattica\/corsi-di-studio\/corsi-di-laurea-triennale-e-ciclo-unico\/chimica\" target=\"_blank\" rel=\"noopener\"><span style=\"font-family: helvetica, arial, sans-serif\">Corso di Laurea di Chimica<\/span><\/a><\/p>\n<p><span style=\"font-family: helvetica, arial, sans-serif\"><strong><span style=\"font-size: 14pt;color: #3366ff\">Esperimenti di Chimica: I profumi della Sardenga<\/span><br \/>\n<\/strong><\/span><\/p>\n<p><span style=\"font-family: helvetica, arial, sans-serif\">Con questi esperimenti vogliamo valorizzare la capacit\u00e0 di percepire il mondo circostante non solo con la vista e l\u2019udito, ma anche <b>con <\/b><b>l\u2019olfatto<\/b>, il senso forse meno valutato dall\u2019uomo. Scopo di questi esperimenti \u00e8 quelllo di imparare a percepire l\u2019odore sviluppato da <strong>olii essenziali e aromi<\/strong> di alimenti e di imparare a riconoscerli.<\/span><\/p>\n<table style=\"border-collapse: collapse;width: 100%\">\n<tbody>\n<tr>\n<td style=\"width: 25.3599%\"><a href=\"https:\/\/sites.unica.it\/plschimica\/files\/2024\/02\/Basculante.jpg\"><img decoding=\"async\" class=\"alignnone wp-image-2447\" src=\"https:\/\/sites.unica.it\/plschimica\/files\/2024\/02\/Basculante.jpg\" alt=\"\" width=\"298\" height=\"253\" srcset=\"https:\/\/sites.unica.it\/plschimica\/files\/2024\/02\/Basculante.jpg 483w, https:\/\/sites.unica.it\/plschimica\/files\/2024\/02\/Basculante-300x255.jpg 300w\" sizes=\"(max-width: 298px) 100vw, 298px\" \/><\/a><\/td>\n<td style=\"width: 48.2835%\"><span style=\"font-family: helvetica, arial, sans-serif\">In questo esperimento abbiamo nella tavola &#8220;I profumi della Sardegna&#8221; alcune caselle basculanti che mettono alla prova il nostro olfatto: dobbiamo dapprimo riconoscere qual`\u00e8 la pianta aromatica e poi verificare la bont\u00e0 delle proprie percezioni, ruotando la casella e scoprendo cos\u00ec l\u2019immagine della pianta aromatica (ad esempio il ginepro).<\/span><\/td>\n<td style=\"width: 26.3566%\"><a href=\"https:\/\/sites.unica.it\/plschimica\/files\/2024\/02\/Ginepro.jpg\"><img decoding=\"async\" class=\"alignnone wp-image-2393\" src=\"https:\/\/sites.unica.it\/plschimica\/files\/2024\/02\/Ginepro.jpg\" alt=\"\" width=\"167\" height=\"202\" srcset=\"https:\/\/sites.unica.it\/plschimica\/files\/2024\/02\/Ginepro.jpg 330w, https:\/\/sites.unica.it\/plschimica\/files\/2024\/02\/Ginepro-248x300.jpg 248w\" sizes=\"(max-width: 167px) 100vw, 167px\" \/><\/a><\/td>\n<\/tr>\n<\/tbody>\n<\/table>\n<table style=\"width: 100%;height: 160px\">\n<tbody>\n<tr>\n<td style=\"width: 73.6795%\"><span style=\"font-family: helvetica, arial, sans-serif\">Al retro della casella, si trova l&#8217;immagine della pianta aromatica e la descrizione. Il ginepro \u00e8 una pianta con foglie aghiforme e strutture riproduttive simile a frutti carnosi dette galbuli tipici del solo genere Juniperus. L&#8217;olio essenziale di solito si ottiene dalle bacche, per distillazione in corrente di vapore. Il suo profumo \u00e8 forte, eerbaceo, balsamico.<\/span><span style=\"font-family: helvetica, arial, sans-serif\">La formula chimica \u00e8 alfa-pinene (C6H16).<\/span><\/td>\n<td style=\"width: 47.4297%\"><span style=\"font-family: helvetica, arial, sans-serif\"><a href=\"https:\/\/sites.unica.it\/plschimica\/files\/2024\/02\/Ginepro_molecola.jpg\"><img decoding=\"async\" class=\"alignnone wp-image-2449\" src=\"https:\/\/sites.unica.it\/plschimica\/files\/2024\/02\/Ginepro_molecola.jpg\" alt=\"\" width=\"199\" height=\"190\" srcset=\"https:\/\/sites.unica.it\/plschimica\/files\/2024\/02\/Ginepro_molecola.jpg 139w, https:\/\/sites.unica.it\/plschimica\/files\/2024\/02\/Ginepro_molecola-24x24.jpg 24w\" sizes=\"(max-width: 199px) 100vw, 199px\" \/><\/a>\u00a0<\/span><\/td>\n<\/tr>\n<\/tbody>\n<\/table>\n<p><span style=\"font-family: helvetica, arial, sans-serif\">Ma l\u2019esperimento non finisce qui &#8211; ci possiamo porre delle domande: che cosa succede se odoriamo un profumo ?\u00a0 Ci sono molecule caratteristiche per ogni essenza ? Le possiamo identificare ?\u00a0 Esiste una correlazione tra propriet\u00e0 macroscopica (odore) e struttura molecolare ?<br \/>\n<\/span><\/p>\n<p><span style=\"font-family: helvetica, arial, sans-serif\">Ringraziamento: Questo esperimento \u00e8 stato realizzato nell&#8217;ambito di un progetto di collaborazione tra il Dipartimento di Scienze Chimiche e Geologiche dell\u2019Universit\u00e0 e gli insegnanti del Gruppo di Didattica Chimica Universit\u00e0-Scuola di Cagliari a partire dal 1997. <\/span><\/p>\n<p><a href=\"https:\/\/sites.unica.it\/plschimica\/attivita-di-laboratorio\/\"><span style=\"font-family: helvetica, arial, sans-serif;color: #3366ff\">torni ad esperimenti di Chimica &gt;&gt;&gt;<\/span><\/a><\/p>","protected":false},"excerpt":{"rendered":"<p>\u00a0 \u00a0\u00a0\u00a0 Corso di Laurea di Chimica Esperimenti di Chimica: I profumi della Sardenga Con questi esperimenti vogliamo valorizzare la capacit\u00e0 di percepire il mondo circostante non solo con la vista e l\u2019udito, ma anche con l\u2019olfatto, il senso forse meno valutato dall\u2019uomo. Scopo di questi esperimenti \u00e8 quelllo di imparare a percepire l\u2019odore sviluppato da olii essenziali e aromi di alimenti e di imparare a riconoscerli. In questo esperimento abbiamo nella tavola &#8220;I profumi della Sardegna&#8221; alcune caselle basculanti che mettono alla prova il nostro olfatto: dobbiamo dapprimo riconoscere qual`\u00e8 la pianta aromatica e poi verificare la bont\u00e0 delle <a href='https:\/\/sites.unica.it\/plschimica\/profumi-della-sardegna\/' class='excerpt-more'>[&#8230;]<\/a><\/p>\n","protected":false},"author":335,"featured_media":0,"parent":0,"menu_order":0,"comment_status":"closed","ping_status":"closed","template":"","meta":{"footnotes":""},"class_list":["post-2395","page","type-page","status-publish","hentry","post-seq-1","post-parity-odd","meta-position-corners","fix"],"_links":{"self":[{"href":"https:\/\/sites.unica.it\/plschimica\/wp-json\/wp\/v2\/pages\/2395","targetHints":{"allow":["GET"]}}],"collection":[{"href":"https:\/\/sites.unica.it\/plschimica\/wp-json\/wp\/v2\/pages"}],"about":[{"href":"https:\/\/sites.unica.it\/plschimica\/wp-json\/wp\/v2\/types\/page"}],"author":[{"embeddable":true,"href":"https:\/\/sites.unica.it\/plschimica\/wp-json\/wp\/v2\/users\/335"}],"replies":[{"embeddable":true,"href":"https:\/\/sites.unica.it\/plschimica\/wp-json\/wp\/v2\/comments?post=2395"}],"version-history":[{"count":16,"href":"https:\/\/sites.unica.it\/plschimica\/wp-json\/wp\/v2\/pages\/2395\/revisions"}],"predecessor-version":[{"id":2682,"href":"https:\/\/sites.unica.it\/plschimica\/wp-json\/wp\/v2\/pages\/2395\/revisions\/2682"}],"wp:attachment":[{"href":"https:\/\/sites.unica.it\/plschimica\/wp-json\/wp\/v2\/media?parent=2395"}],"curies":[{"name":"wp","href":"https:\/\/api.w.org\/{rel}","templated":true}]}}