{"id":2364,"date":"2024-02-23T17:16:27","date_gmt":"2024-02-23T17:16:27","guid":{"rendered":"https:\/\/sites.unica.it\/plschimica\/?page_id=2364"},"modified":"2025-12-31T17:33:58","modified_gmt":"2025-12-31T17:33:58","slug":"rilevare-piombo","status":"publish","type":"page","link":"https:\/\/sites.unica.it\/plschimica\/rilevare-piombo\/","title":{"rendered":"Rilevare Piombo"},"content":{"rendered":"<p><a href=\"https:\/\/sites.unica.it\/plschimica\/files\/2024\/02\/PNLS.jpg\"><img decoding=\"async\" class=\"alignnone wp-image-2414\" src=\"https:\/\/sites.unica.it\/plschimica\/files\/2024\/02\/PNLS.jpg\" alt=\"\" width=\"77\" height=\"68\" srcset=\"https:\/\/sites.unica.it\/plschimica\/files\/2024\/02\/PNLS.jpg 455w, https:\/\/sites.unica.it\/plschimica\/files\/2024\/02\/PNLS-300x264.jpg 300w\" sizes=\"(max-width: 77px) 100vw, 77px\" \/><\/a> \u00a0 \u00a0\u00a0<a href=\"https:\/\/sites.unica.it\/plschimica\/files\/2025\/02\/Logo_Orientamento_2025.jpg\"><img decoding=\"async\" class=\"alignnone  wp-image-2674\" src=\"https:\/\/sites.unica.it\/plschimica\/files\/2025\/02\/Logo_Orientamento_2025.jpg\" alt=\"\" width=\"412\" height=\"78\" srcset=\"https:\/\/sites.unica.it\/plschimica\/files\/2025\/02\/Logo_Orientamento_2025.jpg 2048w, https:\/\/sites.unica.it\/plschimica\/files\/2025\/02\/Logo_Orientamento_2025-300x57.jpg 300w, https:\/\/sites.unica.it\/plschimica\/files\/2025\/02\/Logo_Orientamento_2025-1024x194.jpg 1024w, https:\/\/sites.unica.it\/plschimica\/files\/2025\/02\/Logo_Orientamento_2025-768x146.jpg 768w, https:\/\/sites.unica.it\/plschimica\/files\/2025\/02\/Logo_Orientamento_2025-1536x291.jpg 1536w\" sizes=\"(max-width: 412px) 100vw, 412px\" \/><\/a>\u00a0 <a href=\"https:\/\/www.unica.it\/it\/didattica\/corsi-di-studio\/corsi-di-laurea-triennale-e-ciclo-unico\/chimica\" target=\"_blank\" rel=\"noopener\"><span style=\"font-family: helvetica, arial, sans-serif\">Corso di Laurea di Chimica<\/span><\/a><\/p>\n<p><span style=\"font-family: helvetica, arial, sans-serif;font-size: 14pt;color: #3366ff\"><strong>Esperimenti di chimica: il piombo nelle acque<\/strong><\/span><\/p>\n<p><span style=\"font-family: helvetica, arial, sans-serif\">La storia mineraria della <em>Sardegna<\/em> ha fornito enormi ricchezze (in termini di minerali) alla societ\u00e0. Di contro, fu inquinato l\u2019ambiente, con il rilascio a valle di elementi tossici come il <strong>piombo<\/strong>. Per sapere se \u00e8 presente piombo nel terreno o nelle acque serve un metodo di rilevazione semplice.<\/span><\/p>\n<p><strong><span style=\"font-family: helvetica, arial, sans-serif\">Come si pu\u00f2 rilevare la presenza di ioni di piombo nelle acque ?<\/span> <\/strong><\/p>\n<table style=\"border-collapse: collapse;width: 100%\">\n<tbody>\n<tr>\n<td style=\"width: 21.5116%\"><a href=\"https:\/\/sites.unica.it\/plschimica\/files\/2024\/02\/Provette.jpg\"><img decoding=\"async\" class=\"alignnone wp-image-2383\" src=\"https:\/\/sites.unica.it\/plschimica\/files\/2024\/02\/Provette.jpg\" alt=\"\" width=\"242\" height=\"208\" srcset=\"https:\/\/sites.unica.it\/plschimica\/files\/2024\/02\/Provette.jpg 1511w, https:\/\/sites.unica.it\/plschimica\/files\/2024\/02\/Provette-300x258.jpg 300w, https:\/\/sites.unica.it\/plschimica\/files\/2024\/02\/Provette-1024x881.jpg 1024w, https:\/\/sites.unica.it\/plschimica\/files\/2024\/02\/Provette-768x661.jpg 768w\" sizes=\"(max-width: 242px) 100vw, 242px\" \/><\/a><\/td>\n<td style=\"width: 78.4884%\"><span style=\"font-family: helvetica, arial, sans-serif\">Nel nostro esperimento, le burette contengono una piccola quantit\u00e0 di soluzione di nitrato di piombo (Pb(NO3)2. Vengono aggiunte goccie di cloruro di potassio (KCl), di bromuro di potassio (KBr) e di ioduro di potassio (KI). Che cosa si osserva ?<br \/>\n<\/span><\/td>\n<\/tr>\n<\/tbody>\n<\/table>\n<table style=\"width: 100%\">\n<tbody>\n<tr>\n<td style=\"width: 21.2625%\"><a href=\"https:\/\/sites.unica.it\/plschimica\/files\/2024\/02\/Foto_Ioduro.jpg\"><img decoding=\"async\" class=\"alignnone size-full wp-image-2385\" src=\"https:\/\/sites.unica.it\/plschimica\/files\/2024\/02\/Foto_Ioduro.jpg\" alt=\"\" width=\"1294\" height=\"1288\" srcset=\"https:\/\/sites.unica.it\/plschimica\/files\/2024\/02\/Foto_Ioduro.jpg 1294w, https:\/\/sites.unica.it\/plschimica\/files\/2024\/02\/Foto_Ioduro-300x300.jpg 300w, https:\/\/sites.unica.it\/plschimica\/files\/2024\/02\/Foto_Ioduro-1024x1019.jpg 1024w, https:\/\/sites.unica.it\/plschimica\/files\/2024\/02\/Foto_Ioduro-150x150.jpg 150w, https:\/\/sites.unica.it\/plschimica\/files\/2024\/02\/Foto_Ioduro-768x764.jpg 768w, https:\/\/sites.unica.it\/plschimica\/files\/2024\/02\/Foto_Ioduro-96x96.jpg 96w, https:\/\/sites.unica.it\/plschimica\/files\/2024\/02\/Foto_Ioduro-24x24.jpg 24w, https:\/\/sites.unica.it\/plschimica\/files\/2024\/02\/Foto_Ioduro-36x36.jpg 36w, https:\/\/sites.unica.it\/plschimica\/files\/2024\/02\/Foto_Ioduro-48x48.jpg 48w, https:\/\/sites.unica.it\/plschimica\/files\/2024\/02\/Foto_Ioduro-64x64.jpg 64w\" sizes=\"(max-width: 1294px) 100vw, 1294px\" \/><\/a><\/td>\n<td style=\"width: 78.0731%\"><span style=\"font-family: helvetica, arial, sans-serif\">L\u2019esperimento dimostrativo di laboratorio fa vedere che la soluzione di piombo Pb<sup>2+<\/sup> reagendo con qualche goccia di ioduro di potassio (KI) forma un precipitato con colore giallo intenso. Aggiungendo cloruro di potassio (KCl) la soluzione rimane limpida, con bromuro di potassio (KBr) diventa leggermente opaca.<br \/>\n<\/span><\/td>\n<\/tr>\n<\/tbody>\n<\/table>\n<p><strong><span style=\"font-family: helvetica, arial, sans-serif\">Come si possono rimuovere gli ioni di piombo dalle acque contaminate ?<br \/>\n<\/span><\/strong><\/p>\n<p><span style=\"font-family: helvetica, arial, sans-serif\">Il valore limite per il piombo nell\u2019acqua potabile \u00e8 fissato a 10 \u00b5g\/L. In questo esperimento mettiamo l\u2019acqua contaminata con piombo in contatto con polvere di carbonato di calcio.<\/span><\/p>\n<table style=\"border-collapse: collapse;width: 74.4187%;height: 226px\">\n<tbody>\n<tr>\n<td style=\"width: 23.0681%\"><a href=\"https:\/\/sites.unica.it\/plschimica\/files\/2024\/02\/Polvere_calcio.jpg\"><img decoding=\"async\" class=\"alignnone wp-image-2441\" src=\"https:\/\/sites.unica.it\/plschimica\/files\/2024\/02\/Polvere_calcio.jpg\" alt=\"\" width=\"322\" height=\"207\" srcset=\"https:\/\/sites.unica.it\/plschimica\/files\/2024\/02\/Polvere_calcio.jpg 655w, https:\/\/sites.unica.it\/plschimica\/files\/2024\/02\/Polvere_calcio-300x192.jpg 300w\" sizes=\"(max-width: 322px) 100vw, 322px\" \/><\/a><\/td>\n<td style=\"width: 19.5122%\">Fo<span style=\"font-family: helvetica, arial, sans-serif\">tografie SEM della polvere di calcio.<\/span><span style=\"font-family: helvetica, arial, sans-serif\">Immagine EDX \u2013 rosso presenza del piombo.<\/span><\/td>\n<td style=\"width: 20.0443%\"><a href=\"https:\/\/sites.unica.it\/plschimica\/files\/2024\/02\/SEM_polvere.jpg\"><img decoding=\"async\" class=\"alignnone size-full wp-image-2442\" src=\"https:\/\/sites.unica.it\/plschimica\/files\/2024\/02\/SEM_polvere.jpg\" alt=\"\" width=\"575\" height=\"434\" srcset=\"https:\/\/sites.unica.it\/plschimica\/files\/2024\/02\/SEM_polvere.jpg 575w, https:\/\/sites.unica.it\/plschimica\/files\/2024\/02\/SEM_polvere-300x226.jpg 300w\" sizes=\"(max-width: 575px) 100vw, 575px\" \/><\/a><\/td>\n<\/tr>\n<\/tbody>\n<\/table>\n<p><span style=\"font-family: helvetica, arial, sans-serif\">l ioni di piombo Pb<sup>2+<\/sup> precipitano come carbonato di piombo assor-bito sul granulato. Verifichiamo l\u2019assenza del piombo nell\u2019acqua con la prova di ioduro di potassio (KI).<\/span><\/p>\n<p><a href=\"https:\/\/sites.unica.it\/plschimica\/attivita-di-laboratorio\/\"><span style=\"font-family: helvetica, arial, sans-serif;color: #3366ff\">torni ad esperimenti di chimica &gt;&gt;&gt;<\/span><\/a><\/p>","protected":false},"excerpt":{"rendered":"<p>\u00a0 \u00a0\u00a0\u00a0 Corso di Laurea di Chimica Esperimenti di chimica: il piombo nelle acque La storia mineraria della Sardegna ha fornito enormi ricchezze (in termini di minerali) alla societ\u00e0. Di contro, fu inquinato l\u2019ambiente, con il rilascio a valle di elementi tossici come il piombo. Per sapere se \u00e8 presente piombo nel terreno o nelle acque serve un metodo di rilevazione semplice. Come si pu\u00f2 rilevare la presenza di ioni di piombo nelle acque ? Nel nostro esperimento, le burette contengono una piccola quantit\u00e0 di soluzione di nitrato di piombo (Pb(NO3)2. Vengono aggiunte goccie di cloruro di potassio (KCl), di <a href='https:\/\/sites.unica.it\/plschimica\/rilevare-piombo\/' class='excerpt-more'>[&#8230;]<\/a><\/p>\n","protected":false},"author":335,"featured_media":0,"parent":0,"menu_order":0,"comment_status":"closed","ping_status":"closed","template":"","meta":{"footnotes":""},"class_list":["post-2364","page","type-page","status-publish","hentry","post-seq-1","post-parity-odd","meta-position-corners","fix"],"_links":{"self":[{"href":"https:\/\/sites.unica.it\/plschimica\/wp-json\/wp\/v2\/pages\/2364","targetHints":{"allow":["GET"]}}],"collection":[{"href":"https:\/\/sites.unica.it\/plschimica\/wp-json\/wp\/v2\/pages"}],"about":[{"href":"https:\/\/sites.unica.it\/plschimica\/wp-json\/wp\/v2\/types\/page"}],"author":[{"embeddable":true,"href":"https:\/\/sites.unica.it\/plschimica\/wp-json\/wp\/v2\/users\/335"}],"replies":[{"embeddable":true,"href":"https:\/\/sites.unica.it\/plschimica\/wp-json\/wp\/v2\/comments?post=2364"}],"version-history":[{"count":18,"href":"https:\/\/sites.unica.it\/plschimica\/wp-json\/wp\/v2\/pages\/2364\/revisions"}],"predecessor-version":[{"id":2684,"href":"https:\/\/sites.unica.it\/plschimica\/wp-json\/wp\/v2\/pages\/2364\/revisions\/2684"}],"wp:attachment":[{"href":"https:\/\/sites.unica.it\/plschimica\/wp-json\/wp\/v2\/media?parent=2364"}],"curies":[{"name":"wp","href":"https:\/\/api.w.org\/{rel}","templated":true}]}}