{"id":2264,"date":"2024-02-16T15:49:30","date_gmt":"2024-02-16T15:49:30","guid":{"rendered":"https:\/\/sites.unica.it\/plschimica\/?page_id=2264"},"modified":"2025-02-06T17:27:12","modified_gmt":"2025-02-06T17:27:12","slug":"orientamento-chimica-2024","status":"publish","type":"page","link":"https:\/\/sites.unica.it\/plschimica\/orientamento-chimica-2024\/","title":{"rendered":"Orientamento Chimica 2024"},"content":{"rendered":"<p><a href=\"https:\/\/sites.unica.it\/plschimica\/files\/2024\/02\/Logo_2024-scaled.jpg\"><img decoding=\"async\" class=\"alignnone wp-image-2283\" src=\"https:\/\/sites.unica.it\/plschimica\/files\/2024\/02\/Logo_2024-scaled.jpg\" alt=\"\" width=\"695\" height=\"131\" srcset=\"https:\/\/sites.unica.it\/plschimica\/files\/2024\/02\/Logo_2024-scaled.jpg 2560w, https:\/\/sites.unica.it\/plschimica\/files\/2024\/02\/Logo_2024-300x56.jpg 300w, https:\/\/sites.unica.it\/plschimica\/files\/2024\/02\/Logo_2024-1024x193.jpg 1024w, https:\/\/sites.unica.it\/plschimica\/files\/2024\/02\/Logo_2024-768x145.jpg 768w, https:\/\/sites.unica.it\/plschimica\/files\/2024\/02\/Logo_2024-1536x289.jpg 1536w, https:\/\/sites.unica.it\/plschimica\/files\/2024\/02\/Logo_2024-2048x386.jpg 2048w\" sizes=\"(max-width: 695px) 100vw, 695px\" \/><\/a><\/p>\n<p><span style=\"font-family: helvetica, arial, sans-serif;color: #3366ff;font-size: 14pt\"><strong>Giornate di Orientamento Chimica 2024<\/strong><\/span><\/p>\n<p><span style=\"font-family: helvetica, arial, sans-serif\">Le Giornate di Orientamento (<span style=\"color: #3366ff\"><a style=\"color: #3366ff\" href=\"https:\/\/www.unica.it\/it\/didattica\/orientarsi\/eventi-di-orientamento\/giornate-dellorientamento\" target=\"_blank\" rel=\"noopener\">vedi programma totale<\/a><\/span>) si svolgono nei giorni 27 &#8211; 28 &#8211; 29 febbraio 2024 nella cittadella universitaria di Monserrato. <\/span><span style=\"font-family: helvetica, arial, sans-serif\">Il <strong>corso di Laura di Chimca<\/strong> partecipa come ogni anno per fornire alle studentesse e studenti delle scuole informazioni utili sulla materie della chimica, sul corso di laurea e sugli sbocchi occupazionali. Le attivit\u00e0 comprendono la presentazione del corso di Laurea di Chimica e gli sbochi professionali, tre seminari e <strong><span style=\"color: #3366ff\"><a style=\"color: #3366ff\" href=\"https:\/\/sites.unica.it\/plschimica\/attivita-di-laboratorio\/\" target=\"_blank\" rel=\"noopener\">attivit\u00e0 di laboratorio<\/a>.<\/span><\/strong> Tutte le attivit\u00e0 per Chimica si svolgono nel blocco H2 (vedi mappa).<br \/>\n<\/span><\/p>\n<p><a href=\"https:\/\/sites.unica.it\/plschimica\/files\/2024\/02\/Mappa_2024-scaled.jpg\"><img decoding=\"async\" class=\"alignnone wp-image-2278\" src=\"https:\/\/sites.unica.it\/plschimica\/files\/2024\/02\/Mappa_2024-scaled.jpg\" alt=\"\" width=\"651\" height=\"363\" srcset=\"https:\/\/sites.unica.it\/plschimica\/files\/2024\/02\/Mappa_2024-scaled.jpg 2560w, https:\/\/sites.unica.it\/plschimica\/files\/2024\/02\/Mappa_2024-300x167.jpg 300w, https:\/\/sites.unica.it\/plschimica\/files\/2024\/02\/Mappa_2024-1024x570.jpg 1024w, https:\/\/sites.unica.it\/plschimica\/files\/2024\/02\/Mappa_2024-768x428.jpg 768w, https:\/\/sites.unica.it\/plschimica\/files\/2024\/02\/Mappa_2024-1536x856.jpg 1536w, https:\/\/sites.unica.it\/plschimica\/files\/2024\/02\/Mappa_2024-2048x1141.jpg 2048w\" sizes=\"(max-width: 651px) 100vw, 651px\" \/><\/a><\/p>\n<p><span style=\"font-family: helvetica, arial, sans-serif\"><strong><span style=\"color: #3366ff\">Attivit\u00e0 di Laboratorio di Chimica<\/span><br \/>\n<\/strong><\/span><\/p>\n<p><span style=\"font-family: helvetica, arial, sans-serif\">In tutti i tre giorni si svolgono <a href=\"https:\/\/sites.unica.it\/plschimica\/attivita-di-laboratorio\/\" target=\"_blank\" rel=\"noopener\"><strong><span style=\"color: #3366ff\">attivit\u00e0 di laboratorio <\/span><\/strong><\/a>nel <a href=\"https:\/\/sites.unica.it\/plschimica\/masterclass\/laboratori-didattici\/\" target=\"_blank\" rel=\"noopener\">l<span style=\"color: #3366ff\">aboratorio d&#8217;Ateneo di Chimica<\/span><\/a> dalle ore 9 alle 13. Sono sei esperimenti dimostrativi\u00a0 come la batteria naturale, produzione di idrogeno verde, i profumi della Sardegna, la pila di Volta, rilevare piombo nelle acque e determinare i zuccheri riducenti. <\/span><\/p>\n<p><strong><span style=\"font-family: helvetica, arial, sans-serif;color: #3366ff\">Presentazione del <a href=\"https:\/\/www.unica.it\/it\/didattica\/corsi-di-studio\/corsi-di-laurea-triennale-e-ciclo-unico\/chimica\" target=\"_blank\" rel=\"noopener\">corso di laurea di Chimica<\/a> e sbocchi professionali<\/span><\/strong><\/p>\n<ul>\n<li><span style=\"font-family: helvetica, arial, sans-serif\">27 febbraio ore 10.00 &#8211; 10.20\u00a0\u00a0\u00a0\u00a0\u00a0 e\u00a0\u00a0\u00a0\u00a0 13.30 &#8211; 13.50 \u00a0 \u00a0 Blocco H\u00a0 Aula 7 <\/span><\/li>\n<li><span style=\"font-family: helvetica, arial, sans-serif\">28 febbraio ore 11.00 &#8211; 11.20\u00a0\u00a0\u00a0\u00a0\u00a0 e\u00a0\u00a0\u00a0\u00a0\u00a0 12.30 &#8211; 12.50\u00a0 \u00a0 Blocco H\u00a0 Aula gamma <\/span><\/li>\n<li><span style=\"font-family: helvetica, arial, sans-serif\">29 febbraio ore 10.00 &#8211; 10.20\u00a0\u00a0\u00a0\u00a0\u00a0 e\u00a0\u00a0\u00a0\u00a0\u00a0 12.30 &#8211; 12.50\u00a0\u00a0 e\u00a0\u00a0\u00a0 13.30 &#8211; 13.50\u00a0 Blocco H\u00a0 Aula gamma<br \/>\n<\/span><\/li>\n<\/ul>\n<p><span style=\"font-family: helvetica, arial, sans-serif\"><strong><span style=\"color: #3366ff\">Seminari<\/span> <\/strong><br \/>\n<\/span><\/p>\n<ul>\n<li><span style=\"font-family: helvetica, arial, sans-serif\"><strong>La chimica nei laboratori forensi<\/strong> (Dott.ssa Enrica Tuveri)\u00a0\u00a0\u00a0 27 febbraio ore 11.00 &#8211; 11.20\u00a0 Blocco H\u00a0 Aula gamma<br \/>\n<\/span><\/li>\n<li><span style=\"font-family: helvetica, arial, sans-serif\"><span dir=\"ltr\" role=\"presentation\"><strong>La Chimica per la Salute e l&#8217;Ambiente<\/strong><\/span> (Dott.ssa Carla Denotti)\u00a0\u00a0\u00a0\u00a0 28 febbraio ore 11.30 &#8211; 11.50\u00a0 Blocco H\u00a0 Aula gamma <\/span><\/li>\n<li><span style=\"font-family: helvetica, arial, sans-serif\"><strong>Chimica ed Energia<\/strong> (Dott.ssa Paola Carta)\u00a0\u00a0\u00a0\u00a0 29 febbraio ore 10.30 &#8211; 10.50\u00a0 Blocco H Aula 7<br \/>\n<\/span><\/li>\n<\/ul>\n<p><span style=\"font-family: helvetica, arial, sans-serif\"><span style=\"color: #3366ff\"><strong>Programma cronologico delle attivit\u00e0 del corso di Laurea in Chimica<\/strong><\/span> (<a href=\"https:\/\/sites.unica.it\/plschimica\/files\/2023\/02\/Mappa_Cittadella_Monserrato_GO2023.pdf\">vedi Mappa<\/a>)<\/span><\/p>\n<ul>\n<li><span style=\"font-family: helvetica, arial, sans-serif\"><strong>27 febbraio<\/strong> ore 10.00 &#8211; 10.20\u00a0 Blocco H\u00a0 Aula 7 &#8211; Presentazione del corso di Laurea di Chimica (Prof.ssa Tiziana Pivetta)<br \/>\n<\/span><\/li>\n<li><span style=\"font-family: helvetica, arial, sans-serif\">27 febbraio ore 11.00 &#8211; 11.20\u00a0 Blocco H\u00a0 Aula gamma &#8211; Seminario &#8220;La chimica nei laboratori forensi\u201d (Dott.ssa Enrica Tuveri)<\/span><\/li>\n<li><span style=\"font-family: helvetica, arial, sans-serif\">27 febbraio ore 13.30 &#8211; 13.50 Blocco H Aula gamma &#8211; Presentazione del corso di Laurea di Chimica (Prof.ssa Antonella Rossi)<\/span><\/li>\n<li><span style=\"font-family: helvetica, arial, sans-serif\">27 febbraio ore 09.00 &#8211; 13.00\u00a0 Blocco H &#8211; Laboratorio di Chimica<\/span><\/li>\n<li><span style=\"font-family: helvetica, arial, sans-serif\"><strong>28 febbraio<\/strong> ore 11.00 &#8211; 11.20\u00a0 Blocco H\u00a0 Aula gamma &#8211; Presentazione del corso di Laurea di Chimica (Dott. Luciano Atzori)<br \/>\n<\/span><\/li>\n<li><span style=\"font-family: helvetica, arial, sans-serif\">28 febbraio ore 11.30 &#8211; 11.50\u00a0 Blocco H\u00a0 Aula gamma &#8211; <strong>Seminario<\/strong> <span dir=\"ltr\" role=\"presentation\">\u201cLa Chimica per la Salute e l&#8217;Ambiente\u201d<\/span> (Dott.ssa Carla Denotti)<br \/>\n<\/span><\/li>\n<li><span style=\"font-family: helvetica, arial, sans-serif\">28 febbraio ore 12.30 &#8211; 12.50\u00a0 Blocco H\u00a0 Aula gamma &#8211; Presentazione del corso di Laurea di Chimica (Prof.ssa Tiziana Pivetta)<\/span><\/li>\n<li><span style=\"font-family: helvetica, arial, sans-serif\">28 febbraio ore 09.00 &#8211; 13.00\u00a0 Blocco H &#8211; Laboratorio di Chimica<\/span><\/li>\n<li><span style=\"font-family: helvetica, arial, sans-serif\"><strong>29 febbraio<\/strong> ore 10.00 &#8211; 10.20\u00a0 Blocco H\u00a0 Aula gamma &#8211; Presentazione del corso di Laurea di Chimica (Prof.ssa Silvia Porcedda)<\/span><\/li>\n<li><span style=\"font-family: helvetica, arial, sans-serif\">29 febbraio ore 10.30 &#8211; 10.50\u00a0 Blocco H Aula 7 &#8211; Seminario &#8220;Chimica ed Energia&#8221; (Dott.ssa Paola Carta)<\/span><\/li>\n<li><span style=\"font-family: helvetica, arial, sans-serif\">29 febbraio ore 12.30 &#8211; 12.50\u00a0 Blocco H\u00a0 Aula gamma &#8211; Presentazione del corso di Laurea di Chimica (Dott.ssa Deborah Biggio)<\/span><\/li>\n<li><span style=\"font-family: helvetica, arial, sans-serif\">29 febbraio ore 13.30 &#8211; 13.50\u00a0 Blocco H\u00a0 Aula gamma &#8211; Presentazione del corso di Laurea di Chimica (Prof.ssa Antonella Rossi)<\/span><\/li>\n<li><span style=\"font-family: helvetica, arial, sans-serif\">29 febbraio ore 09.00 &#8211; 13.00\u00a0 Blocco H &#8211; Laboratorio di Chimica<br \/>\n<\/span><\/li>\n<\/ul>\n<p><span style=\"font-family: helvetica, arial, sans-serif\">Il corso di Laurea di Chimica nell&#8217; ambito del Piano Nazionale di Lauree Scientifiche ha anche partecipato alle giornate &#8220;<a href=\"https:\/\/sites.unica.it\/plschimica\/attivita-2024\/\" target=\"_blank\" rel=\"noopener\"><span style=\"color: #3366ff\">Women and Girls in Science<\/span><\/a>&#8221; che si sono svolte il 9 febbraio di quest&#8217; anno.\u00a0<\/span><\/p>","protected":false},"excerpt":{"rendered":"<p>Giornate di Orientamento Chimica 2024 Le Giornate di Orientamento (vedi programma totale) si svolgono nei giorni 27 &#8211; 28 &#8211; 29 febbraio 2024 nella cittadella universitaria di Monserrato. Il corso di Laura di Chimca partecipa come ogni anno per fornire alle studentesse e studenti delle scuole informazioni utili sulla materie della chimica, sul corso di laurea e sugli sbocchi occupazionali. Le attivit\u00e0 comprendono la presentazione del corso di Laurea di Chimica e gli sbochi professionali, tre seminari e attivit\u00e0 di laboratorio. Tutte le attivit\u00e0 per Chimica si svolgono nel blocco H2 (vedi mappa). Attivit\u00e0 di Laboratorio di Chimica In tutti <a href='https:\/\/sites.unica.it\/plschimica\/orientamento-chimica-2024\/' class='excerpt-more'>[&#8230;]<\/a><\/p>\n","protected":false},"author":335,"featured_media":0,"parent":0,"menu_order":0,"comment_status":"closed","ping_status":"closed","template":"","meta":{"footnotes":""},"class_list":["post-2264","page","type-page","status-publish","hentry","post-seq-1","post-parity-odd","meta-position-corners","fix"],"_links":{"self":[{"href":"https:\/\/sites.unica.it\/plschimica\/wp-json\/wp\/v2\/pages\/2264","targetHints":{"allow":["GET"]}}],"collection":[{"href":"https:\/\/sites.unica.it\/plschimica\/wp-json\/wp\/v2\/pages"}],"about":[{"href":"https:\/\/sites.unica.it\/plschimica\/wp-json\/wp\/v2\/types\/page"}],"author":[{"embeddable":true,"href":"https:\/\/sites.unica.it\/plschimica\/wp-json\/wp\/v2\/users\/335"}],"replies":[{"embeddable":true,"href":"https:\/\/sites.unica.it\/plschimica\/wp-json\/wp\/v2\/comments?post=2264"}],"version-history":[{"count":20,"href":"https:\/\/sites.unica.it\/plschimica\/wp-json\/wp\/v2\/pages\/2264\/revisions"}],"predecessor-version":[{"id":2606,"href":"https:\/\/sites.unica.it\/plschimica\/wp-json\/wp\/v2\/pages\/2264\/revisions\/2606"}],"wp:attachment":[{"href":"https:\/\/sites.unica.it\/plschimica\/wp-json\/wp\/v2\/media?parent=2264"}],"curies":[{"name":"wp","href":"https:\/\/api.w.org\/{rel}","templated":true}]}}