{"id":1236,"date":"2012-11-26T10:30:01","date_gmt":"2012-11-26T10:30:01","guid":{"rendered":"http:\/\/people.unica.it\/provacds2\/?page_id=1236"},"modified":"2026-01-02T16:07:05","modified_gmt":"2026-01-02T16:07:05","slug":"scopo-pls","status":"publish","type":"page","link":"https:\/\/sites.unica.it\/plschimica\/scopo-pls\/","title":{"rendered":"Scopo del PLS"},"content":{"rendered":"<p><span style=\"font-family: helvetica,arial,sans-serif\">Il <span style=\"color: #333333\">Piano Lauree Scientifiche<\/span> \u00e8 un iniziativa nazionale del Ministero dell&#8217; Universit\u00e0 e della Ricerca (MUR) in accordo con le Universit\u00e0 Italiane, le Direzioni Scolastiche Regionali e le Associazioni delle Imprese, per attuare azioni specifiche volte a stimolare l&#8217;interesse dei giovani per lo studio delle materie scientifiche (in particolare Fisica, Chimica e Matematica), fornire una pi\u00f9 adeguata preparazione nelle materie scientifiche di base e potenziare l&#8217;interazione tra Universit\u00e0 ed Impresa al fine di favorire l&#8217;inserimento degli studenti nel mercato dell&#8217; alta tecnologia.\u00a0<\/span><\/p>\n<p><span style=\"font-family: helvetica,arial,sans-serif\">Il Piano Lauree Scientifiche Chimica opera su tre linee di azione principali:<\/span><\/p>\n<ol>\n<li><span style=\"font-family: helvetica,arial,sans-serif\">Orientamento degli studenti con attivit\u00e0 di laboratorio partecipato<\/span><\/li>\n<li><span style=\"font-family: helvetica,arial,sans-serif\">Formazione degli insegnanti di Chimica<\/span><\/li>\n<li><span style=\"font-family: helvetica,arial,sans-serif\">Visite ai laboratori di ricerca<\/span><\/li>\n<\/ol>\n<p>Gli\/le insegnanti che sono interessati\/e a seguire con la loro classe una <a href=\"https:\/\/sites.unica.it\/plschimica\/masterclass-chimica\/\" data-type=\"page\" data-id=\"2781\"><strong>masterclass in chimica<\/strong><\/a> con la possibilit\u00e0 di eseguire esperimenti, possono scrivere alla referenti per il PLS Chimica per concordare le date e gli esperimenti.<\/p>\n<p><span style=\"font-family: helvetica, arial, sans-serif\">Referenti PLS del CdS di Chimica:\u00a0 Prof.ssa <span style=\"color: #3366ff\"><a style=\"color: #3366ff\" href=\"https:\/\/web.unica.it\/unica\/page\/en\/marzia_fantauzzi\" target=\"_blank\" rel=\"noopener\">Marzia Fantauzzi<\/a><\/span> e Prof.ssa <span style=\"color: #3366ff\"><a style=\"color: #3366ff\" href=\"https:\/\/web.unica.it\/unica\/it\/ateneo_s07_ss01.page?contentId=SHD30793\" target=\"_blank\" rel=\"noopener\">Antonella Rossi<\/a><\/span>, Dipartimento di Scienze Chimiche e Geologiche<br \/><\/span><\/p>\n\n\n<p><\/p>","protected":false},"excerpt":{"rendered":"<p>Il Piano Lauree Scientifiche \u00e8 un iniziativa nazionale del Ministero dell&#8217; Universit\u00e0 e della Ricerca (MUR) in accordo con le Universit\u00e0 Italiane, le Direzioni Scolastiche Regionali e le Associazioni delle Imprese, per attuare azioni specifiche volte a stimolare l&#8217;interesse dei giovani per lo studio delle materie scientifiche (in particolare Fisica, Chimica e Matematica), fornire una pi\u00f9 adeguata preparazione nelle materie scientifiche di base e potenziare l&#8217;interazione tra Universit\u00e0 ed Impresa al fine di favorire l&#8217;inserimento degli studenti nel mercato dell&#8217; alta tecnologia.\u00a0 Il Piano Lauree Scientifiche Chimica opera su tre linee di azione principali: Orientamento degli studenti con attivit\u00e0 di <a href='https:\/\/sites.unica.it\/plschimica\/scopo-pls\/' class='excerpt-more'>[&#8230;]<\/a><\/p>\n","protected":false},"author":643,"featured_media":0,"parent":0,"menu_order":0,"comment_status":"closed","ping_status":"closed","template":"","meta":{"footnotes":""},"class_list":["post-1236","page","type-page","status-publish","hentry","post-seq-1","post-parity-odd","meta-position-corners","fix"],"_links":{"self":[{"href":"https:\/\/sites.unica.it\/plschimica\/wp-json\/wp\/v2\/pages\/1236","targetHints":{"allow":["GET"]}}],"collection":[{"href":"https:\/\/sites.unica.it\/plschimica\/wp-json\/wp\/v2\/pages"}],"about":[{"href":"https:\/\/sites.unica.it\/plschimica\/wp-json\/wp\/v2\/types\/page"}],"author":[{"embeddable":true,"href":"https:\/\/sites.unica.it\/plschimica\/wp-json\/wp\/v2\/users\/643"}],"replies":[{"embeddable":true,"href":"https:\/\/sites.unica.it\/plschimica\/wp-json\/wp\/v2\/comments?post=1236"}],"version-history":[{"count":21,"href":"https:\/\/sites.unica.it\/plschimica\/wp-json\/wp\/v2\/pages\/1236\/revisions"}],"predecessor-version":[{"id":2896,"href":"https:\/\/sites.unica.it\/plschimica\/wp-json\/wp\/v2\/pages\/1236\/revisions\/2896"}],"wp:attachment":[{"href":"https:\/\/sites.unica.it\/plschimica\/wp-json\/wp\/v2\/media?parent=1236"}],"curies":[{"name":"wp","href":"https:\/\/api.w.org\/{rel}","templated":true}]}}