{"id":904,"date":"2020-05-04T19:21:52","date_gmt":"2020-05-04T17:21:52","guid":{"rendered":"http:\/\/sites.unica.it\/pls\/?page_id=904"},"modified":"2020-05-09T18:17:44","modified_gmt":"2020-05-09T16:17:44","slug":"vuoi-contribuire-ed-essere-protagonista-nel-nostro-corso-di-laurea-aiutaci-a-raccontarlo","status":"publish","type":"page","link":"https:\/\/sites.unica.it\/pls\/vuoi-contribuire-ed-essere-protagonista-nel-nostro-corso-di-laurea-aiutaci-a-raccontarlo\/","title":{"rendered":"Vuoi contribuire ed essere protagonista nel nostro Corso di Laurea? Aiutaci a raccontarlo!"},"content":{"rendered":"<p>Cari studenti, la situazione emergenziale ci presenta un\u2019altra sfida.<\/p>\n<p>Organizzare le giornate dell\u2019orientamento in streaming. Su questo abbiamo bisogno del vostro aiuto.<\/p>\n<p>Lo scopo \u00e8 comunicare in maniera efficace cosa significhi essere studente in geologia e quale sia la nostra idea di contributo alla societ\u00e0 del futuro.<\/p>\n<p>Abbiamo pensato di preparare un video con le vostre interviste e con le immagini delle nostre attivit\u00e0 sul terreno ed in laboratorio.<\/p>\n<p>Quello che dovete fare \u00e8 riprendervi con un cellulare o una fotocamera mentre rispondete in maniera spontanea alle seguente domande:<\/p>\n<ol>\n<li>Come ti chiami, quanti anni hai e a che corso sei iscritto (triennale, magistrale, laureato)?<\/li>\n<li>Qual \u00e8 un tuo hobby preferito?<\/li>\n<li>Perch\u00e8 hai scelto geologia?<\/li>\n<li>Qual \u00e8 l&#8217;aspetto del corso di laurea che pi\u00f9 ti ha colpito?<\/li>\n<li>Quali sono i tuoi progetti per il futuro?<\/li>\n<li>Racconta un aneddoto che riguarda la tua esperienza di studente in geologia che pi\u00f9 ti \u00e8 rimasto impresso<\/li>\n<\/ol>\n<p>Le risposte devono essere brevi (circa 20, 30 secondi). Metteteci tutta la vostra carica empatica. E&#8217; auspicabile, ma non obbligatorio, rispondere a tutte le domande<\/p>\n<p>I video dovranno essere caricati in questa piattaforma nel modulo riportato nel seguito dopo aver espresso il vostro consenso all&#8217;utilizzo della vostra immagine e spuntato le informative sulla tutela della privacy, <strong>preferibilmente<\/strong> <em><strong>entro sabato 09\/05\/2020, ma sar\u00e0 comunque possibile caricare il video fino al 12\/05\/2020.<\/strong><\/em><\/p>\n<p>Potete anche caricare foto o video delle attivit\u00e0 di campo o di laboratorio che ritenete significativi.<\/p>\n<p><em><strong>Il migliore video verr\u00e0 premiato con uno zainetto da giorno della salewa unisex (nero\/grigio).<\/strong><\/em><\/p>\n<p>Partecipate numerosi e siate i protagonisti di questo progetto.<\/p>\n<p>Per informazioni:<\/p>\n<p><a href=\"mailto:sdapelo@unica.it\">Prof.ssa Stefania Da Pelo<\/a><\/p>\n<p>Qualora la dimensione del video e del materiale fotografico eccedesse la capacit\u00e0 compatibile con il sistema occorre <strong>COMUNQUE<\/strong> compilare il format per la tutela della Privacy. E&#8217; comunque preferibile inviare i file anche con un wetransfer al seguente indirizzo: <a href=\"mailto:plsgeo@unica.it\">plsgeo@unica.it<\/a><\/p>\n<div class=\"frm_forms  with_frm_style frm_style_formidable-style\" id=\"frm_form_20_container\" >\n<form enctype=\"multipart\/form-data\" method=\"post\" class=\"frm-show-form  frm_pro_form \" id=\"form_imieivideo2\" >\n<div class=\"frm_form_fields \">\n<fieldset>\n<legend class=\"frm_screen_reader\">I miei video<\/legend>\r\n<h3 class=\"frm_form_title\">I miei video<\/h3>\r\n<div class=\"frm_description\"><p>Il modulo consente di caricare le videointerviste per la produzione del video:<br \/>\nGeologia: un corso di studi e una professione per la societ\u00e0 del futuro<\/p>\n<\/div><div class=\"frm_fields_container\">\n<input type=\"hidden\" name=\"frm_action\" value=\"create\" \/>\n<input type=\"hidden\" name=\"form_id\" value=\"20\" \/>\n<input type=\"hidden\" name=\"frm_hide_fields_20\" id=\"frm_hide_fields_20\" value=\"\" \/>\n<input type=\"hidden\" name=\"form_key\" value=\"imieivideo2\" \/>\n<input type=\"hidden\" name=\"item_meta[0]\" value=\"\" \/>\n<input type=\"hidden\" id=\"frm_submit_entry_20\" name=\"frm_submit_entry_20\" value=\"1d9569c21e\" \/><input type=\"hidden\" name=\"_wp_http_referer\" value=\"\/pls\/wp-json\/wp\/v2\/pages\/904\" \/><div id=\"frm_field_232_container\" class=\"frm_form_field form-field  frm_required_field frm_top_container\">\r\n    <label for=\"field_3djjx\" id=\"field_3djjx_label\" class=\"frm_primary_label\">Cognome\r\n        <span class=\"frm_required\">*<\/span>\r\n    <\/label>\r\n    <input  type=\"text\" id=\"field_3djjx\" name=\"item_meta[232]\" value=\"\"  data-reqmsg=\"Cognome non pu\u00f2 essere vuoto.\" aria-required=\"true\" data-invmsg=\"Testo non \u00e8 valido\" aria-invalid=\"false\"   \/>\r\n    \r\n    \r\n<\/div>\n<div id=\"frm_field_233_container\" class=\"frm_form_field form-field  frm_required_field frm_top_container\">\r\n    <label for=\"field_h4ano\" id=\"field_h4ano_label\" class=\"frm_primary_label\">Nome\r\n        <span class=\"frm_required\">*<\/span>\r\n    <\/label>\r\n    <input  type=\"text\" id=\"field_h4ano\" name=\"item_meta[233]\" value=\"\"  data-reqmsg=\"Questo campo non pu\u00f2 essere vuoto.\" aria-required=\"true\" data-invmsg=\"Testo non \u00e8 valido\" aria-invalid=\"false\"   \/>\r\n    \r\n    \r\n<\/div>\n<div id=\"frm_field_243_container\" class=\"frm_form_field form-field  frm_required_field frm_top_container\">\r\n    <label for=\"field_ix1v5\" id=\"field_ix1v5_label\" class=\"frm_primary_label\">Corso di laurea\r\n        <span class=\"frm_required\">*<\/span>\r\n    <\/label>\r\n    \t\t<select name=\"item_meta[243]\" id=\"field_ix1v5\"  data-reqmsg=\"Questo campo non pu\u00f2 essere vuoto.\" aria-required=\"true\" data-invmsg=\"Corso di laurea non \u00e8 valido\" aria-invalid=\"false\"  >\n\t\t<option  value=\"Laureato\">Laureato<\/option><option  value=\"Scienze Geologiche\">Scienze Geologiche<\/option><option  value=\"Scienze e Tecnologie Geologiche\">Scienze e Tecnologie Geologiche<\/option>\t<\/select>\n\t\r\n    \r\n    \r\n<\/div>\n<div id=\"frm_field_242_container\" class=\"frm_form_field form-field  frm_required_field frm_top_container\">\r\n    <label for=\"field_9c9zo\" id=\"field_9c9zo_label\" class=\"frm_primary_label\">Numero di matricola\r\n        <span class=\"frm_required\">*<\/span>\r\n    <\/label>\r\n    <input type=\"number\" id=\"field_9c9zo\" name=\"item_meta[242]\" value=\"\" data-reqmsg=\"Numero di matricola non pu\u00f2 essere vuoto.\" aria-required=\"true\" data-invmsg=\"Numero non \u00e8 valido\" aria-invalid=\"false\"   aria-describedby=\"frm_desc_field_9c9zo\" min=\"0\" max=\"9999999\" step=\"any\" \/>\r\n    <div class=\"frm_description\" id=\"frm_desc_field_9c9zo\">inserire solo le ultime 5 cifre dopo 60\/63 o 60\/67, se laureato inserire 00000<\/div>\r\n    \r\n<\/div>\n<div id=\"frm_field_235_container\" class=\"frm_form_field form-field  frm_required_field frm_top_container\">\r\n    <label for=\"field_rkcy9\" id=\"field_rkcy9_label\" class=\"frm_primary_label\">Nato a \r\n        <span class=\"frm_required\">*<\/span>\r\n    <\/label>\r\n    <input  type=\"text\" id=\"field_rkcy9\" name=\"item_meta[235]\" value=\"\"  data-reqmsg=\"Questo campo non pu\u00f2 essere vuoto.\" aria-required=\"true\" data-invmsg=\"Testo non \u00e8 valido\" aria-invalid=\"false\"   \/>\r\n    \r\n    \r\n<\/div>\n<div id=\"frm_field_238_container\" class=\"frm_form_field form-field  frm_required_field frm_top_container\">\r\n    <label for=\"field_lzmbh\" id=\"field_lzmbh_label\" class=\"frm_primary_label\">Provincia\r\n        <span class=\"frm_required\">*<\/span>\r\n    <\/label>\r\n    <input  type=\"text\" id=\"field_lzmbh\" name=\"item_meta[238]\" value=\"\"  data-reqmsg=\"Questo campo non pu\u00f2 essere vuoto.\" aria-required=\"true\" data-invmsg=\"Testo non \u00e8 valido\" aria-invalid=\"false\"   \/>\r\n    \r\n    \r\n<\/div>\n<div id=\"frm_field_234_container\" class=\"frm_form_field form-field  frm_required_field frm_top_container\">\r\n    <label for=\"field_di1xs\" id=\"field_di1xs_label\" class=\"frm_primary_label\">Data di Nascita\r\n        <span class=\"frm_required\">*<\/span>\r\n    <\/label>\r\n    <input type=\"text\" id=\"field_di1xs\" name=\"item_meta[234]\" value=\"\"  maxlength=\"10\" data-reqmsg=\"Questo campo non pu\u00f2 essere vuoto.\" aria-required=\"true\" data-invmsg=\"Data non \u00e8 valido\" class=\"frm_date\" aria-invalid=\"false\"  \/>\r\n    \r\n    \r\n<\/div>\n<div id=\"frm_field_237_container\" class=\"frm_form_field form-field  frm_top_container\">\r\n    <label for=\"field_v3ey5\" id=\"field_v3ey5_label\" class=\"frm_primary_label\">Cellulare\r\n        <span class=\"frm_required\"><\/span>\r\n    <\/label>\r\n    <input type=\"tel\" id=\"field_v3ey5\" name=\"item_meta[237]\" value=\"\"  data-invmsg=\"Phone non \u00e8 valido\" aria-invalid=\"false\" pattern=\"((\\+\\d{1,3}(-|.| )?\\(?\\d\\)?(-| |.)?\\d{1,5})|(\\(?\\d{2,6}\\)?))(-|.| )?(\\d{3,4})(-|.| )?(\\d{4})(( x| ext)\\d{1,5}){0,1}$\"  \/>\r\n    \r\n    \r\n<\/div>\n<div id=\"frm_field_236_container\" class=\"frm_form_field form-field  frm_required_field frm_top_container\">\r\n    <label for=\"field_9c78t\" id=\"field_9c78t_label\" class=\"frm_primary_label\">Email\r\n        <span class=\"frm_required\">*<\/span>\r\n    <\/label>\r\n    <input type=\"email\" id=\"field_9c78t\" name=\"item_meta[236]\" value=\"\"  data-reqmsg=\"Questo campo non pu\u00f2 essere vuoto.\" aria-required=\"true\" data-invmsg=\"Email non \u00e8 valido\" aria-invalid=\"false\"  \/>\r\n    \r\n    \r\n<\/div>\n<div id=\"frm_field_231_container\" class=\"frm_form_field form-field  frm_required_field frm_top_container vertical_radio\">\r\n    <div  id=\"field_reqi2_label\" class=\"frm_primary_label\">TUTELA DELLA PRIVACY DICHIARAZIONE LIBERATORIA PER RIPRESE AUDIO\/VIDEO (Regolamento UE 2016\/679 e Codice in materia di protezione dei dati personali D.Lgs. 196\/2003) ESPRIMO IL CONSENSO AL TRATTAMENTO DEI DATI E AUTORIZZO  l\u2019Universit\u00e0 di Cagliari, nelle persone di Rosa Cidu (Direttore del Dipartimento di Scienze Chimiche e Geologiche) all\u2019utilizzo e pubblicazione di immagini fotografiche video o altri materiali audiovisivi in cui dovesse comparire la mia immagine, durante le riprese realizzate per la produzione del Video del Corso di laurea in Scienze Geologiche finalizzato alle attivit\u00e0 di orientamento\u201d.  La presente autorizzazione non consente l'uso dell\u2019immagine in contesti che pregiudichino la dignit\u00e0 personale ed il decoro e comunque per uso e\/o fini diversi da quelli sopra indicati.  Il titolare del trattamento assicura che le immagini e le riprese audio-video realizzate, nonch\u00e9 gli elaborati prodotti dagli studenti durante le attivit\u00e0, potranno essere utilizzati esclusivamente per documentare e divulgare le attivit\u00e0 Universitarie tramite i siti internet o le pagine social del Dipartimento e del Corso di Laurea, pubblicazioni, mostre, corsi di formazione, seminari, convegni e altre iniziative promosse dall'Universit\u00e0 anche in collaborazione con altri enti. Il\/La sottoscritto\/a conferma di non aver nulla a pretendere in ragione di quanto sopra indicato e di rinunciare irrevocabilmente ad ogni diritto, azione o pretesa derivante da quanto sopra autorizzato.\r\n        <span class=\"frm_required\">*<\/span>\r\n    <\/div>\r\n    <div class=\"frm_opt_container\" aria-labelledby=\"field_reqi2_label\" role=\"group\">\t\t<div class=\"frm_checkbox\" id=\"frm_checkbox_231-0\">\t\t\t<label  for=\"field_reqi2-0\">\n\t\t\t<input type=\"checkbox\" name=\"item_meta[231][]\" id=\"field_reqi2-0\" value=\"Acconsento\"  data-reqmsg=\"Questo campo non pu\u00f2 essere vuoto.\" data-invmsg=\"TUTELA DELLA PRIVACY DICHIARAZIONE LIBERATORIA PER RIPRESE AUDIO\/VIDEO (Regolamento UE 2016\/679 e Codice in materia di protezione dei dati personali D.Lgs. 196\/2003) ESPRIMO IL CONSENSO AL TRATTAMENTO DEI DATI E AUTORIZZO  l\u2019Universit\u00e0 di Cagliari, nelle persone di Rosa Cidu (Direttore del Dipartimento di Scienze Chimiche e Geologiche) all\u2019utilizzo e pubblicazione di immagini fotografiche video o altri materiali audiovisivi in cui dovesse comparire la mia immagine, durante le riprese realizzate per la produzione del Video del Corso di laurea in Scienze Geologiche finalizzato alle attivit\u00e0 di orientamento\u201d.  La presente autorizzazione non consente l&#039;uso dell\u2019immagine in contesti che pregiudichino la dignit\u00e0 personale ed il decoro e comunque per uso e\/o fini diversi da quelli sopra indicati.  Il titolare del trattamento assicura che le immagini e le riprese audio-video realizzate, nonch\u00e9 gli elaborati prodotti dagli studenti durante le attivit\u00e0, potranno essere utilizzati esclusivamente per documentare e divulgare le attivit\u00e0 Universitarie tramite i siti internet o le pagine social del Dipartimento e del Corso di Laurea, pubblicazioni, mostre, corsi di formazione, seminari, convegni e altre iniziative promosse dall&#039;Universit\u00e0 anche in collaborazione con altri enti. Il\/La sottoscritto\/a conferma di non aver nulla a pretendere in ragione di quanto sopra indicato e di rinunciare irrevocabilmente ad ogni diritto, azione o pretesa derivante da quanto sopra autorizzato. non \u00e8 valido\" aria-invalid=\"false\"   aria-required=\"true\"  \/> Acconsento<\/label><\/div>\n\t\t<div class=\"frm_checkbox\" id=\"frm_checkbox_231-1\">\t\t\t<label  for=\"field_reqi2-1\">\n\t\t\t<input type=\"checkbox\" name=\"item_meta[231][]\" id=\"field_reqi2-1\" value=\"Non acconsento\"  data-reqmsg=\"Questo campo non pu\u00f2 essere vuoto.\" data-invmsg=\"TUTELA DELLA PRIVACY DICHIARAZIONE LIBERATORIA PER RIPRESE AUDIO\/VIDEO (Regolamento UE 2016\/679 e Codice in materia di protezione dei dati personali D.Lgs. 196\/2003) ESPRIMO IL CONSENSO AL TRATTAMENTO DEI DATI E AUTORIZZO  l\u2019Universit\u00e0 di Cagliari, nelle persone di Rosa Cidu (Direttore del Dipartimento di Scienze Chimiche e Geologiche) all\u2019utilizzo e pubblicazione di immagini fotografiche video o altri materiali audiovisivi in cui dovesse comparire la mia immagine, durante le riprese realizzate per la produzione del Video del Corso di laurea in Scienze Geologiche finalizzato alle attivit\u00e0 di orientamento\u201d.  La presente autorizzazione non consente l&#039;uso dell\u2019immagine in contesti che pregiudichino la dignit\u00e0 personale ed il decoro e comunque per uso e\/o fini diversi da quelli sopra indicati.  Il titolare del trattamento assicura che le immagini e le riprese audio-video realizzate, nonch\u00e9 gli elaborati prodotti dagli studenti durante le attivit\u00e0, potranno essere utilizzati esclusivamente per documentare e divulgare le attivit\u00e0 Universitarie tramite i siti internet o le pagine social del Dipartimento e del Corso di Laurea, pubblicazioni, mostre, corsi di formazione, seminari, convegni e altre iniziative promosse dall&#039;Universit\u00e0 anche in collaborazione con altri enti. Il\/La sottoscritto\/a conferma di non aver nulla a pretendere in ragione di quanto sopra indicato e di rinunciare irrevocabilmente ad ogni diritto, azione o pretesa derivante da quanto sopra autorizzato. non \u00e8 valido\" aria-invalid=\"false\"   \/> Non acconsento<\/label><\/div>\n<\/div>\r\n    \r\n    \r\n<\/div>\n<div id=\"frm_field_239_container\" class=\"frm_form_field form-field  frm_required_field frm_top_container vertical_radio\">\r\n    <div  id=\"field_xix5t_label\" class=\"frm_primary_label\">INFORMATIVA SULLA PRIVACY   L'Universit\u00e0 degli Studi di Cagliari \u00e8 titolare del trattamento dei dati personali ai sensi delle norme del regolamento (UE) 2016\/679 del Parlamento europeo e del Consiglio, del 27 aprile 2016, e del Codice in materia di protezione dei dati personali D.Lgs. 196\/2003, nel rispetto della dignit\u00e0 umana, dei diritti e delle libert\u00e0 fondamentali della persona. In conformit\u00e0 al regolamento (UE) 2016\/679 e al Codice in materia di protezione dei dati personali D.Lgs. 196\/2003, in considerazione della modalit\u00e0 di diffusione, \u00e8 richiesta l\u2019autorizzazione al trattamento dei dati a scopi documentativi, formativi e informativi tramite supporti cartacei e telematici. I dati personali che la riguardano saranno trattati dall\u2019Universit\u00e0 di Cagliari unicamente per la produzione di video del corso di laurea ed eventuali comunicazioni inerenti il progetto stesso.  In relazione ai dati conferiti La informiamo che potr\u00e0 esercitare i diritti contemplati dall\u2019art. 12 del Regolamento, scrivendo a e-mail: privacy@unica.it  - pec: protocollo@pec.unica.it  - posta ordinaria Universit\u00e0 degli Studi di Cagliari - via Universit\u00e0, 40 - 09124 Cagliari. Lei potr\u00e0 pertanto chiedere di avere conoscenza dell\u2019origine dei dati nonch\u00e9 della logica e delle finalit\u00e0 del Trattamento; di ottenere la cancellazione, la trasformazione in forma anonima o il blocco dei dati trattati in violazione di legge, nonch\u00e9 l\u2019aggiornamento, la rettifica o, se vi \u00e8 interesse, l\u2019integrazione dei dati stessi; di opporsi, per motivi legittimi, al trattamento. Lei ha, altres\u00ec, il diritto di proporre reclamo al Garante della Privacy quale Autorit\u00e0 di controllo secondo le procedure previste.\r\n        <span class=\"frm_required\">*<\/span>\r\n    <\/div>\r\n    <div class=\"frm_opt_container\" aria-labelledby=\"field_xix5t_label\" role=\"group\">\t\t<div class=\"frm_checkbox\" id=\"frm_checkbox_239-0\">\t\t\t<label  for=\"field_xix5t-0\">\n\t\t\t<input type=\"checkbox\" name=\"item_meta[239][]\" id=\"field_xix5t-0\" value=\"Ho letto l&#039;informativa\"  data-reqmsg=\"Questo campo non pu\u00f2 essere vuoto.\" data-invmsg=\"INFORMATIVA SULLA PRIVACY   L&#039;Universit\u00e0 degli Studi di Cagliari \u00e8 titolare del trattamento dei dati personali ai sensi delle norme del regolamento (UE) 2016\/679 del Parlamento europeo e del Consiglio, del 27 aprile 2016, e del Codice in materia di protezione dei dati personali D.Lgs. 196\/2003, nel rispetto della dignit\u00e0 umana, dei diritti e delle libert\u00e0 fondamentali della persona. In conformit\u00e0 al regolamento (UE) 2016\/679 e al Codice in materia di protezione dei dati personali D.Lgs. 196\/2003, in considerazione della modalit\u00e0 di diffusione, \u00e8 richiesta l\u2019autorizzazione al trattamento dei dati a scopi documentativi, formativi e informativi tramite supporti cartacei e telematici. I dati personali che la riguardano saranno trattati dall\u2019Universit\u00e0 di Cagliari unicamente per la produzione di video del corso di laurea ed eventuali comunicazioni inerenti il progetto stesso.  In relazione ai dati conferiti La informiamo che potr\u00e0 esercitare i diritti contemplati dall\u2019art. 12 del Regolamento, scrivendo a e-mail: privacy@unica.it  - pec: protocollo@pec.unica.it  - posta ordinaria Universit\u00e0 degli Studi di Cagliari - via Universit\u00e0, 40 - 09124 Cagliari. Lei potr\u00e0 pertanto chiedere di avere conoscenza dell\u2019origine dei dati nonch\u00e9 della logica e delle finalit\u00e0 del Trattamento; di ottenere la cancellazione, la trasformazione in forma anonima o il blocco dei dati trattati in violazione di legge, nonch\u00e9 l\u2019aggiornamento, la rettifica o, se vi \u00e8 interesse, l\u2019integrazione dei dati stessi; di opporsi, per motivi legittimi, al trattamento. Lei ha, altres\u00ec, il diritto di proporre reclamo al Garante della Privacy quale Autorit\u00e0 di controllo secondo le procedure previste. non \u00e8 valido\" aria-invalid=\"false\"   aria-required=\"true\"  \/> Ho letto l'informativa<\/label><\/div>\n<\/div>\r\n    \r\n    \r\n<\/div>\n<div id=\"frm_field_240_container\" class=\"frm_form_field form-field  frm_top_container\">\r\n    <div  id=\"field_juhhq_label\" class=\"frm_primary_label\">Inserisci qui il tuo video \r\n        <span class=\"frm_required\"><\/span>\r\n    <\/div>\r\n    <input type=\"hidden\"  data-invmsg=\"Caricamento file non \u00e8 valido\" aria-invalid=\"false\"   name=\"item_meta[240][]\"  value=\"\" data-frmfile=\"240\" \/>\n\n<div class=\"frm_dropzone frm_multi_upload frm_clearfix\" id=\"file240_dropzone\" role=\"group\" >\n\t<div class=\"fallback\">\n\t\t<input type=\"file\" name=\"file240[]\" id=\"field_juhhq\"\n\t\t\t data-frmfile=\"240\" multiple=\"multiple\"  data-invmsg=\"Caricamento file non \u00e8 valido\" aria-invalid=\"false\"  \t\t\t\/>\n\t\t\t\t<div class=\"frm_clearfix \"><\/div>\n\t<\/div>\n\t<div class=\"dz-message needsclick\">\n\t\t\t\t<svg  viewBox=\"0 0 18 18\" class=\"frmsvg frm-svg-icon\">\n\t<path viewBox=\"0 0 18 18\" fill-rule=\"evenodd\" clip-rule=\"evenodd\" d=\"M8.2 4v8a.8.8 0 001.5 0V4l2.1 2.2A.7.7 0 1013 5L9.5 1.7a.7.7 0 00-1.1 0L5.1 5.2a.8.8 0 001 1l2.1-2zm7.6 4.3c.4 0 .7.3.7.7v6.8c0 .4-.3.7-.8.7H2.3a.8.8 0 01-.8-.8V9A.8.8 0 013 9v6h12V9c0-.4.3-.8.8-.8z\"><\/path>\n<\/svg>\t\t<span class=\"frm_upload_text\"><button type=\"button\" aria-label=\"Inserisci qui il tuo video . Trascina qui il tuo file o fai clic per caricarlo. Dimensione massima del file: 516MB\">Trascina qui il tuo file o fai clic per caricarlo<\/button><\/span>\n\t\t<span class=\"frm_compact_text\"><button type=\"button\" aria-label=\"Inserisci qui il tuo video . Scegli file. Dimensione massima del file: 516MB\">Scegli file<\/button><\/span>\n\t\t<div class=\"frm_small_text\">\n\t\t\t<p>Dimensione massima del file: 516MB<\/p>\n\t\t<\/div>\n\t<\/div>\n<\/div>\n\t\r\n    \r\n    \r\n<\/div>\n<div id=\"frm_field_241_container\" class=\"frm_form_field form-field  frm_top_container\">\r\n    <div  id=\"field_gj0fs_label\" class=\"frm_primary_label\">Inserisci qui le tue foto\/altri video\r\n        <span class=\"frm_required\"><\/span>\r\n    <\/div>\r\n    <input type=\"hidden\"  data-invmsg=\"Caricamento file non \u00e8 valido\" aria-invalid=\"false\"   name=\"item_meta[241][]\"  value=\"\" data-frmfile=\"241\" \/>\n\n<div class=\"frm_dropzone frm_multi_upload frm_clearfix\" id=\"file241_dropzone\" role=\"group\" >\n\t<div class=\"fallback\">\n\t\t<input type=\"file\" name=\"file241[]\" id=\"field_gj0fs\"\n\t\t\t data-frmfile=\"241\" multiple=\"multiple\"  data-invmsg=\"Caricamento file non \u00e8 valido\" aria-invalid=\"false\"  \t\t\t\/>\n\t\t\t\t<div class=\"frm_clearfix \"><\/div>\n\t<\/div>\n\t<div class=\"dz-message needsclick\">\n\t\t\t\t<svg  viewBox=\"0 0 18 18\" class=\"frmsvg frm-svg-icon\">\n\t<path viewBox=\"0 0 18 18\" fill-rule=\"evenodd\" clip-rule=\"evenodd\" d=\"M8.2 4v8a.8.8 0 001.5 0V4l2.1 2.2A.7.7 0 1013 5L9.5 1.7a.7.7 0 00-1.1 0L5.1 5.2a.8.8 0 001 1l2.1-2zm7.6 4.3c.4 0 .7.3.7.7v6.8c0 .4-.3.7-.8.7H2.3a.8.8 0 01-.8-.8V9A.8.8 0 013 9v6h12V9c0-.4.3-.8.8-.8z\"><\/path>\n<\/svg>\t\t<span class=\"frm_upload_text\"><button type=\"button\" aria-label=\"Inserisci qui le tue foto\/altri video. Trascina qui il tuo file o fai clic per caricarlo. Dimensione massima del file: 516MB\">Trascina qui il tuo file o fai clic per caricarlo<\/button><\/span>\n\t\t<span class=\"frm_compact_text\"><button type=\"button\" aria-label=\"Inserisci qui le tue foto\/altri video. Scegli file. Dimensione massima del file: 516MB\">Scegli file<\/button><\/span>\n\t\t<div class=\"frm_small_text\">\n\t\t\t<p>Dimensione massima del file: 516MB<\/p>\n\t\t<\/div>\n\t<\/div>\n<\/div>\n\t\r\n    \r\n    \r\n<\/div>\n\t<input type=\"hidden\" name=\"item_key\" value=\"\" \/>\n\t\t\t<div id=\"frm_field_372_container\">\n\t\t\t<label for=\"field_2k7aw\" >\n\t\t\t\tSe sei un essere umano, lascia questo campo vuoto.\t\t\t<\/label>\n\t\t\t<input  id=\"field_2k7aw\" type=\"text\" class=\"frm_form_field form-field frm_verify\" name=\"item_meta[372]\" value=\"\"  \/>\n\t\t<\/div>\n\t\t<input name=\"frm_state\" type=\"hidden\" value=\"1LN9UjUjWSQn1Mb0e1GwtR2QjlIYYk1kZy1ZUitf7C2q4bOA7u1KiuUywTZ5qoCR\" \/><div class=\"frm_submit\">\r\n\r\n<button class=\"frm_button_submit frm_final_submit\" type=\"submit\"   formnovalidate=\"formnovalidate\">Invia<\/button>\r\n\r\n<\/div><\/div>\n<\/fieldset>\n<\/div>\n\n<p style=\"display: none !important;\" class=\"akismet-fields-container\" data-prefix=\"ak_\"><label>&#916;<textarea name=\"ak_hp_textarea\" cols=\"45\" rows=\"8\" maxlength=\"100\"><\/textarea><\/label><input type=\"hidden\" id=\"ak_js_1\" name=\"ak_js\" value=\"35\"\/><script>document.getElementById( \"ak_js_1\" ).setAttribute( \"value\", ( new Date() ).getTime() );<\/script><\/p><\/form>\n<\/div>\n\n","protected":false},"excerpt":{"rendered":"<p>Cari studenti, la situazione emergenziale ci presenta un\u2019altra sfida. Organizzare le giornate dell\u2019orientamento in streaming. Su questo abbiamo bisogno del vostro aiuto. Lo scopo \u00e8 comunicare in maniera efficace cosa significhi essere studente in geologia e quale sia la nostra &hellip; <a href=\"https:\/\/sites.unica.it\/pls\/vuoi-contribuire-ed-essere-protagonista-nel-nostro-corso-di-laurea-aiutaci-a-raccontarlo\/\">Continua a leggere<span class=\"meta-nav\">&rarr;<\/span><\/a><\/p>\n","protected":false},"author":2590,"featured_media":0,"parent":0,"menu_order":0,"comment_status":"closed","ping_status":"closed","template":"","meta":{"ngg_post_thumbnail":0,"footnotes":""},"class_list":["post-904","page","type-page","status-publish","hentry"],"_links":{"self":[{"href":"https:\/\/sites.unica.it\/pls\/wp-json\/wp\/v2\/pages\/904","targetHints":{"allow":["GET"]}}],"collection":[{"href":"https:\/\/sites.unica.it\/pls\/wp-json\/wp\/v2\/pages"}],"about":[{"href":"https:\/\/sites.unica.it\/pls\/wp-json\/wp\/v2\/types\/page"}],"author":[{"embeddable":true,"href":"https:\/\/sites.unica.it\/pls\/wp-json\/wp\/v2\/users\/2590"}],"replies":[{"embeddable":true,"href":"https:\/\/sites.unica.it\/pls\/wp-json\/wp\/v2\/comments?post=904"}],"version-history":[{"count":11,"href":"https:\/\/sites.unica.it\/pls\/wp-json\/wp\/v2\/pages\/904\/revisions"}],"predecessor-version":[{"id":937,"href":"https:\/\/sites.unica.it\/pls\/wp-json\/wp\/v2\/pages\/904\/revisions\/937"}],"wp:attachment":[{"href":"https:\/\/sites.unica.it\/pls\/wp-json\/wp\/v2\/media?parent=904"}],"curies":[{"name":"wp","href":"https:\/\/api.w.org\/{rel}","templated":true}]}}