{"id":3064,"date":"2025-12-13T16:33:16","date_gmt":"2025-12-13T15:33:16","guid":{"rendered":"https:\/\/sites.unica.it\/pls\/?page_id=3064"},"modified":"2026-01-21T22:03:37","modified_gmt":"2026-01-21T21:03:37","slug":"master-class-women-and-girls-in-science-11-febbraio-2026","status":"publish","type":"page","link":"https:\/\/sites.unica.it\/pls\/master-class-women-and-girls-in-science-11-febbraio-2026\/","title":{"rendered":"Master Class Women and Girls in Science \u2013 11 febbraio 2026"},"content":{"rendered":"\n<p><img loading=\"lazy\" decoding=\"async\" class=\"alignnone size-large wp-image-3069\" src=\"https:\/\/sites.unica.it\/pls\/files\/2025\/12\/2026_gif_2-1024x576.jpg\" alt=\"\" width=\"584\" height=\"329\" srcset=\"https:\/\/sites.unica.it\/pls\/files\/2025\/12\/2026_gif_2-1024x576.jpg 1024w, https:\/\/sites.unica.it\/pls\/files\/2025\/12\/2026_gif_2-300x169.jpg 300w, https:\/\/sites.unica.it\/pls\/files\/2025\/12\/2026_gif_2-768x432.jpg 768w, https:\/\/sites.unica.it\/pls\/files\/2025\/12\/2026_gif_2-500x281.jpg 500w, https:\/\/sites.unica.it\/pls\/files\/2025\/12\/2026_gif_2.jpg 1280w\" sizes=\"auto, (max-width: 584px) 100vw, 584px\" \/><\/p>\n\n\n\n\n\n<p>&nbsp;<\/p>\n<p>L\u2019Assemblea Generale delle Nazioni Unite ha istituito l\u201911 Febbraio come la <strong>Giornata Internazionale per le donne e le ragazze nella scienza<\/strong> per promuovere l\u2019uguaglianza di genere e a far s\u00ec che donne e ragazze ottengano parit\u00e0 di accesso e partecipazione nella scienza.<\/p>\n<p>In questa data ormai da diversi anni, in tante citt\u00e0 in Italia e nel mondo, si svolgono numerose iniziative volte a ispirare e coinvolgere le donne e le ragazze in campo scientifico.<\/p>\n<p>&nbsp;<\/p>\n<p>Il <strong>Corso di Laurea in Geologia<\/strong> del <strong>Dipartimento di Scienze Chimiche e Geologiche<\/strong> propone per il 2026 una serie di attivit\u00e0 laboratoriali, <strong>a cui saranno ammessi a partecipare anche i ragazzi, in una percentuale massima del 40% delle iscrizioni.<\/strong><\/p>\n<p>&nbsp;<\/p>\n<p>L\u2019evento si svolger\u00e0 <strong>mercoled\u00ec 11 febbraio 2026<\/strong> presso la <strong>cittadella universitaria di Monserrato<\/strong> e sar\u00e0 articolato in due fasi: una sperimentale e una di presentazione e condivisione delle attivit\u00e0 sperimentali realizzate. Dopo un\u2019accoglienza iniziale e i saluti istituzionali, le ragazze ed i ragazzi saranno divisi in piccoli gruppi di massimo 5-7 studenti e, guidati da un Team di ricerca, potranno effettuare attivit\u00e0 sperimentali nel campo della Geologia.<\/p>\n<p>&nbsp;<\/p>\n<p>L\u2019attivit\u00e0 \u00e8 parte integrante del Piano Lauree Scientifiche (PLS) e potr\u00e0 essere rendicontata come PCTO (Percorsi per le Competenze Trasversali e l\u2019Orientamento) per un totale di <strong>8 ore<\/strong> riconosciute.<\/p>\n<p>Per ogni istituto scolastico, il\/la docente referente potr\u00e0 iscrivere 5 studenti (massimo 2 studenti maschi) frequentanti l\u2019ultimo triennio.<\/p>\n<p><strong>Saranno accettati massimo 35 studenti<\/strong>.<\/p>\n<p>Il\/la docente referente dovr\u00e0 compilare l\u2019apposito modulo di <strong>iscrizione entro il 31 gennaio 2026<\/strong> per le studentesse\/studenti. Eventuali richieste in esubero saranno messe in lista d\u2019attesa e valutate in caso di posti disponibili.<\/p>\n<p>Il programma della giornata, gli orari delle attivit\u00e0 e informazioni supplementari saranno disponibili sulla pagina web dell\u2019evento e\/o comunicati agli iscritti via email.<\/p>\n<p>&nbsp;<\/p>\n<p>Per l\u2019Iscrizione alla Masterclass di GEOLOGIA occorre:<\/p>\n<ul>\n<li>compilare il MODULO DI ADESIONE&nbsp;<\/li>\n<li>inviare via email all\u2019indirizzo <a href=\"mailto:plsgeo@unica.it\"><em>plsgeo@unica.it<\/em><\/a> la <strong><em>DICHIARAZIONE LIBERATORIA PER RIPRESE AUDIO\/VIDEO<\/em><\/strong><em>. Il modulo \u00e8 scaricabile per gli studenti <\/em><a href=\"https:\/\/sites.unica.it\/pls\/files\/2025\/01\/Riprese-maggiorenni-e-privacy_Unica_DSCG_2025.docx\">maggiorenni<\/a> e <a href=\"https:\/\/sites.unica.it\/pls\/files\/2025\/01\/Riprese-minori-e-privacy_Unica_DSCG_2025.doc\">minorenni<\/a>.<\/li>\n<\/ul>\n<p>&nbsp;<\/p>\n<p><strong>LE ISCRIZIONE SONO CHIUSE, abbiamo raggiunto il numero massimo di adesioni<\/strong><\/p>\n<p><em>per informazioni: <\/em><a href=\"mailto:carla.buosi@unica.it\"><em>carla.buosi@unica.it<\/em><\/a><em>; <\/em><a href=\"mailto:plsgeo@unica.it\"><em>plsgeo@unica.it<\/em><\/a><\/p>\n<p>&nbsp;<\/p>\n<p><a href=\"https:\/\/sites.unica.it\/pls\/files\/2026\/01\/Programma-Giornata-GEO-_2026.pdf\">PROGRAMMA DELLA GIORNATA<\/a>&nbsp;<\/p>\n<p><a href=\"https:\/\/sites.unica.it\/pls\/files\/2025\/12\/Locandina_WINGS_2026_PLS.pdf\">LOCANDINA<\/a><\/p>\n\n\n","protected":false},"excerpt":{"rendered":"<p>&nbsp; L\u2019Assemblea Generale delle Nazioni Unite ha istituito l\u201911 Febbraio come la Giornata Internazionale per le donne e le ragazze nella scienza per promuovere l\u2019uguaglianza di genere e a far s\u00ec che donne e ragazze ottengano parit\u00e0 di accesso e &hellip; <a href=\"https:\/\/sites.unica.it\/pls\/master-class-women-and-girls-in-science-11-febbraio-2026\/\">Continua a leggere<span class=\"meta-nav\">&rarr;<\/span><\/a><\/p>\n","protected":false},"author":2590,"featured_media":0,"parent":0,"menu_order":0,"comment_status":"closed","ping_status":"closed","template":"","meta":{"ngg_post_thumbnail":0,"footnotes":""},"class_list":["post-3064","page","type-page","status-publish","hentry"],"_links":{"self":[{"href":"https:\/\/sites.unica.it\/pls\/wp-json\/wp\/v2\/pages\/3064","targetHints":{"allow":["GET"]}}],"collection":[{"href":"https:\/\/sites.unica.it\/pls\/wp-json\/wp\/v2\/pages"}],"about":[{"href":"https:\/\/sites.unica.it\/pls\/wp-json\/wp\/v2\/types\/page"}],"author":[{"embeddable":true,"href":"https:\/\/sites.unica.it\/pls\/wp-json\/wp\/v2\/users\/2590"}],"replies":[{"embeddable":true,"href":"https:\/\/sites.unica.it\/pls\/wp-json\/wp\/v2\/comments?post=3064"}],"version-history":[{"count":13,"href":"https:\/\/sites.unica.it\/pls\/wp-json\/wp\/v2\/pages\/3064\/revisions"}],"predecessor-version":[{"id":3108,"href":"https:\/\/sites.unica.it\/pls\/wp-json\/wp\/v2\/pages\/3064\/revisions\/3108"}],"wp:attachment":[{"href":"https:\/\/sites.unica.it\/pls\/wp-json\/wp\/v2\/media?parent=3064"}],"curies":[{"name":"wp","href":"https:\/\/api.w.org\/{rel}","templated":true}]}}