{"id":2310,"date":"2023-10-03T10:42:58","date_gmt":"2023-10-03T08:42:58","guid":{"rendered":"https:\/\/sites.unica.it\/pls\/?page_id=2310"},"modified":"2023-10-03T10:50:42","modified_gmt":"2023-10-03T08:50:42","slug":"istituto-minerario-asproni-di-iglesias","status":"publish","type":"page","link":"https:\/\/sites.unica.it\/pls\/istituto-minerario-asproni-di-iglesias\/","title":{"rendered":"Istituto Minerario Asproni di\u00a0Iglesias"},"content":{"rendered":"<p>Mercoled\u00ec 11 maggio la Dott.ssa&nbsp;Carla Buosi ed il Dott.&nbsp;Daniel Zoboli hanno &nbsp;tenuto un&#8217;attivit\u00e0&nbsp;laboratoriale presso l&#8217;istituto Minerario Asproni di&nbsp;Iglesias. L\u2019attivit\u00e0 \u00e8 consistita nella catalogazione di reperti paleontologici conservati presso i due musei dell\u2019IT Minerario \u201cAsproni\u201d di Iglesias: il Museo Mineralogico e il Museo dell\u2019Arte Mineraria. La catalogazione dei beni culturali \u00e8 la base di partenza delle attivit\u00e0 di tutela, valorizzazione e conservazione del patrimonio culturale, poich\u00e9 pone l\u2019attenzione sul Bene catalogato e stimola l\u2019interesse e il rapporto con la comunit\u00e0. La catalogazione dei reperti fossili dei due musei della scuola \u00e8 stata eseguita secondo gli standard catalografici dell\u2019Istituto Centrale per il Catalogo e la Documentazione (ICCD) attraverso la compilazione delle schede Beni Naturalistici: Paleontologici (BNP). La scheda rappresenta il modello ufficiale di riferimento nazionale per la catalogazione informatizzata dei reperti fossili e delle Collezioni paleontologiche museali.<\/p>\n<p>L\u2019attivit\u00e0 laboratoriale proposta \u00e8 consistita nella catalogazione di reperti paleontologici conservati presso i due musei dell\u2019IT Minerario \u201cAsproni\u201d di Iglesias: il <strong>Museo Mineralogico<\/strong> e il <strong>Museo dell\u2019Arte Mineraria<\/strong>. L\u2019evento ha coinvolto 39 studenti e 5 insegnanti dell\u2019Asproni.<\/p>\n<p><img loading=\"lazy\" decoding=\"async\" class=\"alignnone size-full wp-image-1798\" src=\"https:\/\/sites.unica.it\/pls\/files\/2022\/05\/03_1652287476329.jpg\" alt=\"\" width=\"768\" height=\"1024\" srcset=\"https:\/\/sites.unica.it\/pls\/files\/2022\/05\/03_1652287476329.jpg 768w, https:\/\/sites.unica.it\/pls\/files\/2022\/05\/03_1652287476329-225x300.jpg 225w\" sizes=\"auto, (max-width: 768px) 100vw, 768px\" \/> <img loading=\"lazy\" decoding=\"async\" class=\"alignnone size-full wp-image-1796\" src=\"https:\/\/sites.unica.it\/pls\/files\/2022\/05\/01_1652287476232.jpg\" alt=\"\" width=\"1024\" height=\"768\" srcset=\"https:\/\/sites.unica.it\/pls\/files\/2022\/05\/01_1652287476232.jpg 1024w, https:\/\/sites.unica.it\/pls\/files\/2022\/05\/01_1652287476232-300x225.jpg 300w, https:\/\/sites.unica.it\/pls\/files\/2022\/05\/01_1652287476232-768x576.jpg 768w, https:\/\/sites.unica.it\/pls\/files\/2022\/05\/01_1652287476232-400x300.jpg 400w\" sizes=\"auto, (max-width: 1024px) 100vw, 1024px\" \/> <img loading=\"lazy\" decoding=\"async\" class=\"alignnone size-full wp-image-1797\" src=\"https:\/\/sites.unica.it\/pls\/files\/2022\/05\/02_1652287476281.jpg\" alt=\"\" width=\"1024\" height=\"768\" srcset=\"https:\/\/sites.unica.it\/pls\/files\/2022\/05\/02_1652287476281.jpg 1024w, https:\/\/sites.unica.it\/pls\/files\/2022\/05\/02_1652287476281-300x225.jpg 300w, https:\/\/sites.unica.it\/pls\/files\/2022\/05\/02_1652287476281-768x576.jpg 768w, https:\/\/sites.unica.it\/pls\/files\/2022\/05\/02_1652287476281-400x300.jpg 400w\" sizes=\"auto, (max-width: 1024px) 100vw, 1024px\" \/> <img loading=\"lazy\" decoding=\"async\" class=\"alignnone size-large wp-image-1799\" src=\"https:\/\/sites.unica.it\/pls\/files\/2022\/05\/04_1652287476395-1024x768.jpg\" alt=\"\" width=\"584\" height=\"438\" srcset=\"https:\/\/sites.unica.it\/pls\/files\/2022\/05\/04_1652287476395-1024x768.jpg 1024w, https:\/\/sites.unica.it\/pls\/files\/2022\/05\/04_1652287476395-300x225.jpg 300w, https:\/\/sites.unica.it\/pls\/files\/2022\/05\/04_1652287476395-768x576.jpg 768w, https:\/\/sites.unica.it\/pls\/files\/2022\/05\/04_1652287476395-1536x1152.jpg 1536w, https:\/\/sites.unica.it\/pls\/files\/2022\/05\/04_1652287476395-2048x1536.jpg 2048w, https:\/\/sites.unica.it\/pls\/files\/2022\/05\/04_1652287476395-400x300.jpg 400w\" sizes=\"auto, (max-width: 584px) 100vw, 584px\" \/> <img loading=\"lazy\" decoding=\"async\" class=\"alignnone size-large wp-image-1800\" src=\"https:\/\/sites.unica.it\/pls\/files\/2022\/05\/05_1652287476412-1024x768.jpg\" alt=\"\" width=\"584\" height=\"438\" srcset=\"https:\/\/sites.unica.it\/pls\/files\/2022\/05\/05_1652287476412-1024x768.jpg 1024w, https:\/\/sites.unica.it\/pls\/files\/2022\/05\/05_1652287476412-300x225.jpg 300w, https:\/\/sites.unica.it\/pls\/files\/2022\/05\/05_1652287476412-768x576.jpg 768w, https:\/\/sites.unica.it\/pls\/files\/2022\/05\/05_1652287476412-1536x1152.jpg 1536w, https:\/\/sites.unica.it\/pls\/files\/2022\/05\/05_1652287476412-2048x1536.jpg 2048w, https:\/\/sites.unica.it\/pls\/files\/2022\/05\/05_1652287476412-400x300.jpg 400w\" sizes=\"auto, (max-width: 584px) 100vw, 584px\" \/> <img loading=\"lazy\" decoding=\"async\" class=\"alignnone size-large wp-image-1801\" src=\"https:\/\/sites.unica.it\/pls\/files\/2022\/05\/06_1652287476439-1024x768.jpg\" alt=\"\" width=\"584\" height=\"438\" srcset=\"https:\/\/sites.unica.it\/pls\/files\/2022\/05\/06_1652287476439-1024x768.jpg 1024w, https:\/\/sites.unica.it\/pls\/files\/2022\/05\/06_1652287476439-300x225.jpg 300w, https:\/\/sites.unica.it\/pls\/files\/2022\/05\/06_1652287476439-768x576.jpg 768w, https:\/\/sites.unica.it\/pls\/files\/2022\/05\/06_1652287476439-1536x1152.jpg 1536w, https:\/\/sites.unica.it\/pls\/files\/2022\/05\/06_1652287476439-2048x1536.jpg 2048w, https:\/\/sites.unica.it\/pls\/files\/2022\/05\/06_1652287476439-400x300.jpg 400w\" sizes=\"auto, (max-width: 584px) 100vw, 584px\" \/><\/p>\n<p>&nbsp;<\/p>\n","protected":false},"excerpt":{"rendered":"<p>Mercoled\u00ec 11 maggio la Dott.ssa&nbsp;Carla Buosi ed il Dott.&nbsp;Daniel Zoboli hanno &nbsp;tenuto un&#8217;attivit\u00e0&nbsp;laboratoriale presso l&#8217;istituto Minerario Asproni di&nbsp;Iglesias. L\u2019attivit\u00e0 \u00e8 consistita nella catalogazione di reperti paleontologici conservati presso i due musei dell\u2019IT Minerario \u201cAsproni\u201d di Iglesias: il Museo Mineralogico e &hellip; <a href=\"https:\/\/sites.unica.it\/pls\/istituto-minerario-asproni-di-iglesias\/\">Continua a leggere<span class=\"meta-nav\">&rarr;<\/span><\/a><\/p>\n","protected":false},"author":2590,"featured_media":0,"parent":0,"menu_order":0,"comment_status":"closed","ping_status":"closed","template":"","meta":{"ngg_post_thumbnail":0,"footnotes":""},"class_list":["post-2310","page","type-page","status-publish","hentry"],"_links":{"self":[{"href":"https:\/\/sites.unica.it\/pls\/wp-json\/wp\/v2\/pages\/2310","targetHints":{"allow":["GET"]}}],"collection":[{"href":"https:\/\/sites.unica.it\/pls\/wp-json\/wp\/v2\/pages"}],"about":[{"href":"https:\/\/sites.unica.it\/pls\/wp-json\/wp\/v2\/types\/page"}],"author":[{"embeddable":true,"href":"https:\/\/sites.unica.it\/pls\/wp-json\/wp\/v2\/users\/2590"}],"replies":[{"embeddable":true,"href":"https:\/\/sites.unica.it\/pls\/wp-json\/wp\/v2\/comments?post=2310"}],"version-history":[{"count":4,"href":"https:\/\/sites.unica.it\/pls\/wp-json\/wp\/v2\/pages\/2310\/revisions"}],"predecessor-version":[{"id":2315,"href":"https:\/\/sites.unica.it\/pls\/wp-json\/wp\/v2\/pages\/2310\/revisions\/2315"}],"wp:attachment":[{"href":"https:\/\/sites.unica.it\/pls\/wp-json\/wp\/v2\/media?parent=2310"}],"curies":[{"name":"wp","href":"https:\/\/api.w.org\/{rel}","templated":true}]}}