{"id":210,"date":"2018-07-22T16:28:17","date_gmt":"2018-07-22T14:28:17","guid":{"rendered":"http:\/\/sites.unica.it\/pls\/?page_id=210"},"modified":"2020-06-16T13:52:26","modified_gmt":"2020-06-16T11:52:26","slug":"chi-e-lo-studente-in-geologia","status":"publish","type":"page","link":"https:\/\/sites.unica.it\/pls\/chi-e-lo-studente-in-geologia\/","title":{"rendered":"Chi \u00e8 lo studente in Geologia"},"content":{"rendered":"<p>Sicuramente \u00e8 una persona animata da forte curiosit\u00e0 e spirito d\u2019avventura, a cui non basta il sapere teorico ma lo vuole coniugare con il sapere pratico. Ama la natura e sa che solo conoscendola meglio la si pu\u00f2 difendere favorendo la crescita equilibrata della nostra societ\u00e0.<\/p>\n<p><iframe loading=\"lazy\" title=\"La geologia vista dagli studenti e laureati\" width=\"584\" height=\"329\" src=\"https:\/\/www.youtube.com\/embed\/kwiM_cxFeMo?feature=oembed\" frameborder=\"0\" allow=\"accelerometer; autoplay; clipboard-write; encrypted-media; gyroscope; picture-in-picture; web-share\" referrerpolicy=\"strict-origin-when-cross-origin\" allowfullscreen><\/iframe><\/p>\n","protected":false},"excerpt":{"rendered":"<p>Sicuramente \u00e8 una persona animata da forte curiosit\u00e0 e spirito d\u2019avventura, a cui non basta il sapere teorico ma lo vuole coniugare con il sapere pratico. Ama la natura e sa che solo conoscendola meglio la si pu\u00f2 difendere favorendo &hellip; <a href=\"https:\/\/sites.unica.it\/pls\/chi-e-lo-studente-in-geologia\/\">Continua a leggere<span class=\"meta-nav\">&rarr;<\/span><\/a><\/p>\n","protected":false},"author":2590,"featured_media":0,"parent":0,"menu_order":0,"comment_status":"closed","ping_status":"closed","template":"","meta":{"ngg_post_thumbnail":0,"footnotes":""},"class_list":["post-210","page","type-page","status-publish","hentry"],"_links":{"self":[{"href":"https:\/\/sites.unica.it\/pls\/wp-json\/wp\/v2\/pages\/210","targetHints":{"allow":["GET"]}}],"collection":[{"href":"https:\/\/sites.unica.it\/pls\/wp-json\/wp\/v2\/pages"}],"about":[{"href":"https:\/\/sites.unica.it\/pls\/wp-json\/wp\/v2\/types\/page"}],"author":[{"embeddable":true,"href":"https:\/\/sites.unica.it\/pls\/wp-json\/wp\/v2\/users\/2590"}],"replies":[{"embeddable":true,"href":"https:\/\/sites.unica.it\/pls\/wp-json\/wp\/v2\/comments?post=210"}],"version-history":[{"count":8,"href":"https:\/\/sites.unica.it\/pls\/wp-json\/wp\/v2\/pages\/210\/revisions"}],"predecessor-version":[{"id":1082,"href":"https:\/\/sites.unica.it\/pls\/wp-json\/wp\/v2\/pages\/210\/revisions\/1082"}],"wp:attachment":[{"href":"https:\/\/sites.unica.it\/pls\/wp-json\/wp\/v2\/media?parent=210"}],"curies":[{"name":"wp","href":"https:\/\/api.w.org\/{rel}","templated":true}]}}