{"id":1981,"date":"2023-01-21T12:15:03","date_gmt":"2023-01-21T11:15:03","guid":{"rendered":"https:\/\/sites.unica.it\/pls\/?page_id=1981"},"modified":"2023-02-04T11:08:19","modified_gmt":"2023-02-04T10:08:19","slug":"master-class-women-and-girls-in-science-10-febbraio-2023","status":"publish","type":"page","link":"https:\/\/sites.unica.it\/pls\/master-class-women-and-girls-in-science-10-febbraio-2023\/","title":{"rendered":"Master Class Women and Girls in Science \u2013 10 febbraio 2023"},"content":{"rendered":"<p style=\"text-align: center\"><img loading=\"lazy\" decoding=\"async\" class=\"alignnone wp-image-2047 \" src=\"https:\/\/sites.unica.it\/pls\/files\/2023\/02\/2023_gif_locandina_proposta_GEO-1.jpg\" alt=\"\" width=\"470\" height=\"269\"><\/p>\n<p style=\"text-align: left\">L\u2019Assemblea Generale delle Nazioni Unite ha istituito l\u201911 Febbraio come la <strong>Giornata Internazionale per le donne e le ragazze nella scienza<\/strong> per promuovere l\u2019uguaglianza di genere e a far s\u00ec che donne e ragazze ottengano parit\u00e0 di accesso e partecipazione nella scienza.<\/p>\n<p>In questa data ormai da diversi anni, in tante citt\u00e0 in Italia e nel mondo, si svolgono numerose iniziative volte a ispirare e coinvolgere le donne e le ragazze in campo scientifico.&nbsp;&nbsp;<\/p>\n<p>GUARDA DOVE SI CELEBRA LA WinS 2023 \u2013 GEOLOGIA in Italia (in aggiornamento)<\/p>\n<p>Il <strong>Corso di Laurea in Geologia<\/strong> del <strong>Dipartimento di Scienze Chimiche e Geologiche<\/strong> propone per il 2023 una serie di attivit\u00e0 laboratoriali ed un concorso, <strong>a cui saranno ammessi a partecipare anche i ragazzi, in una percentuale massima del 40% delle iscrizioni.<\/strong><\/p>\n<p>L\u2019evento si svolger\u00e0 <strong>venerd\u00ec 10 febbraio 2023<\/strong> presso la <strong>cittadella universitaria di Monserrato<\/strong> e sar\u00e0 articolato in due fasi: una sperimentale e una di presentazione e condivisione delle attivit\u00e0 sperimentali realizzate. Dopo un\u2019accoglienza iniziale, le ragazze ed i ragazzi saranno divisi in piccoli gruppi di massimo 10 studenti e, guidati da un Team di ricerca, potranno effettuare attivit\u00e0 sperimentali nel campo della Geologia.<\/p>\n<p>L\u2019attivit\u00e0 \u00e8 parte integrante del Piano Lauree Scientifiche (PLS) e potr\u00e0 essere rendicontata come PCTO (Percorsi per le Competenze Trasversali e l\u2019Orientamento) per un totale di 8 ore riconosciute.<\/p>\n<p>Per ogni istituto scolastico, il\/la docente referente potr\u00e0 iscrivere 5 studenti (massimo 2 studenti maschi) frequentanti l\u2019ultimo triennio. <strong>Saranno accettati massimo 40 studenti<\/strong>. Il\/la docente referente dovr\u00e0 compilare l\u2019apposito modulo di <strong>iscrizione entro il 7 febbraio 2023<\/strong> per ogni studentessa\/studente. Eventuali richieste in esubero saranno messe in lista d\u2019attesa e valutate in caso di posti disponibili.<\/p>\n<p>Il programma della giornata, gli orari delle attivit\u00e0 e informazioni supplementari saranno disponibili sulla pagina web dell\u2019evento e\/o comunicati agli iscritti via email.<\/p>\n<p>Per l\u2019Iscrizione alla Masterclass di GEOLOGIA occorre compilare e caricare sul MODULO DI ADESIONE la <em>DICHIARAZIONE LIBERATORIA PER RIPRESE AUDIO\/VIDEO scaricabile per gli studenti <a href=\"https:\/\/sites.unica.it\/pls\/files\/2023\/01\/Riprese-minori-e-privacy_Unica_DSCG_2023.doc\">MINORENNI<\/a> e <a href=\"https:\/\/sites.unica.it\/pls\/files\/2023\/01\/Riprese-maggiorenni-e-privacy_Unica_DSCG_2023.docx\">MAGGIORENNI.<\/a><\/em><\/p>\n<p>Vai al <a href=\"https:\/\/sites.unica.it\/pls\/modulo-di-adesione-masterclass-wg-in-sciences-2023\/\">MODULO DI ADESIONE<\/a><\/p>\n<p><a href=\"https:\/\/sites.unica.it\/pls\/files\/2023\/02\/Programma-GEOLOGIA-_2023.pdf\">PROGRAMMA DELLA GIORNATA&nbsp;<\/a><\/p>\n<p><a href=\"https:\/\/sites.unica.it\/pls\/files\/2023\/02\/2023_LOCANDINA_women-in-science_GEOLOGIA.pdf\">LOCANDINA<\/a><\/p>\n<p><strong>Sar\u00e0 possibile iscriversi entro le ore 19:00 del 7 febbraio 2023<\/strong><\/p>\n<p>&nbsp;<\/p>\n","protected":false},"excerpt":{"rendered":"<p>L\u2019Assemblea Generale delle Nazioni Unite ha istituito l\u201911 Febbraio come la Giornata Internazionale per le donne e le ragazze nella scienza per promuovere l\u2019uguaglianza di genere e a far s\u00ec che donne e ragazze ottengano parit\u00e0 di accesso e partecipazione &hellip; <a href=\"https:\/\/sites.unica.it\/pls\/master-class-women-and-girls-in-science-10-febbraio-2023\/\">Continua a leggere<span class=\"meta-nav\">&rarr;<\/span><\/a><\/p>\n","protected":false},"author":2590,"featured_media":0,"parent":0,"menu_order":0,"comment_status":"closed","ping_status":"closed","template":"","meta":{"ngg_post_thumbnail":0,"footnotes":""},"class_list":["post-1981","page","type-page","status-publish","hentry"],"_links":{"self":[{"href":"https:\/\/sites.unica.it\/pls\/wp-json\/wp\/v2\/pages\/1981","targetHints":{"allow":["GET"]}}],"collection":[{"href":"https:\/\/sites.unica.it\/pls\/wp-json\/wp\/v2\/pages"}],"about":[{"href":"https:\/\/sites.unica.it\/pls\/wp-json\/wp\/v2\/types\/page"}],"author":[{"embeddable":true,"href":"https:\/\/sites.unica.it\/pls\/wp-json\/wp\/v2\/users\/2590"}],"replies":[{"embeddable":true,"href":"https:\/\/sites.unica.it\/pls\/wp-json\/wp\/v2\/comments?post=1981"}],"version-history":[{"count":9,"href":"https:\/\/sites.unica.it\/pls\/wp-json\/wp\/v2\/pages\/1981\/revisions"}],"predecessor-version":[{"id":2053,"href":"https:\/\/sites.unica.it\/pls\/wp-json\/wp\/v2\/pages\/1981\/revisions\/2053"}],"wp:attachment":[{"href":"https:\/\/sites.unica.it\/pls\/wp-json\/wp\/v2\/media?parent=1981"}],"curies":[{"name":"wp","href":"https:\/\/api.w.org\/{rel}","templated":true}]}}