{"id":1687,"date":"2022-02-07T22:36:55","date_gmt":"2022-02-07T21:36:55","guid":{"rendered":"https:\/\/sites.unica.it\/pls\/?page_id=1687"},"modified":"2022-02-10T10:31:10","modified_gmt":"2022-02-10T09:31:10","slug":"le-nostre-ospiti","status":"publish","type":"page","link":"https:\/\/sites.unica.it\/pls\/le-nostre-ospiti\/","title":{"rendered":"Le nostre ospiti"},"content":{"rendered":"\n\t\t<style type=\"text\/css\">\n\t\t\t#gallery-1 {\n\t\t\t\tmargin: auto;\n\t\t\t}\n\t\t\t#gallery-1 .gallery-item {\n\t\t\t\tfloat: left;\n\t\t\t\tmargin-top: 10px;\n\t\t\t\ttext-align: center;\n\t\t\t\twidth: 33%;\n\t\t\t}\n\t\t\t#gallery-1 img {\n\t\t\t\tborder: 2px solid #cfcfcf;\n\t\t\t}\n\t\t\t#gallery-1 .gallery-caption {\n\t\t\t\tmargin-left: 0;\n\t\t\t}\n\t\t\t\/* see gallery_shortcode() in wp-includes\/media.php *\/\n\t\t<\/style>\n\t\t<div id='gallery-1' class='gallery galleryid-1687 gallery-columns-3 gallery-size-thumbnail'><dl class='gallery-item'>\n\t\t\t<dt class='gallery-icon landscape'>\n\t\t\t\t<a href='https:\/\/sites.unica.it\/pls\/le-nostre-ospiti\/luisa_bergamin\/'><img loading=\"lazy\" decoding=\"async\" width=\"150\" height=\"150\" src=\"https:\/\/sites.unica.it\/pls\/files\/2022\/02\/Luisa_Bergamin-150x150.png\" class=\"attachment-thumbnail size-thumbnail\" alt=\"\" aria-describedby=\"gallery-1-1694\" \/><\/a>\n\t\t\t<\/dt>\n\t\t\t\t<dd class='wp-caption-text gallery-caption' id='gallery-1-1694'>\n\t\t\t\tLuisa Bergamin\n\t\t\t\t<\/dd><\/dl><dl class='gallery-item'>\n\t\t\t<dt class='gallery-icon landscape'>\n\t\t\t\t<a href='https:\/\/sites.unica.it\/pls\/le-nostre-ospiti\/ospite-2_-bollati-irene\/'><img loading=\"lazy\" decoding=\"async\" width=\"150\" height=\"150\" src=\"https:\/\/sites.unica.it\/pls\/files\/2022\/02\/Ospite-2_-Bollati-Irene-150x150.jpg\" class=\"attachment-thumbnail size-thumbnail\" alt=\"\" aria-describedby=\"gallery-1-1700\" srcset=\"https:\/\/sites.unica.it\/pls\/files\/2022\/02\/Ospite-2_-Bollati-Irene-150x150.jpg 150w, https:\/\/sites.unica.it\/pls\/files\/2022\/02\/Ospite-2_-Bollati-Irene.jpg 250w\" sizes=\"auto, (max-width: 150px) 100vw, 150px\" \/><\/a>\n\t\t\t<\/dt>\n\t\t\t\t<dd class='wp-caption-text gallery-caption' id='gallery-1-1700'>\n\t\t\t\tIrene Bollati\n\t\t\t\t<\/dd><\/dl><dl class='gallery-item'>\n\t\t\t<dt class='gallery-icon landscape'>\n\t\t\t\t<a href='https:\/\/sites.unica.it\/pls\/le-nostre-ospiti\/ospite-3_kustatscher-evelyn\/'><img loading=\"lazy\" decoding=\"async\" width=\"150\" height=\"150\" src=\"https:\/\/sites.unica.it\/pls\/files\/2022\/02\/Ospite-3_Kustatscher-Evelyn-150x150.jpg\" class=\"attachment-thumbnail size-thumbnail\" alt=\"\" aria-describedby=\"gallery-1-1707\" srcset=\"https:\/\/sites.unica.it\/pls\/files\/2022\/02\/Ospite-3_Kustatscher-Evelyn-150x150.jpg 150w, https:\/\/sites.unica.it\/pls\/files\/2022\/02\/Ospite-3_Kustatscher-Evelyn-300x300.jpg 300w, https:\/\/sites.unica.it\/pls\/files\/2022\/02\/Ospite-3_Kustatscher-Evelyn-1024x1024.jpg 1024w, https:\/\/sites.unica.it\/pls\/files\/2022\/02\/Ospite-3_Kustatscher-Evelyn-768x768.jpg 768w, https:\/\/sites.unica.it\/pls\/files\/2022\/02\/Ospite-3_Kustatscher-Evelyn-1536x1536.jpg 1536w, https:\/\/sites.unica.it\/pls\/files\/2022\/02\/Ospite-3_Kustatscher-Evelyn.jpg 1822w\" sizes=\"auto, (max-width: 150px) 100vw, 150px\" \/><\/a>\n\t\t\t<\/dt>\n\t\t\t\t<dd class='wp-caption-text gallery-caption' id='gallery-1-1707'>\n\t\t\t\tEvelyn Kustatscher \n\t\t\t\t<\/dd><\/dl><br style=\"clear: both\" \/><dl class='gallery-item'>\n\t\t\t<dt class='gallery-icon portrait'>\n\t\t\t\t<a href='https:\/\/sites.unica.it\/pls\/le-nostre-ospiti\/ospite-4_onnis-patrizia-2\/'><img loading=\"lazy\" decoding=\"async\" width=\"150\" height=\"150\" src=\"https:\/\/sites.unica.it\/pls\/files\/2022\/02\/Ospite-4_Onnis-Patrizia-1-150x150.jpg\" class=\"attachment-thumbnail size-thumbnail\" alt=\"\" aria-describedby=\"gallery-1-1719\" \/><\/a>\n\t\t\t<\/dt>\n\t\t\t\t<dd class='wp-caption-text gallery-caption' id='gallery-1-1719'>\n\t\t\t\tPatrizia Onnis\n\t\t\t\t<\/dd><\/dl>\n\t\t\t<br style='clear: both' \/>\n\t\t<\/div>\n\n<div id=\"attachment_1694\" style=\"width: 574px\" class=\"wp-caption alignleft\"><img loading=\"lazy\" decoding=\"async\" aria-describedby=\"caption-attachment-1694\" class=\"size-full wp-image-1694\" src=\"https:\/\/sites.unica.it\/pls\/files\/2022\/02\/Luisa_Bergamin.png\" alt=\"\" width=\"564\" height=\"424\" srcset=\"https:\/\/sites.unica.it\/pls\/files\/2022\/02\/Luisa_Bergamin.png 564w, https:\/\/sites.unica.it\/pls\/files\/2022\/02\/Luisa_Bergamin-300x226.png 300w, https:\/\/sites.unica.it\/pls\/files\/2022\/02\/Luisa_Bergamin-399x300.png 399w\" sizes=\"auto, (max-width: 564px) 100vw, 564px\" \/><p id=\"caption-attachment-1694\" class=\"wp-caption-text\">Luisa Bergamin<\/p><\/div>\n<p><strong>LUISA BERGAMIN \u2013 <em>Ricercatrice ISPRA (Roma) &#8211;<\/em><\/strong>&nbsp;\u00c8 Ricercatore presso l\u2019Istituto Superiore per la Protezione e Ricerca Ambientale (ISPRA, Roma) dal 2010. Le principali tematiche di ricerca riguardano l\u2019applicazione dei foraminiferi bentonici come indicatori ecologici in ambienti marini e di transizione affetti da impatto antropico e in grotte marine del Mediterraneo; i foraminiferi come indicatori paleoambientali per la ricostruzione di impatti antropici, variazioni del livello del mare, e cambiamenti climatici; caratteristiche abiotiche e biotiche dei sedimenti marini; la distribuzione di metalli ed elementi in tracce nei sedimenti marini e definizione dei loro valori di fondo.<\/p>\n<p style=\"text-align: left\">Autore di pi\u00f9 di 50 articoli su riviste scientifiche internazionali peer-reviewed e di altrettanti contributi in convegni nazionali e internazionali. Co-tutore di tesi di laurea e di dottorato, revisore per numerose riviste scientifiche internazionali, Guest Editor di un volume speciale della rivista Elsevier <em>Marine Pollution Bulletin<\/em>, e attualmente membro del comitato editoriale della rivista di <em>MDPI Water<\/em>.<\/p>\n<div id=\"attachment_1701\" style=\"width: 260px\" class=\"wp-caption alignleft\"><img loading=\"lazy\" decoding=\"async\" aria-describedby=\"caption-attachment-1701\" class=\" wp-image-1701\" src=\"https:\/\/sites.unica.it\/pls\/files\/2022\/02\/Ospite-2_-Bollati-Irene-1.jpg\" alt=\"\" width=\"250\" height=\"250\" srcset=\"https:\/\/sites.unica.it\/pls\/files\/2022\/02\/Ospite-2_-Bollati-Irene-1.jpg 250w, https:\/\/sites.unica.it\/pls\/files\/2022\/02\/Ospite-2_-Bollati-Irene-1-150x150.jpg 150w\" sizes=\"auto, (max-width: 250px) 100vw, 250px\" \/><p id=\"caption-attachment-1701\" class=\"wp-caption-text\">Irene Maria Bollati<\/p><\/div>\n<p>&nbsp;<\/p>\n<p>&nbsp;<\/p>\n<p>&nbsp;<\/p>\n<p>&nbsp;<\/p>\n<p>&nbsp;<\/p>\n<p>&nbsp;<\/p>\n<p>&nbsp;<\/p>\n<p>&nbsp;<\/p>\n<p style=\"text-align: left\"><strong>Irene Maria BOLLATI \u2013 <em>Ricercatrice Universit\u00e0 di Milano<\/em> \u2013<\/strong> \u00c8 ricercatrice presso il Dipartimento di Scienze della Terra &#8220;A. Desio&#8221; dell\u2019Universit\u00e0 degli Studi di Milano. Si occupa di geomorfologia degli ambienti di alta quota, con particolare riguardo alle tecniche di cartografia geomorfologica e alle analisi di connettivit\u00e0 sedimentaria. Si occupa anche di dendrogeomorfologia, ovvero di ricostruzione di eventi geomorfologici attraverso l\u2019utilizzo della vegetazione arborea. I risultati delle ricerche scientifiche si traducono in analisi per la valorizzazione e conservazione del patrimonio geomorfologico, specialmente in relazione al cambiamento climatico. Sviluppa anche metodologie didattiche innovative per le Scienze della Terra destinate alle scuole di diverso ordine e grado. \u00c8 segretario generale dell\u2019AIGeo (Associazione Italiana di Geografia Fisica e Geomorfologia).<\/p>\n<p>&nbsp;<\/p>\n<div id=\"attachment_1707\" style=\"width: 1832px\" class=\"wp-caption aligncenter\"><img loading=\"lazy\" decoding=\"async\" aria-describedby=\"caption-attachment-1707\" class=\"wp-image-1707 size-full\" src=\"https:\/\/sites.unica.it\/pls\/files\/2022\/02\/Ospite-3_Kustatscher-Evelyn.jpg\" alt=\"\" width=\"1822\" height=\"1822\" srcset=\"https:\/\/sites.unica.it\/pls\/files\/2022\/02\/Ospite-3_Kustatscher-Evelyn.jpg 1822w, https:\/\/sites.unica.it\/pls\/files\/2022\/02\/Ospite-3_Kustatscher-Evelyn-300x300.jpg 300w, https:\/\/sites.unica.it\/pls\/files\/2022\/02\/Ospite-3_Kustatscher-Evelyn-1024x1024.jpg 1024w, https:\/\/sites.unica.it\/pls\/files\/2022\/02\/Ospite-3_Kustatscher-Evelyn-150x150.jpg 150w, https:\/\/sites.unica.it\/pls\/files\/2022\/02\/Ospite-3_Kustatscher-Evelyn-768x768.jpg 768w, https:\/\/sites.unica.it\/pls\/files\/2022\/02\/Ospite-3_Kustatscher-Evelyn-1536x1536.jpg 1536w\" sizes=\"auto, (max-width: 1822px) 100vw, 1822px\" \/><p id=\"caption-attachment-1707\" class=\"wp-caption-text\">Kustatscher Evelyn<\/p><\/div>\n<p><strong>Evelyn KUSTATSCHER \u2013 <em>Ricercatrice e conservatrice Museo di Scienze Naturali dell\u2019Alto Adige (Bolzano) &#8211; <\/em><\/strong>&nbsp;\u00c8 ricercatrice e conservatrice di paleontologia al Museo di Scienze Naturali dell\u2019Alto Adige di Bolzano dove \u00e8 responsabile delle collezioni dei fossili dal 2005. \u00c8 curatrice di varie mostre con tematiche geologiche. Come ricercatrice si \u00e8 specializzata in piante fossili. Tra le molteplici collaborazioni a livello internazionale, spiccano quelle con affermati scienziati come Johanna von Konijnenburg van Cittert, Mike Benton e Cindy Looy. Nel 2012 ha vinto una Humboldt Fellowship per studiare a Monaco di Baviera e M\u00fcnster le piante fossili del Permiano della Germania e confrontarle con i fossili delle Dolomiti. Dal 2013 insegna all\u2019Universit\u00e0 di Monaco di Baviera (LMU). Nel 2014 ha vinto il Junior Research Award istituito dalla Provincia Autonoma di Bolzano. \u00c8 capofila di vari progetti di ricerca nazionali ed internazionali multidisciplinari aventi scopo la ricostruzione degli ecosistemi terrestri del passato.<\/p>\n<div id=\"attachment_1717\" style=\"width: 2320px\" class=\"wp-caption aligncenter\"><img loading=\"lazy\" decoding=\"async\" aria-describedby=\"caption-attachment-1717\" class=\"size-full wp-image-1717\" src=\"https:\/\/sites.unica.it\/pls\/files\/2022\/02\/Ospite-4_Onnis-Patrizia-scaled.jpg\" alt=\"\" width=\"2310\" height=\"2560\" srcset=\"https:\/\/sites.unica.it\/pls\/files\/2022\/02\/Ospite-4_Onnis-Patrizia-scaled.jpg 2310w, https:\/\/sites.unica.it\/pls\/files\/2022\/02\/Ospite-4_Onnis-Patrizia-271x300.jpg 271w, https:\/\/sites.unica.it\/pls\/files\/2022\/02\/Ospite-4_Onnis-Patrizia-924x1024.jpg 924w, https:\/\/sites.unica.it\/pls\/files\/2022\/02\/Ospite-4_Onnis-Patrizia-768x851.jpg 768w, https:\/\/sites.unica.it\/pls\/files\/2022\/02\/Ospite-4_Onnis-Patrizia-1386x1536.jpg 1386w, https:\/\/sites.unica.it\/pls\/files\/2022\/02\/Ospite-4_Onnis-Patrizia-1848x2048.jpg 1848w\" sizes=\"auto, (max-width: 2310px) 100vw, 2310px\" \/><p id=\"caption-attachment-1717\" class=\"wp-caption-text\">Patrizia Onnis<\/p><\/div>\n<p><strong>Patrizia ONNIS \u2013 <em>Ricercatrice University of Exeter (UK) &nbsp;<\/em><\/strong>\u00c8 ricercatrice presso l\u2019University of Exeter (UK), esperta in geochimica ambientale. Ha iniziato il suo percorso come geologa all\u2019Universit\u00e0 di Cagliari con la Laurea triennale in Scienze Geologiche e la successiva Laurea magistrale in Scienze e Tecnologie Geologiche. Grazie alle borse di studio ERSU, Globus ed ERASMUS ha potuto acquisire esperienze lavorative internazionali collaborando con il Servizio Geologico degli Stati Uniti in Colorado e l\u2019Universit\u00e0 di Parigi Marie Curie. La curiosit\u00e0 per l&#8217;inquinamento minerario l\u2019hanno portata a Liverpool dove ha conseguito un dottorato di ricerca ed ha partecipato a conferenze in Inghilterra, Spagna, Vienna, Italia, e Sud Africa presentando i risultati dei suoi studi e vincendo premi di riconoscimento professionale. Attualmente svolge attivit\u00e0 di ricerca presso l\u2019Istituto di Sostenibilit\u00e0 Ambientale in collaborazione con la Scuola Mineraria di Camborne. Il suo progetto si occupa di caratterizzare chimicamente gli scarichi industriali, minerari ed urbani in area costiere, e verificare come i cambiamenti climatici possano smobilizzare questi contaminanti disperdendoli nell\u2019ambiente.<\/p>\n","protected":false},"excerpt":{"rendered":"<p>LUISA BERGAMIN \u2013 Ricercatrice ISPRA (Roma) &#8211;&nbsp;\u00c8 Ricercatore presso l\u2019Istituto Superiore per la Protezione e Ricerca Ambientale (ISPRA, Roma) dal 2010. Le principali tematiche di ricerca riguardano l\u2019applicazione dei foraminiferi bentonici come indicatori ecologici in ambienti marini e di transizione &hellip; <a href=\"https:\/\/sites.unica.it\/pls\/le-nostre-ospiti\/\">Continua a leggere<span class=\"meta-nav\">&rarr;<\/span><\/a><\/p>\n","protected":false},"author":2590,"featured_media":0,"parent":0,"menu_order":0,"comment_status":"closed","ping_status":"closed","template":"","meta":{"ngg_post_thumbnail":0,"footnotes":""},"class_list":["post-1687","page","type-page","status-publish","hentry"],"_links":{"self":[{"href":"https:\/\/sites.unica.it\/pls\/wp-json\/wp\/v2\/pages\/1687","targetHints":{"allow":["GET"]}}],"collection":[{"href":"https:\/\/sites.unica.it\/pls\/wp-json\/wp\/v2\/pages"}],"about":[{"href":"https:\/\/sites.unica.it\/pls\/wp-json\/wp\/v2\/types\/page"}],"author":[{"embeddable":true,"href":"https:\/\/sites.unica.it\/pls\/wp-json\/wp\/v2\/users\/2590"}],"replies":[{"embeddable":true,"href":"https:\/\/sites.unica.it\/pls\/wp-json\/wp\/v2\/comments?post=1687"}],"version-history":[{"count":23,"href":"https:\/\/sites.unica.it\/pls\/wp-json\/wp\/v2\/pages\/1687\/revisions"}],"predecessor-version":[{"id":1722,"href":"https:\/\/sites.unica.it\/pls\/wp-json\/wp\/v2\/pages\/1687\/revisions\/1722"}],"wp:attachment":[{"href":"https:\/\/sites.unica.it\/pls\/wp-json\/wp\/v2\/media?parent=1687"}],"curies":[{"name":"wp","href":"https:\/\/api.w.org\/{rel}","templated":true}]}}