{"id":1595,"date":"2021-12-16T19:17:58","date_gmt":"2021-12-16T18:17:58","guid":{"rendered":"https:\/\/sites.unica.it\/pls\/?page_id=1595"},"modified":"2022-03-16T17:06:46","modified_gmt":"2022-03-16T16:06:46","slug":"master-class-women-and-girls-in-science-febbraio-2022","status":"publish","type":"page","link":"https:\/\/sites.unica.it\/pls\/master-class-women-and-girls-in-science-febbraio-2022\/","title":{"rendered":"Master Class Women and Girls in Science \u2013 febbraio 2022"},"content":{"rendered":"\n\t\t<style type=\"text\/css\">\n\t\t\t#gallery-1 {\n\t\t\t\tmargin: auto;\n\t\t\t}\n\t\t\t#gallery-1 .gallery-item {\n\t\t\t\tfloat: left;\n\t\t\t\tmargin-top: 10px;\n\t\t\t\ttext-align: center;\n\t\t\t\twidth: 50%;\n\t\t\t}\n\t\t\t#gallery-1 img {\n\t\t\t\tborder: 2px solid #cfcfcf;\n\t\t\t}\n\t\t\t#gallery-1 .gallery-caption {\n\t\t\t\tmargin-left: 0;\n\t\t\t}\n\t\t\t\/* see gallery_shortcode() in wp-includes\/media.php *\/\n\t\t<\/style>\n\t\t<div id='gallery-1' class='gallery galleryid-1595 gallery-columns-2 gallery-size-full'><dl class='gallery-item'>\n\t\t\t<dt class='gallery-icon landscape'>\n\t\t\t\t<a href='https:\/\/sites.unica.it\/pls\/2021\/12\/16\/master-class-women-and-girls-in-science-febbraio-2022\/2022-02-07_121932\/'><img loading=\"lazy\" decoding=\"async\" width=\"278\" height=\"92\" src=\"https:\/\/sites.unica.it\/pls\/files\/2021\/12\/2022-02-07_121932.jpg\" class=\"attachment-full size-full\" alt=\"\" \/><\/a>\n\t\t\t<\/dt><\/dl><dl class='gallery-item'>\n\t\t\t<dt class='gallery-icon portrait'>\n\t\t\t\t<a href='https:\/\/sites.unica.it\/pls\/2021\/12\/16\/master-class-women-and-girls-in-science-febbraio-2022\/logo2022\/'><img loading=\"lazy\" decoding=\"async\" width=\"162\" height=\"180\" src=\"https:\/\/sites.unica.it\/pls\/files\/2021\/12\/LOgo2022-e1644232972697.jpg\" class=\"attachment-full size-full\" alt=\"\" \/><\/a>\n\t\t\t<\/dt><\/dl><br style=\"clear: both\" \/>\n\t\t<\/div>\n\n<p>L\u2019Assemblea Generale delle Nazioni Unite ha istituito l\u201911 Febbraio come la&nbsp;<strong>Giornata Internazionale per le donne e le ragazze nella scienza<\/strong>&nbsp;per promuovere l\u2019uguaglianza di genere e a far s\u00ec che donne e ragazze ottengano parit\u00e0 di accesso e partecipazione nella scienza.<\/p>\n<p>In questa data ormai da diversi anni, in tante citt\u00e0 in Italia e nel mondo, si svolgono numerose iniziative volte a ispirare e coinvolgere le donne e le ragazze in campo scientifico.&nbsp;&nbsp;<\/p>\n<p><a href=\"https:\/\/earth.google.com\/web\/@39.45708622,19.05090098,-609.33629734a,3604953.34873796d,30.00010524y,-0h,0t,0r\/data=MicKJQojCiExRGl1SzhyVTc4Zm9FWTl4QjNjWTY3SEJhNFhYbG1SOWk6AwoBMA?authuser=0\">GUARDA DOVE CI CELEBRA LA WinS 2022 \u2013 GEOLOGIA in Italia<\/a><\/p>\n<p>Il&nbsp;<strong>Corso di Laurea in Geologia<\/strong>&nbsp;del&nbsp;<strong>Dipartimento di Scienze Chimiche e Geologiche<\/strong>&nbsp;propone per il 2022 una serie di attivit\u00e0 laboratoriali ed un concorso,<strong>&nbsp;a cui saranno ammessi a partecipare anche i ragazzi, in una percentuale massima del 40% delle iscrizioni.<\/strong><\/p>\n<p>L\u2019evento si svolger\u00e0 in due fasi: una preparatoria e una di presentazione e condivisione delle attivit\u00e0 sperimentali realizzate. I ragazzi e le ragazze lavoreranno per piccoli gruppi di massimo 5 studenti guidati da un Team di ricerca che proporr\u00e0 loro le attivit\u00e0 da realizzare.<\/p>\n<p>L\u2019attivit\u00e0 \u00e8 parte integrante del Piano Lauree Scientifiche (PLS) e potr\u00e0 essere rendicontata come PCTO (Percorsi per le Competenze Trasversali e l\u2019Orientamento) per un totale di 20 ore riconosciute.<\/p>\n<p>Le attivit\u00e0 saranno cos\u00ec articolate:<\/p>\n<ul>\n<li style=\"list-style-type: none\">\n<ul>\n<li><strong>&nbsp;PRE-Masterclass<\/strong> <strong>dal 1\u00b0 al 4 febbraio<\/strong>: Sar\u00e0 la fase preparatoria alla \u201cMasterclass\u201d vera e propria: i gruppi conosceranno i team di ricerca a cui sono stati assegnati e avranno accesso al materiale utile per svolgere l\u2019attivit\u00e0 sperimentale. In questa fase \u00e8 previsto un impegno di studentesse e studenti in modalit\u00e0 sincrona di massimo 5 ore.<\/li>\n<li><strong>MASTERCLASS dal 8 al 9 febbraio<\/strong>: ogni team di ricerca verificher\u00e0 il lavoro svolto dai gruppi e li guider\u00e0 nella preparazione del prodotto finale. Ragazze e ragazzi lavoreranno per effettuare delle misure e svolgere sperimentazioni che aiuteranno a comprendere i processi e i fenomeni geologici alla base dell\u2019evoluzione del territorio. L\u2019attivit\u00e0 avr\u00e0 la durata massima di 2 ore.<\/li>\n<li><strong>EVENTO FINALE 11 febbraio<\/strong>: L\u201911 febbraio tutte le studentesse e gli studenti partecipanti saranno coinvolti nell\u2019evento finale, in cui saranno loro i veri protagonisti, con le presentazioni e la condivisione delle attivit\u00e0 sperimentali realizzate. L\u2019evento finale avr\u00e0 una durata massima di 4,30 ore e si svolger\u00e0 la mattina.<\/li>\n<\/ul>\n<\/li>\n<\/ul>\n<p>Durante l\u2019evento, oltre alla sperimentazione delle attivit\u00e0 laboratoriali, le studentesse partecipanti potranno incontrare ricercatrici, professioniste ed esponenti del mondo del lavoro nel campo delle Scienze Geologiche che verranno invitate a partecipare, in presenza o in teleconferenza.<\/p>\n<p>Per ogni istituto scolastico, il\/la docente referente potr\u00e0 iscrivere 5 studenti (massimo 2 studenti maschi) frequentanti l\u2019ultimo triennio.&nbsp;<strong>Saranno accettati massimo 50 studenti<\/strong>. Gli studenti dovranno compilare l\u2019apposito modulo di&nbsp;<strong>iscrizione entro il 27 gennaio 2022<\/strong>, indicando la scuola di appartenenza e il docente referente. Eventuali richieste in esubero saranno messe in lista d\u2019attesa e valutate in caso di posti disponibili.<\/p>\n<p>Gli orari delle attivit\u00e0 e tutte le istruzioni saranno comunicati agli iscritti entro il 31 gennaio 2022.<\/p>\n<p>Per l\u2019Iscrizione alla Masterclass di GEOLOGIA vai al&nbsp;MODULO DI ADESIONE<\/p>\n<p><strong>Sar\u00e0 possibile iscriversi entro le ore 19:00 del 27 gennaio 2022<\/strong>&nbsp;<\/p>\n<p><a href=\"https:\/\/sites.unica.it\/pls\/files\/2022\/02\/2022_LOCANDINA_women-in-science_GEO.pdf\">La locandina dell\u2019Evento<\/a><\/p>\n<p><a href=\"https:\/\/sites.unica.it\/pls\/files\/2022\/02\/Scuole-partecipanti-da-caricare-sul-sito.pdf\">Le scuole partecipanti<\/a>&nbsp;<\/p>\n<p>Le Attivit\u00e0 in <a href=\"https:\/\/sites.unica.it\/pls\/files\/2022\/01\/Programma-GEO-_da-Sostituire-nel-SITO.pdf\">Programma<\/a><\/p>\n<p><a href=\"https:\/\/sites.unica.it\/pls\/le-nostre-ospiti\/\">Le nostre ospiti<\/a><\/p>\n<p><a href=\"https:\/\/sites.unica.it\/pls\/evento-finale-dell11-febbraio-2022\/\">Evento finale dell&#8217;11 febbraio<\/a>&nbsp;<\/p>\n<p><a href=\"https:\/\/sites.unica.it\/pls\/?page_id=1753&amp;preview=true\">Premiazione dei gruppi<\/a><\/p>\n","protected":false},"excerpt":{"rendered":"<p>L\u2019Assemblea Generale delle Nazioni Unite ha istituito l\u201911 Febbraio come la&nbsp;Giornata Internazionale per le donne e le ragazze nella scienza&nbsp;per promuovere l\u2019uguaglianza di genere e a far s\u00ec che donne e ragazze ottengano parit\u00e0 di accesso e partecipazione nella scienza. &hellip; <a href=\"https:\/\/sites.unica.it\/pls\/master-class-women-and-girls-in-science-febbraio-2022\/\">Continua a leggere<span class=\"meta-nav\">&rarr;<\/span><\/a><\/p>\n","protected":false},"author":2590,"featured_media":0,"parent":0,"menu_order":0,"comment_status":"closed","ping_status":"closed","template":"","meta":{"ngg_post_thumbnail":0,"footnotes":""},"class_list":["post-1595","page","type-page","status-publish","hentry"],"_links":{"self":[{"href":"https:\/\/sites.unica.it\/pls\/wp-json\/wp\/v2\/pages\/1595","targetHints":{"allow":["GET"]}}],"collection":[{"href":"https:\/\/sites.unica.it\/pls\/wp-json\/wp\/v2\/pages"}],"about":[{"href":"https:\/\/sites.unica.it\/pls\/wp-json\/wp\/v2\/types\/page"}],"author":[{"embeddable":true,"href":"https:\/\/sites.unica.it\/pls\/wp-json\/wp\/v2\/users\/2590"}],"replies":[{"embeddable":true,"href":"https:\/\/sites.unica.it\/pls\/wp-json\/wp\/v2\/comments?post=1595"}],"version-history":[{"count":34,"href":"https:\/\/sites.unica.it\/pls\/wp-json\/wp\/v2\/pages\/1595\/revisions"}],"predecessor-version":[{"id":1755,"href":"https:\/\/sites.unica.it\/pls\/wp-json\/wp\/v2\/pages\/1595\/revisions\/1755"}],"wp:attachment":[{"href":"https:\/\/sites.unica.it\/pls\/wp-json\/wp\/v2\/media?parent=1595"}],"curies":[{"name":"wp","href":"https:\/\/api.w.org\/{rel}","templated":true}]}}