{"id":1231,"date":"2021-01-06T12:57:03","date_gmt":"2021-01-06T11:57:03","guid":{"rendered":"http:\/\/sites.unica.it\/pls\/?page_id=1231"},"modified":"2021-02-07T20:15:24","modified_gmt":"2021-02-07T19:15:24","slug":"master-class-women-and-girls-in-science-febbraio-2021","status":"publish","type":"page","link":"https:\/\/sites.unica.it\/pls\/master-class-women-and-girls-in-science-febbraio-2021\/","title":{"rendered":"Master Class Women and Girls in Science \u2013 febbraio 2021"},"content":{"rendered":"<p>&nbsp;<\/p>\n<p><img loading=\"lazy\" decoding=\"async\" class=\"alignleft wp-image-1260\" src=\"http:\/\/sites.unica.it\/pls\/files\/2021\/01\/400_anni-1024x851.png\" alt=\"\" width=\"241\" height=\"202\"><\/p>\n<p><img loading=\"lazy\" decoding=\"async\" class=\"wp-image-648 \" src=\"http:\/\/sites.unica.it\/pls\/files\/2018\/12\/Int_Day_of_Women_Girls_in_Science_Logo-433x364-300x252.jpg\" alt=\"\" width=\"240\" height=\"202\" srcset=\"https:\/\/sites.unica.it\/pls\/files\/2018\/12\/Int_Day_of_Women_Girls_in_Science_Logo-433x364-300x252.jpg 300w, https:\/\/sites.unica.it\/pls\/files\/2018\/12\/Int_Day_of_Women_Girls_in_Science_Logo-433x364-357x300.jpg 357w, https:\/\/sites.unica.it\/pls\/files\/2018\/12\/Int_Day_of_Women_Girls_in_Science_Logo-433x364.jpg 433w\" sizes=\"auto, (max-width: 240px) 100vw, 240px\" \/><\/p>\n<p>L\u2019Assemblea Generale delle Nazioni Unite ha istituito l\u201911 Febbraio come la&nbsp;<strong>Giornata Internazionale per le donne e le ragazze nella scienza<\/strong>&nbsp;per promuovere l\u2019uguaglianza di genere e a far s\u00ec che donne e ragazze ottengano parit\u00e0 di accesso e partecipazione nella scienza.<\/p>\n<p>In questa data ormai da diversi anni, in tante citt\u00e0 in Italia e nel mondo, si svolgono numerose iniziative volte a ispirare e coinvolgere le donne e le ragazze in campo scientifico.&nbsp;&nbsp;<\/p>\n<p>Il&nbsp;<strong>Corso di Laurea in Geologia<\/strong>&nbsp;del&nbsp;<strong>Dipartimento di Scienze Chimiche e Geologiche<\/strong>&nbsp;propone per il 2021 un\u2019edizione speciale,<strong>&nbsp;che si svolger\u00e0 interamente on line, a cui saranno ammessi a partecipare anche i ragazzi, in una percentuale massima del 40% delle iscrizioni.<\/strong><\/p>\n<p>Quest\u2019anno, per rendere ancora pi\u00f9 protagonisti le studentesse e gli studenti partecipanti alle attivit\u00e0, l\u2019evento si svolger\u00e0 in due fasi: una preparatoria e una di presentazione e condivisione delle attivit\u00e0 sperimentali realizzate.<\/p>\n<p>I ragazzi e le ragazze lavoreranno per piccoli gruppi di massimo 5 studenti guidati da un Team di ricerca che proporr\u00e0 loro attivit\u00e0 a distanza. L\u2019impegno previsto per le studentesse e gli studenti, dell\u2019ultimo triennio \u00e8 di massimo 8-10 ore di attivit\u00e0 con i ricercatori, pi\u00f9 l\u2019attivit\u00e0 individuale.<\/p>\n<p>L\u2019attivit\u00e0 \u00e8 parte integrante del Piano Lauree Scientifiche&nbsp; (PLS) e potr\u00e0 essere rendicontata come&nbsp;<strong>PCTO<\/strong>&nbsp;(Percorsi per le Competenze Trasversali e l\u2019Orientamento) per un totale di&nbsp;<strong>20 ore riconosciute.<\/strong><\/p>\n<p>Le attivit\u00e0 saranno cos\u00ec articolate:<\/p>\n<ul>\n<li>Le attivit\u00e0 saranno cos\u00ec articolate:\n<ul>\n<li><strong>PRE-Masterclass dal 1\u00b0 al 5 febbraio:&nbsp;<\/strong>Sar\u00e0 la fase preparatoria alla \u201cMasterclass\u201d vera e propria: i&nbsp;gruppi conosceranno i team di<strong>&nbsp;ricerca<\/strong>a cui sono stati assegnati e avranno accesso al materiale utile svolgere l\u2019attivit\u00e0 sperimentale.<em>&nbsp;In questa fase \u00e8 previsto un impegno di studentesse e studenti in modalit\u00e0 sincrona di&nbsp;<strong>massimo 5 ore.<\/strong>&nbsp;<\/em><\/li>\n<li><strong>MASTERCLASS dal 8 al 9 febbraio<\/strong><strong>:<\/strong>&nbsp;ogni team di ricerca verificher\u00e0 il lavoro svolto dai gruppi e li guider\u00e0 nella preparazione del&nbsp;<strong>prodotto finale<\/strong>. Ragazze e ragazzi lavoreranno per effettuare delle misure e svolgere sperimentazioni che aiuteranno a comprendere i processi e i fenomeni geologici alla base dell\u2019evoluzione del territorio.&nbsp;<em>L\u2019attivit\u00e0 avr\u00e0 la&nbsp;<strong>durata massima di 2 ore <\/strong>.<\/em><\/li>\n<li><strong>EVENTO FINALE 11 febbraio:&nbsp;<\/strong>L\u201911 febbraio tutte le studentesse e gli studenti partecipanti saranno coinvolti nell\u2019evento finale,&nbsp;<strong>in cui saranno loro i veri protagonisti, con le presentazioni e la condivisione delle attivit\u00e0 sperimentali realizzate.<\/strong>&nbsp;<em>L\u2019evento finale avr\u00e0 una&nbsp;<strong>durata massima di 4,30 ore <\/strong>e si svolger\u00e0 la mattina.<\/em><\/li>\n<\/ul>\n<\/li>\n<\/ul>\n<p>Per ogni istituto scolastico, il\/la docente referente potr\u00e0 iscrivere 5 studenti (massimo 2 studenti maschi) frequentanti l\u2019ultimo triennio.&nbsp;<strong>Saranno accettati massimo 50 studenti<\/strong>. Gli studenti dovranno compilare l\u2019apposito modulo di iscrizione entro&nbsp;<strong>il 24 gennaio 2021<\/strong>, indicando la scuola di appartenenza e il docente referente. Eventuali richieste in esubero saranno messe in lista d\u2019attesa e valutate in caso di posti disponibili.<\/p>\n<p>Gli orari delle attivit\u00e0 e tutte le istruzioni per gli accessi alla piattaforma saranno comunicati agli iscritti entro il 27 gennaio.<\/p>\n<p>Per l\u2019Iscrizione alla Masterclass di GEOLOGIA vai al <a href=\"http:\/\/sites.unica.it\/pls\/modulo-di-adesione-masterclass-wg-in-sciences-2021\/\">MODULO DI ADESIONE<\/a><\/p>\n<p><a href=\"http:\/\/sites.unica.it\/pls\/files\/2021\/01\/LOCANDINA_women-in-science_NER.pdf\">La locandina dell\u2019Evento<\/a><\/p>\n<p><a href=\"http:\/\/sites.unica.it\/pls\/le-scuole-partecipanti-alla-masterclass\/\">Le scuole partecipanti&nbsp;<\/a><\/p>\n<p><a href=\"http:\/\/sites.unica.it\/pls\/files\/2021\/01\/Programma-Giornata-GEO_2021.pdf\">Le Attivit\u00e0 Presentate<\/a><\/p>\n<p><a href=\"http:\/\/sites.unica.it\/pls\/le-nostre-ospiti-una-giuria-deccezione\/\">Le nostre ospiti<\/a><\/p>\n<p>&nbsp;<\/p>\n","protected":false},"excerpt":{"rendered":"<p>&nbsp; L\u2019Assemblea Generale delle Nazioni Unite ha istituito l\u201911 Febbraio come la&nbsp;Giornata Internazionale per le donne e le ragazze nella scienza&nbsp;per promuovere l\u2019uguaglianza di genere e a far s\u00ec che donne e ragazze ottengano parit\u00e0 di accesso e partecipazione nella &hellip; <a href=\"https:\/\/sites.unica.it\/pls\/master-class-women-and-girls-in-science-febbraio-2021\/\">Continua a leggere<span class=\"meta-nav\">&rarr;<\/span><\/a><\/p>\n","protected":false},"author":2590,"featured_media":0,"parent":0,"menu_order":0,"comment_status":"closed","ping_status":"closed","template":"","meta":{"ngg_post_thumbnail":0,"footnotes":""},"class_list":["post-1231","page","type-page","status-publish","hentry"],"_links":{"self":[{"href":"https:\/\/sites.unica.it\/pls\/wp-json\/wp\/v2\/pages\/1231","targetHints":{"allow":["GET"]}}],"collection":[{"href":"https:\/\/sites.unica.it\/pls\/wp-json\/wp\/v2\/pages"}],"about":[{"href":"https:\/\/sites.unica.it\/pls\/wp-json\/wp\/v2\/types\/page"}],"author":[{"embeddable":true,"href":"https:\/\/sites.unica.it\/pls\/wp-json\/wp\/v2\/users\/2590"}],"replies":[{"embeddable":true,"href":"https:\/\/sites.unica.it\/pls\/wp-json\/wp\/v2\/comments?post=1231"}],"version-history":[{"count":9,"href":"https:\/\/sites.unica.it\/pls\/wp-json\/wp\/v2\/pages\/1231\/revisions"}],"predecessor-version":[{"id":1332,"href":"https:\/\/sites.unica.it\/pls\/wp-json\/wp\/v2\/pages\/1231\/revisions\/1332"}],"wp:attachment":[{"href":"https:\/\/sites.unica.it\/pls\/wp-json\/wp\/v2\/media?parent=1231"}],"curies":[{"name":"wp","href":"https:\/\/api.w.org\/{rel}","templated":true}]}}