{"id":2563,"date":"2025-12-03T14:54:24","date_gmt":"2025-12-03T14:54:24","guid":{"rendered":"https:\/\/sites.unica.it\/pls-matematica\/?page_id=2563"},"modified":"2026-02-02T11:29:23","modified_gmt":"2026-02-02T11:29:23","slug":"women-and-girls-in-science-2026","status":"publish","type":"page","link":"https:\/\/sites.unica.it\/pls-matematica\/women-and-girls-in-science-2026\/","title":{"rendered":"Women and Girls In Science 2026"},"content":{"rendered":"\n<figure class=\"wp-block-image size-full\"><a href=\"https:\/\/sites.unica.it\/pls-matematica\/files\/2026\/02\/LOCANDINA-3.pdf\"><img decoding=\"async\" src=\"https:\/\/sites.unica.it\/pls-matematica\/files\/2026\/02\/LOCANDINA-3.pdf\" alt=\"\" class=\"wp-image-2575\" \/><\/a><\/figure>\n\n\n\n<p>L&#8217;11 febbraio 2026 sar\u00e0 celebrata la decima&nbsp;<a href=\"https:\/\/www.un.org\/en\/observances\/women-and-girls-in-science-day\/\"><strong>Giornata Internazionale per le donne e le ragazze nella scienza<\/strong><\/a>,(IDWGS, International Day of Women and Girls in Science). Tale giornata, istituita dell&#8217;Assemblea Generale delle Nazioni Unite nel 2015, ha lo scopo di promuovere la piena e paritaria partecipazione delle donne e delle ragazze nelle scienze, sia nel campo dell&#8217;istruzione che in quello della formazione, della ricerca e dell&#8217;occupazione.&nbsp;<br>In tale occasione, i sette PLS di UNICA (chimica, fisica, biologia, scienze naturali, geologia, matematica e informatica), in continuit\u00e0 con le precedenti edizioni, intendono celebrare il prossimo 11 febbraio proponendo, durante l&#8217;intera giornata, diverse attivit\u00e0.&nbsp;<\/p>\n\n\n\n<p class=\"has-text-align-left\">Il Corso di Laurea in&nbsp;Matematica&nbsp;dell&#8217;Universit\u00e0 di Cagliari,&nbsp;coinvolto nei progetti PLS, propone, per il giorno&nbsp;<strong>11 Febbraio 2026<\/strong>, una serie di attivit\u00e0 dedicata alle studentesse e agli studenti delle Scuole Secondarie di secondo grado dal titolo:<\/p>\n\n\n\n<p class=\"has-text-align-center\"><strong>&#8220;Libert\u00e0, uguaglianza e&#8230; matematica!&#8221;<\/strong><\/p>\n\n\n\n<p class=\"has-text-align-left\">Durante la mattinata, dopo i saluti delle autorit\u00e0, (alle 10 circa)&nbsp;le squadre si affronteranno in una sfida basata sul libro&nbsp;<em>&#8220;Sophie Germain &#8211; Libert\u00e0, uguaglianza e matematica&#8221;<\/em> di Cecilia Rossi &#8211; Casa Editrice L&#8217;asino d&#8217;oro, che racconta la storia, ambientata a Parigi tra fine Settecento e inizio Ottocento, della brillante matematica e delle sfide che ha dovuto affrontare per poter seguire la sua passione e il suo amore per la scienza. Al termine delle varie prove che compongono la sfida a squadre, le ricercatrici e i ricercatori del Corso di Laurea in Matematica sveleranno le risoluzioni ai quesiti proposti e decreteranno la squadra vincitrice&nbsp;(che&nbsp;ricever\u00e0 un premio)!<br>Nel pomeriggio le attivit\u00e0 continueranno con uno spazio per il confronto sulle tematiche proprie di questa Giornata. In particolare, questo spazio sar\u00e0 strutturato con una serie di giochi formativi volti a catalizzare le interazioni tra i partecipanti.&nbsp;Le attivit\u00e0 termineranno alle 16:30.<\/p>\n\n\n\n<p class=\"has-text-align-left\"><strong>Per partecipare alla gara la\/il docente di riferimento dovr\u00e0 compilare il seguente <strong>modulo di iscrizione&nbsp;entro il&nbsp;17&nbsp;Dicembre 2025.<\/strong><\/strong><br><br><a href=\"https:\/\/eu-central-1.protection.sophos.com\/?d=office.com&amp;u=aHR0cHM6Ly9mb3Jtcy5vZmZpY2UuY29tL2UvOHJKaGFaNW04Sz9vcmlnaW49bHByTGluaw==&amp;i=NjUwODE4MmRiZmU0NzMzNGVmZGUzNGUx&amp;t=OS94UlJDcllnMXp2bG9XRE1rRTU0bi9SQ2NEWittZ2JtWkx3V3d1V0NyVT0=&amp;h=65c8f4d7700a4488a354fd26c5f078d3&amp;s=AVNPUEhUT0NFTkNSWVBUSVYxlPcZa4LtAkKYKAULvZT00tG5_3oypBrW1ugvMAdDwA\" target=\"_blank\" rel=\"noreferrer noopener\"><strong>Modulo di Iscrizione WINGS 2026<\/strong><\/a><\/p>\n\n\n\n<p class=\"has-text-align-left\"><em>Ogni squadra sar\u00e0 composta al massimo da 6 membri, di cui la caposquadra e almeno altri 3 membri che si identifichino nel genere femminile. In ciascuna squadra vi devono essere sia componenti del biennio che del triennio, per favorire l&#8217;eterogeneit\u00e0 delle competenze all&#8217;interno della squadra.<\/em><\/p>\n\n\n\n<p class=\"has-text-align-left\">Alla chiusura delle iscrizioni, le ricercatrici e i ricercatori invieranno a ogni squadra del materiale utile per la preparazione alle attivit\u00e0 della giornata dell&#8217;11 febbraio.<\/p>\n\n\n\n<p class=\"has-text-align-left\">L&#8217;attivit\u00e0 \u00e8 parte integrante del Piano Lauree Scientifiche (PLS) e potr\u00e0 essere rendicontata come\u00a0<strong>PCTO<\/strong>\u00a0(Percorsi per le Competenze Trasversali e l&#8217;Orientamento) per un totale di\u00a0<strong>8\u00a0ore riconosciute<\/strong>.<\/p>\n\n\n\n<p class=\"has-text-align-left\"><br><\/p>\n","protected":false},"excerpt":{"rendered":"<p>L&#8217;11 febbraio 2026 sar\u00e0 celebrata la decima&nbsp;Giornata Internazionale per le donne e le ragazze nella scienza,(IDWGS, International Day of Women and Girls in Science). Tale giornata, istituita dell&#8217;Assemblea Generale delle Nazioni Unite nel 2015, ha lo scopo di promuovere la &hellip; <a href=\"https:\/\/sites.unica.it\/pls-matematica\/women-and-girls-in-science-2026\/\">Continua a leggere<span class=\"meta-nav\">&rarr;<\/span><\/a><\/p>\n","protected":false},"author":1988,"featured_media":0,"parent":0,"menu_order":0,"comment_status":"closed","ping_status":"closed","template":"","meta":{"footnotes":""},"class_list":["post-2563","page","type-page","status-publish","hentry"],"_links":{"self":[{"href":"https:\/\/sites.unica.it\/pls-matematica\/wp-json\/wp\/v2\/pages\/2563","targetHints":{"allow":["GET"]}}],"collection":[{"href":"https:\/\/sites.unica.it\/pls-matematica\/wp-json\/wp\/v2\/pages"}],"about":[{"href":"https:\/\/sites.unica.it\/pls-matematica\/wp-json\/wp\/v2\/types\/page"}],"author":[{"embeddable":true,"href":"https:\/\/sites.unica.it\/pls-matematica\/wp-json\/wp\/v2\/users\/1988"}],"replies":[{"embeddable":true,"href":"https:\/\/sites.unica.it\/pls-matematica\/wp-json\/wp\/v2\/comments?post=2563"}],"version-history":[{"count":3,"href":"https:\/\/sites.unica.it\/pls-matematica\/wp-json\/wp\/v2\/pages\/2563\/revisions"}],"predecessor-version":[{"id":2577,"href":"https:\/\/sites.unica.it\/pls-matematica\/wp-json\/wp\/v2\/pages\/2563\/revisions\/2577"}],"wp:attachment":[{"href":"https:\/\/sites.unica.it\/pls-matematica\/wp-json\/wp\/v2\/media?parent=2563"}],"curies":[{"name":"wp","href":"https:\/\/api.w.org\/{rel}","templated":true}]}}