{"id":2523,"date":"2025-04-30T13:57:50","date_gmt":"2025-04-30T13:57:50","guid":{"rendered":"https:\/\/sites.unica.it\/pls-matematica\/?page_id=2523"},"modified":"2025-05-05T09:53:13","modified_gmt":"2025-05-05T09:53:13","slug":"celebrating-women-in-maths-unica","status":"publish","type":"page","link":"https:\/\/sites.unica.it\/pls-matematica\/celebrating-women-in-maths-unica\/","title":{"rendered":"Celebrating Women in Maths @UniCA 2025"},"content":{"rendered":"\n<p>Dal 2019 si celebra annualmente il 12 Maggio la&nbsp;<a href=\"https:\/\/may12.womeninmaths.org\/\">Giornata Internazionale delle Donne nella Matematica<\/a>. Questa data \u00e8 stata scelta nel World Meeting of Women in Mathematics del 2018 proprio perch\u00e9 coincide con la data di nascita di <a href=\"https:\/\/it.wikipedia.org\/wiki\/Maryam_Mirzakhani\">Maryam Mirzakhani<\/a>, prima donna nella storia a essere stata insignita della Medaglia Fields. La giornata \u00e8 un\u2019occasione per celebrare i risultati delle matematiche in tutto il mondo, ispirare le giovani donne che vogliono intraprendere una carriera matematica, incoraggiare un ambiente di lavoro aperto e inclusivo per tutti e tutte.<\/p>\n\n\n\n<p>In occasione della <a href=\"https:\/\/may12.womeninmaths.org\/\" data-type=\"link\" data-id=\"https:\/\/may12.womeninmaths.org\/\">Giornata Internazionale delle Donne in Matematica<\/a>, il Corso di Studi in Matematica dell\u2019Universit\u00e0 di Cagliari, in collaborazione con il PLS-Matematica, propone per il <strong>12 Maggio 2025<\/strong> <strong>presso il Palazzo delle Scienze<\/strong> un pomeriggio interamente dedicato alle donne matematiche. L\u2019evento \u00e8 principalmente rivolto a studenti, studentesse, colleghi e colleghe del Corso di Studi in Matematica ma \u00e8 ovviamente aperto a chiunque sia interessato\/a. Durante il pomeriggio sar\u00e0 ancora possibile visitare la mostra <a href=\"https:\/\/sites.unica.it\/pls-matematica\/mostra-women-of-mathematics-from-around-the-world\/\" data-type=\"link\" data-id=\"https:\/\/sites.unica.it\/pls-matematica\/mostra-women-of-mathematics-from-around-the-world\/\">&#8220;Women in Mathematics from around the world. A gallery of portraits.&#8221;<\/a> ospitata al Palazzo delle Scienze sin dal 10 Aprile.<\/p>\n\n\n\n<div data-wp-interactive=\"core\/file\" class=\"wp-block-file\"><object data-wp-bind--hidden=\"!state.hasPdfPreview\" hidden class=\"wp-block-file__embed\" data=\"https:\/\/sites.unica.it\/pls-matematica\/files\/2025\/05\/Celebrating-Women-in-Maths-@UniCA-1.pdf\" type=\"application\/pdf\" style=\"width:100%;height:600px\" aria-label=\"Incorporamento di Celebrating Women in Maths @UniCA.\"><\/object><a id=\"wp-block-file--media-393b40a6-a0c2-48e0-89b6-c02b57bd22ca\" href=\"https:\/\/sites.unica.it\/pls-matematica\/files\/2025\/05\/Celebrating-Women-in-Maths-@UniCA-1.pdf\">Celebrating Women in Maths @UniCA<\/a><a href=\"https:\/\/sites.unica.it\/pls-matematica\/files\/2025\/05\/Celebrating-Women-in-Maths-@UniCA-1.pdf\" class=\"wp-block-file__button wp-element-button\" download aria-describedby=\"wp-block-file--media-393b40a6-a0c2-48e0-89b6-c02b57bd22ca\">Download<\/a><\/div>\n\n\n\n<p><strong>Programma<\/strong><\/p>\n\n\n\n<p>-15:30-15:45: Introduzione (aula B)<br>-15:45-16:30: Seminario<strong> <\/strong>\u201cDonne e matematica: luci e ombre\u201d<strong> <\/strong>(aula B) a cura di <a href=\"https:\/\/it.wikipedia.org\/wiki\/Elisabetta_Strickland\" data-type=\"link\" data-id=\"https:\/\/it.wikipedia.org\/wiki\/Elisabetta_Strickland\">Elisabetta Strickland<\/a>, Universit\u00e0 di Roma \u201cTor Vergata\u201d<br>-16:30-17:00: Annuncio bando Student Contest: <a href=\"https:\/\/sites.unica.it\/pls-matematica\/student-contest-a-tu-per-tu-con-una-matematica\/\" data-type=\"link\" data-id=\"https:\/\/sites.unica.it\/pls-matematica\/student-contest-a-tu-per-tu-con-una-matematica\/\">\u201cA tu per tu con una matematica\u201d<\/a> (aula B)<br>-17:00-18:30: Spettacolo: <a href=\"https:\/\/www.teatroboxer.com\/produzioni\/lezioni-spettacolo\/simmetrie-la-mirabolante-storia-di-emmy-noether\/\" data-type=\"link\" data-id=\"https:\/\/www.teatroboxer.com\/produzioni\/lezioni-spettacolo\/simmetrie-la-mirabolante-storia-di-emmy-noether\/\">\u201cSimmetrie: la mirabolante storia di Emmy Noether\u201d<\/a> a cura della compagnia <a href=\"https:\/\/www.teatroboxer.com\/\" data-type=\"link\" data-id=\"https:\/\/www.teatroboxer.com\/\">Teatro Boxer<\/a> (aula Magna ex Fisica) <br>-18:30-19:30: Conclusione e visita alla mostra <a href=\"https:\/\/sites.unica.it\/pls-matematica\/mostra-women-of-mathematics-from-around-the-world\/\" data-type=\"link\" data-id=\"https:\/\/sites.unica.it\/pls-matematica\/mostra-women-of-mathematics-from-around-the-world\/\">&#8220;Women in Mathematics from around the world. A gallery of portraits.&#8221;<\/a><\/p>\n\n\n\n<p><strong>Abstract del Seminario \u201cDonne e matematica: luci e ombre\u201d<\/strong><\/p>\n\n\n\n<p>Si dibatte costantemente sull\u2019eguaglianza di genere in tutti gli ambiti della vita sociale e professionale, quindi non meraviglia che anche nella ricerca scientifica si cerchi di analizzare cosa \u00e8 stato fatto e cosa ancora si pu\u00f2 fare per superare la barriera costituita dagli stereotipi e i pregiudizi ereditati da una storia difficile per le donne nella cultura e nella vita civile. Va rilevato che le donne nel nostro paese rappresentano pi\u00f9 della met\u00e0 dei laureati in materie scientifiche e mostrano capacit\u00e0 e competenze spesso superiori a quelle dei colleghi di sesso maschile. Per quanto riguarda la matematica, a detta di Gauss regina delle scienze, negli ultimi anni si \u00e8 fatto molto per infrangere il soffitto di cristallo, costituito da una barriera invisibile derivata da una complessa interazione di strutture nell\u2019ambito delle organizzazioni a dominazione maschile, che impediscono alle donne di accedere alle posizioni di responsabilit\u00e0. La presenza ridotta delle donne nei luoghi di potere \u00e8 estremamente importante come dato negativo: incidere sui meccanismi decisionali \u00e8 vitale. Una serie di organizzazioni internazionali si prodiga in tale direzione, a cominciare dalla Women in Mathematics Committee (WIM) della European Mathematical Society &nbsp;(EMS),&nbsp; dall\u2019Associazione EWM, della donne in matematica in Europa, e negli ultimi sei anni una battaglia veramente incisiva \u00e8 stata organizzata a livello mondiale con lo scopo di celebrare le donne in matematica, chiamata May 12, in omaggio a Maryam Mirzakhani, prima donna a ricevere nel 2014 la Medaglia Fields, il premio pi\u00f9 prestigioso in matematica.&nbsp; Centinaia di eventi in tutto il mondo hanno messo in luce le ricercatrici che si sono dedicate a questa branca della scienza, con risultati sorprendenti. Va rilevato che comunque l\u2019Italia nel 2024 ha ottenuto un riconoscimento di grande prestigio, con il Premio EMS conferito a due matematiche italiane, Maria Colombo e Cristiana de Filippis, in occasione del Convegno della EMS a Siviglia. I modelli positivi sono uno stimolo di prim\u2019ordine per le nuove leve: in effetti quest\u2019anno alle olimpiadi europee della matematica l\u2019Italia si \u00e8 classificata al primo posto!<\/p>\n","protected":false},"excerpt":{"rendered":"<p>Dal 2019 si celebra annualmente il 12 Maggio la&nbsp;Giornata Internazionale delle Donne nella Matematica. Questa data \u00e8 stata scelta nel World Meeting of Women in Mathematics del 2018 proprio perch\u00e9 coincide con la data di nascita di Maryam Mirzakhani, prima &hellip; <a href=\"https:\/\/sites.unica.it\/pls-matematica\/celebrating-women-in-maths-unica\/\">Continua a leggere<span class=\"meta-nav\">&rarr;<\/span><\/a><\/p>\n","protected":false},"author":1988,"featured_media":0,"parent":0,"menu_order":0,"comment_status":"closed","ping_status":"closed","template":"","meta":{"footnotes":""},"class_list":["post-2523","page","type-page","status-publish","hentry"],"_links":{"self":[{"href":"https:\/\/sites.unica.it\/pls-matematica\/wp-json\/wp\/v2\/pages\/2523","targetHints":{"allow":["GET"]}}],"collection":[{"href":"https:\/\/sites.unica.it\/pls-matematica\/wp-json\/wp\/v2\/pages"}],"about":[{"href":"https:\/\/sites.unica.it\/pls-matematica\/wp-json\/wp\/v2\/types\/page"}],"author":[{"embeddable":true,"href":"https:\/\/sites.unica.it\/pls-matematica\/wp-json\/wp\/v2\/users\/1988"}],"replies":[{"embeddable":true,"href":"https:\/\/sites.unica.it\/pls-matematica\/wp-json\/wp\/v2\/comments?post=2523"}],"version-history":[{"count":6,"href":"https:\/\/sites.unica.it\/pls-matematica\/wp-json\/wp\/v2\/pages\/2523\/revisions"}],"predecessor-version":[{"id":2536,"href":"https:\/\/sites.unica.it\/pls-matematica\/wp-json\/wp\/v2\/pages\/2523\/revisions\/2536"}],"wp:attachment":[{"href":"https:\/\/sites.unica.it\/pls-matematica\/wp-json\/wp\/v2\/media?parent=2523"}],"curies":[{"name":"wp","href":"https:\/\/api.w.org\/{rel}","templated":true}]}}