{"id":2510,"date":"2025-04-11T17:58:19","date_gmt":"2025-04-11T17:58:19","guid":{"rendered":"https:\/\/sites.unica.it\/pls-matematica\/?page_id=2510"},"modified":"2025-10-15T21:08:46","modified_gmt":"2025-10-15T21:08:46","slug":"student-contest-a-tu-per-tu-con-una-matematica","status":"publish","type":"page","link":"https:\/\/sites.unica.it\/pls-matematica\/student-contest-a-tu-per-tu-con-una-matematica\/","title":{"rendered":"Student Contest &#8220;A tu per tu con una matematica&#8221;"},"content":{"rendered":"\n<p>Il concorso &#8220;A tu per tu con una matematica&#8221; \u00e8 rivolto a studenti e studentesse del Corso di Laurea in Matematica dell&#8217;Universit\u00e0 di Cagliari che avranno l&#8217;opportunit\u00e0 di confrontarsi da vicino con l&#8217;esperienza di donne matematiche. Infatti, ispirati dalla mostra <a href=\"https:\/\/sites.unica.it\/pls-matematica\/mostra-women-of-mathematics-from-around-the-world\/\" data-type=\"link\" data-id=\"https:\/\/sites.unica.it\/pls-matematica\/mostra-women-of-mathematics-from-around-the-world\/\">&#8220;Women of Mathematics from around the world. A gallery of portairts.&#8221;<\/a>, le\/i partecipanti sceglieranno una donna matematica e la intervisteranno, raccogliendo storie, immagini, formule, foto, esperienze che andranno a comporre un poster. Il poster e il testo integrale dell&#8217;intervista dovranno essere inviati entro il 15 Novembre 2025 secondo le istruzioni del bando! I lavori inviati saranno valutati da una commissione e i migliori dieci saranno premiati.<\/p>\n\n\n\n<p><a href=\"https:\/\/sites.unica.it\/pls-matematica\/files\/2025\/04\/Teaser-StudentContest-Mate.pdf\" data-type=\"link\" data-id=\"https:\/\/sites.unica.it\/pls-matematica\/files\/2025\/04\/Teaser-StudentContest-Mate.pdf\">Teaser del contest<\/a><\/p>\n\n\n\n<p><strong><a href=\"https:\/\/web.unica.it\/unica\/protected\/497958\/0\/def\/ref\/AVS497956\/\" data-type=\"link\" data-id=\"https:\/\/web.unica.it\/unica\/protected\/497958\/0\/def\/ref\/AVS497956\/\">Bando<\/a><\/strong><\/p>\n\n\n\n<p><\/p>\n","protected":false},"excerpt":{"rendered":"<p>Il concorso &#8220;A tu per tu con una matematica&#8221; \u00e8 rivolto a studenti e studentesse del Corso di Laurea in Matematica dell&#8217;Universit\u00e0 di Cagliari che avranno l&#8217;opportunit\u00e0 di confrontarsi da vicino con l&#8217;esperienza di donne matematiche. Infatti, ispirati dalla mostra &hellip; <a href=\"https:\/\/sites.unica.it\/pls-matematica\/student-contest-a-tu-per-tu-con-una-matematica\/\">Continua a leggere<span class=\"meta-nav\">&rarr;<\/span><\/a><\/p>\n","protected":false},"author":1988,"featured_media":0,"parent":0,"menu_order":0,"comment_status":"closed","ping_status":"closed","template":"","meta":{"footnotes":""},"class_list":["post-2510","page","type-page","status-publish","hentry"],"_links":{"self":[{"href":"https:\/\/sites.unica.it\/pls-matematica\/wp-json\/wp\/v2\/pages\/2510","targetHints":{"allow":["GET"]}}],"collection":[{"href":"https:\/\/sites.unica.it\/pls-matematica\/wp-json\/wp\/v2\/pages"}],"about":[{"href":"https:\/\/sites.unica.it\/pls-matematica\/wp-json\/wp\/v2\/types\/page"}],"author":[{"embeddable":true,"href":"https:\/\/sites.unica.it\/pls-matematica\/wp-json\/wp\/v2\/users\/1988"}],"replies":[{"embeddable":true,"href":"https:\/\/sites.unica.it\/pls-matematica\/wp-json\/wp\/v2\/comments?post=2510"}],"version-history":[{"count":5,"href":"https:\/\/sites.unica.it\/pls-matematica\/wp-json\/wp\/v2\/pages\/2510\/revisions"}],"predecessor-version":[{"id":2561,"href":"https:\/\/sites.unica.it\/pls-matematica\/wp-json\/wp\/v2\/pages\/2510\/revisions\/2561"}],"wp:attachment":[{"href":"https:\/\/sites.unica.it\/pls-matematica\/wp-json\/wp\/v2\/media?parent=2510"}],"curies":[{"name":"wp","href":"https:\/\/api.w.org\/{rel}","templated":true}]}}