{"id":2447,"date":"2025-04-03T07:47:05","date_gmt":"2025-04-03T07:47:05","guid":{"rendered":"https:\/\/sites.unica.it\/pls-matematica\/?page_id=2447"},"modified":"2025-04-23T10:09:01","modified_gmt":"2025-04-23T10:09:01","slug":"mostra-women-of-mathematics-from-around-the-world","status":"publish","type":"page","link":"https:\/\/sites.unica.it\/pls-matematica\/mostra-women-of-mathematics-from-around-the-world\/","title":{"rendered":"Mostra &#8220;Women of Mathematics from around the world&#8221;"},"content":{"rendered":"\n<p>La mostra &#8220;Women of Mathematics from around the world. A gallery of portraits&#8221; presenta fotografie e interviste a 34 donne matematiche provenienti da tutto il mondo, che condividono la loro passione per la matematica e la loro esperienza accademica e personale. La mostra \u00e8 itinerante e dal 2016 a oggi \u00e8 stata esposta in pi\u00f9 di 150 sedi in tutto il mondo, ma approder\u00e0 per la prima volta a Cagliari il 10 Aprile 2025 al Palazzo delle Scienze. In questa occasione una delle curatrici della mostra, Professoressa <a href=\"https:\/\/www.dm.uniba.it\/it\/members\/azzali\/sara-azzali\" data-type=\"link\" data-id=\"https:\/\/www.dm.uniba.it\/it\/members\/azzali\/sara-azzali\">Sara Azzali,<\/a> presenter\u00e0 il progetto che ha portato alla realizzazione di questa mostra e ci sar\u00e0 ovviamente l&#8217;opportunit\u00e0 di visitarla, lasciandosi ispirare dalle storie di queste donne matematiche. <strong>La mostra sar\u00e0 ospitata nei locali del<\/strong> <strong>Palazzo delle Scienze dal 10 Aprile al 23 Maggio<\/strong>.<\/p>\n\n\n\n<p><\/p>\n\n\n\n<h2 class=\"wp-block-heading\"><strong>Inaugurazione della mostra: <\/strong><strong>10 Aprile 2025<\/strong><\/h2>\n\n\n\n<ul class=\"wp-block-list\">\n<li><strong>17:00-17:15 <\/strong> Introduzione<\/li>\n\n\n\n<li><strong>17:15-18:00 <\/strong>Seminario <strong>\u201cLa mostra \u2018Women of Mathematics from around the world\u2019:&nbsp;un progetto itinerante di storie e ispirazioni\u201d <\/strong>Prof. Sara Azzali (Universit\u00e0 degli Studi di Bari)<\/li>\n\n\n\n<li><strong>18:00-18:15 <\/strong>Discussione e teaser del contest <strong>&#8220;A tu per tu con una matematica&#8221;<\/strong><\/li>\n\n\n\n<li><strong>18:15-19:00 <\/strong>Conclusione e visita alla mostra<\/li>\n<\/ul>\n\n\n\n<div data-wp-interactive=\"core\/file\" class=\"wp-block-file\"><object data-wp-bind--hidden=\"!state.hasPdfPreview\" hidden class=\"wp-block-file__embed\" data=\"https:\/\/sites.unica.it\/pls-matematica\/files\/2025\/04\/Locandina-1.pdf\" type=\"application\/pdf\" style=\"width:100%;height:600px\" aria-label=\"Incorporamento di Locandina.\"><\/object><a id=\"wp-block-file--media-ddd0e87b-2f7e-4b32-8c63-e7c68973c733\" href=\"https:\/\/sites.unica.it\/pls-matematica\/files\/2025\/04\/Locandina-1.pdf\">Locandina<\/a><a href=\"https:\/\/sites.unica.it\/pls-matematica\/files\/2025\/04\/Locandina-1.pdf\" class=\"wp-block-file__button wp-element-button\" download aria-describedby=\"wp-block-file--media-ddd0e87b-2f7e-4b32-8c63-e7c68973c733\">Download<\/a><\/div>\n\n\n\n<p><\/p>\n\n\n\n<p><a href=\"https:\/\/sites.unica.it\/pls-matematica\/files\/2025\/04\/Abstract-Seminario-Azzali.png\" data-type=\"link\" data-id=\"https:\/\/sites.unica.it\/pls-matematica\/files\/2025\/04\/Abstract-Seminario-Azzali.png\">Abstract Seminario Azzali<\/a><\/p>\n\n\n\n<p><a href=\"https:\/\/sites.unica.it\/pls-matematica\/files\/2025\/04\/Slides-Seminario-Azzali.pdf\" data-type=\"link\" data-id=\"https:\/\/sites.unica.it\/pls-matematica\/files\/2025\/04\/Slides-Seminario-Azzali.pdf\">Slides Seminario Azzali<\/a><\/p>\n\n\n\n<p><a href=\"https:\/\/sites.unica.it\/pls-matematica\/files\/2025\/04\/Teaser-StudentContest-Mate.pdf\" data-type=\"link\" data-id=\"https:\/\/sites.unica.it\/pls-matematica\/files\/2025\/04\/Teaser-StudentContest-Mate.pdf\">Dettagli sullo student contest &#8220;A tu per tu con una matematica&#8221;<\/a><\/p>\n\n\n\n<h2 class=\"wp-block-heading\"><br><strong>Visitare la mostra <\/strong><\/h2>\n\n\n\n<p>La <strong>visita libera <\/strong>individuale o di gruppo \u00e8 sempre possibile dal Luned\u00ec al Venerd\u00ec dalle 9:00 alle 19:00. <\/p>\n\n\n\n<p>Per i gruppi scolastici (ciascuno composto da al max 20 persone) \u00e8 possibile prenotare una <strong>visita guidata <\/strong>alla mostra compilando il modulo disponibile al<a href=\"https:\/\/docs.google.com\/forms\/d\/e\/1FAIpQLSex7m46Y-4SNoAd08NLCte1BGU7xfbbr8ihS1CWLXn3uZ5JVA\/viewform\"> link<\/a>.<\/p>\n\n\n\n<p><strong>Contatti<\/strong><br>Per ulteriori informazioni, rivolgersi alla Commissione Orientamento del Corso di Studi inMatematica al seguente indirizzo email: <strong>orienta-mat@unica.it<\/strong>&nbsp;<\/p>\n\n\n\n<p><\/p>\n\n\n\n<p><\/p>\n","protected":false},"excerpt":{"rendered":"<p>La mostra &#8220;Women of Mathematics from around the world. A gallery of portraits&#8221; presenta fotografie e interviste a 34 donne matematiche provenienti da tutto il mondo, che condividono la loro passione per la matematica e la loro esperienza accademica e &hellip; <a href=\"https:\/\/sites.unica.it\/pls-matematica\/mostra-women-of-mathematics-from-around-the-world\/\">Continua a leggere<span class=\"meta-nav\">&rarr;<\/span><\/a><\/p>\n","protected":false},"author":1988,"featured_media":0,"parent":0,"menu_order":0,"comment_status":"closed","ping_status":"closed","template":"","meta":{"footnotes":""},"class_list":["post-2447","page","type-page","status-publish","hentry"],"_links":{"self":[{"href":"https:\/\/sites.unica.it\/pls-matematica\/wp-json\/wp\/v2\/pages\/2447","targetHints":{"allow":["GET"]}}],"collection":[{"href":"https:\/\/sites.unica.it\/pls-matematica\/wp-json\/wp\/v2\/pages"}],"about":[{"href":"https:\/\/sites.unica.it\/pls-matematica\/wp-json\/wp\/v2\/types\/page"}],"author":[{"embeddable":true,"href":"https:\/\/sites.unica.it\/pls-matematica\/wp-json\/wp\/v2\/users\/1988"}],"replies":[{"embeddable":true,"href":"https:\/\/sites.unica.it\/pls-matematica\/wp-json\/wp\/v2\/comments?post=2447"}],"version-history":[{"count":22,"href":"https:\/\/sites.unica.it\/pls-matematica\/wp-json\/wp\/v2\/pages\/2447\/revisions"}],"predecessor-version":[{"id":2518,"href":"https:\/\/sites.unica.it\/pls-matematica\/wp-json\/wp\/v2\/pages\/2447\/revisions\/2518"}],"wp:attachment":[{"href":"https:\/\/sites.unica.it\/pls-matematica\/wp-json\/wp\/v2\/media?parent=2447"}],"curies":[{"name":"wp","href":"https:\/\/api.w.org\/{rel}","templated":true}]}}