{"id":2395,"date":"2024-11-14T11:39:26","date_gmt":"2024-11-14T11:39:26","guid":{"rendered":"https:\/\/sites.unica.it\/pls-matematica\/?page_id=2395"},"modified":"2025-02-05T08:33:59","modified_gmt":"2025-02-05T08:33:59","slug":"women-and-girls-in-science-2025","status":"publish","type":"page","link":"https:\/\/sites.unica.it\/pls-matematica\/women-and-girls-in-science-2025\/","title":{"rendered":"Women and Girls in Science 2025"},"content":{"rendered":"\n<p><a href=\"https:\/\/sites.unica.it\/pls-matematica\/files\/2025\/02\/LOCANDINA-WGS2025.pdf\" data-type=\"link\" data-id=\"https:\/\/sites.unica.it\/pls-matematica\/files\/2024\/12\/Programma-provvisorio.pdf\">Programma<\/a><\/p>\n\n\n\n<p>L\u2019Assemblea Generale delle Nazioni Unite ha istituito l\u201911 Febbraio come&nbsp;<a href=\"https:\/\/www.un.org\/en\/observances\/women-and-girls-in-science-day\/\"><em>Giornata Internazionale per le donne e le ragazze nella scienza<\/em><\/a>&nbsp;per promuovere l\u2019uguaglianza di genere e a far s\u00ec che donne e ragazze ottengano parit\u00e0 di accesso e partecipazione nella scienza.<\/p>\n\n\n\n<p>In occasione della &nbsp;<a href=\"https:\/\/www.un.org\/en\/observances\/women-and-girls-in-science-day\/\"><em>Giornata Internazionale per le donne e le ragazze nella scienza<\/em><\/a>, il corso di laurea in&nbsp;Matematica&nbsp;dell\u2019Universit\u00e0 di Cagliari,&nbsp;coinvolto nei progetti PLS, propone per il giorno&nbsp;<strong>11 Febbraio 2025<\/strong>&nbsp;una gara a squadre dedicata alle studentesse e agli studenti delle Scuole Secondarie di secondo grado dal titolo:<\/p>\n\n\n\n<p><strong>\u201cIl tesoro delle matematiche\u201d<\/strong><\/p>\n\n\n\n<p>Le squadre si affronteranno in una caccia al tesoro che ha per protagoniste alcune grandi donne matematiche e i loro preziosi contributi alla matematica moderna. Ogni squadra dovr\u00e0 di volta in volta risolvere l\u2019enigma proposto per scoprire il luogo dove si nasconde il prossimo indizio fino ad arrivare al luogo dove \u00e8 nascosto il tesoro!<\/p>\n\n\n\n<p><em>Per partecipare alla gara la\/il docente di riferimento dovr\u00e0 compilare il seguente modulo di iscrizione&nbsp;<\/em><strong><em><u>entro il 14&nbsp;Dicembre 2024<\/u><\/em><\/strong><strong><em>.<\/em><\/strong><\/p>\n\n\n\n<p><strong>&nbsp;<a href=\"https:\/\/forms.office.com\/Pages\/ResponsePage.aspx?id=zHT6azT-V02X05f9bg7e4SVnOTqIY8NEvkUDe9MhitNUN0hJS1RONUNLUUJTQkxGUjNHN0dHTFcyTy4u\">Modulo Iscrizione Women in Science<\/a><\/strong><\/p>\n\n\n\n<p><em>Ogni squadra sar\u00e0 composta al massimo da 6 membri&nbsp;di cui la caposquadra e almeno altri 3 membri che si identifichino nel genere femminile. In ciascuna squadra vi devono essere sia componenti del biennio che del triennio per favorire l\u2019eterogeneit\u00e0 delle competenze all\u2019interno della squadra.<\/em><\/p>\n\n\n\n<p>Alla chiusura delle iscrizioni i ricercatori e le ricercatrici del corso di studio in matematica invieranno a ogni squadra del materiale utile per la preparazione alla caccia al tesoro<em>.<\/em><\/p>\n\n\n\n<p>L\u2019attivit\u00e0 \u00e8 parte integrante del Piano Lauree Scientifiche&nbsp;(PLS) e potr\u00e0 essere rendicontata come&nbsp;<strong>PCTO<\/strong>&nbsp;(Percorsi per le Competenze Trasversali e l\u2019Orientamento) per un totale di&nbsp;<strong>8&nbsp;ore riconosciute.<\/strong><\/p>\n\n\n\n<p><\/p>\n","protected":false},"excerpt":{"rendered":"<p>Programma L\u2019Assemblea Generale delle Nazioni Unite ha istituito l\u201911 Febbraio come&nbsp;Giornata Internazionale per le donne e le ragazze nella scienza&nbsp;per promuovere l\u2019uguaglianza di genere e a far s\u00ec che donne e ragazze ottengano parit\u00e0 di accesso e partecipazione nella scienza. &hellip; <a href=\"https:\/\/sites.unica.it\/pls-matematica\/women-and-girls-in-science-2025\/\">Continua a leggere<span class=\"meta-nav\">&rarr;<\/span><\/a><\/p>\n","protected":false},"author":1988,"featured_media":0,"parent":0,"menu_order":0,"comment_status":"closed","ping_status":"closed","template":"","meta":{"footnotes":""},"class_list":["post-2395","page","type-page","status-publish","hentry"],"_links":{"self":[{"href":"https:\/\/sites.unica.it\/pls-matematica\/wp-json\/wp\/v2\/pages\/2395","targetHints":{"allow":["GET"]}}],"collection":[{"href":"https:\/\/sites.unica.it\/pls-matematica\/wp-json\/wp\/v2\/pages"}],"about":[{"href":"https:\/\/sites.unica.it\/pls-matematica\/wp-json\/wp\/v2\/types\/page"}],"author":[{"embeddable":true,"href":"https:\/\/sites.unica.it\/pls-matematica\/wp-json\/wp\/v2\/users\/1988"}],"replies":[{"embeddable":true,"href":"https:\/\/sites.unica.it\/pls-matematica\/wp-json\/wp\/v2\/comments?post=2395"}],"version-history":[{"count":7,"href":"https:\/\/sites.unica.it\/pls-matematica\/wp-json\/wp\/v2\/pages\/2395\/revisions"}],"predecessor-version":[{"id":2429,"href":"https:\/\/sites.unica.it\/pls-matematica\/wp-json\/wp\/v2\/pages\/2395\/revisions\/2429"}],"wp:attachment":[{"href":"https:\/\/sites.unica.it\/pls-matematica\/wp-json\/wp\/v2\/media?parent=2395"}],"curies":[{"name":"wp","href":"https:\/\/api.w.org\/{rel}","templated":true}]}}