{"id":281,"date":"2012-06-28T13:41:31","date_gmt":"2012-06-28T13:41:31","guid":{"rendered":"http:\/\/people.unica.it\/meccanica\/?page_id=281"},"modified":"2025-10-16T21:54:46","modified_gmt":"2025-10-16T21:54:46","slug":"docenti","status":"publish","type":"page","link":"https:\/\/sites.unica.it\/ples\/ilmaster\/docenti\/","title":{"rendered":"Gruppo di ricerca"},"content":{"rendered":"<p><span style=\"font-size: 12pt\"><strong><span style=\"font-size: 14pt\">L<\/span><\/strong>&#8216;unit\u00e0 di ricerca afferisce al <strong><a href=\"https:\/\/www.unica.it\/unica\/it\/dip_ingcivile.page\">Dipartimento di Ingegneria Civile Ambientale e Architettura (DICAAR)<\/a><\/strong> dell&#8217;Universit\u00e0 di Cagliari ed \u00e8 composta da ricercatori dei settori della Tecnica delle Costruzioni (Concu, De Nicolo, Sassu), della Fisica Tecnica (Baccoli, Frattolillo) e dell\u2019Architettura Tecnica (Achenza), affiancati da qualificati tecnici del Laboratorio Prove Materiali (Meloni, Valdes) e del Laboratorio di Fisica Tecnica (Innamorati) del <strong>DICAAR<\/strong>. Partecipano al progetto anche dottorandi di ricerca, assegnisti, borsisti e contrattisti.<\/span><\/p>\n<table style=\"width: 100%;border-collapse: collapse;background-color: #f5ebc6\">\n<tbody>\n<tr>\n<td style=\"width: 100%;text-align: center\"><span style=\"font-size: 14pt\"><strong>LA SQUADRA<\/strong><\/span><\/td>\n<\/tr>\n<\/tbody>\n<\/table>\n<table style=\"border-collapse: collapse;width: 100%;height: 1411px\">\n<tbody>\n<tr style=\"height: 202px\">\n<td style=\"width: 100%;height: 202px\">\n<p style=\"text-align: center\"><strong><em><span style=\"font-size: 12pt\"><a href=\"https:\/\/people.unica.it\/giovannaconcu\/\"><img loading=\"lazy\" decoding=\"async\" class=\" wp-image-2389 alignleft\" src=\"https:\/\/sites.unica.it\/ples\/files\/2021\/04\/Giovanna-Foto-297x300.png\" alt=\"\" width=\"152\" height=\"153\" srcset=\"https:\/\/sites.unica.it\/ples\/files\/2021\/04\/Giovanna-Foto-297x300.png 297w, https:\/\/sites.unica.it\/ples\/files\/2021\/04\/Giovanna-Foto-150x150.png 150w, https:\/\/sites.unica.it\/ples\/files\/2021\/04\/Giovanna-Foto.png 337w\" sizes=\"auto, (max-width: 152px) 100vw, 152px\" \/><\/a>Dott. Ing. Giovanna Concu\u00a0 \u00a0<a href=\"https:\/\/www.unica.it\/unica\/it\/ateneo_s07_ss01.page?contentId=SHD30189\">[ SITO ]<\/a><\/span><\/em><\/strong><\/p>\n<p style=\"text-align: center\"><strong><em><span style=\"font-size: 12pt\">Responsabile Scientifico del Progetto PLES <\/span><\/em><\/strong><span style=\"font-size: 12pt\">Ricercatore di Tecnica delle Costruzioni<\/span><\/p>\n<p style=\"text-align: center\"><span style=\"font-size: 12pt\"><a href=\"mailto:gconcu@unica.it\">gconcu@unica.it<\/a><\/span><\/p>\n<\/td>\n<\/tr>\n<tr style=\"height: 232px\">\n<td style=\"width: 100%;height: 232px\">\n<p style=\"text-align: center\"><strong><em><span style=\"font-size: 12pt\"><a href=\"https:\/\/sites.unica.it\/ples\/files\/2021\/04\/Andrea-Frattolillo-col-1-150x150-1.jpg\"><img loading=\"lazy\" decoding=\"async\" class=\"wp-image-2393 alignright\" src=\"https:\/\/sites.unica.it\/ples\/files\/2021\/04\/Andrea-Frattolillo-col-1-150x150-1.jpg\" alt=\"\" width=\"150\" height=\"150\" \/><\/a><\/span><\/em><\/strong><\/p>\n<p style=\"text-align: center\"><strong><em><span style=\"font-size: 12pt\">Prof. Ing. Andrea Frattolillo\u00a0 \u00a0<a href=\"https:\/\/www.unica.it\/unica\/it\/ateneo_s07_ss01.page?contentId=SHD30990\">[ SITO ]<\/a><\/span><\/em><\/strong><\/p>\n<p style=\"text-align: center\"><span style=\"font-size: 12pt\">Professore Associato di Fisica Tecnica Ambientale<\/span><\/p>\n<p style=\"text-align: center\"><span style=\"font-size: 12pt\"><a href=\"mailto:andrea.frattolillo@unica.it\">andrea.frattolillo@unica.it<\/a><\/span><\/p>\n<\/td>\n<\/tr>\n<tr style=\"height: 23px\">\n<td style=\"width: 100%;height: 23px\"><a href=\"https:\/\/sites.unica.it\/ples\/files\/2021\/04\/De-Nicolo.jpg\"><img loading=\"lazy\" decoding=\"async\" class=\" wp-image-2449 alignleft\" src=\"https:\/\/sites.unica.it\/ples\/files\/2021\/04\/De-Nicolo.jpg\" alt=\"\" width=\"142\" height=\"145\" \/><\/a><\/p>\n<p style=\"text-align: center\"><strong><em><span style=\"font-size: 12pt\">Prof. Ing. Barbara De Nicolo\u00a0 \u00a0<a href=\"https:\/\/people.unica.it\/barbaradenicolo\/\">[ SITO ]<\/a><\/span><\/em><\/strong><\/p>\n<p style=\"text-align: center\"><span style=\"font-size: 12pt\">Gi\u00e0 Docente di Tecnica delle Costruzioni<\/span><\/p>\n<p style=\"text-align: center\"><span style=\"font-size: 12pt\"><a href=\"mailto:denicolo@unica.it\">denicolo@unica.it<\/a><\/span><\/p>\n<\/td>\n<\/tr>\n<tr style=\"height: 23px\">\n<td style=\"width: 100%;height: 23px\">\n<p style=\"text-align: center\"><strong><em><span style=\"font-size: 12pt\"><a href=\"https:\/\/sites.unica.it\/ples\/files\/2021\/04\/sassu.jpg\"><img loading=\"lazy\" decoding=\"async\" class=\"wp-image-2478 alignright\" src=\"https:\/\/sites.unica.it\/ples\/files\/2021\/04\/sassu-300x300.jpg\" alt=\"\" width=\"145\" height=\"145\" srcset=\"https:\/\/sites.unica.it\/ples\/files\/2021\/04\/sassu-300x300.jpg 300w, https:\/\/sites.unica.it\/ples\/files\/2021\/04\/sassu-150x150.jpg 150w, https:\/\/sites.unica.it\/ples\/files\/2021\/04\/sassu.jpg 452w\" sizes=\"auto, (max-width: 145px) 100vw, 145px\" \/><\/a>Prof. Ing. Mauro Sassu\u00a0 \u00a0<a href=\"https:\/\/www.unica.it\/unica\/it\/ateneo_s07_ss01.page?contentId=SHD30997\">[ SITO ]<\/a><\/span><\/em><\/strong><\/p>\n<p style=\"text-align: center\"><span style=\"font-size: 12pt\">Professore Associato di Tecnica delle Costruzioni<\/span><\/p>\n<p style=\"text-align: center\"><span style=\"font-size: 12pt\"><a href=\"mailto:msassu@unica.it\">msassu@unica.it<\/a><\/span><\/p>\n<\/td>\n<\/tr>\n<tr style=\"height: 23px\">\n<td style=\"width: 100%;height: 23px\"><a href=\"https:\/\/sites.unica.it\/ples\/files\/2021\/04\/Baccoli.jpg\"><img loading=\"lazy\" decoding=\"async\" class=\"wp-image-2461 alignleft\" src=\"https:\/\/sites.unica.it\/ples\/files\/2021\/04\/Baccoli.jpg\" alt=\"\" width=\"140\" height=\"134\" \/><\/a><\/p>\n<p style=\"text-align: center\"><strong><em><span style=\"font-size: 12pt\">Dott. Ing. Roberto Baccoli\u00a0 \u00a0<a href=\"https:\/\/people.unica.it\/lrobertobaccoli\/\">[ SITO ]<\/a><\/span><\/em><\/strong><\/p>\n<p style=\"text-align: center\"><span style=\"font-size: 12pt\">Ricercatore di Fisica Tecnica Ambientale<\/span><\/p>\n<p style=\"text-align: center\"><span style=\"font-size: 12pt\"><a href=\"mailto:rbaccoli@unica.it\">rbaccoli@unica.it<\/a><\/span><\/p>\n<\/td>\n<\/tr>\n<tr style=\"height: 23px\">\n<td style=\"width: 100%;height: 23px\"><a href=\"https:\/\/sites.unica.it\/ples\/files\/2021\/04\/Achenza.png\"><img loading=\"lazy\" decoding=\"async\" class=\"wp-image-2476 alignright\" src=\"https:\/\/sites.unica.it\/ples\/files\/2021\/04\/Achenza-279x300.png\" alt=\"\" width=\"142\" height=\"152\" srcset=\"https:\/\/sites.unica.it\/ples\/files\/2021\/04\/Achenza-279x300.png 279w, https:\/\/sites.unica.it\/ples\/files\/2021\/04\/Achenza.png 309w\" sizes=\"auto, (max-width: 142px) 100vw, 142px\" \/><\/a><\/p>\n<p style=\"text-align: center\"><strong><em><span style=\"font-size: 12pt\">Dott. Arch. Maddalena Achenza\u00a0 \u00a0<a href=\"https:\/\/www.unica.it\/unica\/page\/it\/mariamachenza\">[ SITO ]<\/a><\/span><\/em><\/strong><\/p>\n<p style=\"text-align: center\"><span style=\"font-size: 12pt\">Ricercatore di Architettura Tecnica<\/span><\/p>\n<p style=\"text-align: center\"><span style=\"font-size: 12pt\"><a href=\"mailto:maddalena.achenza@unica.it\">maddalena.achenza@unica.it<\/a><\/span><\/p>\n<\/td>\n<\/tr>\n<tr style=\"height: 23px\">\n<td style=\"width: 100%;height: 23px\"><a href=\"https:\/\/sites.unica.it\/ples\/files\/2021\/04\/MonicaValdes.png\"><img loading=\"lazy\" decoding=\"async\" class=\"wp-image-2451 alignleft\" src=\"https:\/\/sites.unica.it\/ples\/files\/2021\/04\/MonicaValdes.png\" alt=\"\" width=\"145\" height=\"145\" srcset=\"https:\/\/sites.unica.it\/ples\/files\/2021\/04\/MonicaValdes.png 207w, https:\/\/sites.unica.it\/ples\/files\/2021\/04\/MonicaValdes-150x150.png 150w\" sizes=\"auto, (max-width: 145px) 100vw, 145px\" \/><\/a><\/p>\n<p style=\"text-align: center\"><strong><em><span style=\"font-size: 12pt\">Dott. Ing. Monica Valdes\u00a0 \u00a0<a href=\"https:\/\/people.unica.it\/laboratorioprovedis\/personale\">[ SITO ]<\/a><\/span><\/em><\/strong><\/p>\n<p style=\"text-align: center\"><span style=\"font-size: 12pt\">Tecnico Laureato del Laboratorio Prove Materiali<\/span><\/p>\n<p style=\"text-align: center\"><span style=\"font-size: 12pt\"><a href=\"mailto:m.valdes@unica.it\">m.valdes@unica.it<\/a><\/span><\/p>\n<\/td>\n<\/tr>\n<tr style=\"height: 23px\">\n<td style=\"width: 100%;height: 23px\">\n<p style=\"text-align: center\"><strong><em><span style=\"font-size: 12pt\">Dott. Ing. Roberto Innamorati\u00a0 \u00a0<a href=\"https:\/\/people.unica.it\/robertoinnamorati\/\">[ SITO ]<\/a><a href=\"https:\/\/sites.unica.it\/ples\/files\/2021\/04\/Innamorati.jpg\"><img loading=\"lazy\" decoding=\"async\" class=\" wp-image-2484 alignright\" src=\"https:\/\/sites.unica.it\/ples\/files\/2021\/04\/Innamorati.jpg\" alt=\"\" width=\"144\" height=\"145\" \/><\/a><\/span><\/em><\/strong><\/p>\n<p style=\"text-align: center\"><span style=\"font-size: 12pt\">Tecnico Laureato del Laboratorio Fisica Tecnica<\/span><\/p>\n<p style=\"text-align: center\"><span style=\"font-size: 12pt\"><a href=\"mailto:iroberto@unica.it\">iroberto@unica.it<\/a><\/span><\/p>\n<\/td>\n<\/tr>\n<tr style=\"height: 23px\">\n<td style=\"width: 100%;height: 23px\">\n<p style=\"text-align: center\"><strong><em><span style=\"font-size: 12pt\">Dott. Ing. Daniel Meloni\u00a0 \u00a0<a href=\"https:\/\/www.unica.it\/unica\/it\/ateneo_s07_ss01.page?contentId=SHD31081\">[ SITO ]<\/a><a href=\"https:\/\/sites.unica.it\/ples\/files\/2021\/04\/Daniel-Meloni.jpg\"><img loading=\"lazy\" decoding=\"async\" class=\"wp-image-2487 alignleft\" src=\"https:\/\/sites.unica.it\/ples\/files\/2021\/04\/Daniel-Meloni-300x300.jpg\" alt=\"\" width=\"145\" height=\"145\" srcset=\"https:\/\/sites.unica.it\/ples\/files\/2021\/04\/Daniel-Meloni-300x300.jpg 300w, https:\/\/sites.unica.it\/ples\/files\/2021\/04\/Daniel-Meloni-150x150.jpg 150w, https:\/\/sites.unica.it\/ples\/files\/2021\/04\/Daniel-Meloni.jpg 512w\" sizes=\"auto, (max-width: 145px) 100vw, 145px\" \/><\/a><\/span><\/em><\/strong><\/p>\n<p style=\"text-align: center\"><span style=\"font-size: 12pt\">Tecnico Laureato del Laboratorio Prove Materiali<\/span><\/p>\n<p style=\"text-align: center\"><span style=\"font-size: 12pt\"><a href=\"mailto:daniel.meloni@unica.it\">daniel.meloni@unica.it<\/a><\/span><\/p>\n<\/td>\n<\/tr>\n<tr style=\"height: 210px\">\n<td style=\"width: 100%;height: 210px\">\n<p style=\"text-align: center\"><strong><em><span style=\"font-size: 12pt\">Dott. Arch. Chiara Salaris<a href=\"https:\/\/sites.unica.it\/ples\/files\/2021\/04\/XXXIII-Chiara-Salaris.jpeg\"><img loading=\"lazy\" decoding=\"async\" class=\" wp-image-2489 alignright\" src=\"https:\/\/sites.unica.it\/ples\/files\/2021\/04\/XXXIII-Chiara-Salaris-300x300.jpeg\" alt=\"\" width=\"140\" height=\"140\" srcset=\"https:\/\/sites.unica.it\/ples\/files\/2021\/04\/XXXIII-Chiara-Salaris-300x300.jpeg 300w, https:\/\/sites.unica.it\/ples\/files\/2021\/04\/XXXIII-Chiara-Salaris-150x150.jpeg 150w, https:\/\/sites.unica.it\/ples\/files\/2021\/04\/XXXIII-Chiara-Salaris.jpeg 768w\" sizes=\"auto, (max-width: 140px) 100vw, 140px\" \/><\/a><\/span><\/em><\/strong><\/p>\n<p style=\"text-align: center\"><span style=\"font-size: 12pt\">Dottoranda di Ricerca<\/span><\/p>\n<p style=\"text-align: center\"><span style=\"font-size: 12pt\"><a href=\"mailto:chiara.salaris@unica.it\">chiara.salaris@unica.it<\/a><\/span><\/p>\n<p style=\"text-align: center\"><strong><em><span style=\"font-size: 12pt\">\u00a0<\/span><\/em><\/strong><\/p>\n<\/td>\n<\/tr>\n<tr style=\"height: 23px\">\n<td style=\"width: 100%;height: 23px\">\n<p style=\"text-align: center\"><strong><em><span style=\"font-size: 12pt\"><a href=\"https:\/\/sites.unica.it\/ples\/files\/2021\/04\/Mastino.png\"><img loading=\"lazy\" decoding=\"async\" class=\" wp-image-2492 alignleft\" src=\"https:\/\/sites.unica.it\/ples\/files\/2021\/04\/Mastino.png\" alt=\"\" width=\"146\" height=\"146\" \/><\/a>Dott. Ing. Costantino Carlo Mastino\u00a0 \u00a0<a href=\"https:\/\/web.unica.it\/unica\/page\/it\/costantinoc_mastino\">[ SITO ]<\/a><\/span><\/em><\/strong><\/p>\n<p style=\"text-align: center\"><span style=\"font-size: 12pt\">Collaboratore Esperto in Fisica Tecnica Ambientale<\/span><\/p>\n<p style=\"text-align: center\"><span style=\"font-size: 12pt\"><a href=\"mailto:mastino@unica.it\">mastino@unica.it<\/a><\/span><\/p>\n<\/td>\n<\/tr>\n<tr style=\"height: 185px\">\n<td style=\"width: 100%;height: 185px\">\n<p style=\"text-align: center\"><strong><em><span style=\"font-size: 12pt\">Dott. Ing. Riccardo Riu<a href=\"https:\/\/sites.unica.it\/ples\/files\/2021\/04\/Riu.jpg\"><img loading=\"lazy\" decoding=\"async\" class=\" wp-image-2495 alignright\" src=\"https:\/\/sites.unica.it\/ples\/files\/2021\/04\/Riu-300x300.jpg\" alt=\"\" width=\"143\" height=\"143\" srcset=\"https:\/\/sites.unica.it\/ples\/files\/2021\/04\/Riu-300x300.jpg 300w, https:\/\/sites.unica.it\/ples\/files\/2021\/04\/Riu-150x150.jpg 150w, https:\/\/sites.unica.it\/ples\/files\/2021\/04\/Riu.jpg 512w\" sizes=\"auto, (max-width: 143px) 100vw, 143px\" \/><\/a><\/span><\/em><\/strong><\/p>\n<p style=\"text-align: center\"><span style=\"font-size: 12pt\">Collaboratore Esperto in Tecnica delle Costruzioni<\/span><\/p>\n<p style=\"text-align: center\"><a href=\"mailto:riccardoriu@gmail.com\">Email\u21d2<\/a><strong><em><span style=\"font-size: 12pt\">\u00a0<\/span><\/em><\/strong><\/p>\n<\/td>\n<\/tr>\n<tr style=\"height: 23px\">\n<td style=\"width: 100%;height: 23px\">\n<p style=\"text-align: center\"><strong><em><span style=\"font-size: 12pt\"><a href=\"https:\/\/sites.unica.it\/ples\/files\/2021\/04\/Jill.jpeg\"><img loading=\"lazy\" decoding=\"async\" class=\"wp-image-2497 alignleft\" src=\"https:\/\/sites.unica.it\/ples\/files\/2021\/04\/Jill-298x300.jpeg\" alt=\"\" width=\"145\" height=\"145\" srcset=\"https:\/\/sites.unica.it\/ples\/files\/2021\/04\/Jill-298x300.jpeg 298w, https:\/\/sites.unica.it\/ples\/files\/2021\/04\/Jill-150x150.jpeg 150w, https:\/\/sites.unica.it\/ples\/files\/2021\/04\/Jill.jpeg 326w\" sizes=\"auto, (max-width: 145px) 100vw, 145px\" \/><\/a>Dott. Ing. Fabio Gillone<\/span><\/em><\/strong><\/p>\n<p style=\"text-align: center\"><span style=\"font-size: 12pt\">Collaboratore Esperto in Tecnica delle Costruzioni<\/span><\/p>\n<p style=\"text-align: center\"><span style=\"font-size: 12pt\"><a href=\"mailto:fabio.gillone@yahoo.it\">Email\u21d2<\/a><\/span><\/p>\n<\/td>\n<\/tr>\n<tr style=\"height: 162px\">\n<td style=\"width: 100%;height: 162px\">\n<p style=\"text-align: center\"><strong><em><span style=\"font-size: 12pt\">Dott. Ing. Nicoletta Trulli<a href=\"https:\/\/sites.unica.it\/ples\/files\/2021\/05\/Nico.jpg\"><img loading=\"lazy\" decoding=\"async\" class=\" wp-image-2627 alignright\" src=\"https:\/\/sites.unica.it\/ples\/files\/2021\/05\/Nico.jpg\" alt=\"\" width=\"141\" height=\"141\" srcset=\"https:\/\/sites.unica.it\/ples\/files\/2021\/05\/Nico.jpg 264w, https:\/\/sites.unica.it\/ples\/files\/2021\/05\/Nico-150x150.jpg 150w\" sizes=\"auto, (max-width: 141px) 100vw, 141px\" \/><\/a><\/span><\/em><\/strong><\/p>\n<p style=\"text-align: center\"><span style=\"font-size: 12pt\">Collaboratore Esperto in Tecnica delle Costruzioni<\/span><\/p>\n<p style=\"text-align: center\"><a href=\"mailto:nicolettatrulli@hotmail.it\">Email<strong><em><span style=\"font-size: 12pt\"> \u21d2<\/span><\/em><\/strong><\/a><\/p>\n<\/td>\n<\/tr>\n<tr style=\"height: 23px\">\n<td style=\"width: 100%;height: 23px\">\n<p style=\"text-align: center\"><strong><em><span style=\"font-size: 12pt\"><a href=\"https:\/\/sites.unica.it\/ples\/files\/2021\/04\/majumber.jpg\"><img loading=\"lazy\" decoding=\"async\" class=\"wp-image-2501 alignleft\" src=\"https:\/\/sites.unica.it\/ples\/files\/2021\/04\/majumber.jpg\" alt=\"\" width=\"146\" height=\"146\" srcset=\"https:\/\/sites.unica.it\/ples\/files\/2021\/04\/majumber.jpg 296w, https:\/\/sites.unica.it\/ples\/files\/2021\/04\/majumber-150x150.jpg 150w\" sizes=\"auto, (max-width: 146px) 100vw, 146px\" \/><\/a>Dott. Ing. Arnas Majumder<\/span><\/em><\/strong><\/p>\n<p style=\"text-align: center\"><span style=\"font-size: 12pt\">Borsista di Ricerca<\/span><\/p>\n<p style=\"text-align: center\"><span style=\"font-size: 12pt\"><a href=\"mailto:amajumder@unisa.it\">Email\u21d2<\/a><\/span><\/p>\n<\/td>\n<\/tr>\n<tr style=\"height: 185px\">\n<td style=\"width: 100%;height: 185px\">\n<p style=\"text-align: center\"><strong><em><span style=\"font-size: 12pt\">Dott. Arch. Eleonora Garau<a href=\"https:\/\/sites.unica.it\/ples\/files\/2021\/05\/Eleonora.png\"><img loading=\"lazy\" decoding=\"async\" class=\" wp-image-2626 alignright\" src=\"https:\/\/sites.unica.it\/ples\/files\/2021\/05\/Eleonora-300x300.png\" alt=\"\" width=\"140\" height=\"141\" srcset=\"https:\/\/sites.unica.it\/ples\/files\/2021\/05\/Eleonora-300x300.png 300w, https:\/\/sites.unica.it\/ples\/files\/2021\/05\/Eleonora-150x150.png 150w, https:\/\/sites.unica.it\/ples\/files\/2021\/05\/Eleonora-768x769.png 768w, https:\/\/sites.unica.it\/ples\/files\/2021\/05\/Eleonora.png 1023w\" sizes=\"auto, (max-width: 140px) 100vw, 140px\" \/><\/a><\/span><\/em><\/strong><\/p>\n<p style=\"text-align: center\"><span style=\"font-size: 12pt\">Borsista di Ricerca<\/span><\/p>\n<p style=\"text-align: center\"><span style=\"font-size: 12pt\"><a href=\"mailto:eleonoragarau97@gmail.com\">Email\u21d2<\/a><\/span><\/p>\n<\/td>\n<\/tr>\n<tr style=\"height: 185px\">\n<td style=\"width: 100%;height: 185px\">\n<p style=\"text-align: center\"><strong><em><span style=\"font-size: 12pt\"><a href=\"https:\/\/sites.unica.it\/ples\/files\/2021\/04\/Salvatore-Pillosu.jpg\"><img loading=\"lazy\" decoding=\"async\" class=\" wp-image-2513 alignleft\" src=\"https:\/\/sites.unica.it\/ples\/files\/2021\/04\/Salvatore-Pillosu.jpg\" alt=\"\" width=\"141\" height=\"141\" srcset=\"https:\/\/sites.unica.it\/ples\/files\/2021\/04\/Salvatore-Pillosu.jpg 300w, https:\/\/sites.unica.it\/ples\/files\/2021\/04\/Salvatore-Pillosu-150x150.jpg 150w\" sizes=\"auto, (max-width: 141px) 100vw, 141px\" \/><\/a>Dott. Arch. Salvatore Pillosu<\/span><\/em><\/strong><\/p>\n<p style=\"text-align: center\"><span style=\"font-size: 12pt\">Borsista di Ricerca<\/span><\/p>\n<p style=\"text-align: center\"><span style=\"font-size: 12pt\"><a href=\"mailto:pillosusalvatore@gmail.com\">Email\u21d2<\/a><\/span><\/p>\n<\/td>\n<\/tr>\n<tr>\n<td style=\"width: 100%\">\n<p style=\"text-align: center\"><strong><em><span style=\"font-size: 12pt\"><span style=\"color: #339966\">\u21d3\u21d3\u21d3\u21d3<\/span>\u00a0 <span style=\"color: #339966\">REFERENTE PER SARDEGNA RICERCHE\u00a0 \u21d3\u21d3\u21d3\u21d3<\/span><\/span><\/em><\/strong><\/p>\n<\/td>\n<\/tr>\n<tr>\n<td style=\"width: 100%\">\n<p style=\"text-align: left;padding-left: 40px\"><strong><em><span style=\"font-size: 12pt\">Dott. Graziana Frogheri<a href=\"https:\/\/sites.unica.it\/ples\/files\/2021\/04\/Frogheri.jpg\"><img loading=\"lazy\" decoding=\"async\" class=\" wp-image-2508 alignright\" src=\"https:\/\/sites.unica.it\/ples\/files\/2021\/04\/Frogheri-300x300.jpg\" alt=\"\" width=\"141\" height=\"142\" srcset=\"https:\/\/sites.unica.it\/ples\/files\/2021\/04\/Frogheri-300x300.jpg 300w, https:\/\/sites.unica.it\/ples\/files\/2021\/04\/Frogheri-150x150.jpg 150w, https:\/\/sites.unica.it\/ples\/files\/2021\/04\/Frogheri.jpg 345w\" sizes=\"auto, (max-width: 141px) 100vw, 141px\" \/><\/a><\/span><\/em><\/strong><\/p>\n<p style=\"text-align: left;padding-left: 40px\"><span style=\"font-size: 12pt\"><a class=\"title4\" title=\"www.sardegnaricerche.it\" href=\"http:\/\/www.sardegnaricerche.it\/\">www.sardegnaricerche.it<\/a><\/span><\/p>\n<p style=\"text-align: left;padding-left: 40px\"><span style=\"font-size: 12pt\"><a href=\"mailto:graziana.frogheri@sardegnaricerche.it\">graziana.frogheri@sardegnaricerche.it<\/a><\/span><\/p>\n<\/td>\n<\/tr>\n<\/tbody>\n<\/table>\n","protected":false},"excerpt":{"rendered":"<p>L&#8216;unit\u00e0 di ricerca afferisce al Dipartimento di Ingegneria Civile Ambientale e Architettura (DICAAR) dell&#8217;Universit\u00e0 di Cagliari ed \u00e8 composta da ricercatori dei settori della Tecnica delle Costruzioni (Concu, De Nicolo, Sassu), della Fisica Tecnica (Baccoli, Frattolillo) e dell\u2019Architettura Tecnica (Achenza), &hellip; <a href=\"https:\/\/sites.unica.it\/ples\/ilmaster\/docenti\/\">Continua a leggere<span class=\"meta-nav\">&rarr;<\/span><\/a><\/p>\n","protected":false},"author":643,"featured_media":0,"parent":90,"menu_order":6,"comment_status":"closed","ping_status":"closed","template":"","meta":{"footnotes":""},"class_list":["post-281","page","type-page","status-publish","hentry"],"_links":{"self":[{"href":"https:\/\/sites.unica.it\/ples\/wp-json\/wp\/v2\/pages\/281","targetHints":{"allow":["GET"]}}],"collection":[{"href":"https:\/\/sites.unica.it\/ples\/wp-json\/wp\/v2\/pages"}],"about":[{"href":"https:\/\/sites.unica.it\/ples\/wp-json\/wp\/v2\/types\/page"}],"author":[{"embeddable":true,"href":"https:\/\/sites.unica.it\/ples\/wp-json\/wp\/v2\/users\/643"}],"replies":[{"embeddable":true,"href":"https:\/\/sites.unica.it\/ples\/wp-json\/wp\/v2\/comments?post=281"}],"version-history":[{"count":69,"href":"https:\/\/sites.unica.it\/ples\/wp-json\/wp\/v2\/pages\/281\/revisions"}],"predecessor-version":[{"id":2731,"href":"https:\/\/sites.unica.it\/ples\/wp-json\/wp\/v2\/pages\/281\/revisions\/2731"}],"up":[{"embeddable":true,"href":"https:\/\/sites.unica.it\/ples\/wp-json\/wp\/v2\/pages\/90"}],"wp:attachment":[{"href":"https:\/\/sites.unica.it\/ples\/wp-json\/wp\/v2\/media?parent=281"}],"curies":[{"name":"wp","href":"https:\/\/api.w.org\/{rel}","templated":true}]}}