{"id":155,"date":"2012-06-26T17:40:36","date_gmt":"2012-06-26T17:40:36","guid":{"rendered":"http:\/\/people.unica.it\/meccanica\/?page_id=155"},"modified":"2021-05-28T16:59:44","modified_gmt":"2021-05-28T16:59:44","slug":"destinatari","status":"publish","type":"page","link":"https:\/\/sites.unica.it\/ples\/ilmaster\/destinatari\/","title":{"rendered":"Destinatari"},"content":{"rendered":"<p><span style=\"font-size: 14pt\"><strong>I<\/strong><\/span>mprese e imprenditori che operino nel contesto regionale Sardo, professionisti, pubbliche amministrazioni, enti pubblici e privati.<\/p>\n<p>La Sardegna, come emerge dal documento relativo alla Strategia di Specializzazione Intelligente S3, si caratterizza per un sistema economico e produttivo di modesta competitivit\u00e0 e con scarsa propensione all\u2019innovazione. Tale connotazione investe tra gli altri anche il comparto dell&#8217;edilizia, che risente di problematiche storiche connesse all\u2019insularit\u00e0, alle difficolt\u00e0 occupazionali, alla carenza di risorse economiche, oltrech\u00e9 della contingente e pi\u00f9 generale crisi economico-produttiva. La crisi del comparto edilizio si ripercuote pesantemente su tutta la filiera dell&#8217;industria delle costruzioni, investendo imprese, produttori, artigiani, commercianti. Parallelamente, a livello globale va affermandosi un modello di sviluppo basato sulla sostenibilit\u00e0, che nel settore delle costruzioni trova declinazione nella bioedilizia, che comporta la progettazione e l\u2019impiego di materiali e processi produttivi e gestionali improntati alla biocompatibilit\u00e0, al risparmio energetico, alla green economy. In Sardegna il settore dell\u2019edilizia, uno dei meno eco efficienti in Europa, \u00e8 responsabile del 30% dei consumi energetici totali della regione e del 25% delle emissioni di CO<sub>2<\/sub> in atmosfera. Emerge allora la consapevolezza che l&#8217;inversione del trend negativo che investe il settore edilizio pu\u00f2 coniugarsi efficacemente con le politiche volte ad incentivare l\u2019efficienza energetica e l\u2019utilizzo di tecnologie e materiali naturali nel settore, diventate oramai una necessit\u00e0 e non pi\u00f9 solamente una scelta intellettuale o ideologica: il ricorso da parte dell\u2019industria delle costruzioni a risorse locali, per di pi\u00f9 di origine naturale, come il legno, i derivati delle fibre animali e vegetali, etc., oltrech\u00e9 incontrare le esigenze della bioedilizia, si palesa come una chance concreta di sviluppo che investirebbe direttamente il settore edilizio e di riflesso il contesto occupazionale, ambientale, sociale e culturale. L\u2019ambito delineato inquadra le motivazioni alla base del progetto PLES, che si inserisce appunto nel contesto della bioedilizia, proponendosi di apportare un contributo all\u2019orientamento dell\u2019edilizia sarda verso l\u2019attualissimo filone dell\u2019edilizia sostenibile attraverso lo studio di soluzioni costruttive innovative che soddisfino i requisiti della sostenibilit\u00e0.<\/p>\n<p>Il progetto PLES si propone di rafforzare il sistema imprenditoriale attraverso la valorizzazione delle tecnologie e l\u2019implementazione di idee e processi innovativi al fine di accrescere la competitivit\u00e0 delle imprese regionali in un ambito globale attraverso maggiori flussi di prodotti, di tecnologie, di competenze, di persone. Il progetto ha dunque introdotto diverse innovazioni, sia di prodotto sia di processo e servizio, in grado di accrescere la competitivit\u00e0 delle imprese e favorire lo sviluppo del settore della bioedilizia. In quest\u2019ottica, i principali risultati conseguiti dal progetto sono i seguenti:<\/p>\n<ul>\n<li>sviluppo della filiera sarda del legno per uso strutturale<\/li>\n<li>diversificazione della produzione e della destinazione di materiali tradizionali come il sughero, la lana di pecora, la terra cruda<\/li>\n<li>sviluppo del comparto produttivo dei derivati da fibre vegetali \u2013 terra-paglia e altri &#8211; e dei tessuti da impiegare nel settore edilizio<\/li>\n<li>aumento di competitivit\u00e0 e innovativit\u00e0 delle imprese artigiane potenzialmente interessate<\/li>\n<li>sviluppo di nuovi processi produttivi<\/li>\n<li>ottimizzazione di processi produttivi esistenti, anche attraverso l&#8217;applicazione di strumenti ICT.<\/li>\n<\/ul>\n","protected":false},"excerpt":{"rendered":"<p>Imprese e imprenditori che operino nel contesto regionale Sardo, professionisti, pubbliche amministrazioni, enti pubblici e privati. La Sardegna, come emerge dal documento relativo alla Strategia di Specializzazione Intelligente S3, si caratterizza per un sistema economico e produttivo di modesta competitivit\u00e0 &hellip; <a href=\"https:\/\/sites.unica.it\/ples\/ilmaster\/destinatari\/\">Continua a leggere<span class=\"meta-nav\">&rarr;<\/span><\/a><\/p>\n","protected":false},"author":643,"featured_media":0,"parent":90,"menu_order":0,"comment_status":"closed","ping_status":"closed","template":"","meta":{"footnotes":""},"class_list":["post-155","page","type-page","status-publish","hentry"],"_links":{"self":[{"href":"https:\/\/sites.unica.it\/ples\/wp-json\/wp\/v2\/pages\/155","targetHints":{"allow":["GET"]}}],"collection":[{"href":"https:\/\/sites.unica.it\/ples\/wp-json\/wp\/v2\/pages"}],"about":[{"href":"https:\/\/sites.unica.it\/ples\/wp-json\/wp\/v2\/types\/page"}],"author":[{"embeddable":true,"href":"https:\/\/sites.unica.it\/ples\/wp-json\/wp\/v2\/users\/643"}],"replies":[{"embeddable":true,"href":"https:\/\/sites.unica.it\/ples\/wp-json\/wp\/v2\/comments?post=155"}],"version-history":[{"count":8,"href":"https:\/\/sites.unica.it\/ples\/wp-json\/wp\/v2\/pages\/155\/revisions"}],"predecessor-version":[{"id":2707,"href":"https:\/\/sites.unica.it\/ples\/wp-json\/wp\/v2\/pages\/155\/revisions\/2707"}],"up":[{"embeddable":true,"href":"https:\/\/sites.unica.it\/ples\/wp-json\/wp\/v2\/pages\/90"}],"wp:attachment":[{"href":"https:\/\/sites.unica.it\/ples\/wp-json\/wp\/v2\/media?parent=155"}],"curies":[{"name":"wp","href":"https:\/\/api.w.org\/{rel}","templated":true}]}}