{"id":20,"date":"2020-02-26T11:12:23","date_gmt":"2020-02-26T10:12:23","guid":{"rendered":"http:\/\/sites.unica.it\/pertore\/?page_id=20"},"modified":"2020-02-26T13:40:02","modified_gmt":"2020-02-26T12:40:02","slug":"chi-siamo","status":"publish","type":"page","link":"https:\/\/sites.unica.it\/pertore\/chi-siamo\/","title":{"rendered":"Chi siamo"},"content":{"rendered":"<p class=\"first-para\">L\u2019Associazione \u201cCircolo Ricreativo Universit\u00e0 di Cagliari\u201d denominata CRUC, \u00e8 stata costituita con regolare atto notarile nel 1978, \u00e8 riservata ai dipendenti dell\u2019Ateneo cagliaritano in servizio e quiescenza, e si propone, tra i suoi fini istituzionali, di promuovere e favorire l\u2019aggregazione e la socializzazione degli associati attraverso la valorizzazione in ogni sua forma, del tempo libero, sviluppando e arricchendo la loro personalit\u00e0. L\u2019Associazione svolge attivit\u00e0 di carattere ricreativo, culturale, sociale, artistico e sportivo. In considerazione della pluralit\u00e0 dei suoi fini e delle sue attivit\u00e0, l\u2019associazione \u00e8 articolata in sezioni operative per ogni singola attivit\u00e0. IL CRUC aderisce all\u2019ANCIU (Associazione Nazionale dei Circoli Italiani Universitari) e all\u2019INTERCRAL SARDEGNA. Opera in collegamento con l\u2019Universit\u00e0 e con le strutture Sindacali dell\u2019azienda. L\u2019Associazione \u00e8 amministrata da un Consiglio Direttivo composto da 15 consiglieri membri, i quali eleggono al proprio interni il Presidente, il Vice Presidente e l\u2019Economo cassiere. Il Segretario \u00e8 nominato tra i soci su proposta del Presidente. La gestione \u00e8 controllata da un Collegio di Revisori di conti. Le controversie dell\u2019associazione sono affidate al Collegio dei Probiviri. Le cariche sociali sono valide per un triennio. L\u2019Assemblea dei Soci \u00e8 l\u2019organo sovrano del Circolo. Tutti i Soci contribuiscono alla vita associativa con una quota annuale di partecipazione stabilita dalla stessa assemblea. Nell\u2019Assemblea Straordinaria Soci del 27\/04\/2001 sono state approvate le modifiche di <a href=\"http:\/\/people.unica.it\/cruc\/files\/2012\/05\/cruc-statuto-regolamento-giugno2011.pdf\">statuto e regolamento<\/a> per l\u2019adeguamento alle nuove disposizioni di Legge in materia di Enti non profit. Altre modifiche sono state approvate con la Seduta dell\u2019Assemblea Straordinaria dei Soci del 20\/10\/2004.<\/p>\n","protected":false},"excerpt":{"rendered":"<p>L\u2019Associazione \u201cCircolo Ricreativo Universit\u00e0 di Cagliari\u201d denominata CRUC, \u00e8 stata costituita con regolare atto notarile nel 1978, \u00e8 riservata ai dipendenti dell\u2019Ateneo cagliaritano in servizio e quiescenza, e si propone, tra i suoi fini istituzionali, di promuovere e favorire l\u2019aggregazione e la socializzazione degli associati attraverso la valorizzazione in ogni sua forma, del tempo libero, [&hellip;]<\/p>\n","protected":false},"author":12,"featured_media":0,"parent":0,"menu_order":0,"comment_status":"closed","ping_status":"closed","template":"","meta":{"footnotes":""},"class_list":["post-20","page","type-page","status-publish","hentry"],"_links":{"self":[{"href":"https:\/\/sites.unica.it\/pertore\/wp-json\/wp\/v2\/pages\/20","targetHints":{"allow":["GET"]}}],"collection":[{"href":"https:\/\/sites.unica.it\/pertore\/wp-json\/wp\/v2\/pages"}],"about":[{"href":"https:\/\/sites.unica.it\/pertore\/wp-json\/wp\/v2\/types\/page"}],"author":[{"embeddable":true,"href":"https:\/\/sites.unica.it\/pertore\/wp-json\/wp\/v2\/users\/12"}],"replies":[{"embeddable":true,"href":"https:\/\/sites.unica.it\/pertore\/wp-json\/wp\/v2\/comments?post=20"}],"version-history":[{"count":3,"href":"https:\/\/sites.unica.it\/pertore\/wp-json\/wp\/v2\/pages\/20\/revisions"}],"predecessor-version":[{"id":54,"href":"https:\/\/sites.unica.it\/pertore\/wp-json\/wp\/v2\/pages\/20\/revisions\/54"}],"wp:attachment":[{"href":"https:\/\/sites.unica.it\/pertore\/wp-json\/wp\/v2\/media?parent=20"}],"curies":[{"name":"wp","href":"https:\/\/api.w.org\/{rel}","templated":true}]}}