{"id":289,"date":"2019-05-22T11:16:42","date_gmt":"2019-05-22T09:16:42","guid":{"rendered":"http:\/\/sites.unica.it\/perinatal\/?page_id=289"},"modified":"2019-05-22T11:18:42","modified_gmt":"2019-05-22T09:18:42","slug":"acri-award-recipient-list","status":"publish","type":"page","link":"https:\/\/sites.unica.it\/perinatal\/acri-award-recipient-list\/","title":{"rendered":"YITP Award Recipient List"},"content":{"rendered":"<table width=\"642\">\n<tbody>\n<tr>\n<td colspan=\"3\" width=\"642\"><strong>Extra-Europe<\/strong><\/td>\n<\/tr>\n<tr>\n<td width=\"151\"><strong>Winner<\/strong><\/td>\n<td width=\"285\"><strong>Affiliation<\/strong><\/td>\n<td width=\"206\"><strong>Host<\/strong><\/td>\n<\/tr>\n<tr>\n<td width=\"151\">Anunziata Florencia<\/td>\n<td width=\"285\">INIMEC-CONICET-UNC, C\u00f2rdoba, Argentina<\/td>\n<td width=\"206\">Carla Cannizzaro<\/td>\n<\/tr>\n<tr>\n<td width=\"151\"><\/td>\n<td width=\"285\"><\/td>\n<td width=\"206\">Universit\u00e0 degli Studi di Palermo<\/td>\n<\/tr>\n<tr>\n<td width=\"151\"><\/td>\n<td width=\"285\"><\/td>\n<td width=\"206\"><\/td>\n<\/tr>\n<tr>\n<td width=\"151\">Aguggia Julieta<\/td>\n<td width=\"285\">INICSA-CONICET-UNC, C\u00f2rdoba, Argentina<\/td>\n<td width=\"206\">Viviana Trezza<\/td>\n<\/tr>\n<tr>\n<td width=\"151\"><\/td>\n<td width=\"285\"><\/td>\n<td width=\"206\">Universit\u00e0 degli Studi Roma Tre<\/td>\n<\/tr>\n<tr>\n<td width=\"151\"><\/td>\n<td width=\"285\"><\/td>\n<td width=\"206\"><\/td>\n<\/tr>\n<tr>\n<td width=\"151\">Baglot Samantha<\/td>\n<td width=\"285\">Hill&#8217;s laboratory, University of Calgary, Canada<\/td>\n<td width=\"206\">Patrizia Campolongo<\/td>\n<\/tr>\n<tr>\n<td width=\"151\"><\/td>\n<td width=\"285\"><\/td>\n<td width=\"206\">La Sapienza Universit\u00e0 di Roma<\/td>\n<\/tr>\n<tr>\n<td width=\"151\"><\/td>\n<td width=\"285\"><\/td>\n<td width=\"206\"><\/td>\n<\/tr>\n<tr>\n<td width=\"151\">Duarte Jessica Catharine Gomes<\/td>\n<td width=\"285\">University of Sao Paulo, Sao Paulo, Brazil<\/td>\n<td width=\"206\">Bice Chini<\/td>\n<\/tr>\n<tr>\n<td width=\"151\"><\/td>\n<td width=\"285\"><\/td>\n<td width=\"206\">Istituto di Neuroscienze, Consiglio Nazionale delle Ricerche, Milano<\/td>\n<\/tr>\n<tr>\n<td width=\"151\"><\/td>\n<td width=\"285\"><\/td>\n<td width=\"206\"><\/td>\n<\/tr>\n<tr>\n<td width=\"151\">Jordan Chloe<\/td>\n<td width=\"285\">NIDA, Baltimore, Maryland<\/td>\n<td width=\"206\">Miriam Melis<\/td>\n<\/tr>\n<tr>\n<td width=\"151\"><\/td>\n<td width=\"285\"><\/td>\n<td width=\"206\">Universit\u00e0 degli Studi di Cagliari<\/td>\n<\/tr>\n<tr>\n<td width=\"151\"><\/td>\n<td width=\"285\"><\/td>\n<td width=\"206\"><\/td>\n<\/tr>\n<tr>\n<td width=\"151\">Luaces Juan Pablo<\/td>\n<td width=\"285\">ININCA-CONICET, Buenos Aires, Argentina<\/td>\n<td width=\"206\">Maria Angela Sortino<\/td>\n<\/tr>\n<tr>\n<td width=\"151\"><\/td>\n<td width=\"285\"><\/td>\n<td width=\"206\">Universit\u00e0 degli Studi di Catania<\/td>\n<\/tr>\n<tr>\n<td width=\"151\"><\/td>\n<td width=\"285\"><\/td>\n<td width=\"206\"><\/td>\n<\/tr>\n<tr>\n<td width=\"151\">Marir Rafik<\/td>\n<td width=\"285\">ENSB, Constantine, Algeria<\/td>\n<td width=\"206\">Marta Busnelli<\/td>\n<\/tr>\n<tr>\n<td width=\"151\"><\/td>\n<td width=\"285\"><\/td>\n<td width=\"206\">Istituto di Neuroscienze, Consiglio Nazionale delle Ricerche, Milano<\/td>\n<\/tr>\n<tr>\n<td width=\"151\"><\/td>\n<td width=\"285\"><\/td>\n<td width=\"206\"><\/td>\n<\/tr>\n<tr>\n<td width=\"151\">Posa Luca<\/td>\n<td width=\"285\">McGill University, Montreal, Canada<\/td>\n<td width=\"206\">Patrizia Romualdi<\/td>\n<\/tr>\n<tr>\n<td width=\"151\"><\/td>\n<td width=\"285\"><\/td>\n<td width=\"206\">Alma Mater Studiorum Universit\u00e0 di Bologna<\/td>\n<\/tr>\n<tr>\n<td width=\"151\"><\/td>\n<td width=\"285\"><\/td>\n<td width=\"206\"><\/td>\n<\/tr>\n<tr>\n<td width=\"151\">Wille-Bille Aranza<\/td>\n<td width=\"285\">INIMEC-CONICET-UNC, C\u00f2rdoba, Argentina<\/td>\n<td width=\"206\">Marco Pistis<\/td>\n<\/tr>\n<tr>\n<td width=\"151\"><\/td>\n<td width=\"285\"><\/td>\n<td width=\"206\">Universit\u00e0 degli Studi di Cagliari<\/td>\n<\/tr>\n<tr>\n<td width=\"151\"><\/td>\n<td width=\"285\"><\/td>\n<td width=\"206\"><\/td>\n<\/tr>\n<tr>\n<td colspan=\"3\" width=\"642\"><strong>Europe<\/strong><\/td>\n<\/tr>\n<tr>\n<td width=\"151\"><\/td>\n<td width=\"285\"><\/td>\n<td width=\"206\"><\/td>\n<\/tr>\n<tr>\n<td width=\"151\">Boscardin Chiara<\/td>\n<td width=\"285\">University of Zurich, Brain Research lnstitute in the Laboratory of Neuroepigenetics (Prof. Dr. lsabelle Mansuy).<\/td>\n<td width=\"206\">Fabio Fumagalli<\/td>\n<\/tr>\n<tr>\n<td width=\"151\"><\/td>\n<td width=\"285\"><\/td>\n<td width=\"206\">Universit\u00e0 degli Studi di Milano<\/td>\n<\/tr>\n<tr>\n<td width=\"151\"><\/td>\n<td width=\"285\"><\/td>\n<td width=\"206\"><\/td>\n<\/tr>\n<tr>\n<td width=\"151\">Heinla Indrek<\/td>\n<td width=\"285\">The Artic University of Norway<\/td>\n<td width=\"206\">Luigia Trabace<\/td>\n<\/tr>\n<tr>\n<td width=\"151\"><\/td>\n<td width=\"285\"><\/td>\n<td width=\"206\">Universit\u00e0 degli Studi di Foggia<\/td>\n<\/tr>\n<tr>\n<td width=\"151\"><\/td>\n<td width=\"285\"><\/td>\n<td width=\"206\"><\/td>\n<\/tr>\n<tr>\n<td width=\"151\">Kisko Theresa<\/td>\n<td width=\"285\">University of Marburg, Germany<\/td>\n<td width=\"206\">Paola Fadda<\/td>\n<\/tr>\n<tr>\n<td width=\"151\"><\/td>\n<td width=\"285\"><\/td>\n<td width=\"206\">Universit\u00e0 degli Studi di Cagliari<\/td>\n<\/tr>\n<tr>\n<td width=\"151\"><\/td>\n<td width=\"285\"><\/td>\n<td width=\"206\"><\/td>\n<\/tr>\n<tr>\n<td width=\"151\">Lavanco Gianluca<\/td>\n<td width=\"285\">Inserm U1215, Bordeaux, France<\/td>\n<td width=\"206\">Salvatore Feo<\/td>\n<\/tr>\n<tr>\n<td width=\"151\"><\/td>\n<td width=\"285\"><\/td>\n<td width=\"206\">Universit\u00e0 degli Studi di Palermo<\/td>\n<\/tr>\n<tr>\n<td width=\"151\"><\/td>\n<td width=\"285\"><\/td>\n<td width=\"206\"><\/td>\n<\/tr>\n<tr>\n<td width=\"151\">Lecca Salvatore<\/td>\n<td width=\"285\">University of Lausanne, Switzerland<\/td>\n<td width=\"206\">Anna Lisa Muntoni<\/td>\n<\/tr>\n<tr>\n<td width=\"151\"><\/td>\n<td width=\"285\"><\/td>\n<td width=\"206\">Istituto di Neuroscienze, Consiglio Nazionale delle Ricerche, Cagliari<\/td>\n<\/tr>\n<tr>\n<td width=\"151\"><\/td>\n<td width=\"285\"><\/td>\n<td width=\"206\"><\/td>\n<\/tr>\n<tr>\n<td width=\"151\">Maud Martinat<\/td>\n<td width=\"285\">UMR INRA 1286 \u2013University of Bordeaux, France<\/td>\n<td width=\"206\">Liana Fattore<\/td>\n<\/tr>\n<tr>\n<td width=\"151\"><\/td>\n<td width=\"285\"><\/td>\n<td width=\"206\">Istituto di Neuroscienze, Consiglio Nazionale delle Ricerche, Cagliari<\/td>\n<\/tr>\n<\/tbody>\n<\/table>\n<p>&nbsp;<\/p>\n","protected":false},"excerpt":{"rendered":"<p>Extra-Europe Winner Affiliation Host Anunziata Florencia INIMEC-CONICET-UNC, C\u00f2rdoba, Argentina Carla Cannizzaro Universit\u00e0 degli Studi di Palermo Aguggia Julieta INICSA-CONICET-UNC, C\u00f2rdoba, Argentina Viviana Trezza Universit\u00e0 degli Studi Roma Tre Baglot Samantha Hill&#8217;s laboratory, University of Calgary, Canada Patrizia Campolongo La Sapienza Universit\u00e0 di Roma Duarte Jessica Catharine Gomes University of Sao Paulo, Sao Paulo, Brazil Bice &hellip; <\/p>\n<p class=\"link-more\"><a href=\"https:\/\/sites.unica.it\/perinatal\/acri-award-recipient-list\/\" class=\"more-link\">Leggi tutto<span class=\"screen-reader-text\"> &#8220;YITP Award Recipient List&#8221;<\/span><\/a><\/p>\n","protected":false},"author":2912,"featured_media":0,"parent":0,"menu_order":0,"comment_status":"closed","ping_status":"closed","template":"","meta":{"footnotes":""},"class_list":["post-289","page","type-page","status-publish","hentry"],"_links":{"self":[{"href":"https:\/\/sites.unica.it\/perinatal\/wp-json\/wp\/v2\/pages\/289","targetHints":{"allow":["GET"]}}],"collection":[{"href":"https:\/\/sites.unica.it\/perinatal\/wp-json\/wp\/v2\/pages"}],"about":[{"href":"https:\/\/sites.unica.it\/perinatal\/wp-json\/wp\/v2\/types\/page"}],"author":[{"embeddable":true,"href":"https:\/\/sites.unica.it\/perinatal\/wp-json\/wp\/v2\/users\/2912"}],"replies":[{"embeddable":true,"href":"https:\/\/sites.unica.it\/perinatal\/wp-json\/wp\/v2\/comments?post=289"}],"version-history":[{"count":4,"href":"https:\/\/sites.unica.it\/perinatal\/wp-json\/wp\/v2\/pages\/289\/revisions"}],"predecessor-version":[{"id":293,"href":"https:\/\/sites.unica.it\/perinatal\/wp-json\/wp\/v2\/pages\/289\/revisions\/293"}],"wp:attachment":[{"href":"https:\/\/sites.unica.it\/perinatal\/wp-json\/wp\/v2\/media?parent=289"}],"curies":[{"name":"wp","href":"https:\/\/api.w.org\/{rel}","templated":true}]}}