{"id":1918,"date":"2019-01-17T09:19:14","date_gmt":"2019-01-17T09:19:14","guid":{"rendered":"http:\/\/sites.unica.it\/pdeamp\/?page_id=1918"},"modified":"2019-05-10T14:07:25","modified_gmt":"2019-05-10T14:07:25","slug":"list-of-participants","status":"publish","type":"page","link":"https:\/\/sites.unica.it\/pdeamp\/list-of-participants\/","title":{"rendered":"List of participants"},"content":{"rendered":"<p><strong>This list is updated to 07\/05\/2019<\/strong><\/p>\n<table style=\"width: 696px\" width=\"906\">\n<tbody>\n<tr>\n<td style=\"width: 137px\">Luca<\/td>\n<td style=\"width: 169px\">Alasio<\/td>\n<td style=\"width: 368px\">Gran Sasso Science Institute<\/td>\n<\/tr>\n<tr>\n<td style=\"width: 137px\">Claudia<\/td>\n<td style=\"width: 169px\">Anedda<\/td>\n<td style=\"width: 368px\">Universit\u00e0\u00a0 degli Studi di Cagliari<\/td>\n<\/tr>\n<tr>\n<td style=\"width: 137px\">Daniele<\/td>\n<td style=\"width: 169px\">Bartolucci<\/td>\n<td style=\"width: 368px\">Rome &#8220;Tor Vergata&#8221;<\/td>\n<\/tr>\n<tr>\n<td style=\"width: 137px\">Sonia<\/td>\n<td style=\"width: 169px\">Boscolo<\/td>\n<td style=\"width: 368px\">Aston University, United Kingdom<\/td>\n<\/tr>\n<tr>\n<td style=\"width: 137px\">Julien<\/td>\n<td style=\"width: 169px\">Brasseur<\/td>\n<td style=\"width: 368px\">PSL University<\/td>\n<\/tr>\n<tr>\n<td style=\"width: 137px\">Lucio<\/td>\n<td style=\"width: 169px\">Cadeddu<\/td>\n<td style=\"width: 368px\">Universit\u00e0\u00a0 degli Studi di Cagliari<\/td>\n<\/tr>\n<tr>\n<td style=\"width: 137px\">Roberto<\/td>\n<td style=\"width: 169px\">Camassa<\/td>\n<td style=\"width: 368px\">University of North Carolina at Chapel Hill<\/td>\n<\/tr>\n<tr>\n<td style=\"width: 137px\">Sonia<\/td>\n<td style=\"width: 169px\">Cannas<\/td>\n<td style=\"width: 368px\">Universit\u00e0\u00a0 degli Studi di Cagliari<\/td>\n<\/tr>\n<tr>\n<td style=\"width: 137px\">Jos\u00e9 Antonio<\/td>\n<td style=\"width: 169px\">Carrillo<\/td>\n<td style=\"width: 368px\">Imperial College London<\/td>\n<\/tr>\n<tr>\n<td style=\"width: 137px\">Simone<\/td>\n<td style=\"width: 169px\">Ciani<\/td>\n<td style=\"width: 368px\">Universit\u00e0 degli Studi di Firenze<\/td>\n<\/tr>\n<tr>\n<td style=\"width: 137px\">Anna<\/td>\n<td style=\"width: 169px\">Concas<\/td>\n<td style=\"width: 368px\">University of Cagliari<\/td>\n<\/tr>\n<tr>\n<td style=\"width: 137px\">Matteo<\/td>\n<td style=\"width: 169px\">Cozzi<\/td>\n<td style=\"width: 368px\">University of Bath<\/td>\n<\/tr>\n<tr>\n<td style=\"width: 137px\">Fabrizio<\/td>\n<td style=\"width: 169px\">Cuccu<\/td>\n<td style=\"width: 368px\">Universit\u00e0\u00a0 degli Studi di Cagliari<\/td>\n<\/tr>\n<tr>\n<td style=\"width: 137px\">Francesco<\/td>\n<td style=\"width: 169px\">Demontis<\/td>\n<td style=\"width: 368px\">Universit\u00e0\u00a0 degli Studi di Cagliari<\/td>\n<\/tr>\n<tr>\n<td style=\"width: 137px\">Marco<\/td>\n<td style=\"width: 169px\">Di Francesco<\/td>\n<td style=\"width: 368px\">University of L&#8217;Aquila<\/td>\n<\/tr>\n<tr>\n<td style=\"width: 137px\">Patricia<\/td>\n<td style=\"width: 169px\">Diaz de Alba<\/td>\n<td style=\"width: 368px\">University of Cagliari<\/td>\n<\/tr>\n<tr>\n<td style=\"width: 137px\">Ann<\/td>\n<td style=\"width: 169px\">du Crest de Villeneuve<\/td>\n<td style=\"width: 368px\">University of Angers, France<\/td>\n<\/tr>\n<tr>\n<td style=\"width: 137px\">Vincent<\/td>\n<td style=\"width: 169px\">Duch\u00eane<\/td>\n<td style=\"width: 368px\">Universit\u00e9 de Rennes 1<\/td>\n<\/tr>\n<tr>\n<td style=\"width: 137px\">Bartlomiej<\/td>\n<td style=\"width: 169px\">Dyda<\/td>\n<td style=\"width: 368px\">Wroc\u0142aw University of Science and Technology<\/td>\n<\/tr>\n<tr>\n<td style=\"width: 137px\">Antonio<\/td>\n<td style=\"width: 169px\">Esposito<\/td>\n<td style=\"width: 368px\">University of L&#8217;Aquila<\/td>\n<\/tr>\n<tr>\n<td style=\"width: 137px\">Gregorio<\/td>\n<td style=\"width: 169px\">Falqui<\/td>\n<td style=\"width: 368px\">University of Milano-Bicocca<\/td>\n<\/tr>\n<tr>\n<td style=\"width: 137px\">Veronica<\/td>\n<td style=\"width: 169px\">Felli<\/td>\n<td style=\"width: 368px\">University of Milano-Bicocca<\/td>\n<\/tr>\n<tr>\n<td style=\"width: 137px\">Silvia<\/td>\n<td style=\"width: 169px\">Frassu<\/td>\n<td style=\"width: 368px\">Universit\u00e0\u00a0 degli Studi di Cagliari<\/td>\n<\/tr>\n<tr>\n<td style=\"width: 137px\">Antonio<\/td>\n<td style=\"width: 169px\">Greco<\/td>\n<td style=\"width: 368px\">Universit\u00e0\u00a0 degli Studi di Cagliari<\/td>\n<\/tr>\n<tr>\n<td style=\"width: 137px\">Gabriele<\/td>\n<td style=\"width: 169px\">Grillo<\/td>\n<td style=\"width: 368px\">Politecnico di Milano<\/td>\n<\/tr>\n<tr>\n<td style=\"width: 137px\">Alessandro<\/td>\n<td style=\"width: 169px\">Iacopetti<\/td>\n<td style=\"width: 368px\">Rome &#8220;La Sapienza&#8221;<\/td>\n<\/tr>\n<tr>\n<td style=\"width: 137px\">Antonio<\/td>\n<td style=\"width: 169px\">Iannizzotto<\/td>\n<td style=\"width: 368px\">Universit\u00e0\u00a0 degli Studi di Cagliari<\/td>\n<\/tr>\n<tr>\n<td style=\"width: 137px\">Juha<\/td>\n<td style=\"width: 169px\">Kinnunen<\/td>\n<td style=\"width: 368px\">Aalto University<\/td>\n<\/tr>\n<tr>\n<td style=\"width: 137px\">Fabiana<\/td>\n<td style=\"width: 169px\">Leoni<\/td>\n<td style=\"width: 368px\">Sapienza Universit\u00e0\u00a0 di Roma<\/td>\n<\/tr>\n<tr>\n<td style=\"width: 137px\">Sara<\/td>\n<td style=\"width: 169px\">Lombardo<\/td>\n<td style=\"width: 368px\">Loughborough University<\/td>\n<\/tr>\n<tr>\n<td style=\"width: 137px\">Edoardo<\/td>\n<td style=\"width: 169px\">Mainini<\/td>\n<td style=\"width: 368px\">Universit\u00e0\u00a0 di Genova<\/td>\n<\/tr>\n<tr>\n<td style=\"width: 137px\">Monica<\/td>\n<td style=\"width: 169px\">Marras<\/td>\n<td style=\"width: 368px\">Universit\u00e0\u00a0 di Cagliari<\/td>\n<\/tr>\n<tr>\n<td style=\"width: 137px\">Luca<\/td>\n<td style=\"width: 169px\">Martinazzi<\/td>\n<td style=\"width: 368px\">Universit\u00e0 di Padova<\/td>\n<\/tr>\n<tr>\n<td style=\"width: 137px\">Matteo<\/td>\n<td style=\"width: 169px\">Muratori<\/td>\n<td style=\"width: 368px\">Politecnico di Milano<\/td>\n<\/tr>\n<tr>\n<td style=\"width: 137px\">Antonella<\/td>\n<td style=\"width: 169px\">Nastasi<\/td>\n<td style=\"width: 368px\">Universit\u00e0\u00a0 degli Studi di Palermo<\/td>\n<\/tr>\n<tr>\n<td style=\"width: 137px\">Vladimir<\/td>\n<td style=\"width: 169px\">Novikov<\/td>\n<td style=\"width: 368px\">Loughborough University<\/td>\n<\/tr>\n<tr>\n<td style=\"width: 137px\">Roberto<\/td>\n<td style=\"width: 169px\">Ognibene<\/td>\n<td style=\"width: 368px\">Universit\u00e0\u00a0 di Milano-Bicocca<\/td>\n<\/tr>\n<tr>\n<td style=\"width: 137px\">Filomena<\/td>\n<td style=\"width: 169px\">Pacella<\/td>\n<td style=\"width: 368px\">Universit\u00e0 di Roma &#8220;Sapienza&#8221;<\/td>\n<\/tr>\n<tr>\n<td style=\"width: 137px\">Marco<\/td>\n<td style=\"width: 169px\">Pedroni<\/td>\n<td style=\"width: 368px\">Universit\u00e0\u00a0 di Bergamo<\/td>\n<\/tr>\n<tr>\n<td style=\"width: 137px\">Federica<\/td>\n<td style=\"width: 169px\">Pes<\/td>\n<td style=\"width: 368px\">Universit\u00e0 degli Studi di Cagliari<\/td>\n<\/tr>\n<tr>\n<td style=\"width: 137px\">Nicola<\/td>\n<td style=\"width: 169px\">Pintus<\/td>\n<td style=\"width: 368px\">Universit\u00e0\u00a0 degli Studi di Cagliari<\/td>\n<\/tr>\n<tr>\n<td style=\"width: 137px\">Stella<\/td>\n<td style=\"width: 169px\">Piro Vernier<\/td>\n<td style=\"width: 368px\">Universit\u00e0\u00a0 degli Studi di Cagliari<\/td>\n<\/tr>\n<tr>\n<td style=\"width: 137px\">ANGELA<\/td>\n<td style=\"width: 169px\">PISTOIA<\/td>\n<td style=\"width: 368px\">SAPIENZA UNIVERSITA&#8217; DI ROMA<\/td>\n<\/tr>\n<tr>\n<td style=\"width: 137px\">Giovanni<\/td>\n<td style=\"width: 169px\">Porru<\/td>\n<td style=\"width: 368px\">Universit\u00e0\u00a0 degli Studi di Cagliari<\/td>\n<\/tr>\n<tr>\n<td style=\"width: 137px\">Francesco<\/td>\n<td style=\"width: 169px\">Ragnedda<\/td>\n<td style=\"width: 368px\">Universit\u00e0\u00a0 degli Studi di Cagliari<\/td>\n<\/tr>\n<tr>\n<td style=\"width: 137px\">Piermario<\/td>\n<td style=\"width: 169px\">Schirru<\/td>\n<td style=\"width: 368px\">Universit\u00e0\u00a0 degli Studi di Cagliari<\/td>\n<\/tr>\n<tr>\n<td style=\"width: 137px\">Matteo<\/td>\n<td style=\"width: 169px\">Sommacal<\/td>\n<td style=\"width: 368px\">Northumbria University, Newcastle upon Tyne, UK<\/td>\n<\/tr>\n<tr>\n<td style=\"width: 137px\">Susanna<\/td>\n<td style=\"width: 169px\">Terracini<\/td>\n<td style=\"width: 368px\">Universit\u00e0 di Torino, Italy<\/td>\n<\/tr>\n<tr>\n<td style=\"width: 137px\">Cornelis<\/td>\n<td style=\"width: 169px\">van der Mee<\/td>\n<td style=\"width: 368px\">Universit\u00e0\u00a0 degli Studi di Cagliari<\/td>\n<\/tr>\n<tr>\n<td style=\"width: 137px\">Matias<\/td>\n<td style=\"width: 169px\">Vestberg<\/td>\n<td style=\"width: 368px\">Aalto University<\/td>\n<\/tr>\n<tr>\n<td style=\"width: 137px\">Gianmaria<\/td>\n<td style=\"width: 169px\">Verzini<\/td>\n<td style=\"width: 368px\">Politecnico di Milano<\/td>\n<\/tr>\n<tr>\n<td style=\"width: 137px\">Vincenzo<\/td>\n<td style=\"width: 169px\">Vespri<\/td>\n<td style=\"width: 368px\">Universit\u00e0 degli Studi di Firenze<\/td>\n<\/tr>\n<tr>\n<td style=\"width: 137px\">Giuseppe<\/td>\n<td style=\"width: 169px\">Viglialoro<\/td>\n<td style=\"width: 368px\">Universit\u00e0\u00a0 degli Studi di Cagliari<\/td>\n<\/tr>\n<tr>\n<td style=\"width: 137px\">Bruno<\/td>\n<td style=\"width: 169px\">Volzone<\/td>\n<td style=\"width: 368px\">Universit\u00e0 degli Studi di Napoli &#8220;Parthenope&#8221;<\/td>\n<\/tr>\n<\/tbody>\n<\/table>\n<p>&nbsp;<\/p>\n<p>&nbsp;<\/p>\n<p>&nbsp;<\/p>","protected":false},"excerpt":{"rendered":"<p>This list is updated to 07\/05\/2019 Luca Alasio Gran Sasso Science Institute Claudia Anedda Universit\u00e0\u00a0 degli Studi di Cagliari Daniele Bartolucci Rome &#8220;Tor Vergata&#8221; Sonia Boscolo Aston University, United Kingdom Julien Brasseur PSL University Lucio Cadeddu Universit\u00e0\u00a0 degli Studi di Cagliari Roberto Camassa University of North Carolina at Chapel Hill Sonia Cannas Universit\u00e0\u00a0 degli Studi di Cagliari Jos\u00e9 Antonio Carrillo Imperial College London Simone Ciani Universit\u00e0 degli Studi di Firenze Anna Concas University of Cagliari Matteo Cozzi University of Bath Fabrizio Cuccu Universit\u00e0\u00a0 degli Studi di Cagliari Francesco Demontis Universit\u00e0\u00a0 degli Studi di Cagliari Marco Di Francesco University of L&#8217;Aquila <a href='https:\/\/sites.unica.it\/pdeamp\/list-of-participants\/' class='excerpt-more'>[&#8230;]<\/a><\/p>\n","protected":false},"author":1880,"featured_media":0,"parent":0,"menu_order":0,"comment_status":"closed","ping_status":"closed","template":"","meta":{"footnotes":""},"class_list":["post-1918","page","type-page","status-publish","hentry","post-seq-1","post-parity-odd","meta-position-corners","fix"],"_links":{"self":[{"href":"https:\/\/sites.unica.it\/pdeamp\/wp-json\/wp\/v2\/pages\/1918","targetHints":{"allow":["GET"]}}],"collection":[{"href":"https:\/\/sites.unica.it\/pdeamp\/wp-json\/wp\/v2\/pages"}],"about":[{"href":"https:\/\/sites.unica.it\/pdeamp\/wp-json\/wp\/v2\/types\/page"}],"author":[{"embeddable":true,"href":"https:\/\/sites.unica.it\/pdeamp\/wp-json\/wp\/v2\/users\/1880"}],"replies":[{"embeddable":true,"href":"https:\/\/sites.unica.it\/pdeamp\/wp-json\/wp\/v2\/comments?post=1918"}],"version-history":[{"count":47,"href":"https:\/\/sites.unica.it\/pdeamp\/wp-json\/wp\/v2\/pages\/1918\/revisions"}],"predecessor-version":[{"id":2058,"href":"https:\/\/sites.unica.it\/pdeamp\/wp-json\/wp\/v2\/pages\/1918\/revisions\/2058"}],"wp:attachment":[{"href":"https:\/\/sites.unica.it\/pdeamp\/wp-json\/wp\/v2\/media?parent=1918"}],"curies":[{"name":"wp","href":"https:\/\/api.w.org\/{rel}","templated":true}]}}