{"id":5076,"date":"2026-02-20T10:54:40","date_gmt":"2026-02-20T09:54:40","guid":{"rendered":"https:\/\/sites.unica.it\/modulisba\/?page_id=5076"},"modified":"2026-02-20T10:54:40","modified_gmt":"2026-02-20T09:54:40","slug":"biblioteca-del-distretto-delle-scienze-umane-regolamentosala1","status":"publish","type":"page","link":"https:\/\/sites.unica.it\/modulisba\/biblioteca-del-distretto-delle-scienze-umane-regolamentosala1\/","title":{"rendered":"Biblioteca del Distretto delle Scienze Umane | regolamentoSala1"},"content":{"rendered":"<div class=\"titoPAGI\">\n<p><span style=\"color: #9e9e9e;font-variant: small-caps;text-transform: lowercase\">Biblioteca del Distretto delle Scienze Umane<\/span><\/p>\n<p>Regolamento dell&#8217;aula di studio &#8220;Sala 1&#8221; &#8211; Giordano Bruno<\/p>\n<\/div>\n<div style=\"font-size: 120%;overflow: hide;padding: 5px 0px 5px 60px;margin: 0px 0px 40px 0px;background: url(https:\/\/sites.unica.it\/modulisba\/files\/2022\/09\/01.png) top left no-repeat;min-height: 50px\">\n    L\u2019utilizzo della sala \u00e8 consentito a tutte le persone iscritte all\u2019Universit\u00e0 degli Studi di Cagliari, per una capienza massima di 16 persone.<\/div>\n<div style=\"font-size: 120%;overflow: hide;padding: 5px 0px 5px 60px;margin: 0px 0px 40px 0px;background: url(https:\/\/sites.unica.it\/modulisba\/files\/2022\/09\/02.png) top left no-repeat;min-height: 50px\">\n    Ogni gruppo dovr\u00e0 essere composto da un minimo di <strong>due<\/strong> ad un massimo di <strong>otto<\/strong> persone.<\/div>\n<div style=\"font-size: 120%;overflow: hide;padding: 5px 0px 5px 60px;margin: 0px 0px 40px 0px;background: url(https:\/\/sites.unica.it\/modulisba\/files\/2022\/09\/03.png) top left no-repeat;min-height: 50px\">\n    La sala sar\u00e0 a disposizione di tutte le persone iscritte all\u2019Universit\u00e0 degli Studi di Cagliari dal luned\u00ec al venerd\u00ec per l&#8217;intero arco orario di apertura della biblioteca.<\/div>\n<div style=\"font-size: 120%;overflow: hide;padding: 5px 0px 5px 60px;margin: 0px 0px 40px 0px;background: url(https:\/\/sites.unica.it\/modulisba\/files\/2022\/09\/04.png) top left no-repeat;min-height: 50px\">\n    Nella sala non \u00e8 consentito lo studio individuale.<\/div>\n<div style=\"font-size: 120%;overflow: hide;padding: 5px 0px 5px 60px;margin: 0px 0px 40px 0px;background: url(https:\/\/sites.unica.it\/modulisba\/files\/2022\/09\/05.png) top left no-repeat;min-height: 50px\">\n    Nella sala non \u00e8 consentito introdurre cibi e bevande, ad eccezione dell\u2019acqua, fumare o svapare.<\/div>\n<div style=\"font-size: 120%;overflow: hide;padding: 5px 0px 5px 60px;margin: 0px 0px 40px 0px;background: url(https:\/\/sites.unica.it\/modulisba\/files\/2022\/09\/06.png) top left no-repeat;min-height: 50px\">\n    Per il rispetto di quanti studiano nella sala adiacente, i telefoni devono essere silenziati e il tono di voce moderato.<\/div>\n","protected":false},"excerpt":{"rendered":"<p>Biblioteca del Distretto delle Scienze Umane Regolamento dell&#8217;aula di studio &#8220;Sala 1&#8221; &#8211; Giordano Bruno L\u2019utilizzo della sala \u00e8 consentito a tutte le persone iscritte all\u2019Universit\u00e0 degli Studi di Cagliari, per una capienza massima&#46;&#46;&#46;<\/p>\n","protected":false},"author":3281,"featured_media":0,"parent":0,"menu_order":0,"comment_status":"closed","ping_status":"closed","template":"","meta":{"footnotes":""},"class_list":["post-5076","page","type-page","status-publish","hentry"],"_links":{"self":[{"href":"https:\/\/sites.unica.it\/modulisba\/wp-json\/wp\/v2\/pages\/5076","targetHints":{"allow":["GET"]}}],"collection":[{"href":"https:\/\/sites.unica.it\/modulisba\/wp-json\/wp\/v2\/pages"}],"about":[{"href":"https:\/\/sites.unica.it\/modulisba\/wp-json\/wp\/v2\/types\/page"}],"author":[{"embeddable":true,"href":"https:\/\/sites.unica.it\/modulisba\/wp-json\/wp\/v2\/users\/3281"}],"replies":[{"embeddable":true,"href":"https:\/\/sites.unica.it\/modulisba\/wp-json\/wp\/v2\/comments?post=5076"}],"version-history":[{"count":1,"href":"https:\/\/sites.unica.it\/modulisba\/wp-json\/wp\/v2\/pages\/5076\/revisions"}],"predecessor-version":[{"id":5077,"href":"https:\/\/sites.unica.it\/modulisba\/wp-json\/wp\/v2\/pages\/5076\/revisions\/5077"}],"wp:attachment":[{"href":"https:\/\/sites.unica.it\/modulisba\/wp-json\/wp\/v2\/media?parent=5076"}],"curies":[{"name":"wp","href":"https:\/\/api.w.org\/{rel}","templated":true}]}}