{"id":2770,"date":"2022-11-13T18:38:22","date_gmt":"2022-11-13T17:38:22","guid":{"rendered":"https:\/\/sites.unica.it\/modulisba\/?page_id=2770"},"modified":"2022-11-13T19:30:08","modified_gmt":"2022-11-13T18:30:08","slug":"scium_programma","status":"publish","type":"page","link":"https:\/\/sites.unica.it\/modulisba\/scium_programma\/","title":{"rendered":"Biblioteca del Distretto delle Scienze Umane | programma"},"content":{"rendered":"<h1>Presentazione di UniCaSearch, Zotero, banche dati EbscoHost e ProQuest<\/h1>\n<p>\nLa Biblioteca del Distretto delle Scienze Umane in collaborazione con la Direzione dei Servizi Bibliotecari di Ateneo organizza due incontri aperti a docenti, ricercatori e ricercatrici, dottorandi e dottorande, assegnisti e assegniste di ricerca della Facolt\u00e0 di Studi Umanistici, con la finalit\u00e0 di illustrare le potenzialit\u00e0 offerte al mondo della didattica e della ricerca dalle risorse bibliografiche del Sistema Bibliotecario d\u2019Ateneo dell\u2019Universit\u00e0 di Cagliari.\n<\/p>\n<p>\nPer favorire la massima partecipazione, il primo evento si terr\u00e0 presso la <strong>Sala Multimediale della Sezione Dante Alighieri della Biblioteca del Distretto delle Scienze Umane<\/strong>, Campus di Sa Duchessa &#8211; Via Trentino snc., <strong>gioved\u00ec 24 novembre 2022, dalle ore 17.00 alle ore 18.30<\/strong>, e verr\u00e0 replicato, nella stessa sede, <strong>marted\u00ec 29 novembre 2022, dalle 11.00 alle 12.30<\/strong>.\n<\/p>\n<p>\nGli incontri verteranno in particolare, su <strong>UnicaSearch<\/strong> e <strong>Zotero<\/strong> e sulle banche dati multidisciplinari <strong>EbscoHost<\/strong> e <strong>ProQuest<\/strong>.\n<\/p>\n<div style=\"padding: 10px;margin: 0px 0px 30px 0px;background: #F1F1F1;border: 1px solid #DADADA;overflow: hidden\">\nIl programma dei due incontri sar\u00e0 articolato in tre momenti illustrativi delle risorse e in una sessione di Q&amp;A finale:<\/p>\n<ul>\n<li>UnicaSearch: il motore di ricerca bibliografica di UniCA<\/li>\n<li>Zotero<\/li>\n<li>Banche dati multidisciplinari EbscoHost e ProQuest<\/li>\n<li>Q&amp;A<\/li>\n<\/ul>\n<\/div>\n<h3>Modalit\u00e0 di iscrizione<\/h3>\n<p><a href=\"https:\/\/sites.unica.it\/modulisba\/scium_prenotaevento24\" style=\"text-decoration: none\"><\/p>\n<div style=\"padding: 10px;margin: 0px 0px 10px 0px;background: #F1F1F1;border: 1px solid #DADADA\">\nModulo online per iscriversi all&#8217;incontro di gioved\u00ec 24 novembre.\n<\/div>\n<p><\/a><\/p>\n<p><a href=\"https:\/\/sites.unica.it\/modulisba\/scium_prenotaevento29\" style=\"text-decoration: none\"><\/p>\n<div style=\"padding: 10px;margin: 0px 0px 10px 0px;background: #F1F1F1;border: 1px solid #DADADA\">\nModulo online per iscriversi all&#8217;incontro di marted\u00ec 29 novembre.\n<\/div>\n<p><\/a><\/p>\n<p>\u00c8 previsto un massimo di <strong>30 partecipanti per incontro<\/strong>.<\/p>\n<p>\nPer ogni ulteriore informazione e per eventuali cancellazioni delle prenotazioni scrivere una e-mail a: <a href=\"mailto:prenotazioni.scium@unica.it\">prenotazioni.scium@unica.it<\/a>.<\/p>\n","protected":false},"excerpt":{"rendered":"<p>Presentazione di UniCaSearch, Zotero, banche dati EbscoHost e ProQuest La Biblioteca del Distretto delle Scienze Umane in collaborazione con la Direzione dei Servizi Bibliotecari di Ateneo organizza due incontri aperti a docenti, ricercatori e&#46;&#46;&#46;<\/p>\n","protected":false},"author":3281,"featured_media":0,"parent":0,"menu_order":0,"comment_status":"closed","ping_status":"closed","template":"","meta":{"footnotes":""},"class_list":["post-2770","page","type-page","status-publish","hentry"],"_links":{"self":[{"href":"https:\/\/sites.unica.it\/modulisba\/wp-json\/wp\/v2\/pages\/2770","targetHints":{"allow":["GET"]}}],"collection":[{"href":"https:\/\/sites.unica.it\/modulisba\/wp-json\/wp\/v2\/pages"}],"about":[{"href":"https:\/\/sites.unica.it\/modulisba\/wp-json\/wp\/v2\/types\/page"}],"author":[{"embeddable":true,"href":"https:\/\/sites.unica.it\/modulisba\/wp-json\/wp\/v2\/users\/3281"}],"replies":[{"embeddable":true,"href":"https:\/\/sites.unica.it\/modulisba\/wp-json\/wp\/v2\/comments?post=2770"}],"version-history":[{"count":32,"href":"https:\/\/sites.unica.it\/modulisba\/wp-json\/wp\/v2\/pages\/2770\/revisions"}],"predecessor-version":[{"id":2803,"href":"https:\/\/sites.unica.it\/modulisba\/wp-json\/wp\/v2\/pages\/2770\/revisions\/2803"}],"wp:attachment":[{"href":"https:\/\/sites.unica.it\/modulisba\/wp-json\/wp\/v2\/media?parent=2770"}],"curies":[{"name":"wp","href":"https:\/\/api.w.org\/{rel}","templated":true}]}}