{"id":36,"date":"2017-10-27T14:51:19","date_gmt":"2017-10-27T12:51:19","guid":{"rendered":"http:\/\/sites.unica.it\/modulimobilita\/?page_id=36&#038;lang=it"},"modified":"2018-03-08T07:33:01","modified_gmt":"2018-03-08T06:33:01","slug":"36-2","status":"publish","type":"page","link":"https:\/\/sites.unica.it\/modulimobilita\/","title":{"rendered":""},"content":{"rendered":"<p><img loading=\"lazy\" decoding=\"async\" class=\"wp-image-140 alignleft\" src=\"http:\/\/sites.unica.it\/modulimobilita\/files\/2018\/02\/logounica-grigio-300x300.png\" alt=\"\" width=\"132\" height=\"132\" srcset=\"https:\/\/sites.unica.it\/modulimobilita\/files\/2018\/02\/logounica-grigio-300x300.png 300w, https:\/\/sites.unica.it\/modulimobilita\/files\/2018\/02\/logounica-grigio-150x150.png 150w, https:\/\/sites.unica.it\/modulimobilita\/files\/2018\/02\/logounica-grigio-768x768.png 768w, https:\/\/sites.unica.it\/modulimobilita\/files\/2018\/02\/logounica-grigio.png 800w\" sizes=\"auto, (max-width: 132px) 100vw, 132px\" \/><\/p>\n<p>Per gli studenti <strong>UniCa<\/strong><\/p>\n<p>Benvenuto nella piattaforma di compilazione dei moduli del Settore Mobilit\u00e0 Studentesca e Programmi di Scambio dell&#8217;Universit\u00e0 degli Studi di Cagliari.<\/p>\n<p>Attraverso il men\u00f9 in alto puoi selezionare la categoria di interesse e compilare l&#8217;eventuale modulo attivo.<\/p>\n<p>Dopo la compilazione riceverai un messaggio di posta elettronica generato automaticamente dal sistema, grazie al quale potrai verificare i dati inseriti.<\/p>\n<p>Si prega di prestare molta attenzione nella compilazione per evitare inutili errori che rallentano il sistema.<\/p>\n<p>Per tutte le informazioni si prega di consultare la sezione dedicata alla mobilit\u00e0 internazionale nel portale dell&#8217;Ateneo al seguente link:\u00a0<a href=\"https:\/\/www.unica.it\/unica\/it\/ateneo_s04_ss11.page\">https:\/\/www.unica.it\/unica\/it\/ateneo_s04_ss11.page<\/a><\/p>\n<p>Grazie.<\/p>\n","protected":false},"excerpt":{"rendered":"<p>Per gli studenti UniCa Benvenuto nella piattaforma di compilazione dei moduli del Settore Mobilit\u00e0 Studentesca e Programmi di Scambio dell&#8217;Universit\u00e0 degli Studi di Cagliari. Attraverso il men\u00f9 in alto puoi <a class=\"more-link\" href=\"https:\/\/sites.unica.it\/modulimobilita\/\">Continue Reading &amp;rarr;<\/a><\/p>\n","protected":false},"author":2594,"featured_media":0,"parent":0,"menu_order":0,"comment_status":"closed","ping_status":"closed","template":"","meta":{"footnotes":""},"class_list":["post-36","page","type-page","status-publish","hentry"],"_links":{"self":[{"href":"https:\/\/sites.unica.it\/modulimobilita\/wp-json\/wp\/v2\/pages\/36","targetHints":{"allow":["GET"]}}],"collection":[{"href":"https:\/\/sites.unica.it\/modulimobilita\/wp-json\/wp\/v2\/pages"}],"about":[{"href":"https:\/\/sites.unica.it\/modulimobilita\/wp-json\/wp\/v2\/types\/page"}],"author":[{"embeddable":true,"href":"https:\/\/sites.unica.it\/modulimobilita\/wp-json\/wp\/v2\/users\/2594"}],"replies":[{"embeddable":true,"href":"https:\/\/sites.unica.it\/modulimobilita\/wp-json\/wp\/v2\/comments?post=36"}],"version-history":[{"count":12,"href":"https:\/\/sites.unica.it\/modulimobilita\/wp-json\/wp\/v2\/pages\/36\/revisions"}],"predecessor-version":[{"id":176,"href":"https:\/\/sites.unica.it\/modulimobilita\/wp-json\/wp\/v2\/pages\/36\/revisions\/176"}],"wp:attachment":[{"href":"https:\/\/sites.unica.it\/modulimobilita\/wp-json\/wp\/v2\/media?parent=36"}],"curies":[{"name":"wp","href":"https:\/\/api.w.org\/{rel}","templated":true}]}}