{"id":51,"date":"2020-03-05T11:15:57","date_gmt":"2020-03-05T10:15:57","guid":{"rendered":"http:\/\/sites.unica.it\/misure\/?page_id=51"},"modified":"2025-08-27T09:56:38","modified_gmt":"2025-08-27T07:56:38","slug":"progetti","status":"publish","type":"page","link":"https:\/\/sites.unica.it\/misure\/progetti\/","title":{"rendered":"Progetti"},"content":{"rendered":"<p style=\"text-align: left\"><strong>Principali progetti di ricerca e sviluppo del Gruppo I&amp;M<\/strong><\/p>\n<p style=\"text-align: justify\">2025-27: Progetto <strong>PRIN 2022<\/strong> \u201c<em>Definition, testing and application of innovative tools for effective monitoring of smart distribution systems: Synchronized Measurement Units and advanced State Estimation<\/em> (<strong>SyMUSE<\/strong>)\u201d, finanziato dal Ministero dell\u2019Universit\u00e0 e Ricerca, MUR. Unit\u00e0 <span class=\"HwtZe\" lang=\"it\"><span class=\"jCAhz ChMk0b\"><span class=\"ryNqvb\">di ricerca<\/span><\/span><\/span> componenti: Politecnico di Milano, responsabile; UniCa e Universit\u00e0 degli Studi di Bologna. Per UniCa, responsabile <strong>prof. Sara Sulis<\/strong>.<\/p>\n<p style=\"text-align: justify\"><span class=\"HwtZe\" lang=\"it\"><span class=\"jCAhz ChMk0b\"><span class=\"ryNqvb\">(2023-2026) Progetto <strong>PRIN 2022<\/strong> &#8220;<em>Next-generation distributed synchronized measurement systems for smart grids with self-diagnostics capabilities and self-improvement of information quality<\/em> (<strong>NextSyMS<\/strong>)&#8221;, <\/span><\/span><span class=\"jCAhz\"><span class=\"ryNqvb\">Prot. 2022RYZJT9, <span class=\"jCAhz ChMk0b\">finanziato dal Ministero dell&#8217;Universit\u00e0 e della Ricerca, MUR<\/span>.<\/span><\/span> <span class=\"jCAhz ChMk0b\"><span class=\"ryNqvb\">Responsabile scientifico: <strong>prof<\/strong>. <strong>Carlo Muscas<\/strong>.<\/span><\/span> <span class=\"jCAhz ChMk0b\"><span class=\"ryNqvb\">Unit\u00e0 di ricerca: UniCa, Universit\u00e0 di Bologna, Politecnico di Milano.<\/span><\/span><\/span><\/p>\n<p style=\"text-align: justify\"><span class=\"HwtZe\" lang=\"it\"><span class=\"jCAhz\"><span class=\"ryNqvb\">L&#8217;obiettivo \u00e8 definire un sistema di misura distribuito innovativo per l&#8217;implementazione efficiente di applicazioni di frontiera nelle Smart Grid.<\/span><\/span> <span class=\"jCAhz\"><span class=\"ryNqvb\">L&#8217;idea guida \u00e8 che l&#8217;enorme quantit\u00e0 di dati misurati\/stimati disponibili su grandezze elettriche e non elettriche debba essere tradotta in informazioni effettive, ovvero accompagnata da un&#8217;indicazione sulla loro qualit\u00e0, in modo da poter adottare regole decisionali appropriate.<\/span><\/span> <span class=\"jCAhz ChMk0b\"><span class=\"ryNqvb\">Viene proposto un approccio innovativo per rendere il sistema di misura in grado di auto-rilevare i propri punti deboli e auto-compensarne gli effetti, al fine di migliorare continuamente le proprie prestazioni.<\/span><\/span><\/span><\/p>\n<p style=\"text-align: justify\"><span class=\"HwtZe\" lang=\"it\"><span class=\"jCAhz ChMk0b\"><span class=\"ryNqvb\">(2023-2026) Progetto <strong>PRIN PNRR 2022<\/strong>: &#8220;<em>Next quantum-based traceability and new accuracy description for synchronized multifrequency phasor measurements in modern distribution grids<\/em> (<strong>QuantAGrid<\/strong>)&#8221;, <\/span><\/span><span class=\"jCAhz\"><span class=\"ryNqvb\">Prot. P20228WW42<span class=\"jCAhz ChMk0b\">, finanziato dal Ministero dell&#8217;Universit\u00e0 e della Ricerca, MUR<\/span>.<\/span><\/span> <span class=\"jCAhz ChMk0b\"><span class=\"ryNqvb\">Responsabile scientifico: <strong>prof<\/strong>. <strong>Sara Sulis<\/strong>.<\/span><\/span> <span class=\"jCAhz ChMk0b\"><span class=\"ryNqvb\">Unit\u00e0 di ricerca: UniCa e Istituto Nazionale di Ricerca Metrologica, INRIM, Torino.<\/span><\/span> <\/span><\/p>\n<p style=\"text-align: justify\"><span class=\"HwtZe\" lang=\"it\"><span class=\"jCAhz ChMk0b\"><span class=\"ryNqvb\">Gli obiettivi principali di questo progetto sono: definire un insieme di segnali realistici e i relativi valori di riferimento che rappresentino il comportamento delle moderne reti di distribuzione;<\/span><\/span> <span class=\"jCAhz ChMk0b\"><span class=\"ryNqvb\">sviluppare un sistema di riferimento quantistico per la calibrazione diretta di PMU e D-PMU (PMU progettate per reti di distribuzione) e una modellazione accurata degli errori rispetto ai segnali di interesse;<\/span><\/span> <span class=\"jCAhz ChMk0b\"><span class=\"ryNqvb\">definire nuove informazioni per il flusso di dati in uscita di PMU e D-PMU che descrivano le condizioni del processo di misura.<\/span><\/span><\/span><\/p>\n<p style=\"text-align: justify\"><span class=\"HwtZe\" lang=\"it\"><span class=\"jCAhz ChMk0b\"><span class=\"ryNqvb\">(2023-2026) <strong>PRIN 2022<\/strong>: \u201c<em>Smart grid-connected power converters based on advanced synchrophasor-inspired harmonics measurements for holistic integration of renewable energy sources (<\/em><strong>POWERHERO<\/strong><em>)<\/em>\u201d,<\/span><\/span> P<span class=\"jCAhz ChMk0b\"><span class=\"ryNqvb\">rot.<\/span><\/span> <span class=\"jCAhz ChMk0b\"><span class=\"ryNqvb\">20224X2AYH, <span class=\"jCAhz\">finanziato dal Ministero dell&#8217;Universit\u00e0 e della Ricerca, MUR<\/span>.<\/span><\/span> <span class=\"jCAhz ChMk0b\"><span class=\"ryNqvb\">Responsabile dell&#8217;Unit\u00e0 di Ricerca di Cagliari: prof. Paolo Attilio Pegoraro.<\/span><\/span> <span class=\"jCAhz ChMk0b\"><span class=\"ryNqvb\">Unit\u00e0 di ricerca: Universit\u00e0 degli Studi di Padova, UniCa, Universit\u00e0 degli Studi di Trento.<\/span><\/span><\/span><\/p>\n<p>&#8212;&#8212;&#8212;&#8212;&#8212;&#8212;&#8212;&#8212;&#8212;&#8212;&#8212;&#8212;&#8212;&#8212;&#8212;&#8212;&#8212;&#8212;&#8212;&#8212;&#8212;&#8212;&#8212;&#8212;&#8212;&#8212;&#8212;&#8212;&#8212;&#8212;&#8212;&#8212;&#8212;&#8212;&#8212;&#8212;&#8212;&#8212;&#8211;<\/p>\n<p style=\"text-align: justify\"><strong>(2020-)<\/strong> Contratto di ricerca per <strong>Terna<\/strong> <strong>S.p.A.<\/strong> \u201c<strong>Sistemi di misura WAMS e PQM e DFR per il monitoraggio delle reti elettriche<\/strong>\u201d<\/p>\n<p style=\"text-align: justify\">Il gruppo I&amp;M del DIEE \u00e8 stato scelto dall&#8217;operatore italiano <strong><a href=\"https:\/\/www.terna.it\/it\" target=\"_blank\" rel=\"noopener noreferrer\">Terna<\/a> <\/strong>del sistema di trasmissione, TSO,\u00a0 che gestisce uno dei pi\u00f9 avanzati sistemi di monitoraggio di aree vaste (WAMS) al mondo, come consulente tecnico sulle unit\u00e0 di misura fasoriali, le PMU (configurazione, caratterizzazione, test, ecc.)<\/p>\n<p>&#8212;&#8212;&#8212;&#8212;&#8212;&#8212;&#8212;&#8212;&#8212;&#8212;&#8212;&#8212;&#8212;&#8212;&#8212;&#8212;&#8212;&#8212;&#8212;&#8212;&#8212;&#8212;&#8212;&#8212;&#8212;&#8212;&#8212;&#8212;&#8212;&#8212;&#8212;&#8212;&#8212;&#8212;&#8212;&#8212;&#8212;&#8212;&#8211;<\/p>\n<p style=\"text-align: justify\"><strong>(2019-)<\/strong> Progetto &#8220;<strong>ARIA<\/strong>&#8220;, finanziato dalla RAS, Centro Regionale di Programmazione L.R. 7\/2007.<br \/>\n<span class=\"v16-nero\">Informazioni: <a href=\"https:\/\/www.carbosulcis.eu\/index.php?option=com_content&amp;view=article&amp;id=75&amp;Itemid=278\" target=\"_blank\" rel=\"noopener noreferrer\">sito Carbosulcis<\/a>,\u00a0<a href=\"http:\/\/www.regione.sardegna.it\/j\/v\/2568?s=360382&amp;v=2&amp;c=247&amp;t=1\" target=\"_blank\" rel=\"noopener noreferrer\">sito Regione Sardegna<\/a>, <a href=\"http:\/\/www.regione.sardegna.it\/index.php?xsl=510&amp;s=311778&amp;v=2&amp;c=12576&amp;t=1&amp;tb=12487&amp;st=17\" target=\"_blank\" rel=\"noopener noreferrer\">Piano Sulcis<\/a> e <a href=\"https:\/\/www.media.inaf.it\/2015\/06\/22\/darkside-50-si-da-aria\/\" target=\"_blank\" rel=\"noopener noreferrer\">sito INAF<\/a><\/span><\/p>\n<p style=\"text-align: justify\"><strong>(2019-)<\/strong> Sviluppo dello <strong>Slow Control<\/strong> nell\u2019esperimento <strong>DArTinArDM<\/strong> della<a href=\"http:\/\/darkside.lngs.infn.it\/collaboration\/\" target=\"_blank\" rel=\"noopener noreferrer\"> DarkSide Collaboration<\/a> (approfondimento disponibile <a href=\"https:\/\/agenda.infn.it\/event\/17945\/contributions\/87274\/attachments\/62313\/74660\/IFAE_2019_Emmanuele_Picciau.pdf\" target=\"_blank\" rel=\"noopener noreferrer\">qui<\/a>).<\/p>\n<p>&#8212;&#8212;&#8212;&#8212;&#8212;&#8212;&#8212;&#8212;&#8212;&#8212;&#8212;&#8212;&#8212;&#8212;&#8212;&#8212;&#8212;&#8212;&#8212;&#8212;&#8212;&#8212;&#8212;&#8212;&#8212;&#8212;&#8212;&#8212;&#8212;&#8212;&#8212;&#8212;&#8212;&#8212;&#8212;&#8212;&#8212;&#8212;&#8211;<\/p>\n<p style=\"text-align: justify\"><strong>(2020-2024)<\/strong> Progetto \u201c<a href=\"https:\/\/crea.unica.it\/progetti\/spirulina\/\" target=\"_blank\" rel=\"noopener\"><strong>Spirulina NOA<\/strong><\/a>\u201d, finanziato dalla Regione Autonoma della Sardegna, RAS.<\/p>\n<p style=\"text-align: justify\">Il progetto \u201cSpirulina NOA\u201d intende offrire un percorso di creazione d\u2019impresa con lo scopo di stimolare lo sviluppo di un ecosistema di imprese che possano sfruttare la spirulina e i suoi derivati.<\/p>\n<p style=\"text-align: justify\"><strong>(2018-2019)<\/strong> Progetto &#8220;<strong>Spirulina del Sulcis<\/strong>&#8221; finanziato dalla RAS, Centro Regionale di Programmazione L.R. 7\/2007.<br \/>\n<span class=\"v16-nero\">Informazioni: <a href=\"https:\/\/www.carbosulcis.eu\/index.php?option=com_content&amp;view=article&amp;id=308\" target=\"_blank\" rel=\"noopener noreferrer\">sito Carbosulcis<\/a>\u00a0<\/span><\/p>\n<p>&#8212;&#8212;&#8212;&#8212;&#8212;&#8212;&#8212;&#8212;&#8212;&#8212;&#8212;&#8212;&#8212;&#8212;&#8212;&#8212;&#8212;&#8212;&#8212;&#8212;&#8212;&#8212;&#8212;&#8212;&#8212;&#8212;&#8212;&#8212;&#8212;&#8212;&#8212;&#8212;&#8212;&#8212;&#8212;&#8212;&#8212;&#8212;&#8211;<\/p>\n<p style=\"text-align: justify\">\n<p style=\"text-align: justify\"><strong>(2018-2020)<\/strong> Progetto <strong>UMR-BT<\/strong> (Remote Measurement Unit &#8211; Low Voltage), finanziato da Sardegna Ricerche &#8211; RAS.<br \/>\nIl Gruppo I&amp;M del DIEE in UNICA \u00e8 partner di <a href=\"https:\/\/it.linkedin.com\/company\/repl-italia-s.r.l.\" target=\"_blank\" rel=\"noopener noreferrer\">REPL Italia Srl<\/a> per questo progetto, il cui obiettivo \u00e8 un dispositivo da installare in nodi predeterminati della rete a bassa tensione per rilevare e memorizzare le informazioni sulla rete monitorata. In particolare, UMR-BT rilever\u00e0 i guasti sulla linea (comprese le informazioni su data e ora), misurer\u00e0 i valori effettivi di corrente, tensione, potenza attiva e reattiva nel punto di misurazione.<\/p>\n<p style=\"text-align: justify\"><strong>(2018-2020)<\/strong> Progetto <strong>Smart RHC &#8211; IoT<\/strong> (Smart Reader-Hub Controller IoT), finanziato da Sardegna Ricerche &#8211; RAS.<br \/>\nIl DIEE \u00e8 partner di <a href=\"https:\/\/www.bithiatec.com\/\" target=\"_blank\" rel=\"noopener noreferrer\">Bithiatec Srl<\/a> per questo progetto, che mira a creare una piattaforma stabile, flessibile e scalabile, che consenta il monitoraggio costante di un gran numero di dispositivi che acquisiscono una vasta gamma di quantit\u00e0 elettriche e non elettriche. Inoltre, saranno implementate procedure centralizzate e automatiche per consentire l&#8217;interazione a distanza con i dispositivi di misurazione.<\/p>\n<p style=\"text-align: justify\">(2018-2020) Progetto <a href=\"http:\/\/sites.unica.it\/semi\/\" target=\"_blank\" rel=\"noopener noreferrer\"><strong>Cluster Top Down<\/strong>, <strong>SEMI<\/strong><\/a>, &#8220;Sistemi efficienti e affidabili per il monitoraggio e la gestione intelligente dell&#8217;energia elettrica&#8221;, \u200b\u200bfinanziato da RAS, nell&#8217;ambito dei &#8220;Progetti di ricerca e sviluppo POR 2014-2020 L.d.A. 1.1.4\u201d .<\/p>\n<p style=\"text-align: justify\">(2018-2020) Progetto \u201c<strong>SUM2GRIDS<\/strong>, Soluzioni di approccio multidisciplinare per il monitoraggio e la gestione intelligenti dei GRIDI di distribuzione di energia\u201d finanziato dalla Fondazione di Sardegna nell&#8217;ambito di \u201cConvenzione triennale tra la Fondazione di Sardegna e gli atenei sardi\u201d.<\/p>\n<p style=\"text-align: justify\">(2017-2019) Progetto di ricerca industriale \u201c<strong>Cagliari 2020<\/strong>\u201d<br \/>\nInformazioni disponibili <a href=\"http:\/\/www.crs4.it\/it\/projectdetails\/61981d62-b567-1032-95fe-0030485a3848\/\" target=\"_blank\" rel=\"noopener noreferrer\">qui<\/a><br \/>\nCagliari 2020 \u00e8 un&#8217;iniziativa di ricerca industriale sviluppata nel contesto di Smart Cities. Il consorzio del progetto \u00e8 composto da partner pubblici e privati: oltre a CRS4, comprende il Dipartimento di Ingegneria Elettrica ed Elettronica (DIEE) dell&#8217;Universit\u00e0 degli Studi di Cagliari, INFN (Istituto Nazionale di Fisica Nucleare), Vitrociset (grande impresa) e Spazio (PMI). Cagliari 2020 vedr\u00e0 anche il coinvolgimento attivo del Comune di Cagliari e del marchio comunitario, la societ\u00e0 metropolitana di trasporto pubblico.<\/p>\n<p style=\"text-align: justify\">(2017-2019) Contratto di ricerca tra <strong>Terna S.p.A. <\/strong>e EnSiEL, \u201cStudio di soluzioni innovative per sistemi di misura distribuiti e sincronizzati per l&#8217;analisi dinamica delle reti elettriche\u201d<br \/>\nIn particolare, questo contratto riguarda &#8220;Soluzioni innovative per sistemi di misurazione distribuiti e sincronizzati per l&#8217;analisi dinamica della rete elettrica&#8221;. I primi risultati sono stati la progettazione e lo sviluppo di un prototipo di PMU ad alte prestazioni e l&#8217;analisi dell&#8217;interoperabilit\u00e0 di un WAMS.<\/p>\n<p style=\"text-align: justify\">(2008-11) <strong>PRIN 2008<\/strong>: \u201cRobustezza dei metodi e dei sistemi di misura distribuiti per il monitoraggio, il controllo, la gestione e la protezione delle reti elettriche\u201d;<\/p>\n<p style=\"text-align: justify\">(2006-08) <strong>PRIN 2006<\/strong>: \u201cSistemi di misura distribuiti per il monitoraggio delle reti elettriche di distribuzione: progettazione, realizzazione, caratterizzazione metrologica e posizionamento ottimale delle stazioni di misura\u201d;<\/p>\n<p style=\"text-align: justify\">(2004-06) <strong>PRIN 2004<\/strong>: \u201cReti di sensori per il monitoraggio e la gestione di reti elettriche in presenza di generazione distribuita da fonti rinnovabili\u201d.<\/p>\n","protected":false},"excerpt":{"rendered":"<p>Principali progetti di ricerca e sviluppo del Gruppo I&amp;M 2025-27: Progetto PRIN 2022 \u201cDefinition, testing and application of innovative tools for effective monitoring of smart distribution systems: Synchronized Measurement Units and advanced State Estimation (SyMUSE)\u201d, finanziato dal Ministero dell\u2019Universit\u00e0 e Ricerca, MUR. Unit\u00e0 di ricerca componenti: Politecnico di Milano, responsabile; UniCa e Universit\u00e0 degli Studi di Bologna. Per UniCa, responsabile &#8230; <a href=\"https:\/\/sites.unica.it\/misure\/progetti\/\" class=\"more-link\">Read More<\/a><\/p>\n","protected":false},"author":1963,"featured_media":0,"parent":0,"menu_order":0,"comment_status":"closed","ping_status":"closed","template":"","meta":{"footnotes":""},"class_list":["post-51","page","type-page","status-publish","hentry","no-post-thumbnail"],"_links":{"self":[{"href":"https:\/\/sites.unica.it\/misure\/wp-json\/wp\/v2\/pages\/51","targetHints":{"allow":["GET"]}}],"collection":[{"href":"https:\/\/sites.unica.it\/misure\/wp-json\/wp\/v2\/pages"}],"about":[{"href":"https:\/\/sites.unica.it\/misure\/wp-json\/wp\/v2\/types\/page"}],"author":[{"embeddable":true,"href":"https:\/\/sites.unica.it\/misure\/wp-json\/wp\/v2\/users\/1963"}],"replies":[{"embeddable":true,"href":"https:\/\/sites.unica.it\/misure\/wp-json\/wp\/v2\/comments?post=51"}],"version-history":[{"count":24,"href":"https:\/\/sites.unica.it\/misure\/wp-json\/wp\/v2\/pages\/51\/revisions"}],"predecessor-version":[{"id":299,"href":"https:\/\/sites.unica.it\/misure\/wp-json\/wp\/v2\/pages\/51\/revisions\/299"}],"wp:attachment":[{"href":"https:\/\/sites.unica.it\/misure\/wp-json\/wp\/v2\/media?parent=51"}],"curies":[{"name":"wp","href":"https:\/\/api.w.org\/{rel}","templated":true}]}}