{"id":18,"date":"2019-03-28T19:00:34","date_gmt":"2019-03-28T18:00:34","guid":{"rendered":"http:\/\/sites.unica.it\/misure\/?page_id=18"},"modified":"2026-02-04T11:48:53","modified_gmt":"2026-02-04T10:48:53","slug":"home-page-of-the-electrical-and-electronic-measurements-group","status":"publish","type":"page","link":"https:\/\/sites.unica.it\/misure\/","title":{"rendered":"Gruppo di Misure Elettriche ed Elettroniche &#8211; Instrumentation and Measurement Group"},"content":{"rendered":"<p><strong>This is the site of the Instrumentation and Measurement Group at the University of Cagliari, I&amp;M Group<\/strong><\/p>\n<p>The Instrumentation and Measurement Group has decades of experience in the definition, design, implementation and characterization of measuring devices and systems.<\/p>\n<p>Measurements for Smart Grids, Synchronized Measurements and Multi-sensor Monitoring Architectures are among the main topics, developed also\u00a0in research and technology transfer projects financed by public institutions (MIUR, RAS, etc.) and private organizations.<\/p>\n<p>Among others, it is possible to mention collaborations with Terna (Italian TSO), for the use and characterization of the phasor measurement units (PMU) and with <a href=\"https:\/\/www.rse-web.it\/\">Ricerca sul Sistema Energetico \u2013 <em>RSE<\/em> S.p.A<\/a>.<\/p>\n<p>International collaborations are active with Universities, Research centers and Institutes of Metrology (<span class=\"HwtZe\" lang=\"en\"><span class=\"jCAhz ChMk0b\"><span class=\"ryNqvb\">among all it is possible to mention in particular<\/span><\/span><\/span> RWTH Aachen, Forschungszentrum J\u00fclich, Liverpool, INRiM and METAS) and with the DarkSide collaboration, dedicated to the detection of dark matter.<\/p>\n<p>See the <a href=\"https:\/\/sites.unica.it\/misure\/news\/\"><strong>News<\/strong><\/a> page for the most important news<\/p>\n<p>\u00a0<\/p>\n<p><strong>Questo \u00e8 il sito del Gruppo di Misure Elettriche ed Elettroniche dell&#8217;Universit\u00e0 degli Studi di Cagliari, Gruppo Misure<\/strong><\/p>\n<p>Il gruppo di ricerca di Misure Elettriche ed Elettroniche, Gruppo Misure, ha una pluridecennale esperienza su definizione, progettazione, implementazione e caratterizzazione di dispositivi e sistemi di misura.<\/p>\n<p>Le misure per le Smart Grid, le misure sincronizzate e le architetture di monitoraggio multisensore sono tra le tematiche principali, sviluppate anche in progetti di ricerca e trasferimento tecnologico finanziati da istituzioni pubbliche (MIUR, RAS, ecc.) e organizzazioni private.<\/p>\n<p>Tra le altre, \u00e8 possibile citare la collaborazione con Terna (gestore della rete elettrica italiana in alta e altissima tensione) per l\u2019impiego e la caratterizzazione delle unit\u00e0 di misura fasoriali (PMU) e con <a href=\"https:\/\/www.rse-web.it\/\">Ricerca sul Sistema Energetico \u2013 <em>RSE<\/em> S.p.A<\/a>.<\/p>\n<p>Collaborazioni internazionali sono attive con Universit\u00e0, Centri di Ricerca e Istituti Metrologici (tra tutti \u00e8 possibile citare in particolare RWTH Aachen, il Forschungszentrum di J\u00fclich, Liverpool, INRiM e METAS) e con la collaborazione DarkSide dedicato al rilevamento della materia oscura.<\/p>\n<p>Consultare la pagina <a href=\"https:\/\/sites.unica.it\/misure\/notizie\/\">Notizie<\/a> per le notizie pi\u00f9 importanti<\/p>\n\n\n\n","protected":false},"excerpt":{"rendered":"<p>This is the site of the Instrumentation and Measurement Group at the University of Cagliari, I&amp;M Group The Instrumentation and Measurement Group has decades of experience in the definition, design, implementation and characterization of measuring devices and systems. Measurements for Smart Grids, Synchronized Measurements and Multi-sensor Monitoring Architectures are among the main topics, developed also\u00a0in research and technology transfer projects &#8230; <a href=\"https:\/\/sites.unica.it\/misure\/\" class=\"more-link\">Read More<\/a><\/p>\n","protected":false},"author":1963,"featured_media":0,"parent":0,"menu_order":0,"comment_status":"closed","ping_status":"closed","template":"","meta":{"footnotes":""},"class_list":["post-18","page","type-page","status-publish","hentry","no-post-thumbnail"],"_links":{"self":[{"href":"https:\/\/sites.unica.it\/misure\/wp-json\/wp\/v2\/pages\/18","targetHints":{"allow":["GET"]}}],"collection":[{"href":"https:\/\/sites.unica.it\/misure\/wp-json\/wp\/v2\/pages"}],"about":[{"href":"https:\/\/sites.unica.it\/misure\/wp-json\/wp\/v2\/types\/page"}],"author":[{"embeddable":true,"href":"https:\/\/sites.unica.it\/misure\/wp-json\/wp\/v2\/users\/1963"}],"replies":[{"embeddable":true,"href":"https:\/\/sites.unica.it\/misure\/wp-json\/wp\/v2\/comments?post=18"}],"version-history":[{"count":70,"href":"https:\/\/sites.unica.it\/misure\/wp-json\/wp\/v2\/pages\/18\/revisions"}],"predecessor-version":[{"id":337,"href":"https:\/\/sites.unica.it\/misure\/wp-json\/wp\/v2\/pages\/18\/revisions\/337"}],"wp:attachment":[{"href":"https:\/\/sites.unica.it\/misure\/wp-json\/wp\/v2\/media?parent=18"}],"curies":[{"name":"wp","href":"https:\/\/api.w.org\/{rel}","templated":true}]}}