{"id":29,"date":"2012-04-12T10:00:46","date_gmt":"2012-04-12T10:00:46","guid":{"rendered":"http:\/\/people.unica.it\/basecds\/?page_id=29"},"modified":"2015-02-07T14:10:40","modified_gmt":"2015-02-07T14:10:40","slug":"profiloprofessionale","status":"publish","type":"page","link":"https:\/\/sites.unica.it\/masterpsicopatologiaapprendimento\/profiloprofessionale\/","title":{"rendered":"Profilo professionale"},"content":{"rendered":"<p><em>Il master si propone di formare esperti nell\u2019ambito della Psicopatologia dell\u2019Apprendimento, mediante l\u2019acquisizione delle <\/em>abilit\u00e0 di diagnosi dei disturbi specifici di apprendimento e delle difficolt\u00e0 scolastiche, nonch\u00e9 delle competenze specifiche necessarie per l\u2019implementazione e l\u2019attuazione di trattamenti riabilitativi individualizzati e di piani di intervento da attuare in contesto scolastico.<\/p>\n<p>In questa prospettiva, la figura professionale dell\u2019esperto in Psicopatologia dell\u2019Apprendimento sar\u00e0 anche in grado di sostenere la famiglia nel processo che porta alla comprensione delle difficolt\u00e0 di apprendimento e al necessario trattamento e di fornire servizi di consulenza, diagnosi e trattamento alle agenzie territoriali ed educative in cui il soggetto con comprovate difficolt\u00e0 \u00e8 inserito. Il master intende offrire risorse umane agli enti territoriali rivolti all\u2019infanzia e alla formazione continua, affinch\u00e9 possano avvalersi della consulenza e\/o collaborazione di operatori con aggiornate e comprovate competenze nell\u2019ambito della psicopatologia dell\u2019apprendimento.<\/p>\n<p>La figura professionale dell\u2019esperto in Psicopatologia dell\u2019Apprendimento pu\u00f2 essere collocata nei servizi territoriali pubblici e privati che si occupano di problematiche dell\u2019infanzia e dell\u2019adolescenza, nella scuola e negli sportelli scolastici, al fine di supportare i docenti nell\u2019implementazione di interventi formativi e di sostegno individualizzati. Infine, l\u2019esperto di Psicopatologia dell\u2019Apprendimento pu\u00f2 inserirsi in tutte le agenzie di ricerca e intervento che si occupano di tale tematica. La figura professionale che si intende promuovere ricade nella Classificazione ISTAT codice 2.5.3.3 &#8211; \u201cSpecialisti in scienze psicologiche e psicoterapeutiche\u201d.<\/p>","protected":false},"excerpt":{"rendered":"<p>Il master si propone di formare esperti nell\u2019ambito della Psicopatologia dell\u2019Apprendimento, mediante l\u2019acquisizione delle abilit\u00e0 di diagnosi dei disturbi specifici di apprendimento e delle difficolt\u00e0 scolastiche, nonch\u00e9 delle competenze specifiche necessarie per l\u2019implementazione e l\u2019attuazione di trattamenti riabilitativi individualizzati e di piani di intervento da attuare in contesto scolastico. In questa prospettiva, la figura professionale dell\u2019esperto in Psicopatologia dell\u2019Apprendimento sar\u00e0 anche in grado di sostenere la famiglia nel processo che porta alla comprensione delle difficolt\u00e0 di apprendimento e al necessario trattamento e di fornire servizi di consulenza, diagnosi e trattamento alle agenzie territoriali ed educative in cui il soggetto con <a href='https:\/\/sites.unica.it\/masterpsicopatologiaapprendimento\/profiloprofessionale\/' class='excerpt-more'>[&#8230;]<\/a><\/p>\n","protected":false},"author":643,"featured_media":0,"parent":0,"menu_order":0,"comment_status":"closed","ping_status":"closed","template":"","meta":{"footnotes":""},"class_list":["post-29","page","type-page","status-publish","hentry","post-seq-1","post-parity-odd","meta-position-corners","fix"],"_links":{"self":[{"href":"https:\/\/sites.unica.it\/masterpsicopatologiaapprendimento\/wp-json\/wp\/v2\/pages\/29","targetHints":{"allow":["GET"]}}],"collection":[{"href":"https:\/\/sites.unica.it\/masterpsicopatologiaapprendimento\/wp-json\/wp\/v2\/pages"}],"about":[{"href":"https:\/\/sites.unica.it\/masterpsicopatologiaapprendimento\/wp-json\/wp\/v2\/types\/page"}],"author":[{"embeddable":true,"href":"https:\/\/sites.unica.it\/masterpsicopatologiaapprendimento\/wp-json\/wp\/v2\/users\/643"}],"replies":[{"embeddable":true,"href":"https:\/\/sites.unica.it\/masterpsicopatologiaapprendimento\/wp-json\/wp\/v2\/comments?post=29"}],"version-history":[{"count":2,"href":"https:\/\/sites.unica.it\/masterpsicopatologiaapprendimento\/wp-json\/wp\/v2\/pages\/29\/revisions"}],"predecessor-version":[{"id":1708,"href":"https:\/\/sites.unica.it\/masterpsicopatologiaapprendimento\/wp-json\/wp\/v2\/pages\/29\/revisions\/1708"}],"wp:attachment":[{"href":"https:\/\/sites.unica.it\/masterpsicopatologiaapprendimento\/wp-json\/wp\/v2\/media?parent=29"}],"curies":[{"name":"wp","href":"https:\/\/api.w.org\/{rel}","templated":true}]}}